{"id":13382,"date":"2016-08-14T11:03:56","date_gmt":"2016-08-14T11:03:56","guid":{"rendered":"http:\/\/yogakitchen.be\/fr\/?page_id=13382"},"modified":"2022-06-17T22:44:53","modified_gmt":"2022-06-17T20:44:53","slug":"le-yoga-pour-guerir","status":"publish","type":"page","link":"https:\/\/yogakitchen.be\/fr\/yoga-therapie\/le-yoga-pour-guerir\/","title":{"rendered":"Le yoga pour gu\u00e9rir"},"content":{"rendered":"<h1>Le yoga pour la gu\u00e9rison et la pr\u00e9vention<\/h1>\n<blockquote><p>Gu\u00e9rir mes blessures et<br \/>\nen \u00e9viter des nouvelles gr\u00e2ce au yoga<\/p><\/blockquote>\n<p>Passez-vous actuellement par des moments dans la vie o\u00f9 vous devez faire face \u00e0 des blessures ou des douleurs suite aux mauvaises postures ?<br \/>\nOu suite \u00e0 des pressions soutenues de mani\u00e8re unilat\u00e9rale ou pendant tr\u00f4p longtemps au niveau de certaines parties de votre corps ?<br \/>\nY-a-t&rsquo;il d&rsquo;autres affections qui compromettent une mobilit\u00e9 normale ou qui cr\u00e9ent des sympt\u00f4mes de douleur ?<\/p>\n<p><strong>Une consultation priv\u00e9 de yoga th\u00e9rapie<\/strong> ne remplace pas une consultation chez votre m\u00e9decin traitant. Par contre, elle vous offre des outils extr\u00eamement efficaces et utiles et des recommandations du yoga pour <strong>soutenir, acc\u00e9l\u00e9rer et favoriser le processus de gu\u00e9rison.<\/strong><\/p>\n<h2>En quoi consiste une consultation priv\u00e9e de yoga pour la gu\u00e9rison ?<\/h2>\n<p>D&rsquo;abord on d\u00e9terminera clairement quelles sont vos attentes par rapport \u00e0 la th\u00e9rapie par le yoga..<br \/>\nEnsuite, nous \u00e9tablissons ensemble votre profil personnel. Nous cherchons \u00e0 savoir dans quelle phase d&rsquo;inconfort vous vous trouvez. Sur base des constats du m\u00e9decin traitant et\/ou des kin\u00e9sith\u00e9rapeutes ou autres, et sur base d&rsquo;observations et des tests pendant la consultation nous formulons les <strong>recommandations ad\u00e9quates<\/strong>.<br \/>\nCeci se fait sous la forme d&rsquo;une s\u00e9rie ou proc\u00e9dure de yoga \u00e0 pratiquer \u00e0 pratiquer chez soi.<br \/>\nA la fin de la consultation vous recevez le compte rendu \u00e9crit de cette s\u00e9rie.<\/p>\n<h2>Combien co\u00fbte une consultation individuelle ?<\/h2>\n<p>Une consultation dure <strong>une heure<\/strong> et co\u00fbte <strong>60,00\u20ac<\/strong>.<br \/>\nCompris dans ce prixe il y a <strong>une session de suivi en ligne (par Zoom) sans frais<\/strong> (d&rsquo;une dur\u00e9e d&rsquo;environ 15 minutes) pendant laquelle nous regardons comment \u00e9voluent les choses et si la s\u00e9rie de yoga do\u00eet \u00eatre ajust\u00e9e.<br \/>\nVous-m\u00eame d\u00e9terminez en accord avec nous quand vous voulez profiter de cette session de suivi.<\/p>\n<div class=\"yk-hoebetalen\">\n<h2>Payez votre consultation priv\u00e9e<\/h2>\n<p><a class=\"yk-red_btn\" title=\"Priv\u00e9 60 minutes\" href=\"https:\/\/yogakitchen.be\/fr\/produit\/cours-de-yoga-singulier-prive-60-minutes\/\">Priv\u00e9 60 minutes<\/a>\n<\/div>\n<h2>Comment puis-je fixer un rendez-vous pour une consultation priv\u00e9e en yoga ?<\/h2>\n<p>Prenez un rendez-vous en remplissant et en envoyant le formulaire ci-dessous.<br \/>\nVous pouvez \u00e9galement nous contacter par t\u00e9l\u00e9phone au num\u00e9ro <strong>0486\/88 28 48<\/strong>.<br \/>\nJe m&rsquo;inscris pour <strong>une s\u00e9ance de th\u00e9rapie par le yoga<\/strong><br \/>\n\n<div class=\"wpcf7 no-js\" id=\"wpcf7-f3654-o1\" lang=\"fr-FR\" dir=\"ltr\" data-wpcf7-id=\"3654\">\n<div class=\"screen-reader-response\"><p role=\"status\" aria-live=\"polite\" aria-atomic=\"true\"><\/p> <ul><\/ul><\/div>\n<form action=\"\/fr\/wp-json\/wp\/v2\/pages\/13382#wpcf7-f3654-o1\" method=\"post\" class=\"wpcf7-form init\" aria-label=\"Formulaire de contact\" novalidate=\"novalidate\" data-status=\"init\">\n<fieldset class=\"hidden-fields-container\"><input type=\"hidden\" name=\"_wpcf7\" value=\"3654\" \/><input type=\"hidden\" name=\"_wpcf7_version\" value=\"6.1.5\" \/><input type=\"hidden\" name=\"_wpcf7_locale\" value=\"fr_FR\" \/><input type=\"hidden\" name=\"_wpcf7_unit_tag\" value=\"wpcf7-f3654-o1\" \/><input type=\"hidden\" name=\"_wpcf7_container_post\" value=\"0\" \/><input type=\"hidden\" name=\"_wpcf7_posted_data_hash\" value=\"\" \/>\n<\/fieldset>\n<p>Votre nom (obligatoire)\n<\/p>\n<p><span class=\"wpcf7-form-control-wrap\" data-name=\"your-name\"><input size=\"40\" maxlength=\"400\" class=\"wpcf7-form-control wpcf7-text wpcf7-validates-as-required\" aria-required=\"true\" aria-invalid=\"false\" value=\"\" type=\"text\" name=\"your-name\" \/><\/span>\n<\/p>\n<p>Votre email (obligatoire)\n<\/p>\n<p><span class=\"wpcf7-form-control-wrap\" data-name=\"your-email\"><input size=\"40\" maxlength=\"400\" class=\"wpcf7-form-control wpcf7-email wpcf7-validates-as-required wpcf7-text wpcf7-validates-as-email\" aria-required=\"true\" aria-invalid=\"false\" value=\"\" type=\"email\" name=\"your-email\" \/><\/span>\n<\/p>\n<p>Sujet\n<\/p>\n<p><span class=\"wpcf7-form-control-wrap\" data-name=\"your-subject\"><input size=\"40\" maxlength=\"400\" class=\"wpcf7-form-control wpcf7-text\" aria-invalid=\"false\" value=\"\" type=\"text\" name=\"your-subject\" \/><\/span>\n<\/p>\n<p>Votre message\n<\/p>\n<p><span class=\"wpcf7-form-control-wrap\" data-name=\"your-message\"><textarea cols=\"40\" rows=\"10\" maxlength=\"2000\" class=\"wpcf7-form-control wpcf7-textarea\" aria-invalid=\"false\" name=\"your-message\"><\/textarea><\/span>\n<\/p>\n<p><input class=\"wpcf7-form-control wpcf7-submit has-spinner\" type=\"submit\" value=\"Envoyer\" \/>\n<\/p><p style=\"display: none !important;\" class=\"akismet-fields-container\" data-prefix=\"_wpcf7_ak_\"><label>&#916;<textarea name=\"_wpcf7_ak_hp_textarea\" cols=\"45\" rows=\"8\" maxlength=\"100\"><\/textarea><\/label><input type=\"hidden\" id=\"ak_js_1\" name=\"_wpcf7_ak_js\" value=\"213\"\/><script>document.getElementById( \"ak_js_1\" ).setAttribute( \"value\", ( new Date() ).getTime() );<\/script><\/p><div class=\"wpcf7-response-output\" aria-hidden=\"true\"><\/div>\n<\/form>\n<\/div>\n<\/p>\n<div class=\"yk-hoebetalen\">\n<h2>Dans quelles situations le yoga peut-il \u00eatre b\u00e9n\u00e9fique pour la gu\u00e9rison ?<\/h2>\n<p>D\u00e9pendant de votre \u00e9tat et historique, vous vous trouvez peut-\u00eatre dans l&rsquo;une des situations suivantes:<\/p>\n<ul>\n<li><strong>Phase 1:<\/strong> Vous vivez des \u00e9tats de crises physiques qui font que vous soyez temporairement incapable de bouger. Votre libert\u00e9 de mouvement est fortement limit\u00e9e et vous eprouvez des douleurs, intenses ou pas. Des fois il y a des crampes musculaires. Vous \u00eates incapable de travailler normalement.<\/li>\n<li><strong>Phase 2:<\/strong> Vous avez un peu regagn\u00e9 en mobilit\u00e9, mais la douleur est toujours pr\u00e9sente. Vous vous sentez encore tr\u00e8s fragile. Faire des courses est quasi impossible et vous \u00eates peut-\u00eatre toujours en incapacit\u00e9 de travail.<\/li>\n<li><strong>Phase 3:<\/strong> La libert\u00e9 de mouvement est compl\u00e8tement r\u00e9tablie. Il y a peu de douleur. Vous travaillez \u00e0 nouveau et faire des courses, c&rsquo;est OK. Vous voulez vous exercer pour soigner et prot\u00e9ger votre dos ou votre corps.<\/li>\n<li><strong>Phase 4:<\/strong> La douleur a compl\u00e8tement disparue. Vous voulez vraiment vous investir \u00e0 passer par un renforcement musculaire.<\/li>\n<\/ul>\n<p>La th\u00e9rapie par le yoga peut contribuer de mani\u00e8re tr\u00e8s concr\u00e8te au r\u00e9tablissement et \u00e0 la pr\u00e9vention de l&rsquo;inconfort, \u00e0 chaque niveau des phases d\u00e9crites ci-dessus.\n<\/p><\/div>\n<h2>Quels sont les autres avantages<br \/>\nd&rsquo;une s\u00e9ance de yoga priv\u00e9e ?<\/h2>\n<p>Regardez toutes les applications de la th\u00e9rapie par le yoga :<\/p>\n<p style=\"text-align: center;\"><a class=\"yk-red_btn\" title=\"Yoga th\u00e9rapie\" href=\"https:\/\/yogakitchen.be\/fr\/yoga-therapie\/\">Autres applications de la th\u00e9rapie par le yoga<\/a><\/p>\n<h2>Voulez-vous plut\u00f4t r\u00e9server un de nos cours collectifs ?<\/h2>\n<p>Regardez notre offre de cours de yoga et r\u00e9servez via les liens ci-dessous :<\/p>\n<p style=\"text-align: center;\"><a class=\"yk-red_btn\" title=\"R\u00e9servez un cours de yoga\" href=\"https:\/\/yogakitchen.be\/fr\/calendrier\/\">R\u00e9servez un cours de yoga<\/a><\/p>\n<p style=\"text-align: center;\"><a class=\"yk-blue_btn\" title=\"Cours de yoga\" href=\"https:\/\/yogakitchen.be\/fr\/cours-de-yoga\/\">Consultez notre offre de cours de yoga<\/a><\/p>\n","protected":false},"excerpt":{"rendered":"<p>Le yoga pour la gu\u00e9rison et la pr\u00e9vention Gu\u00e9rir mes blessures et en \u00e9viter des nouvelles gr\u00e2ce au yoga Passez-vous actuellement par des moments dans la vie o\u00f9 vous devez faire face \u00e0 des blessures ou des douleurs suite aux mauvaises postures ? Ou suite \u00e0 des pressions soutenues de mani\u00e8re unilat\u00e9rale ou pendant tr\u00f4p &hellip; <a href=\"https:\/\/yogakitchen.be\/fr\/yoga-therapie\/le-yoga-pour-guerir\/\" class=\"more-link\">Continuer la lecture de <span class=\"screen-reader-text\">Le yoga pour gu\u00e9rir<\/span> <span class=\"meta-nav\">&rarr;<\/span><\/a><\/p>\n","protected":false},"author":1,"featured_media":17435,"parent":62,"menu_order":0,"comment_status":"closed","ping_status":"closed","template":"","meta":{"footnotes":""},"class_list":["post-13382","page","type-page","status-publish","has-post-thumbnail","hentry"],"_links":{"self":[{"href":"https:\/\/yogakitchen.be\/fr\/wp-json\/wp\/v2\/pages\/13382","targetHints":{"allow":["GET"]}}],"collection":[{"href":"https:\/\/yogakitchen.be\/fr\/wp-json\/wp\/v2\/pages"}],"about":[{"href":"https:\/\/yogakitchen.be\/fr\/wp-json\/wp\/v2\/types\/page"}],"author":[{"embeddable":true,"href":"https:\/\/yogakitchen.be\/fr\/wp-json\/wp\/v2\/users\/1"}],"replies":[{"embeddable":true,"href":"https:\/\/yogakitchen.be\/fr\/wp-json\/wp\/v2\/comments?post=13382"}],"version-history":[{"count":10,"href":"https:\/\/yogakitchen.be\/fr\/wp-json\/wp\/v2\/pages\/13382\/revisions"}],"predecessor-version":[{"id":17591,"href":"https:\/\/yogakitchen.be\/fr\/wp-json\/wp\/v2\/pages\/13382\/revisions\/17591"}],"up":[{"embeddable":true,"href":"https:\/\/yogakitchen.be\/fr\/wp-json\/wp\/v2\/pages\/62"}],"wp:featuredmedia":[{"embeddable":true,"href":"https:\/\/yogakitchen.be\/fr\/wp-json\/wp\/v2\/media\/17435"}],"wp:attachment":[{"href":"https:\/\/yogakitchen.be\/fr\/wp-json\/wp\/v2\/media?parent=13382"}],"curies":[{"name":"wp","href":"https:\/\/api.w.org\/{rel}","templated":true}]}}