{"id":13393,"date":"2016-08-14T17:06:27","date_gmt":"2016-08-14T17:06:27","guid":{"rendered":"http:\/\/yogakitchen.be\/fr\/?page_id=13393"},"modified":"2023-08-01T22:55:07","modified_gmt":"2023-08-01T20:55:07","slug":"cours-de-yoga-prive","status":"publish","type":"page","link":"https:\/\/yogakitchen.be\/fr\/yoga-therapie\/cours-de-yoga-prive\/","title":{"rendered":"Cours de yoga priv\u00e9"},"content":{"rendered":"<h1>Le yoga priv\u00e9<\/h1>\n<blockquote><p>Les cours collectifs ne sont pas votre truc ? Ou bien vos horaires de travail ou vos activit\u00e9s professionnelles ne vous permettent pas de participer \u00e0 des cours collectifs ?<br \/>\n<strong>Le cours de yoga priv\u00e9<\/strong> vous permet de pratiquer le yoga selon vos souhaits et vos horaires personnels.<\/p><\/blockquote>\n<p>Vous pouvez avoir de diff\u00e9rentes raison pour ne pas aller suivre des cours collectifs de yoga.<br \/>\nYoga Kitchen propose \u00e9galement <strong>des cours de yoga priv\u00e9s.<\/strong><br \/>\nUn cours de yoga priv\u00e9 peut \u00eatre le d\u00e9but d&rsquo;un voyage personnalis\u00e9 visant \u00e0 am\u00e9liorer votre qualit\u00e9 de vie, \u00e0 adapter votre pratique du yoga \u00e0 votre corps et \u00e0 votre situation, ou encore \u00e0 retrouver progressivement la souplesse et l&rsquo;agilit\u00e9 perdues.<\/p>\n<p>Parfois, de petits conseils et ajustements ont des effets positifs \u00e9tonnants et d&rsquo;une grande port\u00e9e.<\/p>\n<p>Et, bien s\u00fbr, un cours de yoga priv\u00e9 peut aussi \u00eatre un cadeau pour vous-m\u00eame, ou un cadeau que vous partagez \u00e0 deux avec une autre personne que vous appr\u00e9ciez ou que vous aimez.<br \/>\nLes sessions peuvent avoir lieu, soit :<\/p>\n<ul>\n<li>\u00e0 Yoga Kitchen, sur rendez-vous<\/li>\n<li>\u00e0 votre domicile ou \u00e0 l&rsquo;endroit de votre choix, dans la r\u00e9gion de Bruxelles, sur rendez-vous<\/li>\n<li>en ligne en direct, via Zoom<\/li>\n<\/ul>\n<p>Le nombre de participants est <strong>maximum 2.<\/strong><\/p>\n<h2>En quoi consiste une session de yoga priv\u00e9e ?<\/h2>\n<p>La premi\u00e8re session durera une heure et demie y compris l&rsquo;entretien de d\u00e9part sans frais.<br \/>\nD&rsquo;abord nous \u00e9valuerons vos objectifs, ce que vous voulez obtenir par le yoga.<br \/>\nA l&rsquo;aide d&rsquo;observations et une s\u00e9rie de tests, nous \u00e9tablirons votre <strong>profil personnel<\/strong> et <strong>des recommandations ad\u00e9quates.<\/strong><br \/>\nNous d\u00e9terminons quel type de pratique vous conviendra le mieux.<br \/>\nEnsuite nous pratiquerons notre premi\u00e8re session d&rsquo;une heure.<\/p>\n<h2>Quel est l&rsquo;investissement pour une heure de cours de yoga priv\u00e9 ?<\/h2>\n<ul>\n<li>Un seul participant: <strong>60,00 \u20ac par heure<\/strong><\/li>\n<li>Deux participants: <strong>45,00 \u20ac par heure et par participant<\/strong><\/li>\n<li>Frais de d\u00e9placement en r\u00e9gion bruxelloise: <strong>10,00 \u20ac<\/strong>\n<\/ul>\n<div class=\"yk-hoebetalen\">\n<h2>Payez votre cours priv\u00e9<\/h2>\n<p><a class=\"yk-red_btn\" title=\"Priv\u00e9 60 minutes\" href=\"https:\/\/yogakitchen.be\/fr\/produit\/cours-de-yoga-singulier-prive-60-minutes\/\">Priv\u00e9 60 minutes<\/a><\/p>\n<p><a class=\"yk-red_btn\" title=\"Priv\u00e9 90 minutes\" href=\"https:\/\/yogakitchen.be\/fr\/produit\/cours-de-yoga-singulier-prive-90-minutes\/\">Priv\u00e9 90 minutes<\/a><\/p>\n<p><a class=\"yk-red_btn\" title=\"Priv\u00e9 60 minutes pour 2\" href=\"https:\/\/yogakitchen.be\/fr\/produit\/cours-de-yoga-singulier-prive-60-minutes-pour-2\/\">Priv\u00e9 60 minutes pour 2<\/a><\/p>\n<p><a class=\"yk-red_btn\" title=\"Priv\u00e9 90 minutes pour 2\" href=\"https:\/\/yogakitchen.be\/fr\/produit\/cours-de-yoga-singulier-prive-90-minutes-pour-2\/\">Priv\u00e9 90 minutes pour 2<\/a>\n<\/div>\n<h2>Comment puis-je r\u00e9server mes cours de yoga priv\u00e9 ?<\/h2>\n<p>Fixez un rendez-vous en remplissant et en envoyant le formulaire ci-dessous.<br \/>\nVous pouvez \u00e9galement nous contacter par t\u00e9l\u00e9phone au num\u00e9ro <strong>0486\/88 28 48.<\/strong><br \/>\nJe m&rsquo;inscris pour <strong>une s\u00e9ance priv\u00e9e de yoga<\/strong><br \/>\n\n<div class=\"wpcf7 no-js\" id=\"wpcf7-f3654-o1\" lang=\"fr-FR\" dir=\"ltr\" data-wpcf7-id=\"3654\">\n<div class=\"screen-reader-response\"><p role=\"status\" aria-live=\"polite\" aria-atomic=\"true\"><\/p> <ul><\/ul><\/div>\n<form action=\"\/fr\/wp-json\/wp\/v2\/pages\/13393#wpcf7-f3654-o1\" method=\"post\" class=\"wpcf7-form init\" aria-label=\"Formulaire de contact\" novalidate=\"novalidate\" data-status=\"init\">\n<fieldset class=\"hidden-fields-container\"><input type=\"hidden\" name=\"_wpcf7\" value=\"3654\" \/><input type=\"hidden\" name=\"_wpcf7_version\" value=\"6.1.5\" \/><input type=\"hidden\" name=\"_wpcf7_locale\" value=\"fr_FR\" \/><input type=\"hidden\" name=\"_wpcf7_unit_tag\" value=\"wpcf7-f3654-o1\" \/><input type=\"hidden\" name=\"_wpcf7_container_post\" value=\"0\" \/><input type=\"hidden\" name=\"_wpcf7_posted_data_hash\" value=\"\" \/>\n<\/fieldset>\n<p>Votre nom (obligatoire)\n<\/p>\n<p><span class=\"wpcf7-form-control-wrap\" data-name=\"your-name\"><input size=\"40\" maxlength=\"400\" class=\"wpcf7-form-control wpcf7-text wpcf7-validates-as-required\" aria-required=\"true\" aria-invalid=\"false\" value=\"\" type=\"text\" name=\"your-name\" \/><\/span>\n<\/p>\n<p>Votre email (obligatoire)\n<\/p>\n<p><span class=\"wpcf7-form-control-wrap\" data-name=\"your-email\"><input size=\"40\" maxlength=\"400\" class=\"wpcf7-form-control wpcf7-email wpcf7-validates-as-required wpcf7-text wpcf7-validates-as-email\" aria-required=\"true\" aria-invalid=\"false\" value=\"\" type=\"email\" name=\"your-email\" \/><\/span>\n<\/p>\n<p>Sujet\n<\/p>\n<p><span class=\"wpcf7-form-control-wrap\" data-name=\"your-subject\"><input size=\"40\" maxlength=\"400\" class=\"wpcf7-form-control wpcf7-text\" aria-invalid=\"false\" value=\"\" type=\"text\" name=\"your-subject\" \/><\/span>\n<\/p>\n<p>Votre message\n<\/p>\n<p><span class=\"wpcf7-form-control-wrap\" data-name=\"your-message\"><textarea cols=\"40\" rows=\"10\" maxlength=\"2000\" class=\"wpcf7-form-control wpcf7-textarea\" aria-invalid=\"false\" name=\"your-message\"><\/textarea><\/span>\n<\/p>\n<p><input class=\"wpcf7-form-control wpcf7-submit has-spinner\" type=\"submit\" value=\"Envoyer\" \/>\n<\/p><p style=\"display: none !important;\" class=\"akismet-fields-container\" data-prefix=\"_wpcf7_ak_\"><label>&#916;<textarea name=\"_wpcf7_ak_hp_textarea\" cols=\"45\" rows=\"8\" maxlength=\"100\"><\/textarea><\/label><input type=\"hidden\" id=\"ak_js_1\" name=\"_wpcf7_ak_js\" value=\"130\"\/><script>document.getElementById( \"ak_js_1\" ).setAttribute( \"value\", ( new Date() ).getTime() );<\/script><\/p><div class=\"wpcf7-response-output\" aria-hidden=\"true\"><\/div>\n<\/form>\n<\/div>\n<\/p>\n<div class=\"yk-hoebetalen\">\n<h2>Quels sont les autres avantages<br \/>\nd&rsquo;une s\u00e9ance de yoga priv\u00e9e ?<\/h2>\n<p>Regardez toutes les applications de la th\u00e9rapie par le yoga :<\/p>\n<p style=\"text-align: center;\"><a class=\"yk-red_btn\" title=\"Yoga th\u00e9rapie\" href=\"https:\/\/yogakitchen.be\/fr\/yoga-therapie\/\">Autres applications de la th\u00e9rapie par le yoga<\/a><\/p>\n<h2>Voulez-vous plut\u00f4t r\u00e9server un de nos cours collectifs ?<\/h2>\n<p>Regardez notre offre de cours de yoga et r\u00e9servez via les liens ci-dessous :<\/p>\n<p style=\"text-align: center;\"><a class=\"yk-red_btn\" title=\"R\u00e9servez un cours de yoga\" href=\"https:\/\/yogakitchen.be\/fr\/calendrier\/\">R\u00e9servez un cours de yoga<\/a><\/p>\n<p style=\"text-align: center;\"><a class=\"yk-blue_btn\" title=\"Cours de yoga\" href=\"https:\/\/yogakitchen.be\/fr\/cours-de-yoga\/\">Consultez notre offre de cours de yoga<\/a><\/p>\n","protected":false},"excerpt":{"rendered":"<p>Le yoga priv\u00e9 Les cours collectifs ne sont pas votre truc ? Ou bien vos horaires de travail ou vos activit\u00e9s professionnelles ne vous permettent pas de participer \u00e0 des cours collectifs ? Le cours de yoga priv\u00e9 vous permet de pratiquer le yoga selon vos souhaits et vos horaires personnels. Vous pouvez avoir de &hellip; <a href=\"https:\/\/yogakitchen.be\/fr\/yoga-therapie\/cours-de-yoga-prive\/\" class=\"more-link\">Continuer la lecture de <span class=\"screen-reader-text\">Cours de yoga priv\u00e9<\/span> <span class=\"meta-nav\">&rarr;<\/span><\/a><\/p>\n","protected":false},"author":1,"featured_media":17436,"parent":62,"menu_order":0,"comment_status":"closed","ping_status":"closed","template":"","meta":{"footnotes":""},"class_list":["post-13393","page","type-page","status-publish","has-post-thumbnail","hentry"],"_links":{"self":[{"href":"https:\/\/yogakitchen.be\/fr\/wp-json\/wp\/v2\/pages\/13393","targetHints":{"allow":["GET"]}}],"collection":[{"href":"https:\/\/yogakitchen.be\/fr\/wp-json\/wp\/v2\/pages"}],"about":[{"href":"https:\/\/yogakitchen.be\/fr\/wp-json\/wp\/v2\/types\/page"}],"author":[{"embeddable":true,"href":"https:\/\/yogakitchen.be\/fr\/wp-json\/wp\/v2\/users\/1"}],"replies":[{"embeddable":true,"href":"https:\/\/yogakitchen.be\/fr\/wp-json\/wp\/v2\/comments?post=13393"}],"version-history":[{"count":12,"href":"https:\/\/yogakitchen.be\/fr\/wp-json\/wp\/v2\/pages\/13393\/revisions"}],"predecessor-version":[{"id":18631,"href":"https:\/\/yogakitchen.be\/fr\/wp-json\/wp\/v2\/pages\/13393\/revisions\/18631"}],"up":[{"embeddable":true,"href":"https:\/\/yogakitchen.be\/fr\/wp-json\/wp\/v2\/pages\/62"}],"wp:featuredmedia":[{"embeddable":true,"href":"https:\/\/yogakitchen.be\/fr\/wp-json\/wp\/v2\/media\/17436"}],"wp:attachment":[{"href":"https:\/\/yogakitchen.be\/fr\/wp-json\/wp\/v2\/media?parent=13393"}],"curies":[{"name":"wp","href":"https:\/\/api.w.org\/{rel}","templated":true}]}}