{"id":13547,"date":"2016-08-28T11:30:11","date_gmt":"2016-08-28T11:30:11","guid":{"rendered":"http:\/\/yogakitchen.be\/fr\/?page_id=13547"},"modified":"2023-07-28T17:00:58","modified_gmt":"2023-07-28T15:00:58","slug":"vision-mission-valeurs","status":"publish","type":"page","link":"https:\/\/yogakitchen.be\/fr\/a-propos\/vision-mission-valeurs\/","title":{"rendered":"Vision, mission, valeurs"},"content":{"rendered":"<h1>Le grand pourquoi<\/h1>\n<blockquote><p>Une existence sans vision, mission ou valeurs, c&rsquo;est un navire perdu sans barre ni direction.<\/p><\/blockquote>\n<h2>La vision de Yoga Kitchen<\/h2>\n<ul>\n<li>Notre environnement, les richesses naturelles et les ressources soutenant la vie sur Terre se trouvent dans un \u00e9tat d&rsquo;alerte critique.<\/li>\n<li>Notre mani\u00e8re actuelles de g\u00e9rer l&rsquo;environnement, les richesses naturelles et les ressources soutenant la vie sur cette Terre sont en \u00e9chec.<\/li>\n<li>Les causes les plus profondes de ce dysfonctionnement se trouvent dans une rupture totale entre:\n<ul>\n<li>les activit\u00e9s mat\u00e9rielles et mentales de l&rsquo;homme<\/li>\n<li>une spiritualit\u00e9 et un sens de vie profonds<\/li>\n<\/ul>\n<\/li>\n<li>Cette rupture se refl\u00eate dans <strong>le manque de liaison<\/strong>. C&rsquo;est visible dans l&rsquo;absence d&rsquo;un lien sain avec soi-m\u00eame, avec les autres humains, les autres cr\u00e9atures vivantes et l&rsquo;essence vivante de cette plan\u00eate m\u00eame.<\/li>\n<li>L&rsquo;homme est en m\u00eame temps insignifiant et poss\u00eade d\u00e9sormais de grands pouvoirs potentiels \u00e0 condition qu&rsquo;il soit capable de r\u00e9parer le lien avec son vrai soi, l&rsquo;\u00eatre intemporel qui r\u00e9side en lui.<\/li>\n<li>Dans toute faute, tout \u00e9chec et tout \u201cmalheur\u201d se trouve la cl\u00e9 \u00e0 la gu\u00e9rison et \u00e0 la transformation.<\/li>\n<li>Le corps, l&rsquo;esprit et le mental de l&rsquo;\u00eatre humain ont une capacit\u00e9 \u00e9norme \u00e0 la transformation, la gu\u00e9rison et l&rsquo;auto-gu\u00e9rison.<\/li>\n<\/ul>\n<h2>Les valeurs de Yoga Kitchen<\/h2>\n<p>Les valeurs principales de Yoga Kitchen sont les suivantes:<\/p>\n<ul>\n<li><strong>La non-violence<\/strong><\/li>\n<li><strong>La compassion<\/strong><\/li>\n<li><strong>La propre responsabilit\u00e9<\/strong><\/li>\n<li><strong>La clart\u00e9<\/strong><\/li>\n<li><strong>La simplicit\u00e9<\/strong><\/li>\n<\/ul>\n<h2>La mission de Yoga Kitchen<\/h2>\n<ul>\n<li>La mission de Yoga Kitchen est\n<ul>\n<li>le soutien aux personnes dans l&rsquo;\u00e9tablissement d&rsquo;un rapport plus complet et plus sain avec eux-m\u00eames et avec le monde.<\/li>\n<li>l&rsquo;\u00e9ducation, la conscientisation et le coaching de personnes d\u00e9sirant apporter <strong>des modifications pratiques et applicables favorables \u00e0 la vie et au bien-\u00eatre<\/strong> \u00e0 leur vie quotidienne et leurs comportements qui leur ram\u00e8neront plus proche de leur essence et qui sont b\u00e9n\u00e9fiques pour eux-m\u00eames, les autres \u00eatres vivants dans leur entourage et l&rsquo;environnement.<\/li>\n<\/ul>\n<\/li>\n<\/ul>\n<ul>\n<li>Les activit\u00e9s de Yoga Kitchen sont:\n<ul>\n<li>des cours de yoga<\/li>\n<li>des traitements de massage<\/li>\n<li>distribuer des astuces et directions concernant une nutrition et un mode vie sains<\/li>\n<li>des ateliers, formations et publications concernant une nutrition et un mode vie sains<\/li>\n<li>des exercices de concentration et de m\u00e9ditation.<\/li>\n<\/ul>\n<\/li>\n<li>Les activit\u00e9s dans le cadre du mode de vie et de l&rsquo;alimentation cherchent \u00e0 stimuler et promouvoir <strong>un mode de vie 100% v\u00e9g\u00e9tal<\/strong>, donc exempt d&rsquo;usage de produits animaliers, avec <strong>les produits bruts de l&rsquo;agriculture biologique et biodynamique <\/strong>et avec des produits venant de la production et du commerce \u00e9quitables et durables.<\/li>\n<\/ul>\n<p>Au niveau du contenu, Yoga Kitchen puise dans:<\/p>\n<ul>\n<li>les richesses de la tradition philosophique du Yoga<\/li>\n<li>les \u00e9l\u00e9ments valables d&rsquo;autres courants philosophiques<\/li>\n<li>les sciences modernes, non-sponsoris\u00e9es par certains groupes de pouvoir<\/li>\n<li><strong>une recherche personnelle empirique et honn\u00eate<\/strong><\/li>\n<\/ul>\n<p>Version 2023<\/p>\n","protected":false},"excerpt":{"rendered":"<p>Le grand pourquoi Une existence sans vision, mission ou valeurs, c&rsquo;est un navire perdu sans barre ni direction. La vision de Yoga Kitchen Notre environnement, les richesses naturelles et les ressources soutenant la vie sur Terre se trouvent dans un \u00e9tat d&rsquo;alerte critique. Notre mani\u00e8re actuelles de g\u00e9rer l&rsquo;environnement, les richesses naturelles et les ressources &hellip; <a href=\"https:\/\/yogakitchen.be\/fr\/a-propos\/vision-mission-valeurs\/\" class=\"more-link\">Continuer la lecture de <span class=\"screen-reader-text\">Vision, mission, valeurs<\/span> <span class=\"meta-nav\">&rarr;<\/span><\/a><\/p>\n","protected":false},"author":1,"featured_media":0,"parent":11,"menu_order":0,"comment_status":"closed","ping_status":"closed","template":"","meta":{"footnotes":""},"class_list":["post-13547","page","type-page","status-publish","hentry"],"_links":{"self":[{"href":"https:\/\/yogakitchen.be\/fr\/wp-json\/wp\/v2\/pages\/13547","targetHints":{"allow":["GET"]}}],"collection":[{"href":"https:\/\/yogakitchen.be\/fr\/wp-json\/wp\/v2\/pages"}],"about":[{"href":"https:\/\/yogakitchen.be\/fr\/wp-json\/wp\/v2\/types\/page"}],"author":[{"embeddable":true,"href":"https:\/\/yogakitchen.be\/fr\/wp-json\/wp\/v2\/users\/1"}],"replies":[{"embeddable":true,"href":"https:\/\/yogakitchen.be\/fr\/wp-json\/wp\/v2\/comments?post=13547"}],"version-history":[{"count":5,"href":"https:\/\/yogakitchen.be\/fr\/wp-json\/wp\/v2\/pages\/13547\/revisions"}],"predecessor-version":[{"id":18614,"href":"https:\/\/yogakitchen.be\/fr\/wp-json\/wp\/v2\/pages\/13547\/revisions\/18614"}],"up":[{"embeddable":true,"href":"https:\/\/yogakitchen.be\/fr\/wp-json\/wp\/v2\/pages\/11"}],"wp:attachment":[{"href":"https:\/\/yogakitchen.be\/fr\/wp-json\/wp\/v2\/media?parent=13547"}],"curies":[{"name":"wp","href":"https:\/\/api.w.org\/{rel}","templated":true}]}}