{"id":13662,"date":"2016-09-25T20:11:14","date_gmt":"2016-09-25T20:11:14","guid":{"rendered":"http:\/\/yogakitchen.be\/fr\/?page_id=13662"},"modified":"2026-03-04T14:09:59","modified_gmt":"2026-03-04T13:09:59","slug":"le-yoga-au-travail","status":"publish","type":"page","link":"https:\/\/yogakitchen.be\/fr\/cours-de-yoga\/le-yoga-au-travail\/","title":{"rendered":"Le Yoga au travail"},"content":{"rendered":"<h1>Des cours de yoga au travail: un excellent choix<\/h1>\n<p><iframe loading=\"lazy\" title=\"Des cours de yoga au sein de l&#039;entreprise : une bonne id\u00e9e.\" width=\"604\" height=\"340\" src=\"https:\/\/www.youtube.com\/embed\/uG0UOknlJcI?feature=oembed\" frameborder=\"0\" allow=\"accelerometer; autoplay; clipboard-write; encrypted-media; gyroscope; picture-in-picture; web-share\" referrerpolicy=\"strict-origin-when-cross-origin\" allowfullscreen><\/iframe><\/p>\n<h2>J\u2019ai une question concernant <strong>les cours de yoga au travail<\/strong><\/h2>\n<p>Vous souhaitez obtenir plus d&rsquo;informations sur les cours de yoga en entreprise ?<br \/>\nVous voulez savoir quelles sont les possibilit\u00e9s et les conditions pour organiser des <strong>cours de yoga<\/strong> dans votre entreprise ?<br \/>\nOu avez-vous d&rsquo;autres questions ?<br \/>\nAppelez-nous au num\u00e9ro <strong>0486\/88 28 48<\/strong> ou remplissez et envoyez le formulaire de contact ci-dessous.<br \/>\n\n<div class=\"wpcf7 no-js\" id=\"wpcf7-f3651-o1\" lang=\"fr-FR\" dir=\"ltr\" data-wpcf7-id=\"3651\">\n<div class=\"screen-reader-response\"><p role=\"status\" aria-live=\"polite\" aria-atomic=\"true\"><\/p> <ul><\/ul><\/div>\n<form action=\"\/fr\/wp-json\/wp\/v2\/pages\/13662#wpcf7-f3651-o1\" method=\"post\" class=\"wpcf7-form init\" aria-label=\"Formulaire de contact\" novalidate=\"novalidate\" data-status=\"init\">\n<fieldset class=\"hidden-fields-container\"><input type=\"hidden\" name=\"_wpcf7\" value=\"3651\" \/><input type=\"hidden\" name=\"_wpcf7_version\" value=\"6.1.4\" \/><input type=\"hidden\" name=\"_wpcf7_locale\" value=\"fr_FR\" \/><input type=\"hidden\" name=\"_wpcf7_unit_tag\" value=\"wpcf7-f3651-o1\" \/><input type=\"hidden\" name=\"_wpcf7_container_post\" value=\"0\" \/><input type=\"hidden\" name=\"_wpcf7_posted_data_hash\" value=\"\" \/>\n<\/fieldset>\n<p>Votre nom (obligatoire)\n<\/p>\n<p><span class=\"wpcf7-form-control-wrap\" data-name=\"your-name\"><input size=\"40\" maxlength=\"400\" class=\"wpcf7-form-control wpcf7-text wpcf7-validates-as-required\" aria-required=\"true\" aria-invalid=\"false\" value=\"\" type=\"text\" name=\"your-name\" \/><\/span>\n<\/p>\n<p>Votre email (obligatoire)\n<\/p>\n<p><span class=\"wpcf7-form-control-wrap\" data-name=\"your-email\"><input size=\"40\" maxlength=\"400\" class=\"wpcf7-form-control wpcf7-email wpcf7-validates-as-required wpcf7-text wpcf7-validates-as-email\" aria-required=\"true\" aria-invalid=\"false\" value=\"\" type=\"email\" name=\"your-email\" \/><\/span>\n<\/p>\n<p>Sujet (obligatoire)\n<\/p>\n<p><span class=\"wpcf7-form-control-wrap\" data-name=\"your-subject\"><input size=\"40\" maxlength=\"400\" class=\"wpcf7-form-control wpcf7-text wpcf7-validates-as-required\" aria-required=\"true\" aria-invalid=\"false\" value=\"\" type=\"text\" name=\"your-subject\" \/><\/span>\n<\/p>\n<p>Votre message\n<\/p>\n<p><span class=\"wpcf7-form-control-wrap\" data-name=\"your-message\"><textarea cols=\"40\" rows=\"10\" maxlength=\"2000\" class=\"wpcf7-form-control wpcf7-textarea\" aria-invalid=\"false\" name=\"your-message\"><\/textarea><\/span>\n<\/p>\n<p><input class=\"wpcf7-form-control wpcf7-submit has-spinner\" type=\"submit\" value=\"Envoyer\" \/>\n<\/p><p style=\"display: none !important;\" class=\"akismet-fields-container\" data-prefix=\"_wpcf7_ak_\"><label>&#916;<textarea name=\"_wpcf7_ak_hp_textarea\" cols=\"45\" rows=\"8\" maxlength=\"100\"><\/textarea><\/label><input type=\"hidden\" id=\"ak_js_1\" name=\"_wpcf7_ak_js\" value=\"1\"\/><script>document.getElementById( \"ak_js_1\" ).setAttribute( \"value\", ( new Date() ).getTime() );<\/script><\/p><div class=\"wpcf7-response-output\" aria-hidden=\"true\"><\/div>\n<\/form>\n<\/div>\n<\/p>\n<h2>Le Yoga et le travail contemporain<\/h2>\n<p>Beaucoup d&rsquo;activit\u00e9 professionnelle contemporaine se passe de mani\u00e8re s\u00e9dentaire, souvent pendant des heures d&rsquo;affil\u00e9e, devant un \u00e9cran d&rsquo;ordinateur. Un des plus grands cadeaux que la pratique du yoga peut nous offrir en Occident ce sont les effets b\u00e9n\u00e9fiques sur le corps et le mental. Et justement dans ce contexte de vie s\u00e9dentaire avec beaucoup d&rsquo;activit\u00e9 mentale, c&rsquo;est pr\u00e9cieux.<\/p>\n<h2>Le Yoga au sein de l&rsquo;entreprise<\/h2>\n<p>Le Yoga peut \u00eatre affect\u00e9 au sein de l&rsquo;entreprise comme un des outils dans le contexte d&rsquo;une strat\u00e9gie visant \u00e0 <strong>am\u00e9liorer le bien-\u00eatre au travail<\/strong> et \u00e0 <strong>contrecarrer des ph\u00e9nom\u00e8nes de stress et de burn-out<\/strong>.<br \/>\nNous proposons ainsi <strong>des cours de yoga en entreprise.<\/strong><br \/>\nSoit sous la forme d&rsquo;un cours hebdomadaire, ou sous la forme d&rsquo;ateliers ponctuels autour de la gestion du stress avec le yoga et la respiration comme \u00e9l\u00e9ment central.<br \/>\nDans les cours hebdomadaires d&rsquo;environ une heure, nous cr\u00e9ons un bon \u00e9quilibre entre effort et d\u00e9tente. Par des exercices dynamiques et statiques, des exercices de respiration et de la relaxation.<br \/>\nTout le monde est le\/la bienvenu.e, chacun.e peut participer selon les capacit\u00e9s physiques du moment.<br \/>\nApr\u00e8s la session, les collaborateurs se remettent au travail, \u00e0 la fois charg\u00e9s et d\u00e9tendus. a session \u00e0 un effet positif sur le bien-\u00eatre et le niveau d&rsquo;\u00e9nergie des employ\u00e9s. Ceci se traduit souvent en une am\u00e9lioration de la productivit\u00e9.<\/p>\n<h2>Ma\u00eetriser la surstimulation<\/h2>\n<p><a href=\"https:\/\/yogakitchen.be\/fr\/2023\/10\/11\/maitriser-la-surstimulation-grace-au-yoga\/\" rel=\"noopener noreferrer\" target=\"_blank\"><a href=\"https:\/\/yogakitchen.be\/fr\/wp-content\/uploads\/sites\/3\/2023\/10\/2023IBZ_02Alevc_1200_530.jpg\"><img loading=\"lazy\" decoding=\"async\" class=\"aligncenter size-full wp-image-18814\" src=\"https:\/\/yogakitchen.be\/fr\/wp-content\/uploads\/sites\/3\/2023\/10\/2023IBZ_02Alevc_1200_530.jpg\" alt=\"Photo d'un cours de yoga au travail\" width=\"1200\" height=\"530\" srcset=\"https:\/\/yogakitchen.be\/fr\/wp-content\/uploads\/sites\/3\/2023\/10\/2023IBZ_02Alevc_1200_530.jpg 1200w, https:\/\/yogakitchen.be\/fr\/wp-content\/uploads\/sites\/3\/2023\/10\/2023IBZ_02Alevc_1200_530-300x133.jpg 300w, https:\/\/yogakitchen.be\/fr\/wp-content\/uploads\/sites\/3\/2023\/10\/2023IBZ_02Alevc_1200_530-768x339.jpg 768w, https:\/\/yogakitchen.be\/fr\/wp-content\/uploads\/sites\/3\/2023\/10\/2023IBZ_02Alevc_1200_530-1024x452.jpg 1024w\" sizes=\"auto, (max-width: 1200px) 100vw, 1200px\" \/><\/a><\/a><br \/>\n<strong>Lisez <a href=\"https:\/\/yogakitchen.be\/fr\/2023\/10\/11\/maitriser-la-surstimulation-grace-au-yoga\/\" target=\"_blank\" rel=\"noopener noreferrer\">ici un article<\/a> sur le yoga au travail.<\/strong><br \/>\n<strong>Pour en savoir plus sur les effets de la pratique du yoga, continuez votre lecture ci-dessous.<\/strong><\/p>\n<div class=\"yk-hoebetalen\">\n<h2>Les effets de la pratique du yoga<\/h2>\n<p><strong>Les exercices de yoga et les postures<\/strong> renforcent le corps, et assouplissent et allongent les muscles. De l&rsquo;espace et de l&rsquo;ouverture sont cr\u00e9\u00e9s, et les \u201cnoeuds\u201d de tension musculaire et de stress se dissoudent. Lorsqu&rsquo;on reste assis pendant longtemps sur une chaise de bureau on peut constater une compression du dos et de la colonne vertebrale, qui les rend plus compactes et plus rigides. Le yoga aide \u00e0 remobiliser la colonne vert\u00e9brale, cr\u00e9e de l&rsquo;\u00e9longation et de la d\u00e9tente.<\/p>\n<p><strong>La respiration<\/strong> se passe tr\u00e8s souvent inconsciemment. L&rsquo;activit\u00e9 mentale intense rend la respiration tr\u00e8s superficielle, avec des p\u00e9riodes o\u00f9 elle est quasi inexistante. Cela peut cr\u00e9er un d\u00e9ficit local d&rsquo;oxyg\u00e8ne, ce qui favorise la tension musculaire. Dans le yoga, on respire consciemment, beaucoup et profond\u00e9ment. De ce fait, l&rsquo;\u00e9nergie se remet \u00e0 circuler dans le corps, et l&rsquo;apport d&rsquo;oxyg\u00e8ne est comme une rivi\u00e8re qui ravitaille toutes les parties du corps \u00e0 nouveau de force vitale et d&rsquo;\u00e9nergie.<\/p>\n<p>Suite au travail mental intense et l&rsquo;usage fr\u00e9quent d&rsquo;\u00e9crans les employ\u00e9s ont tendance \u00e0 perdre le contact avec leur corps. Ils se retrouvent en quelque sorte \u201cenferm\u00e9s dans leur t\u00eate\u201d. Un moment de yoga au travail les ram\u00e8ne <strong>\u201cchez eux\u201d<\/strong> dans leur corps, dans leur propre mati\u00e8re, et cela est propice au r\u00e9tablissement de l&rsquo;\u00e9quilibre. C&rsquo;est un moment d&rsquo;activit\u00e9 physique et en m\u00eame temps un moment de repos b\u00e9n\u00e9fique. Les cons\u00e9quences sont un mental qui s&rsquo;apaise et l&rsquo;apparition de plus de calme et de clart\u00e9.<\/p>\n<p style=\"text-align: right;\">\u00a0<a title=\"A propos du Yoga\" href=\"http:\/\/yogakitchen.be\/fr\/a-propos-du-yoga\/\">En savoir plus \u00e0 propos du Yoga<\/a><\/p>\n<\/div>\n<h2>Partenaires professionnels \u2013 r\u00e9f\u00e9rences 2025 \u2013 2026<\/h2>\n<p>IBZ &#8211; Service public f\u00e9d\u00e9ral &#8211; Chancellerie du Premier Ministre<br \/>\n<a href=\"https:\/\/yogakitchen.be\/fr\/wp-content\/uploads\/sites\/3\/2026\/03\/2026Kanselarij_800.jpg\"><img loading=\"lazy\" decoding=\"async\" src=\"https:\/\/yogakitchen.be\/fr\/wp-content\/uploads\/sites\/3\/2026\/03\/2026Kanselarij_800.jpg\" alt=\"Logo de la Chancellerie du Premier Ministre\" width=\"800\" height=\"164\" class=\"alignnone size-full wp-image-20779\" srcset=\"https:\/\/yogakitchen.be\/fr\/wp-content\/uploads\/sites\/3\/2026\/03\/2026Kanselarij_800.jpg 800w, https:\/\/yogakitchen.be\/fr\/wp-content\/uploads\/sites\/3\/2026\/03\/2026Kanselarij_800-300x62.jpg 300w, https:\/\/yogakitchen.be\/fr\/wp-content\/uploads\/sites\/3\/2026\/03\/2026Kanselarij_800-768x157.jpg 768w\" sizes=\"auto, (max-width: 800px) 100vw, 800px\" \/><\/a><br \/>\nIBZ &#8211; Service public f\u00e9d\u00e9ral Int\u00e9rieur &#8211; Office des \u00e9trangers<br \/>\n<a href=\"https:\/\/yogakitchen.be\/fr\/wp-content\/uploads\/sites\/3\/2023\/11\/IBZ.jpg\"><img loading=\"lazy\" decoding=\"async\" src=\"https:\/\/yogakitchen.be\/fr\/wp-content\/uploads\/sites\/3\/2023\/11\/IBZ.jpg\" alt=\"Logo du Service public f\u00e9d\u00e9ral Int\u00e9rieur - Office des \u00e9trangers\" width=\"320\" height=\"180\" class=\"alignnone size-full wp-image-18879\" srcset=\"https:\/\/yogakitchen.be\/fr\/wp-content\/uploads\/sites\/3\/2023\/11\/IBZ.jpg 320w, https:\/\/yogakitchen.be\/fr\/wp-content\/uploads\/sites\/3\/2023\/11\/IBZ-300x169.jpg 300w\" sizes=\"auto, (max-width: 320px) 100vw, 320px\" \/><\/a><br \/>\nCliniques de l&rsquo;Europe<br \/>\n<a href=\"https:\/\/yogakitchen.be\/fr\/wp-content\/uploads\/sites\/3\/2022\/07\/LogoEuropaziekehnuizen_300.png\"><img loading=\"lazy\" decoding=\"async\" class=\"alignnone size-full wp-image-17749\" src=\"https:\/\/yogakitchen.be\/fr\/wp-content\/uploads\/sites\/3\/2022\/07\/LogoEuropaziekehnuizen_300.png\" alt=\"Logo des Cliniques de l'Europe \u00e0 Bruxelles\" width=\"300\" height=\"310\" srcset=\"https:\/\/yogakitchen.be\/fr\/wp-content\/uploads\/sites\/3\/2022\/07\/LogoEuropaziekehnuizen_300.png 300w, https:\/\/yogakitchen.be\/fr\/wp-content\/uploads\/sites\/3\/2022\/07\/LogoEuropaziekehnuizen_300-290x300.png 290w\" sizes=\"auto, (max-width: 300px) 100vw, 300px\" \/><\/a><br \/>\nGemeenschapscentrum De Kriekelaar, Schaerbeek<br \/>\n<a href=\"https:\/\/yogakitchen.be\/fr\/wp-content\/uploads\/sites\/3\/2022\/07\/LogoKriekelaar_300.png\"><img loading=\"lazy\" decoding=\"async\" class=\"alignnone size-full wp-image-17748\" src=\"https:\/\/yogakitchen.be\/fr\/wp-content\/uploads\/sites\/3\/2022\/07\/LogoKriekelaar_300.png\" alt=\"Logo du centre culturel n\u00e9erlandophone De Kriekelaar\" width=\"300\" height=\"74\" \/><\/a><br \/>\nGemeenschapscentrum Op Weule, Woluw\u00e9-Saint-Lambert<br \/>\n<a href=\"https:\/\/yogakitchen.be\/fr\/wp-content\/uploads\/sites\/3\/2026\/03\/2026OpWeule_300.png\"><img loading=\"lazy\" decoding=\"async\" src=\"https:\/\/yogakitchen.be\/fr\/wp-content\/uploads\/sites\/3\/2026\/03\/2026OpWeule_300.png\" alt=\"Logo du centre culturel flamand Op Weule\" width=\"300\" height=\"263\" class=\"alignnone size-full wp-image-20778\" \/><\/a><\/p>\n<h2>Partenaires professionnels \u2013 r\u00e9f\u00e9rences 2023 \u2013 2024<\/h2>\n<p>IBZ &#8211; Service public f\u00e9d\u00e9ral Int\u00e9rieur &#8211; Office des \u00e9trangers<br \/>\n<a href=\"https:\/\/yogakitchen.be\/fr\/wp-content\/uploads\/sites\/3\/2023\/11\/IBZ.jpg\"><img loading=\"lazy\" decoding=\"async\" src=\"https:\/\/yogakitchen.be\/fr\/wp-content\/uploads\/sites\/3\/2023\/11\/IBZ.jpg\" alt=\"Logo du Service public f\u00e9d\u00e9ral Int\u00e9rieur - Office des \u00e9trangers\" width=\"320\" height=\"180\" class=\"alignnone size-full wp-image-18879\" srcset=\"https:\/\/yogakitchen.be\/fr\/wp-content\/uploads\/sites\/3\/2023\/11\/IBZ.jpg 320w, https:\/\/yogakitchen.be\/fr\/wp-content\/uploads\/sites\/3\/2023\/11\/IBZ-300x169.jpg 300w\" sizes=\"auto, (max-width: 320px) 100vw, 320px\" \/><\/a><br \/>\nCliniques de l&rsquo;Europe<br \/>\n<a href=\"https:\/\/yogakitchen.be\/fr\/wp-content\/uploads\/sites\/3\/2022\/07\/LogoEuropaziekehnuizen_300.png\"><img loading=\"lazy\" decoding=\"async\" class=\"alignnone size-full wp-image-17749\" src=\"https:\/\/yogakitchen.be\/fr\/wp-content\/uploads\/sites\/3\/2022\/07\/LogoEuropaziekehnuizen_300.png\" alt=\"Logo des Cliniques de l'Europe \u00e0 Bruxelles\" width=\"300\" height=\"310\" srcset=\"https:\/\/yogakitchen.be\/fr\/wp-content\/uploads\/sites\/3\/2022\/07\/LogoEuropaziekehnuizen_300.png 300w, https:\/\/yogakitchen.be\/fr\/wp-content\/uploads\/sites\/3\/2022\/07\/LogoEuropaziekehnuizen_300-290x300.png 290w\" sizes=\"auto, (max-width: 300px) 100vw, 300px\" \/><\/a><br \/>\nGemeenschapscentrum De Kriekelaar, Schaerbeek<br \/>\n<a href=\"https:\/\/yogakitchen.be\/fr\/wp-content\/uploads\/sites\/3\/2022\/07\/LogoKriekelaar_300.png\"><img loading=\"lazy\" decoding=\"async\" class=\"alignnone size-full wp-image-17748\" src=\"https:\/\/yogakitchen.be\/fr\/wp-content\/uploads\/sites\/3\/2022\/07\/LogoKriekelaar_300.png\" alt=\"Logo du centre culturel n\u00e9erlandophone De Kriekelaar\" width=\"300\" height=\"74\" \/><\/a><\/p>\n<h2>Partenaires professionnels \u2013 r\u00e9f\u00e9rences 2019 \u2013 2022<\/h2>\n<p>Gemeenschapscentrum De Kriekelaar, Schaerbeek<br \/>\n<a href=\"https:\/\/yogakitchen.be\/fr\/wp-content\/uploads\/sites\/3\/2022\/07\/LogoKriekelaar_300.png\"><img loading=\"lazy\" decoding=\"async\" class=\"alignnone size-full wp-image-17748\" src=\"https:\/\/yogakitchen.be\/fr\/wp-content\/uploads\/sites\/3\/2022\/07\/LogoKriekelaar_300.png\" alt=\"Logo du centre culturel n\u00e9erlandophone De Kriekelaar\" width=\"300\" height=\"74\" \/><\/a><br \/>\nCliniques de l&rsquo;Europe<br \/>\n<a href=\"https:\/\/yogakitchen.be\/fr\/wp-content\/uploads\/sites\/3\/2022\/07\/LogoEuropaziekehnuizen_300.png\"><img loading=\"lazy\" decoding=\"async\" class=\"alignnone size-full wp-image-17749\" src=\"https:\/\/yogakitchen.be\/fr\/wp-content\/uploads\/sites\/3\/2022\/07\/LogoEuropaziekehnuizen_300.png\" alt=\"Logo des Cliniques de l'Europe \u00e0 Bruxelles\" width=\"300\" height=\"310\" srcset=\"https:\/\/yogakitchen.be\/fr\/wp-content\/uploads\/sites\/3\/2022\/07\/LogoEuropaziekehnuizen_300.png 300w, https:\/\/yogakitchen.be\/fr\/wp-content\/uploads\/sites\/3\/2022\/07\/LogoEuropaziekehnuizen_300-290x300.png 290w\" sizes=\"auto, (max-width: 300px) 100vw, 300px\" \/><\/a><br \/>\nCentre d&rsquo;accueil Bofort, Bruxelles<br \/>\n<a href=\"https:\/\/yogakitchen.be\/fr\/wp-content\/uploads\/sites\/3\/2022\/07\/Logo-BOfort_c300.png\"><img loading=\"lazy\" decoding=\"async\" class=\"alignnone size-full wp-image-17750\" src=\"https:\/\/yogakitchen.be\/fr\/wp-content\/uploads\/sites\/3\/2022\/07\/Logo-BOfort_c300.png\" alt=\"Logo du centre d'accueil Bofort \u00e0 Bruxelles\" width=\"300\" height=\"286\" \/><\/a><\/p>\n<h2>Le Yoga au travail \u2013 r\u00e9f\u00e9rences 2017 &#8211; 2022<\/h2>\n<p>Triodos Banque Belgique<br \/>\n<a href=\"http:\/\/yogakitchen.be\/fr\/wp-content\/uploads\/sites\/3\/2016\/09\/triodosbank.jpg\"><img loading=\"lazy\" decoding=\"async\" class=\"alignnone size-medium wp-image-14161\" src=\"http:\/\/yogakitchen.be\/fr\/wp-content\/uploads\/sites\/3\/2016\/09\/triodosbank-300x91.jpg\" alt=\"Logo Triodos Banque\" width=\"300\" height=\"91\" srcset=\"https:\/\/yogakitchen.be\/fr\/wp-content\/uploads\/sites\/3\/2016\/09\/triodosbank-300x91.jpg 300w, https:\/\/yogakitchen.be\/fr\/wp-content\/uploads\/sites\/3\/2016\/09\/triodosbank.jpg 842w\" sizes=\"auto, (max-width: 300px) 100vw, 300px\" \/><\/a><\/p>\n<h2>Le Yoga au travail \u2013 r\u00e9f\u00e9rences 2015 \u2013 2016<\/h2>\n<p>Nagelmackers Bank<br \/>\n<a href=\"http:\/\/yogakitchen.be\/fr\/wp-content\/uploads\/sites\/3\/2016\/09\/Nagelmackers_01.jpg\"><img loading=\"lazy\" decoding=\"async\" class=\" size-medium wp-image-13664 alignnone\" src=\"http:\/\/yogakitchen.be\/fr\/wp-content\/uploads\/sites\/3\/2016\/09\/Nagelmackers_01-300x40.jpg\" alt=\"nagelmackers_01\" width=\"300\" height=\"40\" srcset=\"https:\/\/yogakitchen.be\/fr\/wp-content\/uploads\/sites\/3\/2016\/09\/Nagelmackers_01-300x40.jpg 300w, https:\/\/yogakitchen.be\/fr\/wp-content\/uploads\/sites\/3\/2016\/09\/Nagelmackers_01.jpg 979w\" sizes=\"auto, (max-width: 300px) 100vw, 300px\" \/><\/a><br \/>\nSony Pictures Releasing<br \/>\n<a href=\"http:\/\/yogakitchen.be\/fr\/wp-content\/uploads\/sites\/3\/2016\/09\/Sony_Pictures_01.jpg\"><img loading=\"lazy\" decoding=\"async\" class=\" size-medium wp-image-13665 alignnone\" src=\"http:\/\/yogakitchen.be\/fr\/wp-content\/uploads\/sites\/3\/2016\/09\/Sony_Pictures_01-177x300.jpg\" alt=\"Logo de Sony Pictures Releasing\" width=\"177\" height=\"300\" srcset=\"https:\/\/yogakitchen.be\/fr\/wp-content\/uploads\/sites\/3\/2016\/09\/Sony_Pictures_01-177x300.jpg 177w, https:\/\/yogakitchen.be\/fr\/wp-content\/uploads\/sites\/3\/2016\/09\/Sony_Pictures_01.jpg 272w\" sizes=\"auto, (max-width: 177px) 100vw, 177px\" \/><\/a><\/p>\n","protected":false},"excerpt":{"rendered":"<p>Des cours de yoga au travail: un excellent choix J\u2019ai une question concernant les cours de yoga au travail Vous souhaitez obtenir plus d&rsquo;informations sur les cours de yoga en entreprise ? Vous voulez savoir quelles sont les possibilit\u00e9s et les conditions pour organiser des cours de yoga dans votre entreprise ? Ou avez-vous d&rsquo;autres &hellip; <a href=\"https:\/\/yogakitchen.be\/fr\/cours-de-yoga\/le-yoga-au-travail\/\" class=\"more-link\">Continuer la lecture de <span class=\"screen-reader-text\">Le Yoga au travail<\/span> <span class=\"meta-nav\">&rarr;<\/span><\/a><\/p>\n","protected":false},"author":1,"featured_media":17958,"parent":31,"menu_order":0,"comment_status":"closed","ping_status":"closed","template":"","meta":{"footnotes":""},"class_list":["post-13662","page","type-page","status-publish","has-post-thumbnail","hentry"],"_links":{"self":[{"href":"https:\/\/yogakitchen.be\/fr\/wp-json\/wp\/v2\/pages\/13662","targetHints":{"allow":["GET"]}}],"collection":[{"href":"https:\/\/yogakitchen.be\/fr\/wp-json\/wp\/v2\/pages"}],"about":[{"href":"https:\/\/yogakitchen.be\/fr\/wp-json\/wp\/v2\/types\/page"}],"author":[{"embeddable":true,"href":"https:\/\/yogakitchen.be\/fr\/wp-json\/wp\/v2\/users\/1"}],"replies":[{"embeddable":true,"href":"https:\/\/yogakitchen.be\/fr\/wp-json\/wp\/v2\/comments?post=13662"}],"version-history":[{"count":12,"href":"https:\/\/yogakitchen.be\/fr\/wp-json\/wp\/v2\/pages\/13662\/revisions"}],"predecessor-version":[{"id":20780,"href":"https:\/\/yogakitchen.be\/fr\/wp-json\/wp\/v2\/pages\/13662\/revisions\/20780"}],"up":[{"embeddable":true,"href":"https:\/\/yogakitchen.be\/fr\/wp-json\/wp\/v2\/pages\/31"}],"wp:featuredmedia":[{"embeddable":true,"href":"https:\/\/yogakitchen.be\/fr\/wp-json\/wp\/v2\/media\/17958"}],"wp:attachment":[{"href":"https:\/\/yogakitchen.be\/fr\/wp-json\/wp\/v2\/media?parent=13662"}],"curies":[{"name":"wp","href":"https:\/\/api.w.org\/{rel}","templated":true}]}}