{"id":13828,"date":"2016-12-20T12:10:34","date_gmt":"2016-12-20T12:10:34","guid":{"rendered":"http:\/\/yogakitchen.be\/fr\/?page_id=13828"},"modified":"2019-12-09T14:58:55","modified_gmt":"2019-12-09T14:58:55","slug":"le-yoga-reveil-des-oiseaux","status":"publish","type":"page","link":"https:\/\/yogakitchen.be\/fr\/le-yoga-reveil-des-oiseaux\/","title":{"rendered":"Le Yoga R\u00e9veil des Oiseaux"},"content":{"rendered":"<div id=\"pl-13828\"  class=\"panel-layout\" ><div id=\"pg-13828-0\"  class=\"panel-grid panel-has-style\" ><div class=\"panel-row-style panel-row-style-for-13828-0\" ><div id=\"pgc-13828-0-0\"  class=\"panel-grid-cell\" ><div id=\"panel-13828-0-0-0\" class=\"so-panel widget widget_sow-editor panel-first-child\" data-index=\"0\" ><div\n\t\t\t\n\t\t\tclass=\"so-widget-sow-editor so-widget-sow-editor-base\"\n\t\t\t\n\t\t>\n<div class=\"siteorigin-widget-tinymce textwidget\">\n\t<h3>Les cours de Yoga R\u00e9veil des Oiseaux ne sont plus disponibles.<\/h3>\n<p>Faites \u00e0 pr\u00e9sent votre choix:<\/p>\n<\/div>\n<\/div><\/div><div id=\"panel-13828-0-0-1\" class=\"so-panel widget widget_sow-button\" data-index=\"1\" ><div class=\"panel-widget-style panel-widget-style-for-13828-0-0-1\" ><div\n\t\t\t\n\t\t\tclass=\"so-widget-sow-button so-widget-sow-button-atom-be46a05c3f16-13828\"\n\t\t\t\n\t\t><div class=\"ow-button-base ow-button-align-left\"\n>\n\t\t\t<a\n\t\t\t\t\thref=\"http:\/\/yogakitchen.be\/fr\/cours-de-yoga\/\"\n\t\t\t\t\tclass=\"sowb-button ow-icon-placement-left ow-button-hover\" \t>\n\t\t<span>\n\t\t\t\n\t\t\tOffre Yoga actuelle\t\t<\/span>\n\t\t\t<\/a>\n\t<\/div>\n<\/div><\/div><\/div><div id=\"panel-13828-0-0-2\" class=\"so-panel widget widget_sow-button panel-last-child\" data-index=\"2\" ><div class=\"panel-widget-style panel-widget-style-for-13828-0-0-2\" ><div\n\t\t\t\n\t\t\tclass=\"so-widget-sow-button so-widget-sow-button-atom-d432bd4ae1f0-13828\"\n\t\t\t\n\t\t><div class=\"ow-button-base ow-button-align-left\"\n>\n\t\t\t<a\n\t\t\t\t\thref=\"http:\/\/yogakitchen.be\/fr\/\"\n\t\t\t\t\tclass=\"sowb-button ow-icon-placement-left ow-button-hover\" \t>\n\t\t<span>\n\t\t\t\n\t\t\tVers page d'accueil\t\t<\/span>\n\t\t\t<\/a>\n\t<\/div>\n<\/div><\/div><\/div><\/div><\/div><\/div><\/div>","protected":false},"excerpt":{"rendered":"<p>Les cours de Yoga R\u00e9veil des Oiseaux ne sont plus disponibles. Faites \u00e0 pr\u00e9sent votre choix:<\/p>\n","protected":false},"author":1,"featured_media":0,"parent":0,"menu_order":0,"comment_status":"closed","ping_status":"closed","template":"","meta":{"footnotes":""},"class_list":["post-13828","page","type-page","status-publish","hentry"],"_links":{"self":[{"href":"https:\/\/yogakitchen.be\/fr\/wp-json\/wp\/v2\/pages\/13828","targetHints":{"allow":["GET"]}}],"collection":[{"href":"https:\/\/yogakitchen.be\/fr\/wp-json\/wp\/v2\/pages"}],"about":[{"href":"https:\/\/yogakitchen.be\/fr\/wp-json\/wp\/v2\/types\/page"}],"author":[{"embeddable":true,"href":"https:\/\/yogakitchen.be\/fr\/wp-json\/wp\/v2\/users\/1"}],"replies":[{"embeddable":true,"href":"https:\/\/yogakitchen.be\/fr\/wp-json\/wp\/v2\/comments?post=13828"}],"version-history":[{"count":7,"href":"https:\/\/yogakitchen.be\/fr\/wp-json\/wp\/v2\/pages\/13828\/revisions"}],"predecessor-version":[{"id":15478,"href":"https:\/\/yogakitchen.be\/fr\/wp-json\/wp\/v2\/pages\/13828\/revisions\/15478"}],"wp:attachment":[{"href":"https:\/\/yogakitchen.be\/fr\/wp-json\/wp\/v2\/media?parent=13828"}],"curies":[{"name":"wp","href":"https:\/\/api.w.org\/{rel}","templated":true}]}}