{"id":14310,"date":"2018-01-10T15:00:54","date_gmt":"2018-01-10T15:00:54","guid":{"rendered":"http:\/\/yogakitchen.be\/fr\/?page_id=14310"},"modified":"2018-10-29T12:27:20","modified_gmt":"2018-10-29T12:27:20","slug":"hatha-yoga","status":"publish","type":"page","link":"https:\/\/yogakitchen.be\/fr\/hatha-yoga\/","title":{"rendered":"Hatha Yoga"},"content":{"rendered":"<p>Le <strong>Hatha Yoga<\/strong> est tr\u00e8s probablement la forme de yoga la plus r\u00e9pandue. Au niveau de l&rsquo;intensit\u00e9 il se situe entre le plus dynamique Prana Yoga Flow et le plus statique Yin yoga.<br \/>\n<strong>Ceci est la forme de yoga la plus appropri\u00e9e pour les d\u00e9butants.<\/strong><br \/>\nNous mettons \u00e9galement l&rsquo;accent sur l&rsquo;usage ad\u00e9quat de la respiration. Les mouvements et les postures sont s\u00e9lectionn\u00e9s des plusieurs centaines de postures qui sont d\u00e9crites dans la tradition yogique. Nous restons en g\u00e9n\u00e9ral la dur\u00e9e de 5 \u00e0 7 bonnes et profondes respirations dans chaque posture.<\/p>\n<p>A cause du rhythme d\u00e9tendu de la suite des postures, nous avons la possibilit\u00e9 de nous arr\u00eater un peu plus en d\u00e9tail au niveau de la technique de la posture, afin de rechercher et de trouver l&rsquo;alignement le plus ad\u00e9quat du corps. Sans exag\u00e9rer pourtant, car <strong>nous utilisons les postures comme un outil afin de se retrouver dans le corps, et non pas l&rsquo;inverse<\/strong>.<br \/>\nCette forme de yoga procure un lien intense entre corps et esprit, stimule une attitude de pr\u00e9sence aiguis\u00e9e et une aptitude de concentration plus \u00e9lev\u00e9e. Elle augmente la conscience spatiale du corps et elle am\u00e9liore la capacit\u00e9 de respiration. La souplesse et l&rsquo;agilit\u00e9 se construisent tout au long des cours.<br \/>\nPetit \u00e0 petit, on se reapproprie la ma\u00eetrise du corps.<\/p>\n<table>\n<tbody>\n<tr bgcolor=\"#O5C2DE\">\n<th scope=\"col\"><strong>Type de cours<\/strong><\/th>\n<th scope=\"col\">Dur\u00e9e<\/th>\n<th scope=\"col\">Yin\/Yang<\/th>\n<th scope=\"col\">Rythme<\/th>\n<th scope=\"col\">Effet<\/th>\n<\/tr>\n<tr>\n<td>Hatha Yoga<\/td>\n<td>60 min<\/td>\n<td>Yin &amp;Yang<\/td>\n<td>Lent, statique\/dynamique<\/td>\n<td>Neutre, renfor\u00e7ant<\/td>\n<\/tr>\n<\/tbody>\n<\/table>\n<div class=\"yk-yogalessen\">\n<div class=\"yk-yogalestypesmall\">\n<h4>Hatha Yoga\u00a0\u00e0 Schaerbeek<\/h4>\n<p>Cours collectifs<br \/>\n<strong>Mardi soir<\/strong>\u00a0de 19h00 \u00e0 20h00<\/p>\n<\/div>\n<p><a href=\"http:\/\/yogakitchen.be\/fr\/wp-content\/uploads\/sites\/3\/2018\/01\/2018HathaYoga_01.jpg\"><img loading=\"lazy\" decoding=\"async\" class=\"alignnone size-large wp-image-14358\" src=\"http:\/\/yogakitchen.be\/fr\/wp-content\/uploads\/sites\/3\/2018\/01\/2018HathaYoga_01-1024x339.jpg\" alt=\"Photo de postures Hatha Yoga\" width=\"604\" height=\"200\" srcset=\"https:\/\/yogakitchen.be\/fr\/wp-content\/uploads\/sites\/3\/2018\/01\/2018HathaYoga_01-1024x339.jpg 1024w, https:\/\/yogakitchen.be\/fr\/wp-content\/uploads\/sites\/3\/2018\/01\/2018HathaYoga_01-300x99.jpg 300w, https:\/\/yogakitchen.be\/fr\/wp-content\/uploads\/sites\/3\/2018\/01\/2018HathaYoga_01.jpg 1358w\" sizes=\"auto, (max-width: 604px) 100vw, 604px\" \/><\/a><\/p>\n<h3>Prochain cours de Hatha Yoga<\/h3>\n<p><strong>Cliquez sur les liens bleues pour acc\u00e9der aux informations d\u00e9taill\u00e9es et pour voir le lieu.<\/strong><\/p>\n<div class=\"yk-inline-kalender\"><div class=\"em em-view-container\" id=\"em-view-1467850604\" data-view=\"list-grouped\">\r\n\t<div class=\"em-list em-events-list em-events-list-grouped\" id=\"em-events-list-grouped-1467850604\">\r\n\tPas de \u00c9v\u00e8nements\t<\/div>\r\n<\/div><\/div>\n<p><a class=\"yk-prijzen_btn\" title=\"Nos Prix\" href=\"http:\/\/yogakitchen.be\/fr\/nos-prix\/\">Nos prix<\/a><\/p>\n<p>Physiquement parlant, la pratique du Hatha Yoga vous rendra plus flexible, et \u00e9galement plus puissant. Vos muscles seront stimul\u00e9s \u00e0 se d\u00e9velopper de mani\u00e8re longitudinale, et ils mettent en oeuvre une force \u00e9gale le long tous les cot\u00e9s du corps et des membres, ce qui favorise l&rsquo;\u00e9quilibre et la sant\u00e9 de vos articulations. Vous apprenez \u00e0 \u00eatre debout de mani\u00e8re plus solide et consciente, et vous apprenez \u00e0 travailler votre respiration avec une conscience aiguis\u00e9e.<br \/>\n<strong>Apr\u00e8s un cours de Hatha Yoga vous vous sentez d\u00e9tendu(e) et terriblement bien ancr\u00e9(e) dans votre corps physique, et votre mental est recentr\u00e9 sur vous-m\u00eame<\/strong>.<\/p>\n<h4>Structure du cours<\/h4>\n<p>Nous commen\u00e7ons par un simple exercice de respiration, pour en devenir plus conscient(e)s.<br \/>\nPuis, nous activons <strong>la respiration ujjayi<\/strong>.<br \/>\nEnsuite, nous passons par une s\u00e9rie vari\u00e9e de postures.<br \/>\nParmi les postures et movements du Hatha Yoga, <strong>les six fonctions les plus importantes du yoga physique<\/strong> passent toutes la revue. L&rsquo;outil pour nourrir et renforcer ces fonctions, c&rsquo;est <strong>la posture de yoga ou asana<\/strong>.<\/p>\n<p>Ainsi, la s\u00e9rie est faite de postures debout, assises, allong\u00e9es et invers\u00e9es. Certains <strong>outils<\/strong> tels des chaises, des blocs ou des sangles sont utilis\u00e9s pour soutenir notre pratique et pour adapter les postures aux physiques et aux capacit\u00e9s individuels. Nous pratiquons <strong>la respiration ujjayi<\/strong> tout au long du cours.<br \/>\nNous pratiquons parfois les yeux ferm\u00e9s.<br \/>\nNous cl\u00f4turons avec un bref instant de m\u00e9ditation et une relaxation profonde allong\u00e9s sur le dos.<\/p>\n<p>Un cours de Hatha yoga dure une heure.<\/p>\n<\/div>\n","protected":false},"excerpt":{"rendered":"<p>Le Hatha Yoga est tr\u00e8s probablement la forme de yoga la plus r\u00e9pandue. Au niveau de l&rsquo;intensit\u00e9 il se situe entre le plus dynamique Prana Yoga Flow et le plus statique Yin yoga. Ceci est la forme de yoga la plus appropri\u00e9e pour les d\u00e9butants. Nous mettons \u00e9galement l&rsquo;accent sur l&rsquo;usage ad\u00e9quat de la respiration. &hellip; <a href=\"https:\/\/yogakitchen.be\/fr\/hatha-yoga\/\" class=\"more-link\">Continuer la lecture de <span class=\"screen-reader-text\">Hatha Yoga<\/span> <span class=\"meta-nav\">&rarr;<\/span><\/a><\/p>\n","protected":false},"author":1,"featured_media":0,"parent":0,"menu_order":0,"comment_status":"closed","ping_status":"closed","template":"","meta":{"footnotes":""},"class_list":["post-14310","page","type-page","status-publish","hentry"],"_links":{"self":[{"href":"https:\/\/yogakitchen.be\/fr\/wp-json\/wp\/v2\/pages\/14310","targetHints":{"allow":["GET"]}}],"collection":[{"href":"https:\/\/yogakitchen.be\/fr\/wp-json\/wp\/v2\/pages"}],"about":[{"href":"https:\/\/yogakitchen.be\/fr\/wp-json\/wp\/v2\/types\/page"}],"author":[{"embeddable":true,"href":"https:\/\/yogakitchen.be\/fr\/wp-json\/wp\/v2\/users\/1"}],"replies":[{"embeddable":true,"href":"https:\/\/yogakitchen.be\/fr\/wp-json\/wp\/v2\/comments?post=14310"}],"version-history":[{"count":7,"href":"https:\/\/yogakitchen.be\/fr\/wp-json\/wp\/v2\/pages\/14310\/revisions"}],"predecessor-version":[{"id":15016,"href":"https:\/\/yogakitchen.be\/fr\/wp-json\/wp\/v2\/pages\/14310\/revisions\/15016"}],"wp:attachment":[{"href":"https:\/\/yogakitchen.be\/fr\/wp-json\/wp\/v2\/media?parent=14310"}],"curies":[{"name":"wp","href":"https:\/\/api.w.org\/{rel}","templated":true}]}}