{"id":15078,"date":"2019-01-03T20:49:34","date_gmt":"2019-01-03T20:49:34","guid":{"rendered":"http:\/\/yogakitchen.be\/fr\/?page_id=15078"},"modified":"2024-02-14T17:06:25","modified_gmt":"2024-02-14T16:06:25","slug":"descriptif-du-lieu","status":"publish","type":"page","link":"https:\/\/yogakitchen.be\/fr\/a-propos\/descriptif-du-lieu\/","title":{"rendered":"Descriptif du lieu"},"content":{"rendered":"<h1>Yoga Kitchen &#8211; Le Studio<\/h1>\n<p>Lisez la description apr\u00e8s les photos.<br \/>\n<a href=\"https:\/\/yogakitchen.be\/fr\/wp-content\/uploads\/sites\/3\/2024\/02\/2024YangStudio_1024_576.jpg\"><img loading=\"lazy\" decoding=\"async\" src=\"https:\/\/yogakitchen.be\/fr\/wp-content\/uploads\/sites\/3\/2024\/02\/2024YangStudio_1024_576.jpg\" alt=\"Photo de la salle Yang du studio de yoga\" width=\"1024\" height=\"576\" class=\"aligncenter size-full wp-image-19131\" srcset=\"https:\/\/yogakitchen.be\/fr\/wp-content\/uploads\/sites\/3\/2024\/02\/2024YangStudio_1024_576.jpg 1024w, https:\/\/yogakitchen.be\/fr\/wp-content\/uploads\/sites\/3\/2024\/02\/2024YangStudio_1024_576-300x169.jpg 300w, https:\/\/yogakitchen.be\/fr\/wp-content\/uploads\/sites\/3\/2024\/02\/2024YangStudio_1024_576-768x432.jpg 768w\" sizes=\"auto, (max-width: 1024px) 100vw, 1024px\" \/><\/a><br \/>\n<a href=\"https:\/\/yogakitchen.be\/fr\/wp-content\/uploads\/sites\/3\/2024\/02\/2024YangStudioWS_1024_576.jpg\"><img loading=\"lazy\" decoding=\"async\" src=\"https:\/\/yogakitchen.be\/fr\/wp-content\/uploads\/sites\/3\/2024\/02\/2024YangStudioWS_1024_576.jpg\" alt=\"Photo de la salle yan du stusio pendant un atelier\" width=\"1024\" height=\"576\" class=\"aligncenter size-full wp-image-19132\" srcset=\"https:\/\/yogakitchen.be\/fr\/wp-content\/uploads\/sites\/3\/2024\/02\/2024YangStudioWS_1024_576.jpg 1024w, https:\/\/yogakitchen.be\/fr\/wp-content\/uploads\/sites\/3\/2024\/02\/2024YangStudioWS_1024_576-300x169.jpg 300w, https:\/\/yogakitchen.be\/fr\/wp-content\/uploads\/sites\/3\/2024\/02\/2024YangStudioWS_1024_576-768x432.jpg 768w\" sizes=\"auto, (max-width: 1024px) 100vw, 1024px\" \/><\/a><br \/>\n<a href=\"https:\/\/yogakitchen.be\/fr\/wp-content\/uploads\/sites\/3\/2024\/02\/2024YinStudio_1024_576.jpg\"><img loading=\"lazy\" decoding=\"async\" src=\"https:\/\/yogakitchen.be\/fr\/wp-content\/uploads\/sites\/3\/2024\/02\/2024YinStudio_1024_576.jpg\" alt=\"Photo de la salle yin du stusio de yoga\" width=\"1024\" height=\"576\" class=\"aligncenter size-full wp-image-19133\" srcset=\"https:\/\/yogakitchen.be\/fr\/wp-content\/uploads\/sites\/3\/2024\/02\/2024YinStudio_1024_576.jpg 1024w, https:\/\/yogakitchen.be\/fr\/wp-content\/uploads\/sites\/3\/2024\/02\/2024YinStudio_1024_576-300x169.jpg 300w, https:\/\/yogakitchen.be\/fr\/wp-content\/uploads\/sites\/3\/2024\/02\/2024YinStudio_1024_576-768x432.jpg 768w\" sizes=\"auto, (max-width: 1024px) 100vw, 1024px\" \/><\/a><br \/>\n<a href=\"https:\/\/yogakitchen.be\/fr\/wp-content\/uploads\/sites\/3\/2024\/02\/2024YinStudioWS_1024_576.jpg\"><img loading=\"lazy\" decoding=\"async\" src=\"https:\/\/yogakitchen.be\/fr\/wp-content\/uploads\/sites\/3\/2024\/02\/2024YinStudioWS_1024_576.jpg\" alt=\"Photo de la salle yin du studio pendant un atelier\" width=\"1024\" height=\"576\" class=\"aligncenter size-full wp-image-19134\" srcset=\"https:\/\/yogakitchen.be\/fr\/wp-content\/uploads\/sites\/3\/2024\/02\/2024YinStudioWS_1024_576.jpg 1024w, https:\/\/yogakitchen.be\/fr\/wp-content\/uploads\/sites\/3\/2024\/02\/2024YinStudioWS_1024_576-300x169.jpg 300w, https:\/\/yogakitchen.be\/fr\/wp-content\/uploads\/sites\/3\/2024\/02\/2024YinStudioWS_1024_576-768x432.jpg 768w\" sizes=\"auto, (max-width: 1024px) 100vw, 1024px\" \/><\/a><\/p>\n<h2>O\u00f9 trouver Yoga Kitchen?<\/h2>\n<p>Le studio de <strong>Yoga Kitchen<\/strong> se trouve \u00e0 42 rue De Locht, \u00e0 1030 Schaerbeek au rez de chauss\u00e9e.<br \/>\nCe lieu unique et convivial dans une ancienne maison-ma\u00eetre dispose d&rsquo;un espace modulaire sur trois chambres.<br \/>\nLes <strong>cours de yoga<\/strong> peuvent accueillir un maximum de huit \u00e0 dix participant(e)s.<br \/>\nA part \u00e7a, l&rsquo;espace se transforme en un tour de main en:<\/p>\n<ul>\n<li><strong>une cuisine p\u00e9dagogique<\/strong> pour 6 \u00e0 8 participant(e)s<\/li>\n<li><strong>une salle de consultation individuelle<\/strong> pour le massage et le yoga<\/li>\n<\/ul>\n<p><a href=\"http:\/\/yogakitchen.be\/fr\/wp-content\/uploads\/sites\/3\/2018\/01\/2018Map.jpg\"><img loading=\"lazy\" decoding=\"async\" class=\"aligncenter size-large wp-image-15015\" src=\"http:\/\/yogakitchen.be\/fr\/wp-content\/uploads\/sites\/3\/2018\/01\/2018Map-1024x475.jpg\" alt=\"Carte du lieu\" width=\"604\" height=\"280\" srcset=\"https:\/\/yogakitchen.be\/fr\/wp-content\/uploads\/sites\/3\/2018\/01\/2018Map-1024x475.jpg 1024w, https:\/\/yogakitchen.be\/fr\/wp-content\/uploads\/sites\/3\/2018\/01\/2018Map-300x139.jpg 300w, https:\/\/yogakitchen.be\/fr\/wp-content\/uploads\/sites\/3\/2018\/01\/2018Map-768x356.jpg 768w, https:\/\/yogakitchen.be\/fr\/wp-content\/uploads\/sites\/3\/2018\/01\/2018Map.jpg 1028w\" sizes=\"auto, (max-width: 604px) 100vw, 604px\" \/><\/a><\/p>\n<h2>Comment se rendre \u00e0 Yoga Kitchen ?<\/h2>\n<p>Se garer en voiture peut \u00eatre difficile dans ce quartier.<br \/>\nC&rsquo;est pourquoi il est plut\u00f4t pr\u00e9f\u00e9rable de venir \u00e0 pied, en v\u00e9lo ou par les transports en commun.<br \/>\nCar Yoga Kitchen est facilement accessible par les transports en commun !<br \/>\nVoici:<\/p>\n<ul>\n<li>Tram STIB: Trams 25, 55, 62, 93, 94 arr\u00eat <strong>Liedts<\/strong>, Tram 92 arr\u00eat <strong>Saint-Servais<\/strong>.<\/li>\n<li>Bus De Lijn: Bus 270, 272 arr\u00eat <strong>Lehon<\/strong>.<\/li>\n<li>Villo! stations de v\u00e9lo: <strong>place Liedts<\/strong> (139) et <strong>chauss\u00e9e de Haecht<\/strong> (147)<\/li>\n<li>Train: la <strong>gare du Nord<\/strong> est \u00e0 proximit\u00e9, ca 7 min \u00e0 pied jusqu&rsquo;au studio.<\/li>\n<\/ul>\n<p>Si vous venez quand-m\u00eame en voiture, <strong>SVP pr\u00e9voyez du temps<\/strong> pour trouver une place de parking. Vous avez encore le plus de chances du cot\u00e9 de l&rsquo;avenue Louis Bertrand, en direction du Parc Josaphat. <strong>Depuis peu, un parking \u00e0 proximit\u00e9 est disponible entre la rue de Brabant et la Rue d&rsquo;Aerschot, du cot\u00e9 de la gare du Nord.<\/strong><\/p>\n<div class=\"yk-hoebetalen\">\n<h2>Vous souhaitez r\u00e9server un de nos cours?<\/h2>\n<p>Regardez notre offre et r\u00e9servez via les liens ci-dessous:<\/p>\n<p style=\"text-align: center;\"><a class=\"yk-red_btn\" title=\"R\u00e9servez un cours\" href=\"https:\/\/yogakitchen.be\/fr\/calendrier\/\">R\u00e9servez un cours<\/a><\/p>\n<p style=\"text-align: center;\"><a class=\"yk-blue_btn\" title=\"Cours de Yoga\" href=\"https:\/\/yogakitchen.be\/fr\/cours-de-yoga\/\">Regardez l\u2019offre<\/a><\/p>\n","protected":false},"excerpt":{"rendered":"<p>Yoga Kitchen &#8211; Le Studio Lisez la description apr\u00e8s les photos. O\u00f9 trouver Yoga Kitchen? Le studio de Yoga Kitchen se trouve \u00e0 42 rue De Locht, \u00e0 1030 Schaerbeek au rez de chauss\u00e9e. Ce lieu unique et convivial dans une ancienne maison-ma\u00eetre dispose d&rsquo;un espace modulaire sur trois chambres. Les cours de yoga peuvent &hellip; <a href=\"https:\/\/yogakitchen.be\/fr\/a-propos\/descriptif-du-lieu\/\" class=\"more-link\">Continuer la lecture de <span class=\"screen-reader-text\">Descriptif du lieu<\/span> <span class=\"meta-nav\">&rarr;<\/span><\/a><\/p>\n","protected":false},"author":1,"featured_media":17547,"parent":11,"menu_order":0,"comment_status":"closed","ping_status":"closed","template":"","meta":{"footnotes":""},"class_list":["post-15078","page","type-page","status-publish","has-post-thumbnail","hentry"],"_links":{"self":[{"href":"https:\/\/yogakitchen.be\/fr\/wp-json\/wp\/v2\/pages\/15078","targetHints":{"allow":["GET"]}}],"collection":[{"href":"https:\/\/yogakitchen.be\/fr\/wp-json\/wp\/v2\/pages"}],"about":[{"href":"https:\/\/yogakitchen.be\/fr\/wp-json\/wp\/v2\/types\/page"}],"author":[{"embeddable":true,"href":"https:\/\/yogakitchen.be\/fr\/wp-json\/wp\/v2\/users\/1"}],"replies":[{"embeddable":true,"href":"https:\/\/yogakitchen.be\/fr\/wp-json\/wp\/v2\/comments?post=15078"}],"version-history":[{"count":10,"href":"https:\/\/yogakitchen.be\/fr\/wp-json\/wp\/v2\/pages\/15078\/revisions"}],"predecessor-version":[{"id":19135,"href":"https:\/\/yogakitchen.be\/fr\/wp-json\/wp\/v2\/pages\/15078\/revisions\/19135"}],"up":[{"embeddable":true,"href":"https:\/\/yogakitchen.be\/fr\/wp-json\/wp\/v2\/pages\/11"}],"wp:featuredmedia":[{"embeddable":true,"href":"https:\/\/yogakitchen.be\/fr\/wp-json\/wp\/v2\/media\/17547"}],"wp:attachment":[{"href":"https:\/\/yogakitchen.be\/fr\/wp-json\/wp\/v2\/media?parent=15078"}],"curies":[{"name":"wp","href":"https:\/\/api.w.org\/{rel}","templated":true}]}}