{"id":15349,"date":"2019-07-24T15:29:00","date_gmt":"2019-07-24T15:29:00","guid":{"rendered":"http:\/\/yogakitchen.be\/fr\/?page_id=15349"},"modified":"2023-07-28T16:57:56","modified_gmt":"2023-07-28T14:57:56","slug":"securite-des-donnees","status":"publish","type":"page","link":"https:\/\/yogakitchen.be\/fr\/a-propos\/securite-des-donnees\/","title":{"rendered":"S\u00e9curit\u00e9 des donn\u00e9es"},"content":{"rendered":"<h1>Yoga Kitchen et la protection de vos donn\u00e9es<\/h1>\n<h2>Vos donn\u00e9es sont en s\u00e9curit\u00e9 chez nous<\/h2>\n<p>Nous mettons tout en \u0153uvre afin de traiter vos donn\u00e9es correctement et en toute s\u00e9curit\u00e9 suivant les directives concernant la protection de la vie priv\u00e9e en vigueur de l&rsquo;Union Europ\u00e9enne (GDPR).<\/p>\n<ol>\n<li>Au moment de votre inscription nous utiliserons en principe que trois donn\u00e9es de votre part: votre pr\u00e9nom, votre nom de famille et votre adresse e-mail. Ces donn\u00e9es nous permettent de correctement g\u00e9rer votre carte de cours ou abonnement et vous tenir au courant par e-mail concernant les cours et les \u00e9v\u00e8nements auxquels vous vous \u00eates inscrits.<\/li>\n<li>Quand vous vous vous inscrivez \u00e0 la lettre d&rsquo;information (Newsletter), vous en recevrez au maximum 4 par an. Vous pouvez choisir \u00e0 ce moment-l\u00e0 les types d&rsquo;information que vous d\u00e9sirez recevoir de la part de Yoga Kitchen. A chaque r\u00e9ception d&rsquo;une lettre d&rsquo;information, vous pouvez \u00e0 tout moment vous d\u00e9sinscrire moyennant le lien informatique pr\u00e9vu en bas de la lettre d&rsquo;information.<\/li>\n<li>Vous pouvez \u00e0 tout moment demander d&rsquo;\u00eatre d\u00e9finitivement enlev\u00e9 de notre base de donn\u00e9es. a ce but, vous pouvez nous envoyer un courrier \u00e9lectronique \u00e0 l&rsquo;adresse <strong>info@yogakitchen.be<\/strong>, ou nous envoyer un courrier postal \u00e0 l&rsquo;adresse suivante: <strong>Yoga Kitchen, 42, rue De Locht, 1030 Schaerbeek.<\/strong><\/li>\n<li>Les donn\u00e9es que vous nous avez confi\u00e9 ne sont en aucun cas partag\u00e9es, transmises ou vendues \u00e0 des tiers, sans que vous ayez donn\u00e9 votre authorisation par \u00e9crit au pr\u00e9alable.<\/li>\n<\/ol>\n","protected":false},"excerpt":{"rendered":"<p>Yoga Kitchen et la protection de vos donn\u00e9es Vos donn\u00e9es sont en s\u00e9curit\u00e9 chez nous Nous mettons tout en \u0153uvre afin de traiter vos donn\u00e9es correctement et en toute s\u00e9curit\u00e9 suivant les directives concernant la protection de la vie priv\u00e9e en vigueur de l&rsquo;Union Europ\u00e9enne (GDPR). Au moment de votre inscription nous utiliserons en principe &hellip; <a href=\"https:\/\/yogakitchen.be\/fr\/a-propos\/securite-des-donnees\/\" class=\"more-link\">Continuer la lecture de <span class=\"screen-reader-text\">S\u00e9curit\u00e9 des donn\u00e9es<\/span> <span class=\"meta-nav\">&rarr;<\/span><\/a><\/p>\n","protected":false},"author":1,"featured_media":0,"parent":11,"menu_order":0,"comment_status":"closed","ping_status":"closed","template":"","meta":{"footnotes":""},"class_list":["post-15349","page","type-page","status-publish","hentry"],"_links":{"self":[{"href":"https:\/\/yogakitchen.be\/fr\/wp-json\/wp\/v2\/pages\/15349","targetHints":{"allow":["GET"]}}],"collection":[{"href":"https:\/\/yogakitchen.be\/fr\/wp-json\/wp\/v2\/pages"}],"about":[{"href":"https:\/\/yogakitchen.be\/fr\/wp-json\/wp\/v2\/types\/page"}],"author":[{"embeddable":true,"href":"https:\/\/yogakitchen.be\/fr\/wp-json\/wp\/v2\/users\/1"}],"replies":[{"embeddable":true,"href":"https:\/\/yogakitchen.be\/fr\/wp-json\/wp\/v2\/comments?post=15349"}],"version-history":[{"count":2,"href":"https:\/\/yogakitchen.be\/fr\/wp-json\/wp\/v2\/pages\/15349\/revisions"}],"predecessor-version":[{"id":18613,"href":"https:\/\/yogakitchen.be\/fr\/wp-json\/wp\/v2\/pages\/15349\/revisions\/18613"}],"up":[{"embeddable":true,"href":"https:\/\/yogakitchen.be\/fr\/wp-json\/wp\/v2\/pages\/11"}],"wp:attachment":[{"href":"https:\/\/yogakitchen.be\/fr\/wp-json\/wp\/v2\/media?parent=15349"}],"curies":[{"name":"wp","href":"https:\/\/api.w.org\/{rel}","templated":true}]}}