{"id":15353,"date":"2019-08-02T16:36:46","date_gmt":"2019-08-02T16:36:46","guid":{"rendered":"http:\/\/yogakitchen.be\/fr\/?page_id=15353"},"modified":"2025-03-04T11:21:19","modified_gmt":"2025-03-04T10:21:19","slug":"conditions-generales","status":"publish","type":"page","link":"https:\/\/yogakitchen.be\/fr\/a-propos\/conditions-generales\/","title":{"rendered":"Conditions g\u00e9n\u00e9rales"},"content":{"rendered":"<h1>Voici les r\u00e8gles du jeu<\/h1>\n<h2>1. Instructions et informations pendant les activit\u00e9s de yoga<\/h2>\n<h3>1.1. Cours collectifs de yoga<\/h3>\n<p>La pratique du yoga entra\u00eene un meilleur bien-\u00eatre physique, \u00e9nerg\u00e9tique et mental du pratiquant.<br \/>\nLes instructions donn\u00e9es pendant les cours de yoga sont destin\u00e9es \u00e0 am\u00e9liorer le bien-\u00eatre g\u00e9n\u00e9ral du participant. Toutefois, il ne s&rsquo;agit pas d&rsquo;informations m\u00e9dicales et ne remplace en aucun cas un traitement ou un diagnostic m\u00e9dical.<br \/>\nCela a trois cons\u00e9quences importantes :<\/p>\n<ul>\n<li>Si l&rsquo;on doute que la pratique du yoga soit adapt\u00e9e \u00e0 sa situation personnelle, nous recommandons de contacter son m\u00e9decin g\u00e9n\u00e9raliste pour obtenir des conseils.<\/li>\n<li>Yoga Kitchen n&rsquo;est en aucun cas responsable de la non-application ou de l&rsquo;application incorrecte des informations donn\u00e9es pendant la pratique du yoga.<\/li>\n<li>Le participant aux activit\u00e9s de yoga doit communiquer \u00e0 l&rsquo;enseignant, avant le d\u00e9but de l&rsquo;activit\u00e9, toute information pertinente de nature physique, m\u00e9dicale ou psychologique qui n\u00e9cessite une prudence ou des pr\u00e9cautions particuli\u00e8res, afin de lui permettre de r\u00e9agir de mani\u00e8re appropri\u00e9e.<\/li>\n<\/ul>\n<h3>1.2. Consultation priv\u00e9e de yoga<\/h3>\n<p>Dans le cadre de la consultation priv\u00e9e de yoga, le participant remplit un formulaire d&rsquo;accueil \u00e0 l&rsquo;occasion de la premi\u00e8re consultation priv\u00e9e. Cela permet au coach d&rsquo;adapter au mieux la s\u00e9ance de yoga individuelle au participant.<br \/>\nApr\u00e8s la consultation, le participant re\u00e7oit une s\u00e9rie d&rsquo;exercices \u00e9crits \u00e0 pratiquer chez lui.<br \/>\nYoga Kitchen n&rsquo;est en aucun cas responsable de la non application ou de la mauvaise application des informations communiqu\u00e9es ou de la s\u00e9rie d&rsquo;exercices individuels donn\u00e9s pour la pratique \u00e0 domicile apr\u00e8s une consultation individuelle de yoga.<\/p>\n<h2>2. Instructions et informations pendant les activit\u00e9s de massage<\/h2>\n<p>Les massages relaxants propos\u00e9s par Yoga Kitchen sont destin\u00e9s \u00e0 am\u00e9liorer le bien-\u00eatre g\u00e9n\u00e9ral de la personne mass\u00e9e (le receveur), avec pour objectif la relaxation et la r\u00e9duction des tensions musculaires. Ils ne remplacent pas un examen m\u00e9dical, un traitement m\u00e9dical ou un diagnostic. Avant un premier traitement de massage, le participant remplit un formulaire d&rsquo;accueil qui permet au masseur d&rsquo;adapter au mieux le traitement au participant. En signant ce formulaire, les client.e.s mass\u00e9.e.s d\u00e9clarent avoir compris toutes les questions et les avoir remplies de mani\u00e8re v\u00e9ridique. En cas de traitements r\u00e9p\u00e9t\u00e9s, ils informeront imm\u00e9diatement le massoth\u00e9rapeute de tout changement interm\u00e9diaire.<br \/>\nLes clients trait\u00e9s sont tenus d&rsquo;informer imm\u00e9diatement le massoth\u00e9rapeute s&rsquo;ils ressentent une douleur ou un inconfort pendant le traitement de massage.<\/p>\n<h2>3. Prix et conditions des cartes \u00e0 sessions multiples<\/h2>\n<p>Les prix applicables aux cours, ateliers et autres activit\u00e9s sont indiqu\u00e9s sur la page \u00ab\u00a0Prix\u00a0\u00bb du site web.<br \/>\nLes cours peuvent \u00eatre suivis de mani\u00e8re singuli\u00e8re. Qui veut revenir est libre de :<\/p>\n<ul>\n<li>soit continuer \u00e0 payer par cours singulier<\/li>\n<li>soit prendre une carte pour 5 ou 10 s\u00e9ances \u00e0 un tarif r\u00e9duit<\/li>\n<\/ul>\n<p>La validit\u00e9 d&rsquo;une carte \u00e0 sessions multiples <strong>reste valable pendant 4 mois \u00e0 compter de la date d&rsquo;achat.<\/strong> Une interruption ou une suspension des cours ou des ateliers de Yoga Kitchen pour cause de vacances ou pour toute autre raison, prolonge la validit\u00e9 des cartes en cours de validit\u00e9 d&rsquo;une p\u00e9riode correspondante \u00e0 la dur\u00e9e de l\u2019interruption.<br \/>\nUne carte \u00e0 sessions multiples <strong>est strictement personnelle.<\/strong><br \/>\nLe titulaire d&rsquo;une carte \u00e0 sessions multiples peut, <strong>sous r\u00e9serve d&rsquo;un accord pr\u00e9alable avec l\u2019instructeur,<\/strong> inviter exceptionnellement un.e invit\u00e9.e \u00e0 suivre un cours. Ce cours sera alors comptabilis\u00e9e sur la carte \u00e0 multiples sessions du titulaire.<\/p>\n<p>Le remboursement par Yoga Kitchen des cartes de cours achet\u00e9es n&rsquo;est pas possible.<br \/>\nCeux qui poss\u00e8dent encore une carte de cours valide mais qui ne peuvent plus prendre de cours pendant la dur\u00e9e de validit\u00e9 de la carte peuvent, <strong>sous r\u00e9serve d&rsquo;un accord pr\u00e9alable<\/strong> exceptionnellement la vendre ou la transmettre \u00e0 une tierce personne qui pourra utiliser la carte jusqu&rsquo;\u00e0 la date d&rsquo;expiration. Dans ce cas, la carte sera \u00e9mise au nom du nouvel utilisateur.<\/p>\n<h2>4. Les conditions de r\u00e9servation et d&rsquo;annulation des cours collectifs, des s\u00e9ances de yoga priv\u00e9es, des massages, des ateliers et des autres activit\u00e9s annonc\u00e9es \u00e0 l&rsquo;avance.<\/h2>\n<h3>4.1. R\u00e9servations<\/h3>\n<p>Lors de la r\u00e9servation d&rsquo;un cours collectif, d&rsquo;un atelier, d&rsquo;activit\u00e9s pr\u00e9annonc\u00e9es, d&rsquo;une s\u00e9ance de yoga priv\u00e9e ou d&rsquo;un traitement de massage, un paiement anticip\u00e9 est requis pour assurer le bon fonctionnement de l&rsquo;entreprise.<\/p>\n<h4>4.1.1. Cours collectifs de yoga de groupe en pr\u00e9sentiel au studio<\/h4>\n<p>L\u2019aspirant participant \u00e0 un cours collectif en pr\u00e9sentiel r\u00e9serve le cours en envoyant un courriel \u00e0 partir du formulaire de r\u00e9servation de la page de l&rsquo;\u00e9v\u00e9nement sur le site web.<br \/>\nSi une place est disponible, elle sera temporairement r\u00e9serv\u00e9e au nom du futur participant et il en sera inform\u00e9 par e-mail.<br \/>\nLe futur participant au cours collectif en pr\u00e9sentiel paie alors les frais de cours \u00e0 l&rsquo;avance. Cela peut \u00eatre fait :<\/p>\n<ul>\n<li>soit via le bouton de paiement et la page de paiement sur le site web<\/li>\n<li>soit par virement bancaire au num\u00e9ro de compte <strong>IBAN BE76 0635 4774 5695<\/strong> de Peter Verhaegen \u2013 Yoga Kitchen, rue De Locht 42, \u00e0 1030 Schaerbeek, en mentionnant la date du cours.<\/li>\n<\/ul>\n<p>Si le participant poss\u00e8de une carte \u00e0 multiples sessions existante, pay\u00e9e et active, celle-ci couvrira le paiement du cours.<br \/>\nD\u00e8s r\u00e9ception du paiement, la place au studio est d\u00e9finitivement r\u00e9serv\u00e9e au participant et la participation est garantie.<\/p>\n<h4>4.1.2. Cours de yoga collectif en ligne en direct<\/h4>\n<p>L\u2019aspirant participant \u00e0 un cours collectif en ligne r\u00e9serve le cours en envoyant un e-mail \u00e0 partir du formulaire de r\u00e9servation de la page de l&rsquo;\u00e9v\u00e9nement sur le site web.<br \/>\nL\u2019aspirant participant au cours collectif en ligne en direct paie alors les frais de cours \u00e0 l&rsquo;avance. Cela peut \u00eatre fait :<\/p>\n<ul>\n<li>soit via le bouton de paiement et la page de paiement sur le site web<\/li>\n<li>soit par virement bancaire au num\u00e9ro de compte <strong>IBAN BE76 0635 4774 5695<\/strong> de Peter Verhaegen \u2013 Yoga Kitchen, rue De Locht 42, \u00e0 1030 Schaerbeek, en mentionnant la date du cours.<\/li>\n<\/ul>\n<p>Si le participant poss\u00e8de une carte \u00e0 multiples sessions existante, pay\u00e9e et active, celle-ci couvrira le paiement du cours.<br \/>\n\u00c0 la r\u00e9ception du paiement, le participant recevra <strong>par courriel le lien Zoom qui donne acc\u00e8s au cours en ligne en direct.<\/strong><\/p>\n<h4>4.1.3. S\u00e9ances de yoga priv\u00e9es ou traitements de massage en pr\u00e9sence<\/h4>\n<p><strong>Paiement anticip\u00e9 (acompte) et montant d\u00fb :<\/strong><br \/>\nL&rsquo;acompte s&rsquo;\u00e9l\u00e8ve \u00e0 <strong>20,00\u20ac<\/strong>. L&rsquo;acompte doit \u00eatre transf\u00e9r\u00e9 sur le num\u00e9ro de compte <strong>IBAN BE76 0635 4774 5695<\/strong> de Peter Verhaegen \u2013 Yoga Kitchen, rue De Locht 42, \u00e0 1030 Schaerbeek, en mentionnant la date et la d\u00e9nomination de l\u2019activit\u00e9.<br \/>\nLe client paiera le montant restant avant ou au d\u00e9but de l&rsquo;activit\u00e9.<\/p>\n<h3>4.2. Annulations : <\/h3>\n<h4>4.2.1. Annulation ou non-participation aux <strong>cours collectifs de yoga en pr\u00e9sentiel dans le studio<\/strong><\/h4>\n<h5>En cas de notification pr\u00e9alable d&rsquo;absence<\/h5>\n<p>Si le participant ne peut pas assister au cours de yoga collectif r\u00e9serv\u00e9 et pay\u00e9 \u00e0 l&rsquo;avance en raison de circonstances impr\u00e9vues, il est tenu de nous en informer \u00e0 l&rsquo;avance par SMS ou WhatsApp ou par t\u00e9l\u00e9phone au 0486\/882848, <strong>au plus tard 1 heure avant le d\u00e9but du cours.<\/strong><br \/>\nEn concertation et en fonction des circonstances, il peut \u00eatre d\u00e9cid\u00e9 de reporter la participation \u00e0 une autre date ult\u00e9rieure.<\/p>\n<h5>En cas de non signalement d&rsquo;une absence<\/h5>\n<p>Si le participant, en raison de circonstances impr\u00e9vues, ne peut pas participer au cours de yoga collectif en r\u00e9serv\u00e9 et pay\u00e9 \u00e0 l&rsquo;avance <strong>et ne le signale pas au plus tard 1 heure avant le cours,<\/strong> la r\u00e9servation expire. Les frais de cours pay\u00e9s ne seront pas rembours\u00e9s.<br \/>\nCeci s&rsquo;applique \u00e9galement aux participants qui ont pay\u00e9 leur r\u00e9servation au moyen de leur carte \u00e0 multiples sessions existante et active. Concr\u00e8tement, cela signifie que le cours qu&rsquo;il\/elle a r\u00e9serv\u00e9e sera \u00e9galement comptabilis\u00e9e s&rsquo;il ne signale pas son absence.<\/p>\n<h4>4.2.2. Annulation ou non-participation aux <strong>cours de yoga collectifs en ligne en direct<\/strong><\/h4>\n<h5>En cas de notification pr\u00e9alable d&rsquo;absence<\/h5>\n<p>Si le participant ne peut pas assister \u00e0 un cours de yoga collectif en ligne en direct r\u00e9serv\u00e9 et pay\u00e9 \u00e0 l&rsquo;avance en raison de circonstances, il est tenu de nous en informer \u00e0 l&rsquo;avance par SMS ou WhatsApp ou par t\u00e9l\u00e9phone au 0486\/882848.<br \/>\nEn concertation et selon les circonstances, il peut \u00eatre d\u00e9cid\u00e9 de reporter la participation \u00e0 une autre date ult\u00e9rieure.<\/p>\n<h5>En cas de non signalement d&rsquo;une absence<\/h5>\n<p>Si le participant ne peut pas participer au cours de yoga collectif en ligne en direct r\u00e9serv\u00e9 et pay\u00e9 \u00e0 l&rsquo;avance en raison de circonstances <strong>et ne le signale pas au plus tard 1 heure avant le cours,<\/strong> la r\u00e9servation expire. Les frais de cours pay\u00e9s ne seront pas rembours\u00e9s. Le participant devra effectuer une nouvelle r\u00e9servation et un nouveau paiement lorsqu&rsquo;il\/elle voudra participer \u00e0 un prochain cours.<\/p>\n<h4>4.2.3. Annulation ou non-participation aux consultations priv\u00e9es de yoga ou aux traitements de massage<\/h4>\n<h5>En cas de notification pr\u00e9alable d&rsquo;absence<\/h5>\n<p>Pour les consultations priv\u00e9es de yoga ou les traitements de massage, le rendez-vous peut \u00eatre annul\u00e9 <strong>jusqu&rsquo;\u00e0 48 heures avant l&rsquo;heure r\u00e9serv\u00e9e.<\/strong> Le participant doit envoyer la demande d&rsquo;annulation par e-mail au plus tard 48 heures avant le d\u00e9but de l&rsquo;activit\u00e9. L\u2019acompte vers\u00e9 ne sera pas rembours\u00e9.<\/p>\n<h5>En cas de non signalement d&rsquo;une absence<\/h5>\n<p>La non-pr\u00e9sentation aux rendez-vous ou l&rsquo;annulation des traitements de massage ou des consultations priv\u00e9es de yoga r\u00e9serv\u00e9s apr\u00e8s la p\u00e9riode susmentionn\u00e9e de 48 heures n\u00e9cessite le paiement du prix total, qui sera factur\u00e9 au client.<\/p>\n<h4>4.2.4. Annulation ou non-participation aux ateliers ou activit\u00e9s annonc\u00e9s \u00e0 l&rsquo;avance <strong>en pr\u00e9sentiel<\/strong><\/h4>\n<h5>En cas de notification pr\u00e9alable d&rsquo;absence<\/h5>\n<p>Si, en raison de circonstances impr\u00e9vues, le participant ne peut pas assister \u00e0 l&rsquo;atelier ou \u00e0 l&rsquo;activit\u00e9 r\u00e9serv\u00e9e et pay\u00e9e \u00e0 l&rsquo;avance, il est tenu de nous en informer \u00e0 l&rsquo;avance, soit par e-mail \u00e0 info@yogakitchen.be, soit par SMS ou WhatsApp ou en appelant le 0486\/882848, <strong>au plus tard 48 heures avant le d\u00e9but de l&rsquo;activit\u00e9.<\/strong><br \/>\nEn principe, aucun remboursement ne sera effectu\u00e9.<br \/>\nD&rsquo;un commun accord et selon les circonstances, il peut \u00eatre d\u00e9cid\u00e9 de reporter la participation \u00e0 une autre date ult\u00e9rieure.<br \/>\nUne non-participation notifi\u00e9e au plus tard 48 heures \u00e0 l&rsquo;avance <strong>peut \u00eatre report\u00e9e au maximum une fois \u00e0 une autre date.<\/strong><br \/>\nDes <strong>frais administratifs de 10,00 euros par participant<\/strong> vous seront factur\u00e9s pour toute modification de votre inscription \u00e0 une autre date de participation.<\/p>\n<h5>En cas de non signalement d&rsquo;une absence<\/h5>\n<p>Si le participant, en raison de circonstances impr\u00e9vues, ne peut pas participer \u00e0 l&rsquo;atelier ou \u00e0 l&rsquo;activit\u00e9 r\u00e9serv\u00e9e et pay\u00e9e \u00e0 l&rsquo;avance <strong>et ne le signale pas 48 heures avant l&rsquo;activit\u00e9 ou plus t\u00f4t,<\/strong> la r\u00e9servation expire. Les frais de participation pay\u00e9s ne seront pas rembours\u00e9s.<\/p>\n<h4>4.2.5. Ateliers ou activit\u00e9s annonc\u00e9s \u00e0 l&rsquo;avance <strong>en direct en ligne<\/strong><\/h4>\n<h5>En cas de notification pr\u00e9alable d&rsquo;absence<\/h5>\n<p>Si, en raison de circonstances impr\u00e9vues, le participant ne peut pas participer \u00e0 l&rsquo;atelier ou \u00e0 l&rsquo;activit\u00e9 r\u00e9serv\u00e9e et pay\u00e9e \u00e0 l&rsquo;avance, il est tenu de nous en informer \u00e0 l&rsquo;avance, soit par e-mail \u00e0 info@yogakitchen.be, soit via SMS ou WhatsApp ou par t\u00e9l\u00e9phone au 0486\/882848, <strong>au plus tard 48 heures avant le d\u00e9but de l&rsquo;activit\u00e9.<\/strong><br \/>\nEn principe, aucun remboursement ne sera effectu\u00e9.<br \/>\nEn concertation et selon les circonstances, il peut \u00eatre d\u00e9cid\u00e9 de reporter la participation \u00e0 une autre date ult\u00e9rieure.<br \/>\nDes <strong>frais administratifs de 10,00 euros par participant<\/strong> seront factur\u00e9s au participant pour toute modification de son inscription \u00e0 une autre date de participation.<\/p>\n<h5>En cas de non signalement d&rsquo;une absence<\/h5>\n<p>Si le participant, en raison de circonstances impr\u00e9vues, ne peut pas participer \u00e0 l&rsquo;atelier ou \u00e0 l&rsquo;activit\u00e9 r\u00e9serv\u00e9e et pay\u00e9e \u00e0 l&rsquo;avance <strong>et ne le signale pas 24 heures avant le cours ou plus t\u00f4t,<\/strong> la r\u00e9servation expire. Les frais de participation pay\u00e9s ne seront pas rembours\u00e9s.<\/p>\n<h3>5. Conditions de facturation<\/h3>\n<p>Les factures pour les services fournis par Peter Verhaegen &#8211; Yoga Kitchen peuvent \u00eatre \u00e9mises avec une indication du d\u00e9tail des services fournis et les d\u00e9tails de la TVA.<br \/>\nEn principe, la facture est envoy\u00e9e \u00e0 l&rsquo;adresse \u00e9lectronique du client en format .pdf. La r\u00e9ception de factures sur papier est possible sur demande sp\u00e9ciale du client.<br \/>\nLes factures d\u00fbes sont payables dans le d\u00e9lai de paiement indiqu\u00e9 sur la facture. En principe, ce d\u00e9lai est de 30 jours \u00e0 compter de la date de la facture. Le paiement doit \u00eatre effectu\u00e9 soit en esp\u00e8ces, \u00e0 l&rsquo;adresse de Peter Verhaegen &#8211; Yoga Kitchen, rue De Locht 42, \u00e0 1030 Schaerbeek, soit par virement du montant total indiqu\u00e9 sur la facture, en mentionnant le num\u00e9ro de facture dans la communication, sur le num\u00e9ro de compte bancaire : <strong>IBAN BE76 0635 4774 5695<\/strong>, de Peter Verhaegen \u2013 Yoga Kitchen, rue De Locht 42, \u00e0 1030 Schaerbeek.<\/p>\n<h3>6. Partage des donn\u00e9es avec un partenaire de paiement<\/h3>\n<p>Pour le traitement des transactions de paiement effectu\u00e9es via le site web, nous travaillons avec le partenaire de paiement Mollie. Dans ce contexte, les donn\u00e9es personnelles sont partag\u00e9es avec Mollie afin de r\u00e9aliser les transactions de paiement.<br \/>\nChaque fois que vous effectuez un paiement via le module de paiement du site web, vous marquez votre accord avec le partage de ces donn\u00e9es n\u00e9cessaires au paiement, conform\u00e9ment \u00e0 la l\u00e9gislation applicable en mati\u00e8re de protection de la vie priv\u00e9e.<\/p>\n","protected":false},"excerpt":{"rendered":"<p>Voici les r\u00e8gles du jeu 1. Instructions et informations pendant les activit\u00e9s de yoga 1.1. Cours collectifs de yoga La pratique du yoga entra\u00eene un meilleur bien-\u00eatre physique, \u00e9nerg\u00e9tique et mental du pratiquant. Les instructions donn\u00e9es pendant les cours de yoga sont destin\u00e9es \u00e0 am\u00e9liorer le bien-\u00eatre g\u00e9n\u00e9ral du participant. Toutefois, il ne s&rsquo;agit pas &hellip; <a href=\"https:\/\/yogakitchen.be\/fr\/a-propos\/conditions-generales\/\" class=\"more-link\">Continuer la lecture de <span class=\"screen-reader-text\">Conditions g\u00e9n\u00e9rales<\/span> <span class=\"meta-nav\">&rarr;<\/span><\/a><\/p>\n","protected":false},"author":1,"featured_media":17931,"parent":11,"menu_order":0,"comment_status":"closed","ping_status":"closed","template":"","meta":{"footnotes":""},"class_list":["post-15353","page","type-page","status-publish","has-post-thumbnail","hentry"],"_links":{"self":[{"href":"https:\/\/yogakitchen.be\/fr\/wp-json\/wp\/v2\/pages\/15353","targetHints":{"allow":["GET"]}}],"collection":[{"href":"https:\/\/yogakitchen.be\/fr\/wp-json\/wp\/v2\/pages"}],"about":[{"href":"https:\/\/yogakitchen.be\/fr\/wp-json\/wp\/v2\/types\/page"}],"author":[{"embeddable":true,"href":"https:\/\/yogakitchen.be\/fr\/wp-json\/wp\/v2\/users\/1"}],"replies":[{"embeddable":true,"href":"https:\/\/yogakitchen.be\/fr\/wp-json\/wp\/v2\/comments?post=15353"}],"version-history":[{"count":15,"href":"https:\/\/yogakitchen.be\/fr\/wp-json\/wp\/v2\/pages\/15353\/revisions"}],"predecessor-version":[{"id":20171,"href":"https:\/\/yogakitchen.be\/fr\/wp-json\/wp\/v2\/pages\/15353\/revisions\/20171"}],"up":[{"embeddable":true,"href":"https:\/\/yogakitchen.be\/fr\/wp-json\/wp\/v2\/pages\/11"}],"wp:featuredmedia":[{"embeddable":true,"href":"https:\/\/yogakitchen.be\/fr\/wp-json\/wp\/v2\/media\/17931"}],"wp:attachment":[{"href":"https:\/\/yogakitchen.be\/fr\/wp-json\/wp\/v2\/media?parent=15353"}],"curies":[{"name":"wp","href":"https:\/\/api.w.org\/{rel}","templated":true}]}}