{"id":15582,"date":"2019-12-20T21:50:21","date_gmt":"2019-12-20T21:50:21","guid":{"rendered":"http:\/\/yogakitchen.be\/fr\/?page_id=15582"},"modified":"2025-12-23T13:35:04","modified_gmt":"2025-12-23T12:35:04","slug":"massage-de-relaxation","status":"publish","type":"page","link":"https:\/\/yogakitchen.be\/fr\/massage\/massage-de-relaxation\/","title":{"rendered":"Massage de relaxation"},"content":{"rendered":"<h1>Rentrer chez soi gr\u00e2ce au massage<\/h1>\n<p><strong>Pour votre information : les activit\u00e9s de massage propos\u00e9es dans le cadre de Yoga Kitchen ont \u00e9t\u00e9 suspendues \u00e0 partir du 01\/01\/2026. Le contenu pr\u00e9sent\u00e9 ci-dessous est purement informatif.<\/strong><\/p>\n<blockquote><p>Le massage de relaxation, un bienfait pour le corps et le mental<\/p><\/blockquote>\n<p>Le massage propos\u00e9 est un massage corporel relaxant \u00e0 l&rsquo;huile.<br \/>\nLe massage corporel de relaxation dure environ une heure. Il couvre les parties les plus importantes du corps : le dos et la nuque, l&rsquo;avant et l&rsquo;arri\u00e8re des jambes, les bras et l&rsquo;abdomen. Diff\u00e9rents types de man\u0153uvres de massage sont appliqu\u00e9s, dans diff\u00e9rentes directions avec profondeurs et intensit\u00e9s de pression variables.<br \/>\nR\u00e9servez d\u00e8s maintenant un <strong>massage moment<\/strong> et prenez un <strong>rendez-vous individuel<\/strong> :<\/p>\n<h2>Fixez votre rendez-vous pour un massage de relaxation \u00e0 Schaerbeek<\/h2>\n<p><strong>Pour votre information : les activit\u00e9s de massage propos\u00e9es dans le cadre de Yoga Kitchen ont \u00e9t\u00e9 suspendues \u00e0 partir du 01\/01\/2026. Le contenu pr\u00e9sent\u00e9 ci-dessus est purement informatif.<\/strong><\/p>\n","protected":false},"excerpt":{"rendered":"<p>Rentrer chez soi gr\u00e2ce au massage Pour votre information : les activit\u00e9s de massage propos\u00e9es dans le cadre de Yoga Kitchen ont \u00e9t\u00e9 suspendues \u00e0 partir du 01\/01\/2026. Le contenu pr\u00e9sent\u00e9 ci-dessous est purement informatif. Le massage de relaxation, un bienfait pour le corps et le mental Le massage propos\u00e9 est un massage corporel relaxant &hellip; <a href=\"https:\/\/yogakitchen.be\/fr\/massage\/massage-de-relaxation\/\" class=\"more-link\">Continuer la lecture de <span class=\"screen-reader-text\">Massage de relaxation<\/span> <span class=\"meta-nav\">&rarr;<\/span><\/a><\/p>\n","protected":false},"author":1,"featured_media":15586,"parent":16078,"menu_order":0,"comment_status":"closed","ping_status":"closed","template":"","meta":{"footnotes":""},"class_list":["post-15582","page","type-page","status-publish","has-post-thumbnail","hentry"],"_links":{"self":[{"href":"https:\/\/yogakitchen.be\/fr\/wp-json\/wp\/v2\/pages\/15582","targetHints":{"allow":["GET"]}}],"collection":[{"href":"https:\/\/yogakitchen.be\/fr\/wp-json\/wp\/v2\/pages"}],"about":[{"href":"https:\/\/yogakitchen.be\/fr\/wp-json\/wp\/v2\/types\/page"}],"author":[{"embeddable":true,"href":"https:\/\/yogakitchen.be\/fr\/wp-json\/wp\/v2\/users\/1"}],"replies":[{"embeddable":true,"href":"https:\/\/yogakitchen.be\/fr\/wp-json\/wp\/v2\/comments?post=15582"}],"version-history":[{"count":14,"href":"https:\/\/yogakitchen.be\/fr\/wp-json\/wp\/v2\/pages\/15582\/revisions"}],"predecessor-version":[{"id":20582,"href":"https:\/\/yogakitchen.be\/fr\/wp-json\/wp\/v2\/pages\/15582\/revisions\/20582"}],"up":[{"embeddable":true,"href":"https:\/\/yogakitchen.be\/fr\/wp-json\/wp\/v2\/pages\/16078"}],"wp:featuredmedia":[{"embeddable":true,"href":"https:\/\/yogakitchen.be\/fr\/wp-json\/wp\/v2\/media\/15586"}],"wp:attachment":[{"href":"https:\/\/yogakitchen.be\/fr\/wp-json\/wp\/v2\/media?parent=15582"}],"curies":[{"name":"wp","href":"https:\/\/api.w.org\/{rel}","templated":true}]}}