{"id":16073,"date":"2020-01-02T12:31:32","date_gmt":"2020-01-02T12:31:32","guid":{"rendered":"http:\/\/yogakitchen.be\/fr\/?page_id=16073"},"modified":"2020-01-02T12:36:31","modified_gmt":"2020-01-02T12:36:31","slug":"ujjayi","status":"publish","type":"page","link":"https:\/\/yogakitchen.be\/fr\/ujjayi\/","title":{"rendered":"Ujjayi"},"content":{"rendered":"<h3>L\u2019ujjayi, c\u2019est quoi ?<\/h3>\n<p>La technique de respiration ujjayi vient de la tradition du yoga. Avec la technique de respiration ujjayi, on inspire et on expire par le nez. Une l\u00e9g\u00e8re contraction des muscles au sommet de la trach\u00e9e dans la partie profonde de la gorge rend l&rsquo;acc\u00e8s aux poumons un peu plus \u00e9troit. Ensuite, cela cr\u00e9e un son subtil, tel un soupir, \u00e0 la fois lors de l&rsquo;inspiration et de l&rsquo;expiration.<br \/>\nLa technique de contraction ressemble le plus \u00e0 l&rsquo;action que l&rsquo;on entreprend lorsqu&rsquo;on veut mettre une bu\u00e9e sur une surface de verre comme un miroir ou une paire de lunettes, ou lorsqu&rsquo;on soupire profond\u00e9ment.<br \/>\nAvec l&rsquo;ujjayi, ce qui se passe au niveau de la gorge est exactement la m\u00eame chose, \u00e0 l&rsquo;inspiration et \u00e0 l&rsquo;expiration, toutes deux identiques, mais avec la bouche ferm\u00e9e.<br \/>\nDe plus, il s&rsquo;agit d&rsquo;une respiration tr\u00e8s r\u00e9guli\u00e8re, et non pas d&rsquo;une d\u00e9compression soudaine. On recherche donc une respiration <strong> lente, calme et r\u00e9guli\u00e8re<\/strong>. Elle est tout aussi intense au d\u00e9but, pendant et \u00e0 la fin du cours de yoga, de la m\u00e9ditation ou du moment de centrage.<\/p>\n<h3>Utilit\u00e9 et avantages de l&rsquo;ujjayi<\/h3>\n<h4>Ralentir<\/h4>\n<p>Le principal avantage de la respiration ujjayi est qu&rsquo;elle permet de ralentir le flux d&rsquo;air et donc la respiration en prolongeant \u00e0 la fois la phase d&rsquo;inspiration et d&rsquo;expiration.<\/p>\n<h4>Favoriser la conscience corporelle<\/h4>\n<p>Le doux soupir qui r\u00e9sulte de l&rsquo;application de cette technique de respiration soutient la conscience. La technique aide \u00e0 rester conscient(e) de sa respiration et de son propre corps tout le temps pendant une s\u00e9ance de yoga ou de m\u00e9ditation.<br \/>\nLorsque le pratiquant de yoga n&rsquo;est pas encore capable d&rsquo;inspirer et d&rsquo;expirer selon la technique d\u00e9crite ci-dessus, le fredonnement est une bonne alternative, en premier lieu lors de l&rsquo;expiration.<\/p>\n","protected":false},"excerpt":{"rendered":"<p>L\u2019ujjayi, c\u2019est quoi ? La technique de respiration ujjayi vient de la tradition du yoga. Avec la technique de respiration ujjayi, on inspire et on expire par le nez. Une l\u00e9g\u00e8re contraction des muscles au sommet de la trach\u00e9e dans la partie profonde de la gorge rend l&rsquo;acc\u00e8s aux poumons un peu plus \u00e9troit. Ensuite, &hellip; <a href=\"https:\/\/yogakitchen.be\/fr\/ujjayi\/\" class=\"more-link\">Continuer la lecture de <span class=\"screen-reader-text\">Ujjayi<\/span> <span class=\"meta-nav\">&rarr;<\/span><\/a><\/p>\n","protected":false},"author":1,"featured_media":0,"parent":0,"menu_order":0,"comment_status":"closed","ping_status":"closed","template":"","meta":{"footnotes":""},"class_list":["post-16073","page","type-page","status-publish","hentry"],"_links":{"self":[{"href":"https:\/\/yogakitchen.be\/fr\/wp-json\/wp\/v2\/pages\/16073","targetHints":{"allow":["GET"]}}],"collection":[{"href":"https:\/\/yogakitchen.be\/fr\/wp-json\/wp\/v2\/pages"}],"about":[{"href":"https:\/\/yogakitchen.be\/fr\/wp-json\/wp\/v2\/types\/page"}],"author":[{"embeddable":true,"href":"https:\/\/yogakitchen.be\/fr\/wp-json\/wp\/v2\/users\/1"}],"replies":[{"embeddable":true,"href":"https:\/\/yogakitchen.be\/fr\/wp-json\/wp\/v2\/comments?post=16073"}],"version-history":[{"count":1,"href":"https:\/\/yogakitchen.be\/fr\/wp-json\/wp\/v2\/pages\/16073\/revisions"}],"predecessor-version":[{"id":16074,"href":"https:\/\/yogakitchen.be\/fr\/wp-json\/wp\/v2\/pages\/16073\/revisions\/16074"}],"wp:attachment":[{"href":"https:\/\/yogakitchen.be\/fr\/wp-json\/wp\/v2\/media?parent=16073"}],"curies":[{"name":"wp","href":"https:\/\/api.w.org\/{rel}","templated":true}]}}