{"id":16075,"date":"2020-01-02T16:28:40","date_gmt":"2020-01-02T16:28:40","guid":{"rendered":"http:\/\/yogakitchen.be\/fr\/?page_id=16075"},"modified":"2025-12-23T13:06:02","modified_gmt":"2025-12-23T12:06:02","slug":"le-centrage-par-le-toucher","status":"publish","type":"page","link":"https:\/\/yogakitchen.be\/fr\/le-centrage-par-le-toucher\/","title":{"rendered":"Le centrage par le toucher"},"content":{"rendered":"<h1>A la red\u00e9couverte du centre de soi-m\u00eame<\/h1>\n<p><strong>Pour votre information : les activit\u00e9s de massage propos\u00e9es dans le cadre de Yoga Kitchen ont \u00e9t\u00e9 suspendues \u00e0 partir du 01\/01\/2026. Le contenu pr\u00e9sent\u00e9 ci-dessous est purement informatif.<\/strong><br \/>\n<a href=\"http:\/\/yogakitchen.be\/fr\/wp-content\/uploads\/sites\/3\/2019\/12\/MontageMassage_01_c.jpg\"><img loading=\"lazy\" decoding=\"async\" class=\"alignnone size-large wp-image-15583\" src=\"http:\/\/yogakitchen.be\/fr\/wp-content\/uploads\/sites\/3\/2019\/12\/MontageMassage_01_c-1024x384.jpg\" alt=\"Photo de personne allong\u00e9e\" width=\"604\" height=\"227\" srcset=\"https:\/\/yogakitchen.be\/fr\/wp-content\/uploads\/sites\/3\/2019\/12\/MontageMassage_01_c-1024x384.jpg 1024w, https:\/\/yogakitchen.be\/fr\/wp-content\/uploads\/sites\/3\/2019\/12\/MontageMassage_01_c-300x113.jpg 300w, https:\/\/yogakitchen.be\/fr\/wp-content\/uploads\/sites\/3\/2019\/12\/MontageMassage_01_c-768x288.jpg 768w, https:\/\/yogakitchen.be\/fr\/wp-content\/uploads\/sites\/3\/2019\/12\/MontageMassage_01_c.jpg 1200w\" sizes=\"auto, (max-width: 604px) 100vw, 604px\" \/><\/a><\/p>\n<p>Le massage propos\u00e9 est un massage corporel relaxant \u00e0 l&rsquo;huile.<br \/>\nLe massage corporel relaxant dure environ une heure et couvre les parties les plus importantes du corps : le dos et la nuque, l&rsquo;avant et l&rsquo;arri\u00e8re des jambes, les bras et l&rsquo;abdomen. Diff\u00e9rents types de man\u0153uvres de massage sont appliqu\u00e9s, dans diff\u00e9rentes directions avec diff\u00e9rentes profondeurs et diff\u00e9rentes intensit\u00e9s de pression.<\/p>\n<h3>Le centrage par le toucher<\/h3>\n<p>Pendant le traitement de massage chez Vicitra, le receveur passe par plusieurs <strong>moments de centrage<\/strong>. Le donneur suit de pr\u00e8s le mouvement respiratoire du receveur. Le receveur est invit\u00e9 \u00e0 inspirer et \u00e0 expirer de fa\u00e7on calme, r\u00e9guli\u00e8re et profonde, en utilisant la technique de respiration connue sous le nom de <strong>ujjayi<\/strong>.<br \/>\nLes mains du donneur bougent au moment de l&rsquo;expiration du receveur, au rythme de la respiration du receveur. De cette fa\u00e7on, le receveur \u00a0\u00bb contr\u00f4le \u00ab\u00a0, pour ainsi dire, les mains du donneur. Le receveur \u00e9prouve un profond sentiment d&rsquo;unit\u00e9 suite au toucher.<\/p>\n<div class=\"yk-hoebetalen\">\n<h3>Questionnaire pr\u00e9liminaire<\/h3>\n<p>Le massage corporel relaxant a comme objectif <strong>une d\u00e9tente profonde<\/strong>.<br \/>\nCependant, il ne s&rsquo;agit pas d&rsquo;un traitement th\u00e9rapeutique <strong> et ne remplace en aucun cas un traitement m\u00e9dical<\/strong>.<br \/>\nAvant le massage, un questionnaire g\u00e9n\u00e9ral sur votre \u00e9tat de sant\u00e9 g\u00e9n\u00e9ral vous sera propos\u00e9.<\/p>\n<\/div>\n<\/div>\n<\/div>\n","protected":false},"excerpt":{"rendered":"<p>A la red\u00e9couverte du centre de soi-m\u00eame Pour votre information : les activit\u00e9s de massage propos\u00e9es dans le cadre de Yoga Kitchen ont \u00e9t\u00e9 suspendues \u00e0 partir du 01\/01\/2026. Le contenu pr\u00e9sent\u00e9 ci-dessous est purement informatif. Le massage propos\u00e9 est un massage corporel relaxant \u00e0 l&rsquo;huile. Le massage corporel relaxant dure environ une heure et &hellip; <a href=\"https:\/\/yogakitchen.be\/fr\/le-centrage-par-le-toucher\/\" class=\"more-link\">Continuer la lecture de <span class=\"screen-reader-text\">Le centrage par le toucher<\/span> <span class=\"meta-nav\">&rarr;<\/span><\/a><\/p>\n","protected":false},"author":1,"featured_media":0,"parent":0,"menu_order":0,"comment_status":"closed","ping_status":"closed","template":"","meta":{"footnotes":""},"class_list":["post-16075","page","type-page","status-publish","hentry"],"_links":{"self":[{"href":"https:\/\/yogakitchen.be\/fr\/wp-json\/wp\/v2\/pages\/16075","targetHints":{"allow":["GET"]}}],"collection":[{"href":"https:\/\/yogakitchen.be\/fr\/wp-json\/wp\/v2\/pages"}],"about":[{"href":"https:\/\/yogakitchen.be\/fr\/wp-json\/wp\/v2\/types\/page"}],"author":[{"embeddable":true,"href":"https:\/\/yogakitchen.be\/fr\/wp-json\/wp\/v2\/users\/1"}],"replies":[{"embeddable":true,"href":"https:\/\/yogakitchen.be\/fr\/wp-json\/wp\/v2\/comments?post=16075"}],"version-history":[{"count":4,"href":"https:\/\/yogakitchen.be\/fr\/wp-json\/wp\/v2\/pages\/16075\/revisions"}],"predecessor-version":[{"id":20584,"href":"https:\/\/yogakitchen.be\/fr\/wp-json\/wp\/v2\/pages\/16075\/revisions\/20584"}],"wp:attachment":[{"href":"https:\/\/yogakitchen.be\/fr\/wp-json\/wp\/v2\/media?parent=16075"}],"curies":[{"name":"wp","href":"https:\/\/api.w.org\/{rel}","templated":true}]}}