{"id":16092,"date":"2020-01-06T14:49:03","date_gmt":"2020-01-06T14:49:03","guid":{"rendered":"http:\/\/yogakitchen.be\/fr\/?page_id=16092"},"modified":"2020-01-11T14:59:03","modified_gmt":"2020-01-11T14:59:03","slug":"vicitra-bruxelles","status":"publish","type":"page","link":"https:\/\/yogakitchen.be\/fr\/vicitra-bruxelles\/","title":{"rendered":"Vicitra Bruxelles"},"content":{"rendered":"<h3>Le centre de Yoga, de formation et de Sant\u00e9 holistique Vicitra<\/h3>\n<p><a href=\"http:\/\/yogakitchen.be\/fr\/wp-content\/uploads\/sites\/3\/2020\/01\/2020VicitraLong_01.jpg\"><img loading=\"lazy\" decoding=\"async\" class=\"alignnone size-large wp-image-16095\" src=\"http:\/\/yogakitchen.be\/fr\/wp-content\/uploads\/sites\/3\/2020\/01\/2020VicitraLong_01-1024x273.jpg\" alt=\"Photo du centre Vicitra \u00e0 Bruxelles\" width=\"604\" height=\"161\" srcset=\"https:\/\/yogakitchen.be\/fr\/wp-content\/uploads\/sites\/3\/2020\/01\/2020VicitraLong_01-1024x273.jpg 1024w, https:\/\/yogakitchen.be\/fr\/wp-content\/uploads\/sites\/3\/2020\/01\/2020VicitraLong_01-300x80.jpg 300w, https:\/\/yogakitchen.be\/fr\/wp-content\/uploads\/sites\/3\/2020\/01\/2020VicitraLong_01-768x204.jpg 768w, https:\/\/yogakitchen.be\/fr\/wp-content\/uploads\/sites\/3\/2020\/01\/2020VicitraLong_01.jpg 1690w\" sizes=\"auto, (max-width: 604px) 100vw, 604px\" \/><\/a><\/p>\n<p>Le centre de Yoga <strong>Vicitra<\/strong> \u00e0 Bruxelles dispose de deux salles de yoga, une cuisine didactique, des espaces de consultation et un espace pour le massage.<br \/>\nIl est situ\u00e9 tout pr\u00e8s du Square Ambiorix, \u00e0 proximit\u00e9 des institutions europ\u00e9ennes.<br \/>\nAdress: <strong>6, rue des Patriotes, \u00e0 1000 Bruxelles.<\/strong><br \/>\nPour plus d&rsquo;information concernant l&rsquo;offre yoga et les autres activit\u00e9s de Vicitra, consultez le site web du centre <a href=\"https:\/\/bruxelles.vicitra.yoga\/\" target=\"_blank\" rel=\"noopener\">ici<\/a>.<\/p>\n<p><a href=\"http:\/\/yogakitchen.be\/fr\/wp-content\/uploads\/sites\/3\/2019\/12\/2019MapVicitraBXL_BIS.jpg\"><img loading=\"lazy\" decoding=\"async\" class=\"alignnone size-large wp-image-15916\" src=\"http:\/\/yogakitchen.be\/fr\/wp-content\/uploads\/sites\/3\/2019\/12\/2019MapVicitraBXL_BIS-1024x511.jpg\" alt=\"Carte lieu Vicitra\" width=\"604\" height=\"301\" srcset=\"https:\/\/yogakitchen.be\/fr\/wp-content\/uploads\/sites\/3\/2019\/12\/2019MapVicitraBXL_BIS-1024x511.jpg 1024w, https:\/\/yogakitchen.be\/fr\/wp-content\/uploads\/sites\/3\/2019\/12\/2019MapVicitraBXL_BIS-300x150.jpg 300w, https:\/\/yogakitchen.be\/fr\/wp-content\/uploads\/sites\/3\/2019\/12\/2019MapVicitraBXL_BIS-768x383.jpg 768w, https:\/\/yogakitchen.be\/fr\/wp-content\/uploads\/sites\/3\/2019\/12\/2019MapVicitraBXL_BIS.jpg 1193w\" sizes=\"auto, (max-width: 604px) 100vw, 604px\" \/><\/a><\/p>\n<p>Comme partout \u00e0 Bruxelles, se garer en voiture n&rsquo;est pas une \u00e9vidence. Pour cette raison, il est pr\u00e9f\u00e9rable d&rsquo;utiliser les transports en commun ou le v\u00e9lo.<br \/>\nCar Vicitra est facilement joignable par les transports en commun ! Voici:<\/p>\n<ul>\n<li>Metro STIB: Lignes de m\u00e9tro 1 &amp; 5, la station Schuman est \u00e0 proximit\u00e9. Seulement 7 minutes \u00e0 pied.<\/li>\n<li>Bus STIB: Bus 63 s&rsquo;arr\u00eate litt\u00e9ralement devant la porte (arr\u00eat Marguerite). Bus 60, 63 en 64, arr\u00eat Ambiorix \u00e0 seulement 3 minutes \u00e0 pied.<\/li>\n<li>Villo! stations de v\u00e9lo de partage: rue Archim\u00e8de (56) et place Jamblinne De Meux (156)<\/li>\n<li>Train: La station Bruxelles Schuman is \u00e0 proximit\u00e9. Seulement 7 minutes \u00e0 pied.<\/li>\n<\/ul>\n","protected":false},"excerpt":{"rendered":"<p>Le centre de Yoga, de formation et de Sant\u00e9 holistique Vicitra Le centre de Yoga Vicitra \u00e0 Bruxelles dispose de deux salles de yoga, une cuisine didactique, des espaces de consultation et un espace pour le massage. Il est situ\u00e9 tout pr\u00e8s du Square Ambiorix, \u00e0 proximit\u00e9 des institutions europ\u00e9ennes. Adress: 6, rue des Patriotes, &hellip; <a href=\"https:\/\/yogakitchen.be\/fr\/vicitra-bruxelles\/\" class=\"more-link\">Continuer la lecture de <span class=\"screen-reader-text\">Vicitra Bruxelles<\/span> <span class=\"meta-nav\">&rarr;<\/span><\/a><\/p>\n","protected":false},"author":1,"featured_media":0,"parent":0,"menu_order":0,"comment_status":"closed","ping_status":"closed","template":"","meta":{"footnotes":""},"class_list":["post-16092","page","type-page","status-publish","hentry"],"_links":{"self":[{"href":"https:\/\/yogakitchen.be\/fr\/wp-json\/wp\/v2\/pages\/16092","targetHints":{"allow":["GET"]}}],"collection":[{"href":"https:\/\/yogakitchen.be\/fr\/wp-json\/wp\/v2\/pages"}],"about":[{"href":"https:\/\/yogakitchen.be\/fr\/wp-json\/wp\/v2\/types\/page"}],"author":[{"embeddable":true,"href":"https:\/\/yogakitchen.be\/fr\/wp-json\/wp\/v2\/users\/1"}],"replies":[{"embeddable":true,"href":"https:\/\/yogakitchen.be\/fr\/wp-json\/wp\/v2\/comments?post=16092"}],"version-history":[{"count":4,"href":"https:\/\/yogakitchen.be\/fr\/wp-json\/wp\/v2\/pages\/16092\/revisions"}],"predecessor-version":[{"id":16098,"href":"https:\/\/yogakitchen.be\/fr\/wp-json\/wp\/v2\/pages\/16092\/revisions\/16098"}],"wp:attachment":[{"href":"https:\/\/yogakitchen.be\/fr\/wp-json\/wp\/v2\/media?parent=16092"}],"curies":[{"name":"wp","href":"https:\/\/api.w.org\/{rel}","templated":true}]}}