{"id":16148,"date":"2020-03-19T15:37:37","date_gmt":"2020-03-19T15:37:37","guid":{"rendered":"http:\/\/yogakitchen.be\/fr\/?page_id=16148"},"modified":"2023-12-13T15:35:01","modified_gmt":"2023-12-13T14:35:01","slug":"cours-de-yoga-en-ligne","status":"publish","type":"page","link":"https:\/\/yogakitchen.be\/fr\/cours-de-yoga-en-ligne\/","title":{"rendered":"Cours de yoga en ligne"},"content":{"rendered":"<h1>Pratiquer le yoga en cours collectif de chez soi<\/h1>\n<p>La plupart de nos cours collectifs se poursuivent d\u00e9sormais en tant que cours <strong>HYBRIDE<\/strong>.<br \/>\nVous pouvez donc soit venir sur place, soit suivre le cours <strong>EN LIGNE EN DIRECT<\/strong>.<\/p>\n<blockquote><p>C\u2019est le moment par excellence \u00e0 soutenir votre sant\u00e9.<br \/>\nPratiquer le Yoga vous rend plus fort et aide \u00e0 ma\u00eetriser le stress, les inqui\u00e9tudes et les \u00e9motions trop envahissantes.<\/p><\/blockquote>\n<h2>Participer aux cours chez Yoga Kitchen en ZOOM !<\/h2>\n<p><a href=\"http:\/\/yogakitchen.be\/fr\/wp-content\/uploads\/sites\/3\/2020\/03\/IMGP5287YogaSkype_Acolcs_FB_1200_72.jpg\"><img loading=\"lazy\" decoding=\"async\" class=\"alignnone size-large wp-image-16153\" src=\"http:\/\/yogakitchen.be\/fr\/wp-content\/uploads\/sites\/3\/2020\/03\/IMGP5287YogaSkype_Acolcs_FB_1200_72-1024x576.jpg\" alt=\"Photo d'un cours en ligne\" width=\"604\" height=\"340\" srcset=\"https:\/\/yogakitchen.be\/fr\/wp-content\/uploads\/sites\/3\/2020\/03\/IMGP5287YogaSkype_Acolcs_FB_1200_72-1024x576.jpg 1024w, https:\/\/yogakitchen.be\/fr\/wp-content\/uploads\/sites\/3\/2020\/03\/IMGP5287YogaSkype_Acolcs_FB_1200_72-300x169.jpg 300w, https:\/\/yogakitchen.be\/fr\/wp-content\/uploads\/sites\/3\/2020\/03\/IMGP5287YogaSkype_Acolcs_FB_1200_72-768x432.jpg 768w, https:\/\/yogakitchen.be\/fr\/wp-content\/uploads\/sites\/3\/2020\/03\/IMGP5287YogaSkype_Acolcs_FB_1200_72.jpg 1200w\" sizes=\"auto, (max-width: 604px) 100vw, 604px\" \/><\/a><br \/>\nUn cours en ligne en direct ne remplacera jamais un vrai cours dans un studio de yoga physique.<br \/>\n<strong>Cependant, c&rsquo;est une meilleure alternative que de regarder une vid\u00e9o pr\u00e9enregistr\u00e9e sans aucun contact ou interaction avec un professeur de yoga.<\/strong><br \/>\nLa grande majorit\u00e9 des participant.e.s sont tr\u00e8s enthousiastes !<\/p>\n<h2>Comment fonctionne ce type de cours \u00ab\u00a0hybride\u00a0\u00bb ?<\/h2>\n<ul>\n<li>Je donne les cours de yoga en groupe d&rsquo;une mani\u00e8re, <strong>qui vous permet de les suivre en direct en ligne via l&rsquo;application ZOOM<\/strong><\/li>\n<li>Les cours se poursuivront aux jours et heures existants, voir le calendrier.<\/li>\n<li>Si vous suivez d\u00e9j\u00e0 des cours et ne pouvez ou ne voulez pas venir au studio peut suivre le cours en direct via ZOOM sans pr\u00e9paration.<\/li>\n<\/ul>\n<h2>Que faut-il pour participer au cours de yoga en ligne ?<\/h2>\n<ul>\n<li>Un endroit o\u00f9 vous pouvez suivre le cours sans \u00eatre d\u00e9rang\u00e9.e.<\/li>\n<li>Un tapis de yoga, \u00e9ventuellement un coussin et une couverture ou un plaid pour le moment de repos \u00e0 la fin.<\/li>\n<li>Un ordinateur, une tablette ou un t\u00e9l\u00e9phone avec image et son et l&rsquo;application Skype install\u00e9e dessus et disposant d&rsquo;une bonne connexion internet.<\/li>\n<\/ul>\n<h2>Comment s&rsquo;inscrire ?<\/h2>\n<ul>\n<li>Comme d&rsquo;habitude, en r\u00e9servant votre cours sur le site ou en envoyant un SMS si vous avez d\u00e9j\u00e0 l\u2019habitude de suivre des cours.<\/li>\n<li>Apr\u00e8s confirmation et paiement, vous recevrez le lien Zoom par mail.<\/li>\n<\/ul>\n<h2>Comment cela fonctionne-t-il concr\u00e8tement ?<\/h2>\n<ul>\n<li>\u00c0 partir de 15 minutes avant le cours, je serai pr\u00e9sent pour donner acc\u00e8s au cours en ligne.<\/li>\n<li>Vous cliquez sur le lien ZOOM et vous trouverez ensuite dans la salle d&rsquo;attente. Vous aurez ensuite acc\u00e8s au cours en ligne.<\/li>\n<li>Le cours commence \u00e0 l&rsquo;heure pr\u00e9vue et se d\u00e9roule comme d&rsquo;habitude. Le cours se termine par un moment de repos ou de d\u00e9tente.<\/li>\n<li>Si vous n&rsquo;avez pas encore install\u00e9 ZOOM sur votre PC\/tablette\/t\u00e9l\u00e9phone, vous devrez le faire la premi\u00e8re fois. C&rsquo;est un processus tr\u00e8s simple, \u00e9tape par \u00e9tape.<\/li>\n<\/ul>\n<h2>Astuces suppl\u00e9mentaires<\/h2>\n<p style=\"text-align: left;\">\u00a0<a title=\"Le yoga en ligne \u00e0 domicile\" href=\"http:\/\/yogakitchen.be\/fr\/le-yoga-en-ligne-a-domicile\/\">Les meilleurs conseils pour votre exp\u00e9rience de yoga en ligne chez vous<\/a><\/p>\n<div class=\"yk-hoebetalen\">\n<h2>Vous souhaitez r\u00e9server un de nos cours?<\/h2>\n<p>Regardez notre offre et r\u00e9servez via les liens ci-dessous:<\/p>\n<p style=\"text-align: center;\"><a class=\"yk-red_btn\" title=\"R\u00e9servez un cours\" href=\"https:\/\/yogakitchen.be\/fr\/calendrier\/\">R\u00e9servez un cours de yoga<\/a><\/p>\n<p style=\"text-align: center;\"><a class=\"yk-blue_btn\" title=\"Cours de Yoga\" href=\"https:\/\/yogakitchen.be\/fr\/cours-de-yoga\/\">Regardez notre offre de cours de yoga<\/a><\/p>\n","protected":false},"excerpt":{"rendered":"<p>Pratiquer le yoga en cours collectif de chez soi La plupart de nos cours collectifs se poursuivent d\u00e9sormais en tant que cours HYBRIDE. Vous pouvez donc soit venir sur place, soit suivre le cours EN LIGNE EN DIRECT. C\u2019est le moment par excellence \u00e0 soutenir votre sant\u00e9. Pratiquer le Yoga vous rend plus fort et &hellip; <a href=\"https:\/\/yogakitchen.be\/fr\/cours-de-yoga-en-ligne\/\" class=\"more-link\">Continuer la lecture de <span class=\"screen-reader-text\">Cours de yoga en ligne<\/span> <span class=\"meta-nav\">&rarr;<\/span><\/a><\/p>\n","protected":false},"author":1,"featured_media":0,"parent":0,"menu_order":0,"comment_status":"closed","ping_status":"closed","template":"","meta":{"footnotes":""},"class_list":["post-16148","page","type-page","status-publish","hentry"],"_links":{"self":[{"href":"https:\/\/yogakitchen.be\/fr\/wp-json\/wp\/v2\/pages\/16148","targetHints":{"allow":["GET"]}}],"collection":[{"href":"https:\/\/yogakitchen.be\/fr\/wp-json\/wp\/v2\/pages"}],"about":[{"href":"https:\/\/yogakitchen.be\/fr\/wp-json\/wp\/v2\/types\/page"}],"author":[{"embeddable":true,"href":"https:\/\/yogakitchen.be\/fr\/wp-json\/wp\/v2\/users\/1"}],"replies":[{"embeddable":true,"href":"https:\/\/yogakitchen.be\/fr\/wp-json\/wp\/v2\/comments?post=16148"}],"version-history":[{"count":8,"href":"https:\/\/yogakitchen.be\/fr\/wp-json\/wp\/v2\/pages\/16148\/revisions"}],"predecessor-version":[{"id":17571,"href":"https:\/\/yogakitchen.be\/fr\/wp-json\/wp\/v2\/pages\/16148\/revisions\/17571"}],"wp:attachment":[{"href":"https:\/\/yogakitchen.be\/fr\/wp-json\/wp\/v2\/media?parent=16148"}],"curies":[{"name":"wp","href":"https:\/\/api.w.org\/{rel}","templated":true}]}}