{"id":16272,"date":"2020-06-17T08:25:46","date_gmt":"2020-06-17T08:25:46","guid":{"rendered":"http:\/\/yogakitchen.be\/fr\/?page_id=16272"},"modified":"2020-06-17T08:25:46","modified_gmt":"2020-06-17T08:25:46","slug":"covid-19","status":"publish","type":"page","link":"https:\/\/yogakitchen.be\/fr\/covid-19\/","title":{"rendered":"COVID-19"},"content":{"rendered":"<p>Depuis le 8 juin 2020, les cours collectifs en salle ont repris.<br \/>\nCependant, nous devons \u00eatre prudents et respecter les r\u00e8gles g\u00e9n\u00e9rales pour \u00e9viter une contamination par la coronavirus <strong>en utilisant le bon sens.<\/strong><\/p>\n<h3>Dispositions au studio:<\/h3>\n<ul>\n<li>En raison de la <strong>distance de s\u00e9curit\u00e9 de 1,5 m<\/strong>, un <strong>maximum de 6 participant.e.s<\/strong> par cours sont les bienvenu.e.s dans la salle.<\/li>\n<li>Les <strong>tapis de yoga du studio<\/strong> sont nettoy\u00e9s apr\u00e8s chaque cours. Le personnes qui pr\u00e9f\u00e8rent apporter <strong>leur propre tapis de yoga<\/strong> peuvent le faire.<\/li>\n<li>Il y aura suffisamment de <strong>savon liquide<\/strong> \u00e0 la salle de bains\/toilettes pour <strong>une bonne hygi\u00e8ne des mains<\/strong> \u00e0 la salle de bains.<\/li>\n<li>Nous tenons <strong>un registre des personnes pr\u00e9sentes<\/strong> et des dates de leur pr\u00e9sence.<\/li>\n<\/ul>\n<p>Toutefois, nous ne sommes pas favorables \u00e0 une d\u00e9sinfection syst\u00e9matique. Cela n&rsquo;est bon que pour les environnements o\u00f9 la st\u00e9rilit\u00e9 est utile (salles d&rsquo;op\u00e9ration), mais pas pour un environnement de vie normal.<br \/>\nC&rsquo;est pourquoi vous ne trouverez pas de gels alcoolis\u00e9s et autres d\u00e9sinfectants dans le studio.<\/p>\n<h3>Attentes de la part des participant.e.s:<\/h3>\n<ul>\n<li>R\u00e9servez votre cours suffisamment \u00e0 l&rsquo;avance <strong>(par e-mail, par le site web ou par SMS)<\/strong>, et <strong>annulez \u00e9galement \u00e0 temps<\/strong> en cas de force majeure (par SMS).<\/li>\n<li>Ne venez pas au cours de yoga si vous ne vous sentez pas bien.<\/li>\n<li>Si vous savez que vous \u00eates contamin\u00e9 par le virus ou une personne dans votre entourage, <strong>pr\u00e9venez-nous tout de suite<\/strong>. Nous ferons le n\u00e9cessaire de pr\u00e9venir tout un chacun qui fr\u00e9quente les cours collectifs au studio par la suite.<\/li>\n<\/ul>\n","protected":false},"excerpt":{"rendered":"<p>Depuis le 8 juin 2020, les cours collectifs en salle ont repris. Cependant, nous devons \u00eatre prudents et respecter les r\u00e8gles g\u00e9n\u00e9rales pour \u00e9viter une contamination par la coronavirus en utilisant le bon sens. Dispositions au studio: En raison de la distance de s\u00e9curit\u00e9 de 1,5 m, un maximum de 6 participant.e.s par cours sont &hellip; <a href=\"https:\/\/yogakitchen.be\/fr\/covid-19\/\" class=\"more-link\">Continuer la lecture de <span class=\"screen-reader-text\">COVID-19<\/span> <span class=\"meta-nav\">&rarr;<\/span><\/a><\/p>\n","protected":false},"author":1,"featured_media":0,"parent":0,"menu_order":0,"comment_status":"closed","ping_status":"closed","template":"","meta":{"footnotes":""},"class_list":["post-16272","page","type-page","status-publish","hentry"],"_links":{"self":[{"href":"https:\/\/yogakitchen.be\/fr\/wp-json\/wp\/v2\/pages\/16272","targetHints":{"allow":["GET"]}}],"collection":[{"href":"https:\/\/yogakitchen.be\/fr\/wp-json\/wp\/v2\/pages"}],"about":[{"href":"https:\/\/yogakitchen.be\/fr\/wp-json\/wp\/v2\/types\/page"}],"author":[{"embeddable":true,"href":"https:\/\/yogakitchen.be\/fr\/wp-json\/wp\/v2\/users\/1"}],"replies":[{"embeddable":true,"href":"https:\/\/yogakitchen.be\/fr\/wp-json\/wp\/v2\/comments?post=16272"}],"version-history":[{"count":1,"href":"https:\/\/yogakitchen.be\/fr\/wp-json\/wp\/v2\/pages\/16272\/revisions"}],"predecessor-version":[{"id":16273,"href":"https:\/\/yogakitchen.be\/fr\/wp-json\/wp\/v2\/pages\/16272\/revisions\/16273"}],"wp:attachment":[{"href":"https:\/\/yogakitchen.be\/fr\/wp-json\/wp\/v2\/media?parent=16272"}],"curies":[{"name":"wp","href":"https:\/\/api.w.org\/{rel}","templated":true}]}}