{"id":17159,"date":"2021-07-30T20:20:20","date_gmt":"2021-07-30T20:20:20","guid":{"rendered":"https:\/\/yogakitchen.be\/fr\/?page_id=17159"},"modified":"2023-04-11T00:25:14","modified_gmt":"2023-04-10T22:25:14","slug":"blog","status":"publish","type":"page","link":"https:\/\/yogakitchen.be\/fr\/blog\/","title":{"rendered":"Blog"},"content":{"rendered":"<div id=\"pl-17159\"  class=\"panel-layout\" ><div id=\"pg-17159-0\"  class=\"panel-grid panel-no-style\" ><div id=\"pgc-17159-0-0\"  class=\"panel-grid-cell\" ><div id=\"panel-17159-0-0-0\" class=\"so-panel widget widget_sow-post-carousel panel-first-child\" data-index=\"0\" ><div\n\t\t\t\n\t\t\tclass=\"so-widget-sow-post-carousel so-widget-sow-post-carousel-base-ad93eedad001-17159\"\n\t\t\t\n\t\t>\t<div\n\t\tclass=\"sow-post-carousel-wrapper sow-post-carousel-theme-base\"\n\t\tstyle=\"overflow: hidden; max-width: 100%; min-height: 182px\"\n\t>\n\t\t<div class=\"sow-carousel-title has-title\">\n\t<h3 class=\"widget-title\">Articles yoga<\/h3>\t\t<div class=\"sow-carousel-navigation \">\n\t\t\t\t\t\t<a href=\"#\" class=\"sow-carousel-next\" title=\"Suivant\" aria-label=\"Next Posts\" role=\"button\"><\/a>\n\t\t\t\t\t\t<a href=\"#\" class=\"sow-carousel-previous\" title=\"Pr\u00e9c\u00e9dent\" aria-label=\"Previous Posts\" role=\"button\"><\/a>\n\t\t\t\t\t<\/div>\n\t<\/div>\n\n<div class=\"sow-carousel-container \">\n\t\t<div class=\"sow-carousel-wrapper\"\n\t\tdata-dir=\"ltr\"\n\t\tstyle=\"opacity: 0;\"\n\t\tdata-widget=\"post\" data-fetching=\"false\" data-page=\"1\" data-ajax-url=\"https:\/\/yogakitchen.be\/fr\/wp-admin\/admin-ajax.php?_widgets_nonce=630e8cd9c9\" data-item_count=\"11\" data-carousel_settings=\"{&quot;loop&quot;:true,&quot;animation&quot;:&quot;Ease&quot;,&quot;animation_speed&quot;:400,&quot;autoplay&quot;:&quot;&quot;,&quot;pauseOnHover&quot;:&quot;&quot;,&quot;autoplaySpeed&quot;:8000,&quot;item_overflow&quot;:true,&quot;autoplay_continuous_scroll&quot;:false}\" data-responsive=\"{&quot;desktop_slides_to_scroll&quot;:1,&quot;tablet_landscape_breakpoint&quot;:1366,&quot;tablet_landscape_slides_to_scroll&quot;:2,&quot;tablet_portrait_breakpoint&quot;:1025,&quot;tablet_portrait_slides_to_scroll&quot;:2,&quot;mobile_breakpoint&quot;:480,&quot;mobile_slides_to_scroll&quot;:1}\" data-variable_width=\"true\" \t>\n\t\t<div\n\t\t\tclass=\"sow-carousel-items\"\n\t\t\t\t\t>\n\t\t\t\t<div class=\"sow-carousel-item\" tabindex=\"-1\" style=\"float: left;\">\n\t\t<div class=\"sow-carousel-thumbnail\">\n\t\t\t\t\t\t\t<a\n\t\t\t\t\thref=\"https:\/\/yogakitchen.be\/fr\/2023\/10\/11\/maitriser-la-surstimulation-grace-au-yoga\/\"\n\t\t\t\t\t\t\t\t\t\tstyle=\"background-image: url( https:\/\/yogakitchen.be\/fr\/wp-content\/uploads\/sites\/3\/2023\/10\/2023IBZ_02Alevc_1200_530-272x182.jpg )\"\n\t\t\t\t\taria-labelledby=\"sow-carousel-id-18813\"\n\t\t\t\t\ttabindex=\"-1\"\n\t\t\t\t>\n\t\t\t\t\t<span class=\"overlay\"><\/span>\n\t\t\t\t<\/a>\n\t\t\t\t\t<\/div>\n\t\t<h3 class=\"sow-carousel-item-title\">\n\t\t\t<a\n\t\t\t\thref=\"https:\/\/yogakitchen.be\/fr\/2023\/10\/11\/maitriser-la-surstimulation-grace-au-yoga\/\"\n\t\t\t\tid=\"sow-carousel-id-18813\"\n\t\t\t\t\t\t\t\ttabindex=\"-1\"\n\t\t\t>\n\n\t\t\t\tMa\u00eetriser la surstimulation gr\u00e2ce au yoga\t\t\t<\/a>\n\t\t<\/h3>\n\t<\/div>\n\t\t<div class=\"sow-carousel-item\" tabindex=\"-1\" style=\"float: left;\">\n\t\t<div class=\"sow-carousel-thumbnail\">\n\t\t\t\t\t\t\t<a\n\t\t\t\t\thref=\"https:\/\/yogakitchen.be\/fr\/2023\/09\/03\/chaque-erreur-est-un-cadeau\/\"\n\t\t\t\t\t\t\t\t\t\tstyle=\"background-image: url( https:\/\/yogakitchen.be\/fr\/wp-content\/uploads\/sites\/3\/2023\/09\/2023ErrorsArePerfect_1200_530-272x182.jpg )\"\n\t\t\t\t\taria-labelledby=\"sow-carousel-id-18772\"\n\t\t\t\t\ttabindex=\"-1\"\n\t\t\t\t>\n\t\t\t\t\t<span class=\"overlay\"><\/span>\n\t\t\t\t<\/a>\n\t\t\t\t\t<\/div>\n\t\t<h3 class=\"sow-carousel-item-title\">\n\t\t\t<a\n\t\t\t\thref=\"https:\/\/yogakitchen.be\/fr\/2023\/09\/03\/chaque-erreur-est-un-cadeau\/\"\n\t\t\t\tid=\"sow-carousel-id-18772\"\n\t\t\t\t\t\t\t\ttabindex=\"-1\"\n\t\t\t>\n\n\t\t\t\tChaque erreur est un cadeau\t\t\t<\/a>\n\t\t<\/h3>\n\t<\/div>\n\t\t<div class=\"sow-carousel-item\" tabindex=\"-1\" style=\"float: left;\">\n\t\t<div class=\"sow-carousel-thumbnail\">\n\t\t\t\t\t\t\t<a\n\t\t\t\t\thref=\"https:\/\/yogakitchen.be\/fr\/2023\/08\/11\/intention\/\"\n\t\t\t\t\t\t\t\t\t\tstyle=\"background-image: url( https:\/\/yogakitchen.be\/fr\/wp-content\/uploads\/sites\/3\/2023\/08\/2023Intentie_1200_530-272x182.jpg )\"\n\t\t\t\t\taria-labelledby=\"sow-carousel-id-18639\"\n\t\t\t\t\ttabindex=\"-1\"\n\t\t\t\t>\n\t\t\t\t\t<span class=\"overlay\"><\/span>\n\t\t\t\t<\/a>\n\t\t\t\t\t<\/div>\n\t\t<h3 class=\"sow-carousel-item-title\">\n\t\t\t<a\n\t\t\t\thref=\"https:\/\/yogakitchen.be\/fr\/2023\/08\/11\/intention\/\"\n\t\t\t\tid=\"sow-carousel-id-18639\"\n\t\t\t\t\t\t\t\ttabindex=\"-1\"\n\t\t\t>\n\n\t\t\t\tL\u2019intention vaut bien plus que les r\u00e9sultats\t\t\t<\/a>\n\t\t<\/h3>\n\t<\/div>\n\t\t<div class=\"sow-carousel-item\" tabindex=\"-1\" style=\"float: left;\">\n\t\t<div class=\"sow-carousel-thumbnail\">\n\t\t\t\t\t\t\t<a\n\t\t\t\t\thref=\"https:\/\/yogakitchen.be\/fr\/2023\/08\/11\/observateur\/\"\n\t\t\t\t\t\t\t\t\t\tstyle=\"background-image: url( https:\/\/yogakitchen.be\/fr\/wp-content\/uploads\/sites\/3\/2023\/08\/2023Observatie_1200_530-272x182.jpg )\"\n\t\t\t\t\taria-labelledby=\"sow-carousel-id-18635\"\n\t\t\t\t\ttabindex=\"-1\"\n\t\t\t\t>\n\t\t\t\t\t<span class=\"overlay\"><\/span>\n\t\t\t\t<\/a>\n\t\t\t\t\t<\/div>\n\t\t<h3 class=\"sow-carousel-item-title\">\n\t\t\t<a\n\t\t\t\thref=\"https:\/\/yogakitchen.be\/fr\/2023\/08\/11\/observateur\/\"\n\t\t\t\tid=\"sow-carousel-id-18635\"\n\t\t\t\t\t\t\t\ttabindex=\"-1\"\n\t\t\t>\n\n\t\t\t\tR\u00e9veillez l\u2019observateur en vous\t\t\t<\/a>\n\t\t<\/h3>\n\t<\/div>\n\t\t<div class=\"sow-carousel-item\" tabindex=\"-1\" style=\"float: left;\">\n\t\t<div class=\"sow-carousel-thumbnail\">\n\t\t\t\t\t\t\t<a\n\t\t\t\t\thref=\"https:\/\/yogakitchen.be\/fr\/2022\/12\/28\/pourquoi-108\/\"\n\t\t\t\t\t\t\t\t\t\tstyle=\"background-image: url( https:\/\/yogakitchen.be\/fr\/wp-content\/uploads\/sites\/3\/2022\/12\/Why108_01BIS_1200_530-272x182.jpg )\"\n\t\t\t\t\taria-labelledby=\"sow-carousel-id-18215\"\n\t\t\t\t\ttabindex=\"-1\"\n\t\t\t\t>\n\t\t\t\t\t<span class=\"overlay\"><\/span>\n\t\t\t\t<\/a>\n\t\t\t\t\t<\/div>\n\t\t<h3 class=\"sow-carousel-item-title\">\n\t\t\t<a\n\t\t\t\thref=\"https:\/\/yogakitchen.be\/fr\/2022\/12\/28\/pourquoi-108\/\"\n\t\t\t\tid=\"sow-carousel-id-18215\"\n\t\t\t\t\t\t\t\ttabindex=\"-1\"\n\t\t\t>\n\n\t\t\t\tPourquoi 108 ?\t\t\t<\/a>\n\t\t<\/h3>\n\t<\/div>\n\t\t\t<\/div>\n\t\t\t<\/div>\n\n\t<\/div>\n\t\t<input type=\"hidden\" name=\"instance_hash\" value=\"564efcab\"\/>\n\t<\/div>\n<\/div><\/div><div id=\"panel-17159-0-0-1\" class=\"so-panel widget widget_sow-post-carousel\" data-index=\"1\" ><div\n\t\t\t\n\t\t\tclass=\"so-widget-sow-post-carousel so-widget-sow-post-carousel-base-ad93eedad001-18215\"\n\t\t\t\n\t\t>\t<div\n\t\tclass=\"sow-post-carousel-wrapper sow-post-carousel-theme-base\"\n\t\tstyle=\"overflow: hidden; max-width: 100%; min-height: 182px\"\n\t>\n\t\t<div class=\"sow-carousel-title has-title\">\n\t<h3 class=\"widget-title\">Articles alimentation v\u00e9g\u00e9tale<\/h3>\t\t<div class=\"sow-carousel-navigation \">\n\t\t\t\t\t\t<a href=\"#\" class=\"sow-carousel-next\" title=\"Suivant\" aria-label=\"Next Posts\" role=\"button\"><\/a>\n\t\t\t\t\t\t<a href=\"#\" class=\"sow-carousel-previous\" title=\"Pr\u00e9c\u00e9dent\" aria-label=\"Previous Posts\" role=\"button\"><\/a>\n\t\t\t\t\t<\/div>\n\t<\/div>\n\n<div class=\"sow-carousel-container \">\n\t\t<div class=\"sow-carousel-wrapper\"\n\t\tdata-dir=\"ltr\"\n\t\tstyle=\"opacity: 0;\"\n\t\tdata-widget=\"post\" data-fetching=\"false\" data-page=\"1\" data-ajax-url=\"https:\/\/yogakitchen.be\/fr\/wp-admin\/admin-ajax.php?_widgets_nonce=630e8cd9c9\" data-item_count=\"36\" data-carousel_settings=\"{&quot;loop&quot;:true,&quot;animation&quot;:&quot;Ease&quot;,&quot;animation_speed&quot;:400,&quot;autoplay&quot;:&quot;&quot;,&quot;pauseOnHover&quot;:&quot;&quot;,&quot;autoplaySpeed&quot;:8000,&quot;item_overflow&quot;:true,&quot;autoplay_continuous_scroll&quot;:false}\" data-responsive=\"{&quot;desktop_slides_to_scroll&quot;:1,&quot;tablet_landscape_breakpoint&quot;:1366,&quot;tablet_landscape_slides_to_scroll&quot;:2,&quot;tablet_portrait_breakpoint&quot;:1025,&quot;tablet_portrait_slides_to_scroll&quot;:2,&quot;mobile_breakpoint&quot;:480,&quot;mobile_slides_to_scroll&quot;:1}\" data-variable_width=\"true\" \t>\n\t\t<div\n\t\t\tclass=\"sow-carousel-items\"\n\t\t\t\t\t>\n\t\t\t\t<div class=\"sow-carousel-item\" tabindex=\"-1\" style=\"float: left;\">\n\t\t<div class=\"sow-carousel-thumbnail\">\n\t\t\t\t\t\t\t<a\n\t\t\t\t\thref=\"https:\/\/yogakitchen.be\/fr\/2026\/04\/15\/boules-de-noix-gout-speculoos\/\"\n\t\t\t\t\t\t\t\t\t\tstyle=\"background-image: url( https:\/\/yogakitchen.be\/fr\/wp-content\/uploads\/sites\/3\/2026\/04\/IMGP9948Speculaasb_1200_530-272x182.jpg )\"\n\t\t\t\t\taria-labelledby=\"sow-carousel-id-20816\"\n\t\t\t\t\ttabindex=\"-1\"\n\t\t\t\t>\n\t\t\t\t\t<span class=\"overlay\"><\/span>\n\t\t\t\t<\/a>\n\t\t\t\t\t<\/div>\n\t\t<h3 class=\"sow-carousel-item-title\">\n\t\t\t<a\n\t\t\t\thref=\"https:\/\/yogakitchen.be\/fr\/2026\/04\/15\/boules-de-noix-gout-speculoos\/\"\n\t\t\t\tid=\"sow-carousel-id-20816\"\n\t\t\t\t\t\t\t\ttabindex=\"-1\"\n\t\t\t>\n\n\t\t\t\tBoules de noix go\u00fbt sp\u00e9culoos\t\t\t<\/a>\n\t\t<\/h3>\n\t<\/div>\n\t\t<div class=\"sow-carousel-item\" tabindex=\"-1\" style=\"float: left;\">\n\t\t<div class=\"sow-carousel-thumbnail\">\n\t\t\t\t\t\t\t<a\n\t\t\t\t\thref=\"https:\/\/yogakitchen.be\/fr\/2026\/03\/13\/gateau-au-chocolat-aux-legumes-a-feuilles-vertes\/\"\n\t\t\t\t\t\t\t\t\t\tstyle=\"background-image: url( https:\/\/yogakitchen.be\/fr\/wp-content\/uploads\/sites\/3\/2026\/03\/IMGP9884Paksoic_1200_530-272x182.jpg )\"\n\t\t\t\t\taria-labelledby=\"sow-carousel-id-20795\"\n\t\t\t\t\ttabindex=\"-1\"\n\t\t\t\t>\n\t\t\t\t\t<span class=\"overlay\"><\/span>\n\t\t\t\t<\/a>\n\t\t\t\t\t<\/div>\n\t\t<h3 class=\"sow-carousel-item-title\">\n\t\t\t<a\n\t\t\t\thref=\"https:\/\/yogakitchen.be\/fr\/2026\/03\/13\/gateau-au-chocolat-aux-legumes-a-feuilles-vertes\/\"\n\t\t\t\tid=\"sow-carousel-id-20795\"\n\t\t\t\t\t\t\t\ttabindex=\"-1\"\n\t\t\t>\n\n\t\t\t\tG\u00e2teau au chocolat aux l\u00e9gumes \u00e0 feuilles vertes\t\t\t<\/a>\n\t\t<\/h3>\n\t<\/div>\n\t\t<div class=\"sow-carousel-item\" tabindex=\"-1\" style=\"float: left;\">\n\t\t<div class=\"sow-carousel-thumbnail\">\n\t\t\t\t\t\t\t<a\n\t\t\t\t\thref=\"https:\/\/yogakitchen.be\/fr\/2025\/10\/23\/soupe-aux-legumes-et-lentilles\/\"\n\t\t\t\t\t\t\t\t\t\tstyle=\"background-image: url( https:\/\/yogakitchen.be\/fr\/wp-content\/uploads\/sites\/3\/2025\/10\/20250903_Linzensoep_1200_530-272x182.jpg )\"\n\t\t\t\t\taria-labelledby=\"sow-carousel-id-20401\"\n\t\t\t\t\ttabindex=\"-1\"\n\t\t\t\t>\n\t\t\t\t\t<span class=\"overlay\"><\/span>\n\t\t\t\t<\/a>\n\t\t\t\t\t<\/div>\n\t\t<h3 class=\"sow-carousel-item-title\">\n\t\t\t<a\n\t\t\t\thref=\"https:\/\/yogakitchen.be\/fr\/2025\/10\/23\/soupe-aux-legumes-et-lentilles\/\"\n\t\t\t\tid=\"sow-carousel-id-20401\"\n\t\t\t\t\t\t\t\ttabindex=\"-1\"\n\t\t\t>\n\n\t\t\t\tSoupe aux l\u00e9gumes et lentilles\t\t\t<\/a>\n\t\t<\/h3>\n\t<\/div>\n\t\t<div class=\"sow-carousel-item\" tabindex=\"-1\" style=\"float: left;\">\n\t\t<div class=\"sow-carousel-thumbnail\">\n\t\t\t\t\t\t\t<a\n\t\t\t\t\thref=\"https:\/\/yogakitchen.be\/fr\/2025\/05\/14\/pudding-au-pain-vegetal\/\"\n\t\t\t\t\t\t\t\t\t\tstyle=\"background-image: url( https:\/\/yogakitchen.be\/fr\/wp-content\/uploads\/sites\/3\/2025\/05\/IMGP9562BreadPuddingAcolcon_1200_530-272x182.jpg )\"\n\t\t\t\t\taria-labelledby=\"sow-carousel-id-20257\"\n\t\t\t\t\ttabindex=\"-1\"\n\t\t\t\t>\n\t\t\t\t\t<span class=\"overlay\"><\/span>\n\t\t\t\t<\/a>\n\t\t\t\t\t<\/div>\n\t\t<h3 class=\"sow-carousel-item-title\">\n\t\t\t<a\n\t\t\t\thref=\"https:\/\/yogakitchen.be\/fr\/2025\/05\/14\/pudding-au-pain-vegetal\/\"\n\t\t\t\tid=\"sow-carousel-id-20257\"\n\t\t\t\t\t\t\t\ttabindex=\"-1\"\n\t\t\t>\n\n\t\t\t\tPudding au pain v\u00e9g\u00e9tal\t\t\t<\/a>\n\t\t<\/h3>\n\t<\/div>\n\t\t<div class=\"sow-carousel-item\" tabindex=\"-1\" style=\"float: left;\">\n\t\t<div class=\"sow-carousel-thumbnail\">\n\t\t\t\t\t\t\t<a\n\t\t\t\t\thref=\"https:\/\/yogakitchen.be\/fr\/2025\/05\/12\/du-tofu-marine-au-gout-de-poisson\/\"\n\t\t\t\t\t\t\t\t\t\tstyle=\"background-image: url( https:\/\/yogakitchen.be\/fr\/wp-content\/uploads\/sites\/3\/2025\/05\/20250413_110424FishyTofuRet_1200_530-272x182.jpg )\"\n\t\t\t\t\taria-labelledby=\"sow-carousel-id-20241\"\n\t\t\t\t\ttabindex=\"-1\"\n\t\t\t\t>\n\t\t\t\t\t<span class=\"overlay\"><\/span>\n\t\t\t\t<\/a>\n\t\t\t\t\t<\/div>\n\t\t<h3 class=\"sow-carousel-item-title\">\n\t\t\t<a\n\t\t\t\thref=\"https:\/\/yogakitchen.be\/fr\/2025\/05\/12\/du-tofu-marine-au-gout-de-poisson\/\"\n\t\t\t\tid=\"sow-carousel-id-20241\"\n\t\t\t\t\t\t\t\ttabindex=\"-1\"\n\t\t\t>\n\n\t\t\t\tDu tofu marin\u00e9 au go\u00fbt de poisson\t\t\t<\/a>\n\t\t<\/h3>\n\t<\/div>\n\t\t\t<\/div>\n\t\t\t<\/div>\n\n\t<\/div>\n\t\t<input type=\"hidden\" name=\"instance_hash\" value=\"7e68fb51\"\/>\n\t<\/div>\n<\/div><\/div><div id=\"panel-17159-0-0-2\" class=\"so-panel widget widget_sow-post-carousel panel-last-child\" data-index=\"2\" ><div\n\t\t\t\n\t\t\tclass=\"so-widget-sow-post-carousel so-widget-sow-post-carousel-base-ad93eedad001-20241\"\n\t\t\t\n\t\t>\t<div\n\t\tclass=\"sow-post-carousel-wrapper sow-post-carousel-theme-base\"\n\t\tstyle=\"overflow: hidden; max-width: 100%; min-height: 182px\"\n\t>\n\t\t<div class=\"sow-carousel-title has-title\">\n\t<h3 class=\"widget-title\">Articles sant\u00e9<\/h3>\t\t<div class=\"sow-carousel-navigation \">\n\t\t\t\t\t\t<a href=\"#\" class=\"sow-carousel-next\" title=\"Suivant\" aria-label=\"Next Posts\" role=\"button\"><\/a>\n\t\t\t\t\t\t<a href=\"#\" class=\"sow-carousel-previous\" title=\"Pr\u00e9c\u00e9dent\" aria-label=\"Previous Posts\" role=\"button\"><\/a>\n\t\t\t\t\t<\/div>\n\t<\/div>\n\n<div class=\"sow-carousel-container \">\n\t\t<div class=\"sow-carousel-wrapper\"\n\t\tdata-dir=\"ltr\"\n\t\tstyle=\"opacity: 0;\"\n\t\tdata-widget=\"post\" data-fetching=\"false\" data-page=\"1\" data-ajax-url=\"https:\/\/yogakitchen.be\/fr\/wp-admin\/admin-ajax.php?_widgets_nonce=630e8cd9c9\" data-item_count=\"3\" data-carousel_settings=\"{&quot;loop&quot;:true,&quot;animation&quot;:&quot;Ease&quot;,&quot;animation_speed&quot;:400,&quot;autoplay&quot;:&quot;&quot;,&quot;pauseOnHover&quot;:&quot;&quot;,&quot;autoplaySpeed&quot;:8000,&quot;item_overflow&quot;:true,&quot;autoplay_continuous_scroll&quot;:false}\" data-responsive=\"{&quot;desktop_slides_to_scroll&quot;:1,&quot;tablet_landscape_breakpoint&quot;:1366,&quot;tablet_landscape_slides_to_scroll&quot;:2,&quot;tablet_portrait_breakpoint&quot;:1025,&quot;tablet_portrait_slides_to_scroll&quot;:2,&quot;mobile_breakpoint&quot;:480,&quot;mobile_slides_to_scroll&quot;:1}\" data-variable_width=\"true\" \t>\n\t\t<div\n\t\t\tclass=\"sow-carousel-items\"\n\t\t\t\t\t>\n\t\t\t\t<div class=\"sow-carousel-item\" tabindex=\"-1\" style=\"float: left;\">\n\t\t<div class=\"sow-carousel-thumbnail\">\n\t\t\t\t\t\t\t<a\n\t\t\t\t\thref=\"https:\/\/yogakitchen.be\/fr\/2022\/05\/07\/flore-intestinale\/\"\n\t\t\t\t\t\t\t\t\t\tstyle=\"background-image: url( https:\/\/yogakitchen.be\/fr\/wp-content\/uploads\/sites\/3\/2022\/05\/2022Aquakefir_1200_530-272x182.jpg )\"\n\t\t\t\t\taria-labelledby=\"sow-carousel-id-14677\"\n\t\t\t\t\ttabindex=\"-1\"\n\t\t\t\t>\n\t\t\t\t\t<span class=\"overlay\"><\/span>\n\t\t\t\t<\/a>\n\t\t\t\t\t<\/div>\n\t\t<h3 class=\"sow-carousel-item-title\">\n\t\t\t<a\n\t\t\t\thref=\"https:\/\/yogakitchen.be\/fr\/2022\/05\/07\/flore-intestinale\/\"\n\t\t\t\tid=\"sow-carousel-id-14677\"\n\t\t\t\t\t\t\t\ttabindex=\"-1\"\n\t\t\t>\n\n\t\t\t\tSoutenez votre flore intestinale\t\t\t<\/a>\n\t\t<\/h3>\n\t<\/div>\n\t\t<div class=\"sow-carousel-item\" tabindex=\"-1\" style=\"float: left;\">\n\t\t<div class=\"sow-carousel-thumbnail\">\n\t\t\t\t\t\t\t<a\n\t\t\t\t\thref=\"https:\/\/yogakitchen.be\/fr\/2021\/11\/13\/le-yoga-du-dos\/\"\n\t\t\t\t\t\t\t\t\t\tstyle=\"background-image: url( https:\/\/yogakitchen.be\/fr\/wp-content\/uploads\/sites\/3\/2021\/11\/IMGP7188HalfBridge_1200_530-272x182.jpg )\"\n\t\t\t\t\taria-labelledby=\"sow-carousel-id-17253\"\n\t\t\t\t\ttabindex=\"-1\"\n\t\t\t\t>\n\t\t\t\t\t<span class=\"overlay\"><\/span>\n\t\t\t\t<\/a>\n\t\t\t\t\t<\/div>\n\t\t<h3 class=\"sow-carousel-item-title\">\n\t\t\t<a\n\t\t\t\thref=\"https:\/\/yogakitchen.be\/fr\/2021\/11\/13\/le-yoga-du-dos\/\"\n\t\t\t\tid=\"sow-carousel-id-17253\"\n\t\t\t\t\t\t\t\ttabindex=\"-1\"\n\t\t\t>\n\n\t\t\t\tLe yoga du dos\t\t\t<\/a>\n\t\t<\/h3>\n\t<\/div>\n\t\t<div class=\"sow-carousel-item\" tabindex=\"-1\" style=\"float: left;\">\n\t\t<div class=\"sow-carousel-thumbnail\">\n\t\t\t\t\t\t\t<a\n\t\t\t\t\thref=\"https:\/\/yogakitchen.be\/fr\/2021\/04\/30\/notre-vraie-maison\/\"\n\t\t\t\t\t\t\t\t\t\tstyle=\"background-image: url( https:\/\/yogakitchen.be\/fr\/wp-content\/uploads\/sites\/3\/2021\/04\/IMGP6526RowTheBoat_Alevc_1200_675-272x182.jpg )\"\n\t\t\t\t\taria-labelledby=\"sow-carousel-id-16892\"\n\t\t\t\t\ttabindex=\"-1\"\n\t\t\t\t>\n\t\t\t\t\t<span class=\"overlay\"><\/span>\n\t\t\t\t<\/a>\n\t\t\t\t\t<\/div>\n\t\t<h3 class=\"sow-carousel-item-title\">\n\t\t\t<a\n\t\t\t\thref=\"https:\/\/yogakitchen.be\/fr\/2021\/04\/30\/notre-vraie-maison\/\"\n\t\t\t\tid=\"sow-carousel-id-16892\"\n\t\t\t\t\t\t\t\ttabindex=\"-1\"\n\t\t\t>\n\n\t\t\t\tNotre vraie maison\t\t\t<\/a>\n\t\t<\/h3>\n\t<\/div>\n\t\t\t<\/div>\n\t\t\t<\/div>\n\n\t<\/div>\n\t\t<input type=\"hidden\" name=\"instance_hash\" value=\"04b54f47\"\/>\n\t<\/div>\n<\/div><\/div><\/div><\/div><\/div>","protected":false},"excerpt":{"rendered":"<p>Articles yoga Ma\u00eetriser la surstimulation gr\u00e2ce au yoga Chaque erreur est un cadeau L\u2019intention vaut bien plus que les r\u00e9sultats R\u00e9veillez l\u2019observateur en vous Pourquoi 108 ? Articles alimentation v\u00e9g\u00e9tale Boules de noix go\u00fbt sp\u00e9culoos G\u00e2teau au chocolat aux l\u00e9gumes \u00e0 feuilles vertes Soupe aux l\u00e9gumes et lentilles Pudding au pain v\u00e9g\u00e9tal Du tofu marin\u00e9 &hellip; <a href=\"https:\/\/yogakitchen.be\/fr\/blog\/\" class=\"more-link\">Continuer la lecture de <span class=\"screen-reader-text\">Blog<\/span> <span class=\"meta-nav\">&rarr;<\/span><\/a><\/p>\n","protected":false},"author":1,"featured_media":0,"parent":0,"menu_order":0,"comment_status":"closed","ping_status":"closed","template":"","meta":{"footnotes":""},"class_list":["post-17159","page","type-page","status-publish","hentry"],"_links":{"self":[{"href":"https:\/\/yogakitchen.be\/fr\/wp-json\/wp\/v2\/pages\/17159","targetHints":{"allow":["GET"]}}],"collection":[{"href":"https:\/\/yogakitchen.be\/fr\/wp-json\/wp\/v2\/pages"}],"about":[{"href":"https:\/\/yogakitchen.be\/fr\/wp-json\/wp\/v2\/types\/page"}],"author":[{"embeddable":true,"href":"https:\/\/yogakitchen.be\/fr\/wp-json\/wp\/v2\/users\/1"}],"replies":[{"embeddable":true,"href":"https:\/\/yogakitchen.be\/fr\/wp-json\/wp\/v2\/comments?post=17159"}],"version-history":[{"count":8,"href":"https:\/\/yogakitchen.be\/fr\/wp-json\/wp\/v2\/pages\/17159\/revisions"}],"predecessor-version":[{"id":18316,"href":"https:\/\/yogakitchen.be\/fr\/wp-json\/wp\/v2\/pages\/17159\/revisions\/18316"}],"wp:attachment":[{"href":"https:\/\/yogakitchen.be\/fr\/wp-json\/wp\/v2\/media?parent=17159"}],"curies":[{"name":"wp","href":"https:\/\/api.w.org\/{rel}","templated":true}]}}