{"id":17207,"date":"2021-09-15T14:10:15","date_gmt":"2021-09-15T14:10:15","guid":{"rendered":"https:\/\/yogakitchen.be\/fr\/?page_id=17207"},"modified":"2025-07-15T14:38:00","modified_gmt":"2025-07-15T12:38:00","slug":"video","status":"publish","type":"page","link":"https:\/\/yogakitchen.be\/fr\/video\/","title":{"rendered":"Vid\u00e9o"},"content":{"rendered":"<div id=\"pl-17207\"  class=\"panel-layout\" ><div id=\"pg-17207-0\"  class=\"panel-grid panel-no-style\" ><div id=\"pgc-17207-0-0\"  class=\"panel-grid-cell\" ><div id=\"panel-17207-0-0-0\" class=\"so-panel widget widget_text panel-first-child panel-last-child\" data-index=\"0\" ><h3 class=\"widget-title\">Contenu vid\u00e9o gratuit<\/h3>\t\t\t<div class=\"textwidget\"><p>Voici une s\u00e9lection de mes vid\u00e9os gratuits sur YouTube au sujet du yoga.<br \/>\nLa vid\u00e9o la plus r\u00e9cente se trouve affich\u00e9e ici en premi\u00e8re.<br \/>\nPar la suite, les vid\u00e9os sont affich\u00e9es par ordre chronologique.<\/p>\n<\/div>\n\t\t<\/div><\/div><\/div><div id=\"pg-17207-1\"  class=\"panel-grid panel-has-style\" ><div class=\"panel-row-style panel-row-style-for-17207-1\" ><div id=\"pgc-17207-1-0\"  class=\"panel-grid-cell\" ><div id=\"panel-17207-1-0-0\" class=\"so-panel widget widget_media_video panel-first-child panel-last-child\" data-index=\"1\" ><h3 class=\"widget-title\">Session activante 25 minutes<\/h3><div style=\"width:100%;\" class=\"wp-video\"><video class=\"wp-video-shortcode\" id=\"video-17207-1\" preload=\"metadata\" controls=\"controls\"><source type=\"video\/youtube\" src=\"https:\/\/youtu.be\/DYwo3HChcrk?_=1\" \/><a href=\"https:\/\/youtu.be\/DYwo3HChcrk\">https:\/\/youtu.be\/DYwo3HChcrk<\/a><\/video><\/div><\/div><\/div><\/div><\/div><div id=\"pg-17207-2\"  class=\"panel-grid panel-no-style\" ><div id=\"pgc-17207-2-0\"  class=\"panel-grid-cell\" ><div id=\"panel-17207-2-0-0\" class=\"so-panel widget widget_media_video panel-first-child panel-last-child\" data-index=\"2\" ><h3 class=\"widget-title\">La pr\u00e9sence est essentielle<\/h3><div style=\"width:100%;\" class=\"wp-video\"><video class=\"wp-video-shortcode\" id=\"video-17207-2\" preload=\"metadata\" controls=\"controls\"><source type=\"video\/youtube\" src=\"https:\/\/youtu.be\/Alhj6YRGXgk?_=2\" \/><a href=\"https:\/\/youtu.be\/Alhj6YRGXgk\">https:\/\/youtu.be\/Alhj6YRGXgk<\/a><\/video><\/div><\/div><\/div><div id=\"pgc-17207-2-1\"  class=\"panel-grid-cell\" ><div id=\"panel-17207-2-1-0\" class=\"so-panel widget widget_media_video panel-first-child panel-last-child\" data-index=\"3\" ><h3 class=\"widget-title\">La respiration fait toute la diff\u00e9rence<\/h3><div style=\"width:100%;\" class=\"wp-video\"><video class=\"wp-video-shortcode\" id=\"video-17207-3\" preload=\"metadata\" controls=\"controls\"><source type=\"video\/youtube\" src=\"https:\/\/youtu.be\/aavZx_zS8eo?_=3\" \/><a href=\"https:\/\/youtu.be\/aavZx_zS8eo\">https:\/\/youtu.be\/aavZx_zS8eo<\/a><\/video><\/div><\/div><\/div><\/div><div id=\"pg-17207-3\"  class=\"panel-grid panel-no-style\" ><div id=\"pgc-17207-3-0\"  class=\"panel-grid-cell\" ><div id=\"panel-17207-3-0-0\" class=\"so-panel widget widget_media_video panel-first-child panel-last-child\" data-index=\"4\" ><h3 class=\"widget-title\">Posture et respiration<\/h3><div style=\"width:100%;\" class=\"wp-video\"><video class=\"wp-video-shortcode\" id=\"video-17207-4\" preload=\"metadata\" controls=\"controls\"><source type=\"video\/youtube\" src=\"https:\/\/youtu.be\/rrce-2crmYg?_=4\" \/><a href=\"https:\/\/youtu.be\/rrce-2crmYg\">https:\/\/youtu.be\/rrce-2crmYg<\/a><\/video><\/div><\/div><\/div><div id=\"pgc-17207-3-1\"  class=\"panel-grid-cell\" ><div id=\"panel-17207-3-1-0\" class=\"so-panel widget widget_media_video panel-first-child panel-last-child\" data-index=\"5\" ><h3 class=\"widget-title\">La connexion posture &#8211; respiration<\/h3><div style=\"width:100%;\" class=\"wp-video\"><video class=\"wp-video-shortcode\" id=\"video-17207-5\" preload=\"metadata\" controls=\"controls\"><source type=\"video\/youtube\" src=\"https:\/\/youtu.be\/zY2O0zgj4EQ?_=5\" \/><a href=\"https:\/\/youtu.be\/zY2O0zgj4EQ\">https:\/\/youtu.be\/zY2O0zgj4EQ<\/a><\/video><\/div><\/div><\/div><\/div><div id=\"pg-17207-4\"  class=\"panel-grid panel-no-style\" ><div id=\"pgc-17207-4-0\"  class=\"panel-grid-cell\" ><div id=\"panel-17207-4-0-0\" class=\"so-panel widget widget_media_video panel-first-child panel-last-child\" data-index=\"6\" ><h3 class=\"widget-title\">La respiration oc\u00e9anique ou Ujjayi<\/h3><div style=\"width:100%;\" class=\"wp-video\"><video class=\"wp-video-shortcode\" id=\"video-17207-6\" preload=\"metadata\" controls=\"controls\"><source type=\"video\/youtube\" src=\"https:\/\/youtu.be\/KLJ-6oCg-_Y?_=6\" \/><a href=\"https:\/\/youtu.be\/KLJ-6oCg-_Y\">https:\/\/youtu.be\/KLJ-6oCg-_Y<\/a><\/video><\/div><\/div><\/div><div id=\"pgc-17207-4-1\"  class=\"panel-grid-cell\" ><div id=\"panel-17207-4-1-0\" class=\"so-panel widget widget_media_video panel-first-child panel-last-child\" data-index=\"7\" ><h3 class=\"widget-title\">Le yoga au sein de l&rsquo;entreprise<\/h3><div style=\"width:100%;\" class=\"wp-video\"><video class=\"wp-video-shortcode\" id=\"video-17207-7\" preload=\"metadata\" controls=\"controls\"><source type=\"video\/youtube\" src=\"https:\/\/youtu.be\/uG0UOknlJcI?_=7\" \/><a href=\"https:\/\/youtu.be\/uG0UOknlJcI\">https:\/\/youtu.be\/uG0UOknlJcI<\/a><\/video><\/div><\/div><\/div><\/div><div id=\"pg-17207-5\"  class=\"panel-grid panel-no-style\" ><div id=\"pgc-17207-5-0\"  class=\"panel-grid-cell\" ><div id=\"panel-17207-5-0-0\" class=\"so-panel widget widget_media_video panel-first-child panel-last-child\" data-index=\"8\" ><h3 class=\"widget-title\">20 minutes de yoga pour le r\u00e9veil<\/h3><div style=\"width:100%;\" class=\"wp-video\"><video class=\"wp-video-shortcode\" id=\"video-17207-8\" preload=\"metadata\" controls=\"controls\"><source type=\"video\/youtube\" src=\"https:\/\/youtu.be\/XvdS_EHXhS0?_=8\" \/><a href=\"https:\/\/youtu.be\/XvdS_EHXhS0\">https:\/\/youtu.be\/XvdS_EHXhS0<\/a><\/video><\/div><\/div><\/div><div id=\"pgc-17207-5-1\"  class=\"panel-grid-cell\" ><div id=\"panel-17207-5-1-0\" class=\"so-panel widget widget_media_video panel-first-child panel-last-child\" data-index=\"9\" ><h3 class=\"widget-title\">20 minutes de yoga en soir\u00e9e<\/h3><div style=\"width:100%;\" class=\"wp-video\"><video class=\"wp-video-shortcode\" id=\"video-17207-9\" preload=\"metadata\" controls=\"controls\"><source type=\"video\/youtube\" src=\"https:\/\/youtu.be\/iNxAnwhOU08?_=9\" \/><a href=\"https:\/\/youtu.be\/iNxAnwhOU08\">https:\/\/youtu.be\/iNxAnwhOU08<\/a><\/video><\/div><\/div><\/div><\/div><div id=\"pg-17207-6\"  class=\"panel-grid panel-no-style\" ><div id=\"pgc-17207-6-0\"  class=\"panel-grid-cell\" ><div id=\"panel-17207-6-0-0\" class=\"so-panel widget widget_media_video panel-first-child panel-last-child\" data-index=\"10\" ><h3 class=\"widget-title\">Deux sessions, cinq fonctions<\/h3><div style=\"width:100%;\" class=\"wp-video\"><video class=\"wp-video-shortcode\" id=\"video-17207-10\" preload=\"metadata\" controls=\"controls\"><source type=\"video\/youtube\" src=\"https:\/\/youtu.be\/p1tu70a6-WA?_=10\" \/><a href=\"https:\/\/youtu.be\/p1tu70a6-WA\">https:\/\/youtu.be\/p1tu70a6-WA<\/a><\/video><\/div><\/div><\/div><div id=\"pgc-17207-6-1\"  class=\"panel-grid-cell\" ><div id=\"panel-17207-6-1-0\" class=\"so-panel widget widget_media_video panel-first-child panel-last-child\" data-index=\"11\" ><h3 class=\"widget-title\">1 heure de yoga pour la fin d&rsquo;ann\u00e9e<\/h3><div style=\"width:100%;\" class=\"wp-video\"><video class=\"wp-video-shortcode\" id=\"video-17207-11\" preload=\"metadata\" controls=\"controls\"><source type=\"video\/youtube\" src=\"https:\/\/youtu.be\/AMAqYOLgqvg?_=11\" \/><a href=\"https:\/\/youtu.be\/AMAqYOLgqvg\">https:\/\/youtu.be\/AMAqYOLgqvg<\/a><\/video><\/div><\/div><\/div><\/div><div id=\"pg-17207-7\"  class=\"panel-grid panel-has-style\" ><div class=\"panel-row-style panel-row-style-for-17207-7\" ><div id=\"pgc-17207-7-0\"  class=\"panel-grid-cell\" ><div id=\"panel-17207-7-0-0\" class=\"so-panel widget widget_media_video panel-first-child panel-last-child\" data-index=\"12\" ><h3 class=\"widget-title\">Cours de yoga bilingue fran\u00e7ais\/n\u00e9erlandais<\/h3><div style=\"width:100%;\" class=\"wp-video\"><video class=\"wp-video-shortcode\" id=\"video-17207-12\" preload=\"metadata\" controls=\"controls\"><source type=\"video\/youtube\" src=\"https:\/\/youtu.be\/Liyun5ywOcs?_=12\" \/><a href=\"https:\/\/youtu.be\/Liyun5ywOcs\">https:\/\/youtu.be\/Liyun5ywOcs<\/a><\/video><\/div><\/div><\/div><div id=\"pgc-17207-7-1\"  class=\"panel-grid-cell\" ><div id=\"panel-17207-7-1-0\" class=\"so-panel widget widget_media_video panel-first-child panel-last-child\" data-index=\"13\" ><h3 class=\"widget-title\">Session de yoga bilingue fran\u00e7ais\/anglais<\/h3><div style=\"width:100%;\" class=\"wp-video\"><video class=\"wp-video-shortcode\" id=\"video-17207-13\" preload=\"metadata\" controls=\"controls\"><source type=\"video\/youtube\" src=\"https:\/\/youtu.be\/Zpx375eiffg?_=13\" \/><a href=\"https:\/\/youtu.be\/Zpx375eiffg\">https:\/\/youtu.be\/Zpx375eiffg<\/a><\/video><\/div><\/div><\/div><\/div><\/div><div id=\"pg-17207-8\"  class=\"panel-grid panel-has-style\" ><div class=\"panel-row-style panel-row-style-for-17207-8\" ><div id=\"pgc-17207-8-0\"  class=\"panel-grid-cell\" ><div id=\"panel-17207-8-0-0\" class=\"so-panel widget widget_media_video panel-first-child panel-last-child\" data-index=\"14\" ><h3 class=\"widget-title\">Du soulagement pour les \u00e9paules<\/h3><div style=\"width:100%;\" class=\"wp-video\"><video class=\"wp-video-shortcode\" id=\"video-17207-14\" preload=\"metadata\" controls=\"controls\"><source type=\"video\/youtube\" src=\"https:\/\/youtu.be\/b1i4uab1ymg?_=14\" \/><a href=\"https:\/\/youtu.be\/b1i4uab1ymg\">https:\/\/youtu.be\/b1i4uab1ymg<\/a><\/video><\/div><\/div><\/div><div id=\"pgc-17207-8-1\"  class=\"panel-grid-cell\" ><div id=\"panel-17207-8-1-0\" class=\"so-panel widget widget_media_video panel-first-child panel-last-child\" data-index=\"15\" ><h3 class=\"widget-title\">Session de Prana Yoga pour le r\u00e9veillon<\/h3><div style=\"width:100%;\" class=\"wp-video\"><video class=\"wp-video-shortcode\" id=\"video-17207-15\" preload=\"metadata\" controls=\"controls\"><source type=\"video\/youtube\" src=\"https:\/\/youtu.be\/-NS6B839TSM?_=15\" \/><a href=\"https:\/\/youtu.be\/-NS6B839TSM\">https:\/\/youtu.be\/-NS6B839TSM<\/a><\/video><\/div><\/div><\/div><\/div><\/div><div id=\"pg-17207-9\"  class=\"panel-grid panel-has-style\" ><div class=\"panel-row-style panel-row-style-for-17207-9\" ><div id=\"pgc-17207-9-0\"  class=\"panel-grid-cell panel-grid-cell-mobile-last\" ><div id=\"panel-17207-9-0-0\" class=\"so-panel widget widget_media_video panel-first-child panel-last-child\" data-index=\"16\" ><h3 class=\"widget-title\">Session activante de 25 minutes<\/h3><div style=\"width:100%;\" class=\"wp-video\"><video class=\"wp-video-shortcode\" id=\"video-17207-16\" preload=\"metadata\" controls=\"controls\"><source type=\"video\/youtube\" src=\"https:\/\/youtu.be\/DYwo3HChcrk?_=16\" \/><a href=\"https:\/\/youtu.be\/DYwo3HChcrk\">https:\/\/youtu.be\/DYwo3HChcrk<\/a><\/video><\/div><\/div><\/div><div id=\"pgc-17207-9-1\"  class=\"panel-grid-cell panel-grid-cell-empty\" ><\/div><\/div><\/div><\/div>","protected":false},"excerpt":{"rendered":"<p>Voici une s\u00e9lection de mes vid\u00e9os gratuits sur YouTube au sujet du yoga. La vid\u00e9o la plus r\u00e9cente se trouve affich\u00e9e ici en premi\u00e8re. Par la suite, les vid\u00e9os sont affich\u00e9es par ordre chronologique.<\/p>\n","protected":false},"author":1,"featured_media":0,"parent":0,"menu_order":0,"comment_status":"closed","ping_status":"closed","template":"","meta":{"footnotes":""},"class_list":["post-17207","page","type-page","status-publish","hentry"],"_links":{"self":[{"href":"https:\/\/yogakitchen.be\/fr\/wp-json\/wp\/v2\/pages\/17207","targetHints":{"allow":["GET"]}}],"collection":[{"href":"https:\/\/yogakitchen.be\/fr\/wp-json\/wp\/v2\/pages"}],"about":[{"href":"https:\/\/yogakitchen.be\/fr\/wp-json\/wp\/v2\/types\/page"}],"author":[{"embeddable":true,"href":"https:\/\/yogakitchen.be\/fr\/wp-json\/wp\/v2\/users\/1"}],"replies":[{"embeddable":true,"href":"https:\/\/yogakitchen.be\/fr\/wp-json\/wp\/v2\/comments?post=17207"}],"version-history":[{"count":23,"href":"https:\/\/yogakitchen.be\/fr\/wp-json\/wp\/v2\/pages\/17207\/revisions"}],"predecessor-version":[{"id":20337,"href":"https:\/\/yogakitchen.be\/fr\/wp-json\/wp\/v2\/pages\/17207\/revisions\/20337"}],"wp:attachment":[{"href":"https:\/\/yogakitchen.be\/fr\/wp-json\/wp\/v2\/media?parent=17207"}],"curies":[{"name":"wp","href":"https:\/\/api.w.org\/{rel}","templated":true}]}}