{"id":17218,"date":"2021-09-22T11:46:18","date_gmt":"2021-09-22T11:46:18","guid":{"rendered":"https:\/\/yogakitchen.be\/fr\/?page_id=17218"},"modified":"2025-12-20T20:58:26","modified_gmt":"2025-12-20T19:58:26","slug":"instagram","status":"publish","type":"page","link":"https:\/\/yogakitchen.be\/fr\/instagram\/","title":{"rendered":"Instagram"},"content":{"rendered":"<div id=\"pl-17218\"  class=\"panel-layout\" ><div id=\"pg-17218-0\"  class=\"panel-grid panel-no-style\" ><div id=\"pgc-17218-0-0\"  class=\"panel-grid-cell\" ><div id=\"panel-17218-0-0-0\" class=\"so-panel widget widget_sow-button panel-first-child panel-last-child\" data-index=\"0\" ><div\n\t\t\t\n\t\t\tclass=\"so-widget-sow-button so-widget-sow-button-atom-12fc93eff2a2-17218\"\n\t\t\t\n\t\t><div class=\"ow-button-base ow-button-align-center\"\n>\n\t\t\t<a\n\t\t\t\t\thref=\"https:\/\/yogakitchen.be\/fr\/events\/108-salutations-au-soleil-pour-medecins-sans-frontieres\/\"\n\t\t\t\t\tclass=\"sowb-button ow-icon-placement-left ow-button-hover\" download=\"\" \t>\n\t\t<span>\n\t\t\t\n\t\t\tAction solidaire M\u00e9decins Sans Fronti\u00e8res 2025\t\t<\/span>\n\t\t\t<\/a>\n\t<\/div>\n<\/div><\/div><\/div><\/div><div id=\"pg-17218-1\"  class=\"panel-grid panel-no-style\" ><div id=\"pgc-17218-1-0\"  class=\"panel-grid-cell\" ><div id=\"panel-17218-1-0-0\" class=\"so-panel widget widget_sow-button panel-first-child panel-last-child\" data-index=\"1\" ><div\n\t\t\t\n\t\t\tclass=\"so-widget-sow-button so-widget-sow-button-atom-a7b05a9b2055-17218\"\n\t\t\t\n\t\t><div class=\"ow-button-base ow-button-align-center\"\n>\n\t\t\t<a\n\t\t\t\t\thref=\"https:\/\/yogakitchen.be\/fr\/calendrier\/\"\n\t\t\t\t\tclass=\"sowb-button ow-icon-placement-left ow-button-hover\" download=\"\" \t>\n\t\t<span>\n\t\t\t\n\t\t\tR\u00e9servez un cours de yoga\t\t<\/span>\n\t\t\t<\/a>\n\t<\/div>\n<\/div><\/div><\/div><\/div><div id=\"pg-17218-2\"  class=\"panel-grid panel-no-style\" ><div id=\"pgc-17218-2-0\"  class=\"panel-grid-cell\" ><div id=\"panel-17218-2-0-0\" class=\"so-panel widget widget_sow-button panel-first-child panel-last-child\" data-index=\"2\" ><div\n\t\t\t\n\t\t\tclass=\"so-widget-sow-button so-widget-sow-button-atom-fbc7f7d9c74e-17218\"\n\t\t\t\n\t\t><div class=\"ow-button-base ow-button-align-center\"\n>\n\t\t\t<a\n\t\t\t\t\thref=\"https:\/\/yogakitchen.be\/fr\/ateliers\/yoga-nu-pour-hommes\/\"\n\t\t\t\t\tclass=\"sowb-button ow-icon-placement-left ow-button-hover\" \t>\n\t\t<span>\n\t\t\t\n\t\t\tR\u00e9servez vos ateliers Yoga Nu pour Hommes\t\t<\/span>\n\t\t\t<\/a>\n\t<\/div>\n<\/div><\/div><\/div><\/div><div id=\"pg-17218-3\"  class=\"panel-grid panel-no-style\" ><div id=\"pgc-17218-3-0\"  class=\"panel-grid-cell\" ><div id=\"panel-17218-3-0-0\" class=\"so-panel widget widget_sow-button panel-first-child panel-last-child\" data-index=\"3\" ><div\n\t\t\t\n\t\t\tclass=\"so-widget-sow-button so-widget-sow-button-atom-a7b05a9b2055-17218\"\n\t\t\t\n\t\t><div class=\"ow-button-base ow-button-align-center\"\n>\n\t\t\t<a\n\t\t\t\t\thref=\"https:\/\/yogakitchen.be\/fr\/sante-vegan\/substituer-la-viande\/\"\n\t\t\t\t\tclass=\"sowb-button ow-icon-placement-left ow-button-hover\" \t>\n\t\t<span>\n\t\t\t\n\t\t\tR\u00e9servez un atelier de cuisine\t\t<\/span>\n\t\t\t<\/a>\n\t<\/div>\n<\/div><\/div><\/div><\/div><div id=\"pg-17218-4\"  class=\"panel-grid panel-no-style\" ><div id=\"pgc-17218-4-0\"  class=\"panel-grid-cell\" ><div id=\"panel-17218-4-0-0\" class=\"so-panel widget widget_sow-button panel-first-child panel-last-child\" data-index=\"4\" ><div\n\t\t\t\n\t\t\tclass=\"so-widget-sow-button so-widget-sow-button-atom-fbc7f7d9c74e-17218\"\n\t\t\t\n\t\t><div class=\"ow-button-base ow-button-align-center\"\n>\n\t\t\t<a\n\t\t\t\t\thref=\"https:\/\/yogakitchen.be\/fr\/ateliers\/yoga-et-art-du-dessin\/\"\n\t\t\t\t\tclass=\"sowb-button ow-icon-placement-left ow-button-hover\" \t>\n\t\t<span>\n\t\t\t\n\t\t\tR\u00e9servez l'atelier Yoga et Dessin\t\t<\/span>\n\t\t\t<\/a>\n\t<\/div>\n<\/div><\/div><\/div><\/div><div id=\"pg-17218-5\"  class=\"panel-grid panel-no-style\" ><div id=\"pgc-17218-5-0\"  class=\"panel-grid-cell\" ><div id=\"panel-17218-5-0-0\" class=\"so-panel widget widget_sow-button panel-first-child panel-last-child\" data-index=\"5\" ><div\n\t\t\t\n\t\t\tclass=\"so-widget-sow-button so-widget-sow-button-atom-437180e1c16b-17218\"\n\t\t\t\n\t\t><div class=\"ow-button-base ow-button-align-center\"\n>\n\t\t\t<a\n\t\t\t\t\thref=\"https:\/\/www.youtube.com\/channel\/UCljVKDSaHBMJQr4Ilhee8kQ\"\n\t\t\t\t\tclass=\"sowb-button ow-icon-placement-left ow-button-hover\" target=\"_blank\" rel=\"noopener noreferrer\" \t>\n\t\t<span>\n\t\t\t\n\t\t\tYoga Kitchen vid\u00e9o\t\t<\/span>\n\t\t\t<\/a>\n\t<\/div>\n<\/div><\/div><\/div><\/div><div id=\"pg-17218-6\"  class=\"panel-grid panel-no-style\" ><div id=\"pgc-17218-6-0\"  class=\"panel-grid-cell\" ><div id=\"panel-17218-6-0-0\" class=\"so-panel widget widget_sow-button panel-first-child panel-last-child\" data-index=\"6\" ><div\n\t\t\t\n\t\t\tclass=\"so-widget-sow-button so-widget-sow-button-atom-437180e1c16b-17218\"\n\t\t\t\n\t\t><div class=\"ow-button-base ow-button-align-center\"\n>\n\t\t\t<a\n\t\t\t\t\thref=\"https:\/\/yogakitchen.be\/fr\/blog\/\"\n\t\t\t\t\tclass=\"sowb-button ow-icon-placement-left ow-button-hover\" \t>\n\t\t<span>\n\t\t\t\n\t\t\tYoga Kitchen Blog\t\t<\/span>\n\t\t\t<\/a>\n\t<\/div>\n<\/div><\/div><\/div><\/div><\/div>","protected":false},"excerpt":{"rendered":"<p>Action solidaire M\u00e9decins Sans Fronti\u00e8res 2025 R\u00e9servez un cours de yoga R\u00e9servez vos ateliers Yoga Nu pour Hommes R\u00e9servez un atelier de cuisine R\u00e9servez l&rsquo;atelier Yoga et Dessin Yoga Kitchen vid\u00e9o Yoga Kitchen Blog<\/p>\n","protected":false},"author":1,"featured_media":0,"parent":0,"menu_order":0,"comment_status":"closed","ping_status":"closed","template":"","meta":{"footnotes":""},"class_list":["post-17218","page","type-page","status-publish","hentry"],"_links":{"self":[{"href":"https:\/\/yogakitchen.be\/fr\/wp-json\/wp\/v2\/pages\/17218","targetHints":{"allow":["GET"]}}],"collection":[{"href":"https:\/\/yogakitchen.be\/fr\/wp-json\/wp\/v2\/pages"}],"about":[{"href":"https:\/\/yogakitchen.be\/fr\/wp-json\/wp\/v2\/types\/page"}],"author":[{"embeddable":true,"href":"https:\/\/yogakitchen.be\/fr\/wp-json\/wp\/v2\/users\/1"}],"replies":[{"embeddable":true,"href":"https:\/\/yogakitchen.be\/fr\/wp-json\/wp\/v2\/comments?post=17218"}],"version-history":[{"count":16,"href":"https:\/\/yogakitchen.be\/fr\/wp-json\/wp\/v2\/pages\/17218\/revisions"}],"predecessor-version":[{"id":20573,"href":"https:\/\/yogakitchen.be\/fr\/wp-json\/wp\/v2\/pages\/17218\/revisions\/20573"}],"wp:attachment":[{"href":"https:\/\/yogakitchen.be\/fr\/wp-json\/wp\/v2\/media?parent=17218"}],"curies":[{"name":"wp","href":"https:\/\/api.w.org\/{rel}","templated":true}]}}