{"id":17501,"date":"2022-05-24T01:04:28","date_gmt":"2022-05-23T23:04:28","guid":{"rendered":"https:\/\/yogakitchen.be\/fr\/?page_id=17501"},"modified":"2022-05-30T17:01:50","modified_gmt":"2022-05-30T15:01:50","slug":"tapis-de-yoga-comment-choisir-les-meilleurs","status":"publish","type":"page","link":"https:\/\/yogakitchen.be\/fr\/tapis-de-yoga-comment-choisir-les-meilleurs\/","title":{"rendered":"Tapis de yoga : comment choisir les meilleurs ?"},"content":{"rendered":"<div id=\"pl-17501\"  class=\"panel-layout\" ><div id=\"pg-17501-0\"  class=\"panel-grid panel-no-style\" ><div id=\"pgc-17501-0-0\"  class=\"panel-grid-cell\" ><div id=\"panel-17501-0-0-0\" class=\"so-panel widget widget_text panel-first-child panel-last-child\" data-index=\"0\" >\t\t\t<div class=\"textwidget\"><h1>Choisissez le meilleur tapis de yoga pour votre budget<\/h1>\n<h2>Quel est l\u2019utilit\u00e9 d&rsquo;un tapis de yoga ?<\/h2>\n<p>Un tapis de yoga d\u00e9finit l&rsquo;espace o\u00f9 vous vous exercez pendant une s\u00e9ance de yoga. Il symbolise le temps et l&rsquo;espace que vous vous r\u00e9servez pour m\u00e9diter sur votre corps et votre esprit et leur relation au moyen d&rsquo;exercices de yoga.<\/p>\n<ul>\n<li>Ce que vous vivez sur le tapis est souvent tr\u00e8s similaire \u00e0 ce que vous vivez dans la vraie vie, en dehors du tapis de yoga.<\/li>\n<li>Ce que vous apprenez sur le tapis, vous l&#8217;emporterez dans votre vie en dehors du tapis pour le mettre en pratique.<\/li>\n<\/ul>\n<p>Et d&rsquo;un point de vue purement pratique, le tapis de yoga constitue une base ou un substrat appropri\u00e9 et solide pour pratiquer vos postures de yoga en toute s\u00e9curit\u00e9 et confort.<\/p>\n<h2>Le crit\u00e8res de qualit\u00e9 pour les tapis de yoga<\/h2>\n<h3>Un bon tapis de yoga est:<\/h3>\n<ul>\n<li><strong>R\u00e9sistant au d\u00e9rapage:<\/strong>m\u00eame lorsque vous avez les jambes \u00e9cart\u00e9es, vous vous tenez fermement et vos pieds ne glissent pas.<\/li>\n<li><strong>r\u00e9sistant \u00e0 l&rsquo;usure :<\/strong> avec une utilisation fr\u00e9quente, la surface reste en bon \u00e9tat, et si jamais vous vous prenez un ongle de pied ou de doigt dans le tapis, les tapis restera pratiquement intact.<\/li>\n<li><strong>lavable<\/strong>Apr\u00e8s chaque utilisation, essuyez le tapis avec un chiffon humide imbib\u00e9 d&rsquo;eau et d&rsquo;un peu d&rsquo;huile essentielle d\u00e9sinfectante. Laissez s\u00e9cher le tapis avant de le rouler. Certains tapis plus l\u00e9gers peuvent, selon le fabricant, \u00e9galement \u00eatre lav\u00e9s en machine.<\/li>\n<\/ul>\n<h3>Un tapis de yoga devrait id\u00e9alement \u00eatre aussi:<\/h3>\n<ul>\n<li><strong>durable<\/strong> : il vaut mieux payer un peu plus pour un tapis qui durera des ann\u00e9es que d&rsquo;acheter un tapis bon march\u00e9 qui s\u2019effrite apr\u00e8s quelques mois et devra \u00eatre remplac\u00e9.<\/li>\n<li>Produit de mani\u00e8re aussi <strong>respectueuse de l&rsquo;environnement<\/strong> que possible. Recherchez un tapis de yoga fabriqu\u00e9 avec le moins de fioritures possible dans des mat\u00e9riaux naturels et recyclables ou dans des mat\u00e9riaux synth\u00e9tiques contenant le moins de composants nocifs possible. Attention au \u00ab\u00a0greenwashing\u00a0\u00bb : certains tapis dits \u00e9cologiques ne sont pas du tout r\u00e9sistants \u00e0 l&rsquo;usure et doivent \u00eatre remplac\u00e9s rapidement.<\/li>\n<li>produits aussi <strong>localement<\/strong> que possible : pour nous, Europ\u00e9ens, cela signifie qu&rsquo;ils doivent provenir d&rsquo;une usine europ\u00e9enne plut\u00f4t que d&rsquo;\u00eatre exp\u00e9di\u00e9s de l&rsquo;autre c\u00f4t\u00e9 de la plan\u00e8te.<\/li>\n<\/ul>\n<h2>La taille la plus adapt\u00e9e<\/h2>\n<p><strong>La taille standard d&rsquo;un tapis de yoga est de 60 cm x 180 cm.<\/strong> Si vous \u00eates beaucoup plus grand que 1 m 80, vous pouvez acheter des tapis de yoga de nombreuses marques, moyennant un co\u00fbt suppl\u00e9mentaire, qui sont adapt\u00e9s \u00e0 votre taille et peuvent atteindre 2 m de long.<br \/>\nIl existe \u00e9galement des tapis dits deux personnes, qui sont plut\u00f4t carr\u00e9s (environ 180 cm x 180 cm).<br \/>\nIl existe \u00e9galement des tapis de yoga ronds d&rsquo;un diam\u00e8tre d&rsquo;environ 200 cm.<\/p>\n<h2>Quelle \u00e9paisseur doit avoir un tapis de yoga ?<\/h2>\n<p>Sur un bon tapis de yoga, vous devez pouvoir vous tenir fermement debout et vous asseoir confortablement.<br \/>\nL&rsquo;\u00e9paisseur id\u00e9ale pour un tapis de studio est de <strong>5 \u00e0 6 mm.<\/strong><br \/>\nLes tapis d&rsquo;environ 4 mm sont plus l\u00e9gers \u00e0 transporter.<br \/>\nIl existe \u00e9galement des tapis dits de voyage qui ne font qu&rsquo;environ 3 mm d&rsquo;\u00e9paisseur.<br \/>\n<strong>Note importante<\/strong> : les tapis en mati\u00e8re plastique flexible plus \u00e9pais et mou (d&rsquo;une \u00e9paisseur de 1,5 cm \u00e0 2 cm) sont destin\u00e9s au fitness ou aux cours de Pilates, mais ne conviennent pas pour le yoga. Vous ne vous tenez pas assez fermement sur eux.<\/p>\n<h2>Quelles sont les cat\u00e9gories de prix ?<\/h2>\n<h3>Le meilleur mod\u00e8le d&rsquo;entr\u00e9e de gamme<\/h3>\n<p>Vous commencez \u00e0 faire du yoga et vous n&rsquo;\u00eates pas s\u00fbr de vouloir le faire \u00e0 long terme ? Achetez un bon tapis de base antid\u00e9rapant d&rsquo;environ 4 \u00e0 5 mm d&rsquo;\u00e9paisseur dans la gamme de prix de <strong>17,00 \u00e0 25,00 euros.<\/strong> Regardez en ligne sur des sites Web tels que <a href=\"https:\/\/www.yogamatters.com\/\">yogamatters.com<\/a> ou encore <a href=\"https:\/\/www.yogimag.com\/fr\/\"><strong>Yogimag<\/strong><\/a>.<\/p>\n<h3>Est-ce qu&rsquo;il y a une classe moyenne meilleure ?<\/h3>\n<p>Dans la fourchette de prix comprise <strong>entre 35 et 45 euros,<\/strong> il faut \u00eatre prudent. Il existe dans cette cat\u00e9gorie de nombreux mod\u00e8les hors de prix qui, malgr\u00e9 leurs promesses, ne font pas honneur \u00e0 leur nom. Ainsi, pour l&rsquo;argent suppl\u00e9mentaire, vous n&rsquo;obtenez pas toujours une valeur ajout\u00e9e concr\u00e8te. M\u00e9fiez-vous surtout des tapis dits \u00e9cologiques dont la surface est beaucoup trop fragile et se d\u00e9grade rapidement sous l&rsquo;effet de la lumi\u00e8re du soleil ou la friction d\u2019un usage r\u00e9gulier. Il est pr\u00e9f\u00e9rable de n&rsquo;acheter que des tapis que vous avez r\u00e9ellement pu tenir dans vos mains.<\/p>\n<h3>Haut de gamme et meilleur achat<\/h3>\n<p><strong>Les meilleurs tapis de yoga ont une \u00e9paisseur de 5 \u00e0 6 mm, ils sont robustes et pratiquement indestructibles.<\/strong> Nous utilisons nous-m\u00eames les tapis de yoga <strong>Black Pro<\/strong> de la marque <a href=\"https:\/\/eu.manduka.com\/\"><strong>Manduka <\/strong><\/a> d&rsquo;une \u00e9paisseur de 6 mm dans notre studio depuis pr\u00e8s de 10 ans. Ces tapis sont utilis\u00e9s dans de nombreux studios de yoga professionnels. Bien que cette marque soit d&rsquo;origine am\u00e9ricaine, il est de notori\u00e9t\u00e9 publique qu&rsquo;un seul fabricant en Allemagne produit ces tapis. Ces tapis sont assez lourds, mais peuvent m\u00eame r\u00e9sister aux griffes des chats. Ils peuvent durer des d\u00e9cennies. Ces tapis sont d\u00e9sormais \u00e9galement disponibles dans de nombreuses autres couleurs et \u00e9paisseurs.<br \/>\nPour un tapis de ce niveau de qualit\u00e9, vous devriez pr\u00e9voir environ <strong>85,00 \u00e0 100,00 euros<\/strong>.<\/p>\n<div class=\"yk-hoebetalen\">\n<h2>En r\u00e9sum\u00e9<\/h2>\n<p>Si vous souhaitez acheter un tapis de yoga, je vous recommande de ne pas \u00e9conomiser sur la qualit\u00e9 et la durabilit\u00e9. Les tapis de yoga bon march\u00e9 s&rsquo;usent souvent tr\u00e8s rapidement et doivent \u00eatre remplac\u00e9s.<br \/>\nLa caract\u00e9ristique la plus importante d&rsquo;un bon tapis de yoga est qu&rsquo;il doit \u00eatre absolument antid\u00e9rapant afin que vous ne glissiez pas pendant les postures debout.<br \/>\nUn tapis de yoga acceptable co\u00fbte environ 20,00 euros pi\u00e8ce. \u00c0 mon avis, les meilleurs tapis de yoga sont de <strong><a href=\"https:\/\/eu.manduka.com\/\">Manduka<\/a>,<\/strong> ils co\u00fbtent environ 85,00 euros \u00e0 100,00 euros chacun. Cela peut sembler beaucoup \u00e0 premi\u00e8re vue, mais un tel tapis durera toute une vie. Entre les deux, vous disposez d&rsquo;un large choix, car de plus en plus de fabricants produisent leurs tapis de mani\u00e8re durable. Toutefois attention, car il s&rsquo;agit parfois de promesses vaines.<\/p>\n<\/div>\n<p>.<\/p>\n<\/div>\n\t\t<\/div><\/div><\/div><\/div>","protected":false},"excerpt":{"rendered":"<p>Choisissez le meilleur tapis de yoga pour votre budget Quel est l\u2019utilit\u00e9 d&rsquo;un tapis de yoga ? Un tapis de yoga d\u00e9finit l&rsquo;espace o\u00f9 vous vous exercez pendant une s\u00e9ance de yoga. Il symbolise le temps et l&rsquo;espace que vous vous r\u00e9servez pour m\u00e9diter sur votre corps et votre esprit et leur relation au moyen &hellip; <a href=\"https:\/\/yogakitchen.be\/fr\/tapis-de-yoga-comment-choisir-les-meilleurs\/\" class=\"more-link\">Continuer la lecture de <span class=\"screen-reader-text\">Tapis de yoga : comment choisir les meilleurs ?<\/span> <span class=\"meta-nav\">&rarr;<\/span><\/a><\/p>\n","protected":false},"author":1,"featured_media":17544,"parent":0,"menu_order":0,"comment_status":"closed","ping_status":"closed","template":"","meta":{"footnotes":""},"class_list":["post-17501","page","type-page","status-publish","has-post-thumbnail","hentry"],"_links":{"self":[{"href":"https:\/\/yogakitchen.be\/fr\/wp-json\/wp\/v2\/pages\/17501","targetHints":{"allow":["GET"]}}],"collection":[{"href":"https:\/\/yogakitchen.be\/fr\/wp-json\/wp\/v2\/pages"}],"about":[{"href":"https:\/\/yogakitchen.be\/fr\/wp-json\/wp\/v2\/types\/page"}],"author":[{"embeddable":true,"href":"https:\/\/yogakitchen.be\/fr\/wp-json\/wp\/v2\/users\/1"}],"replies":[{"embeddable":true,"href":"https:\/\/yogakitchen.be\/fr\/wp-json\/wp\/v2\/comments?post=17501"}],"version-history":[{"count":4,"href":"https:\/\/yogakitchen.be\/fr\/wp-json\/wp\/v2\/pages\/17501\/revisions"}],"predecessor-version":[{"id":17505,"href":"https:\/\/yogakitchen.be\/fr\/wp-json\/wp\/v2\/pages\/17501\/revisions\/17505"}],"wp:featuredmedia":[{"embeddable":true,"href":"https:\/\/yogakitchen.be\/fr\/wp-json\/wp\/v2\/media\/17544"}],"wp:attachment":[{"href":"https:\/\/yogakitchen.be\/fr\/wp-json\/wp\/v2\/media?parent=17501"}],"curies":[{"name":"wp","href":"https:\/\/api.w.org\/{rel}","templated":true}]}}