{"id":17715,"date":"2022-07-14T00:45:53","date_gmt":"2022-07-13T22:45:53","guid":{"rendered":"https:\/\/yogakitchen.be\/fr\/?page_id=17715"},"modified":"2023-07-13T16:54:05","modified_gmt":"2023-07-13T14:54:05","slug":"ateliers","status":"publish","type":"page","link":"https:\/\/yogakitchen.be\/fr\/ateliers\/","title":{"rendered":"Ateliers"},"content":{"rendered":"<h1>Mieux vivre gr\u00e2ce \u00e0 des ateliers attrayants<\/h1>\n<blockquote><p>Une pratique r\u00e9guli\u00e8re et disciplin\u00e9e du yoga peut changer radicalement votre vie pour le meilleur.<\/p><\/blockquote>\n<div class=\"yk-yogalessen\u201d\">\n<div class=\"yk-yogalestype\">\n<h2><a title=\"Le yoga et l'Art du Dessin\" href=\"https:\/\/yogakitchen.be\/fr\/ateliers\/yoga-et-art-du-dessin\/\">Le Yoga et l&rsquo;Art du Dessin<\/a><\/h2>\n<h3>Atelier th\u00e9matique<\/h3>\n<p>Ces ateliers font le lien entre la pratique du yoga et celle du dessin artistique libre.<br \/>\nLe dessin est une activit\u00e9 extr\u00eamement relaxante.<br \/>\nIl vous permet, comme le yoga, de vous red\u00e9couvrir encore et encore et de prendre conscience des couches les plus profondes de votre \u00eatre.<\/p>\n<p>Peut-\u00eatre d\u00e9sirez-vous depuis longtemps de renouer avec votre passion pour le dessin et de vous y adonner consciemment plus souvent.<\/p>\n<p>Si vous souhaitez combiner cette passion avec le yoga au sein d&rsquo;un petit groupe diversifi\u00e9 et multilingue de dessinateurs enthousiastes, vous \u00eates le.s bienvenu.e.s aux ateliers \u00ab\u00a0Yoga et art du dessin\u00a0\u00bb.<\/p>\n<p style=\"text-align: center;\"><a class=\"yk-blue_btn\" title=\"Le yoga et l'Art du Dessin\" href=\"https:\/\/yogakitchen.be\/fr\/ateliers\/yoga-et-art-du-dessin\/\">Lire la suite<\/a><\/p>\n<p style=\"text-align: center;\"><a class=\"yk-red_btn\" title=\"R\u00e9servez vos cours et ateliers de yoga\" href=\"https:\/\/yogakitchen.be\/fr\/calendrier\/\">R\u00e9servez vos cours et ateliers de yoga<\/a><\/p>\n<\/div>\n<div class=\"yk-yogalestype\">\n<h2><a title=\"Yoga nu pour hommes\" href=\"http:\/\/yogakitchen.be\/fr\/ateliers\/yoga-nu-pour-hommes\/\">Yoga nu pour hommes<\/a><\/h2>\n<h3>Atelier th\u00e9matique<\/h3>\n<p>Dans cet atelier, nous explorons l&rsquo;exp\u00e9rience de la pratique du yoga d\u00e9shabill\u00e9 dans un groupe compos\u00e9 exclusivement d&rsquo;hommes.<br \/>\nL&rsquo;un des objectifs de ces ateliers est d&rsquo;inspirer les hommes et de les enthousiasmer pour la pratique du yoga. Nous avons un aper\u00e7u de l&rsquo;atmosph\u00e8re unique qui se cr\u00e9e lorsque des hommes pratiquent le yoga en groupe.<br \/>\nLes ateliers sont ouverts \u00e0 tous les hommes adultes, quels que soient leur \u00e2ge, leur origine ethnique, leur morphologie, leur apparence, leurs capacit\u00e9s physiques ou leur orientation sexuelle.<br \/>\n<strong>Aucune exp\u00e9rience pr\u00e9alable du yoga n&rsquo;est requise.<\/strong> Chacun peut participer en fonction de ses capacit\u00e9s personnelles.<\/p>\n<p style=\"text-align: center;\"><a class=\"yk-blue_btn\" title=\"Yoga nu pour hommes\" href=\"https:\/\/yogakitchen.be\/fr\/ateliers\/yoga nu pour hommes\/\">Lire la suite<\/a><\/p>\n<p style=\"text-align: center;\"><a class=\"yk-red_btn\" title=\"R\u00e9servez vos cours et ateliers de yoga\" href=\"https:\/\/yogakitchen.be\/fr\/calendrier\/\">R\u00e9servez vos cours et ateliers de yoga<\/a><\/p>\n<\/div>\n<\/div>\n<div class=\"yk-yogalessen\u201d\">\n<div class=\"yk-yogalestype\">\n<h2><a title=\"Ateliers de Chakra Yoga\" href=\"https:\/\/yogakitchen.be\/fr\/ateliers\/ateliers-chakra-yoga\/\">Atelier de Chakra Yoga<\/a><\/h2>\n<h3>Atelier th\u00e9matique<\/h3>\n<p>Les chakras sont des centres de communication ou d&rsquo;\u00e9nergie dans notre corps. Les chakras dans le corps se situent l&rsquo;un au-dessus de l&rsquo;autre le long de la colonne vert\u00e9brale. Leur \u00e9tat \u00e9nerg\u00e9tique a une influence importante sur diff\u00e9rents domaines de notre existence. Dans cette s\u00e9rie d&rsquo;ateliers, vous obtiendrez un aper\u00e7u th\u00e9orique de chaque chakra et nous travaillerons de mani\u00e8re pratique avec des exercices de yoga sp\u00e9cifiques qui peuvent influencer positivement ces centres d&rsquo;\u00e9nergie.<br \/>\n(En pr\u00e9paration)<\/p>\n<p style=\"text-align: center;\"><a class=\"yk-blue_btn\" title=\"Atelier de yoga du chakra\" href=\"https:\/\/yogakitchen.be\/fr\/ateliers\/atelier-chakra-yoga\/\">Lire la suite<\/a><\/p>\n<p style=\"text-align: center;\"><a class=\"yk-red_btn\" title=\"R\u00e9servez vos cours et ateliers de yoga\" href=\"https:\/\/yogakitchen.be\/fr\/calendrier\/\">R\u00e9servez vos cours et ateliers de yoga<\/a><\/p>\n<\/div>\n<div class=\"yk-yogalestype\">\n<h2><a title=\"Veggie Yogi\" href=\"http:\/\/yogakitchen.be\/fr\/ateliers\/veggie-yogi\/\">Veggie Yogi<\/a><\/h2>\n<h3>Atelier th\u00e9matique<\/h3>\n<p>Le yoga ne se limite pas \u00e0 la pratique physique de la respiration et des asanas. Il s&rsquo;agit en fait d&rsquo;un syst\u00e8me complet de d\u00e9veloppement personnel pour le corps, l&rsquo;esprit et l&rsquo;\u00e2me. Le yoga comprend \u00e9galement des recommandations sur l&rsquo;hygi\u00e8ne de vie et la nutrition. Dans cet atelier, nous explorerons l&rsquo;influence de la philosophie du yoga sur les choix quotidiens que nous faisons en ce qui concerne le contenu de notre assiette. Notre fourchette et notre couteau deviendront des armes pacifiques pour \u00e9voluer vers un monde plus aimable. Un monde avec plus de compassion pour nous-m\u00eames, les autres personnes et les autres esp\u00e8ces avec lesquelles nous partageons la vie sur cette plan\u00e8te.<\/p>\n<p style=\"text-align: center;\"><a class=\"yk-blue_btn\" title=\"Veggie Yogi\" href=\"https:\/\/yogakitchen.be\/fr\/ateliers\/veggie-yogi\/\">Lire la suite<\/a><\/p>\n<p style=\"text-align: center;\"><a class=\"yk-red_btn\" title=\"R\u00e9servez vos cours et ateliers de yoga\" href=\"https:\/\/yogakitchen.be\/fr\/calendrier\/\">R\u00e9servez vos cours et ateliers de yoga<\/a><\/p>\n<\/div>\n<\/div>\n","protected":false},"excerpt":{"rendered":"<p>Mieux vivre gr\u00e2ce \u00e0 des ateliers attrayants Une pratique r\u00e9guli\u00e8re et disciplin\u00e9e du yoga peut changer radicalement votre vie pour le meilleur. Le Yoga et l&rsquo;Art du Dessin Atelier th\u00e9matique Ces ateliers font le lien entre la pratique du yoga et celle du dessin artistique libre. Le dessin est une activit\u00e9 extr\u00eamement relaxante. Il vous &hellip; <a href=\"https:\/\/yogakitchen.be\/fr\/ateliers\/\" class=\"more-link\">Continuer la lecture de <span class=\"screen-reader-text\">Ateliers<\/span> <span class=\"meta-nav\">&rarr;<\/span><\/a><\/p>\n","protected":false},"author":1,"featured_media":0,"parent":0,"menu_order":0,"comment_status":"closed","ping_status":"closed","template":"","meta":{"footnotes":""},"class_list":["post-17715","page","type-page","status-publish","hentry"],"_links":{"self":[{"href":"https:\/\/yogakitchen.be\/fr\/wp-json\/wp\/v2\/pages\/17715","targetHints":{"allow":["GET"]}}],"collection":[{"href":"https:\/\/yogakitchen.be\/fr\/wp-json\/wp\/v2\/pages"}],"about":[{"href":"https:\/\/yogakitchen.be\/fr\/wp-json\/wp\/v2\/types\/page"}],"author":[{"embeddable":true,"href":"https:\/\/yogakitchen.be\/fr\/wp-json\/wp\/v2\/users\/1"}],"replies":[{"embeddable":true,"href":"https:\/\/yogakitchen.be\/fr\/wp-json\/wp\/v2\/comments?post=17715"}],"version-history":[{"count":8,"href":"https:\/\/yogakitchen.be\/fr\/wp-json\/wp\/v2\/pages\/17715\/revisions"}],"predecessor-version":[{"id":18604,"href":"https:\/\/yogakitchen.be\/fr\/wp-json\/wp\/v2\/pages\/17715\/revisions\/18604"}],"wp:attachment":[{"href":"https:\/\/yogakitchen.be\/fr\/wp-json\/wp\/v2\/media?parent=17715"}],"curies":[{"name":"wp","href":"https:\/\/api.w.org\/{rel}","templated":true}]}}