{"id":17981,"date":"2022-10-04T13:47:17","date_gmt":"2022-10-04T11:47:17","guid":{"rendered":"https:\/\/yogakitchen.be\/fr\/?page_id=17981"},"modified":"2026-01-01T20:20:04","modified_gmt":"2026-01-01T19:20:04","slug":"lettre-dinfos","status":"publish","type":"page","link":"https:\/\/yogakitchen.be\/fr\/a-propos\/lettre-dinfos\/","title":{"rendered":"Lettre d&rsquo;infos"},"content":{"rendered":"<h1>Gardons le contact<\/h1>\n<h2>Voulez-vous recevoir la lettre d&rsquo;infos ?<\/h2>\n<div class=\"yk-hoebetalen\">\nJe change pour l&rsquo;instant de syst\u00e8me en ce qui concerne la lettre d&rsquo;infos.<br \/>\nSi vous voulez en attendant rester au courant des activit\u00e9s de Yoga Kitchen ?<br \/>\nEnvoyez alors un courriel \u00e0 <strong>info@yogakitchen.be<\/strong>.<\/p>\n<p>Veuillez SVP mentionner les \u00e9l\u00e9ments suivants :<\/p>\n<ul>\n<li>Votre pr\u00e9nom<\/li>\n<li>Votre nom de famille<\/li>\n<li>Votre adresse e-mail que vous utilisez le plus souvent<\/li>\n<\/ul>\n<p>Veuillez \u00e9galement indiquer \u00e0 quel type d&rsquo;activit\u00e9 vous vous int\u00e9ressez :<\/p>\n<ul>\n<li>Cours et ateliers de yoga<\/li>\n<\/ul>\n<p>ou<\/p>\n<ul>\n<li>Ateliers de cuisine v\u00e9g\u00e9tale<\/li>\n<\/ul>\n<p><strong>Merci beaucoup !<\/strong>\n<\/div>\n","protected":false},"excerpt":{"rendered":"<p>Gardons le contact Voulez-vous recevoir la lettre d&rsquo;infos ? Je change pour l&rsquo;instant de syst\u00e8me en ce qui concerne la lettre d&rsquo;infos. Si vous voulez en attendant rester au courant des activit\u00e9s de Yoga Kitchen ? Envoyez alors un courriel \u00e0 info@yogakitchen.be. Veuillez SVP mentionner les \u00e9l\u00e9ments suivants : Votre pr\u00e9nom Votre nom de famille &hellip; <a href=\"https:\/\/yogakitchen.be\/fr\/a-propos\/lettre-dinfos\/\" class=\"more-link\">Continuer la lecture de <span class=\"screen-reader-text\">Lettre d&rsquo;infos<\/span> <span class=\"meta-nav\">&rarr;<\/span><\/a><\/p>\n","protected":false},"author":1,"featured_media":0,"parent":11,"menu_order":0,"comment_status":"closed","ping_status":"closed","template":"","meta":{"footnotes":""},"class_list":["post-17981","page","type-page","status-publish","hentry"],"_links":{"self":[{"href":"https:\/\/yogakitchen.be\/fr\/wp-json\/wp\/v2\/pages\/17981","targetHints":{"allow":["GET"]}}],"collection":[{"href":"https:\/\/yogakitchen.be\/fr\/wp-json\/wp\/v2\/pages"}],"about":[{"href":"https:\/\/yogakitchen.be\/fr\/wp-json\/wp\/v2\/types\/page"}],"author":[{"embeddable":true,"href":"https:\/\/yogakitchen.be\/fr\/wp-json\/wp\/v2\/users\/1"}],"replies":[{"embeddable":true,"href":"https:\/\/yogakitchen.be\/fr\/wp-json\/wp\/v2\/comments?post=17981"}],"version-history":[{"count":3,"href":"https:\/\/yogakitchen.be\/fr\/wp-json\/wp\/v2\/pages\/17981\/revisions"}],"predecessor-version":[{"id":20731,"href":"https:\/\/yogakitchen.be\/fr\/wp-json\/wp\/v2\/pages\/17981\/revisions\/20731"}],"up":[{"embeddable":true,"href":"https:\/\/yogakitchen.be\/fr\/wp-json\/wp\/v2\/pages\/11"}],"wp:attachment":[{"href":"https:\/\/yogakitchen.be\/fr\/wp-json\/wp\/v2\/media?parent=17981"}],"curies":[{"name":"wp","href":"https:\/\/api.w.org\/{rel}","templated":true}]}}