{"id":18335,"date":"2023-05-06T18:22:45","date_gmt":"2023-05-06T16:22:45","guid":{"rendered":"https:\/\/yogakitchen.be\/fr\/?page_id=18335"},"modified":"2024-02-20T22:37:15","modified_gmt":"2024-02-20T21:37:15","slug":"yoga-et-art-du-dessin","status":"publish","type":"page","link":"https:\/\/yogakitchen.be\/fr\/ateliers\/yoga-et-art-du-dessin\/","title":{"rendered":"Yoga et art du dessin"},"content":{"rendered":"<h1>Atelier sur le yoga et l&rsquo;art du dessin<\/h1>\n<blockquote><p>Il existe des parall\u00e8les fascinants entre le yoga et les activit\u00e9s artistiques telles que le dessin. Tous deux sont des chemins vers la d\u00e9couverte de soi, l&rsquo;\u00e9largissement de la conscience et la r\u00e9alisation de soi.<\/p><\/blockquote>\n<p>Dans ces ateliers, nous combinons la pratique du yoga avec le dessin au sens large. L&rsquo;atelier comprend :<\/p>\n<ul>\n<li>Un cours collectif de yoga accessible <strong>d&rsquo;une heure.<\/strong><\/li>\n<li>Un atelier de dessin libre en groupe (espace d&rsquo;art) de <strong>deux heures.<\/strong><\/li>\n<\/ul>\n<p>Les ateliers sont ouverts \u00e0 tou.te.s, ind\u00e9pendamment de l&rsquo;\u00e2ge, de l&rsquo;ethnie, de la morphologie, de l&rsquo;apparence, des capacit\u00e9s physiques, de l&rsquo;orientation sexuelle ou de tout ce qui peut nous diff\u00e9rencier les uns des autres.<br \/>\nIl n&rsquo;est pas n\u00e9cessaire d&rsquo;avoir une exp\u00e9rience pr\u00e9alable du yoga. Chacun peut participer selon ses capacit\u00e9s personnelles. L&rsquo;\u00e2ge minimum pour participer \u00e0 ces ateliers est de 18 ans.<br \/>\nPour en savoir plus sur le format des ateliers <strong>Yoga et l&rsquo;art du dessin<\/strong>, lisez ci-dessous en bas de la page.<\/p>\n<div class=\"yk-yoga classes\">\n<div class=\"yk-yogalestypesmall\">\n<h2>Les ateliers de Yoga et l&rsquo;art du dessin \u00e0 Schaerbeek<\/h2>\n<p>Ateliers le<\/p>\n<h3>Dimanche apr\u00e8s-midi<br \/>\nde 14.00 h \u00e0 17.00 h <\/h3>\n<p>Nombre maximum de participants par atelier : <strong>8<\/strong><br \/>\nFrais de participation : <strong>30,00 \u20ac<\/strong>\n<\/div>\n<\/div>\n<h2>Comment participer ?<\/h2>\n<p>Vous souhaitez participer ? Inscrivez-vous en trois \u00e9tapes :<br \/>\n<strong>1. <\/strong>S\u00e9lectionnez la date de votre choix dans la liste des prochains ateliers ci-dessous, puis remplissez le formulaire au bas de la page de l&rsquo;\u00e9v\u00e9nement, et envoyez-le. Patientez et vous serez rapidement inform\u00e9 par mail s&rsquo;il reste de la place.<br \/>\n<strong>2. <\/strong>Payez ensuite l&rsquo;atelier de votre choix via le bouton de paiement sur le site web, ou en transf\u00e9rant le montant appropri\u00e9 sur le num\u00e9ro de compte.<br \/>\n<strong>3. <\/strong>Apr\u00e8s r\u00e9ception de votre paiement, vous recevrez une confirmation d\u00e9finitive de votre participation.<\/p>\n<h2>Prochains ateliers Yoga et art du dessin<\/h2>\n<h3>Cliquez sur les liens bleus pour r\u00e9server votre atelier:<\/h3>\n<div class=\"yk-inline-kalender\"><div class=\"em em-view-container\" id=\"em-view-2021329541\" data-view=\"list-grouped\">\r\n\t<div class=\"em-list em-events-list em-events-list-grouped\" id=\"em-events-list-grouped-2021329541\">\r\n\tPas de \u00c9v\u00e8nements\t<\/div>\r\n<\/div>\n<\/div>\n<h2>\u00c0 combien s\u2019\u00e9l\u00e8vent-ils les frais de participation \u00e0 l&rsquo;atelier ?<\/h2>\n<p>Consultez nos tarifs via le bouton ci-dessous :<\/p>\n<p style=\"text-align: center;\"><a class=\"yk-blue_btn\" title=\"Nos Prix\" href=\"https:\/\/yogakitchen.be\/fr\/nos-prix\/\">Nos prix<\/a><\/p>\n<figure id=\"attachment_18885\" aria-describedby=\"caption-attachment-18885\" style=\"width: 1200px\" class=\"wp-caption aligncenter\"><a href=\"https:\/\/yogakitchen.be\/fr\/wp-content\/uploads\/sites\/3\/2023\/11\/2023ArtWSDrawings_1200_530.jpg\"><img loading=\"lazy\" decoding=\"async\" src=\"https:\/\/yogakitchen.be\/fr\/wp-content\/uploads\/sites\/3\/2023\/11\/2023ArtWSDrawings_1200_530.jpg\" alt=\"Quatre photos de dessins r\u00e9alis\u00e9s par diff\u00e9rents participants aux ateliers\" width=\"1200\" height=\"530\" class=\"size-full wp-image-18885\" srcset=\"https:\/\/yogakitchen.be\/fr\/wp-content\/uploads\/sites\/3\/2023\/11\/2023ArtWSDrawings_1200_530.jpg 1200w, https:\/\/yogakitchen.be\/fr\/wp-content\/uploads\/sites\/3\/2023\/11\/2023ArtWSDrawings_1200_530-300x133.jpg 300w, https:\/\/yogakitchen.be\/fr\/wp-content\/uploads\/sites\/3\/2023\/11\/2023ArtWSDrawings_1200_530-768x339.jpg 768w, https:\/\/yogakitchen.be\/fr\/wp-content\/uploads\/sites\/3\/2023\/11\/2023ArtWSDrawings_1200_530-1024x452.jpg 1024w\" sizes=\"auto, (max-width: 1200px) 100vw, 1200px\" \/><\/a><figcaption id=\"caption-attachment-18885\" class=\"wp-caption-text\">Les dessins r\u00e9alis\u00e9s lors des ateliers sont \u00e0 chaque fois merveilleux et surprenants.<\/figcaption><\/figure>\n<div class=\"yk-hoebetalen\">\n<h2>Qu&rsquo;est-ce qui est inclus dans l&rsquo;atelier ?<\/h2>\n<p>L&rsquo;atelier comprend :<\/p>\n<ul>\n<li>Un cours de yoga accessible avec une m\u00e9ditation de relaxation \u00e0 la fin.<\/li>\n<li>Un atelier de dessin libre ou autour d&rsquo;un th\u00e8me particulier d\u00e9termin\u00e9 en concertation.<\/li>\n<li>De l&rsquo;eau, de la tisane et une collation v\u00e9g\u00e9talienne pendant l&rsquo;atelier de dessin.<\/li>\n<\/ul>\n<\/div>\n<figure id=\"attachment_18883\" aria-describedby=\"caption-attachment-18883\" style=\"width: 1200px\" class=\"wp-caption aligncenter\"><a href=\"https:\/\/yogakitchen.be\/fr\/wp-content\/uploads\/sites\/3\/2023\/11\/2023ArtWSDrawers_1200_530.jpg\"><img loading=\"lazy\" decoding=\"async\" src=\"https:\/\/yogakitchen.be\/fr\/wp-content\/uploads\/sites\/3\/2023\/11\/2023ArtWSDrawers_1200_530.jpg\" alt=\"Quatre photos de main en train de dessiner\" width=\"1200\" height=\"530\" class=\"size-full wp-image-18883\" srcset=\"https:\/\/yogakitchen.be\/fr\/wp-content\/uploads\/sites\/3\/2023\/11\/2023ArtWSDrawers_1200_530.jpg 1200w, https:\/\/yogakitchen.be\/fr\/wp-content\/uploads\/sites\/3\/2023\/11\/2023ArtWSDrawers_1200_530-300x133.jpg 300w, https:\/\/yogakitchen.be\/fr\/wp-content\/uploads\/sites\/3\/2023\/11\/2023ArtWSDrawers_1200_530-768x339.jpg 768w, https:\/\/yogakitchen.be\/fr\/wp-content\/uploads\/sites\/3\/2023\/11\/2023ArtWSDrawers_1200_530-1024x452.jpg 1024w\" sizes=\"auto, (max-width: 1200px) 100vw, 1200px\" \/><\/a><figcaption id=\"caption-attachment-18883\" class=\"wp-caption-text\">Pratiquer le dessin \u00e0 la main procure de la paix mentale et permet \u00e0 notre \u00e2me de s&rsquo;exprimer<\/figcaption><\/figure>\n<div class=\"yk-hoebetalen\">\n<h2>Quelle activit\u00e9 artistique pratiquons-nous dans les ateliers ?<\/h2>\n<p>Dans les ateliers, nous choisissons le <strong>dessin comme forme d&rsquo;expression.<\/strong> Le dessin au sens large du terme. Cela signifie que nous pouvons utiliser d&rsquo;autres supports que les crayons. Chacun apporte son propre mat\u00e9riel artistique : crayons, stylos, feutres, pastels, crayons \u00e0 l&rsquo;huile, pinceaux et leurs encres ou peintures correspondantes, etc.<br \/>\nL&rsquo;objectif principal du <strong>moment de l&rsquo;espace artistique<\/strong> est d&rsquo;offrir un cr\u00e9neau r\u00e9gulier, un espace d\u00e9limit\u00e9 dans le temps au sein duquel nous laissons libre cours \u00e0 nos facult\u00e9s cr\u00e9atrices, afin d\u2019apprendre \u00e0 pratiquer l&rsquo;art de mani\u00e8re v\u00e9ritablement r\u00e9guli\u00e8re. Car il arrive que nous ayons le d\u00e9sir de cr\u00e9er mais que, pour diverses raisons, nous ne le mettions pas en pratique.<br \/>\nSi vous le souhaitez, nous effectuons ensemble des \u00e9chauffements cr\u00e9atifs ou de courts exercices pour mettre en route notre moteur de dessin. \u00c0 la fin de la s\u00e9ance, nous partageons notre exp\u00e9rience et \u00e9changeons sur notre travail, dans le m\u00eame esprit d&rsquo;acceptation totale et de non-jugement qui caract\u00e9rise \u00e9galement le yoga.<br \/>\nLorsque nous faisons des d\u00e9clarations sur le travail des autres, nous le faisons avec des accords tr\u00e8s clairs au pr\u00e9alable sur la forme de nos commentaires.\n<\/div>\n<figure id=\"attachment_18884\" aria-describedby=\"caption-attachment-18884\" style=\"width: 1200px\" class=\"wp-caption aligncenter\"><a href=\"https:\/\/yogakitchen.be\/fr\/wp-content\/uploads\/sites\/3\/2023\/11\/IMGP8868PencilsAlevcRet1200_530.jpg\"><img loading=\"lazy\" decoding=\"async\" src=\"https:\/\/yogakitchen.be\/fr\/wp-content\/uploads\/sites\/3\/2023\/11\/IMGP8868PencilsAlevcRet1200_530.jpg\" alt=\"Photo d&#039;un \u00e9tui avec 24 crayons couleur\" width=\"1200\" height=\"530\" class=\"size-full wp-image-18884\" srcset=\"https:\/\/yogakitchen.be\/fr\/wp-content\/uploads\/sites\/3\/2023\/11\/IMGP8868PencilsAlevcRet1200_530.jpg 1200w, https:\/\/yogakitchen.be\/fr\/wp-content\/uploads\/sites\/3\/2023\/11\/IMGP8868PencilsAlevcRet1200_530-300x133.jpg 300w, https:\/\/yogakitchen.be\/fr\/wp-content\/uploads\/sites\/3\/2023\/11\/IMGP8868PencilsAlevcRet1200_530-768x339.jpg 768w, https:\/\/yogakitchen.be\/fr\/wp-content\/uploads\/sites\/3\/2023\/11\/IMGP8868PencilsAlevcRet1200_530-1024x452.jpg 1024w\" sizes=\"auto, (max-width: 1200px) 100vw, 1200px\" \/><\/a><figcaption id=\"caption-attachment-18884\" class=\"wp-caption-text\">Les crayons couleur sont abordables, versatiles et permettent de r\u00e9aliser de belles choses \u00e0 court terme.<\/figcaption><\/figure>\n<div class=\"yk-hoebetalen\">\n<h2>Quel mat\u00e9riel allons-nous utiliser pendant l&rsquo;atelier ?<\/h2>\n<p>Nous choisissons de travailler avec des crayons et des crayons de couleur. C&rsquo;est abordable, polyvalent et vous permet de r\u00e9aliser de belles choses en un temps relativement court. Chacun est invit\u00e9 \u00e0 apporter son mat\u00e9riel de dessin pr\u00e9f\u00e9r\u00e9. En outre, vous \u00eates libre de travailler avec d&rsquo;autres supports de dessin que les crayons (de couleur). Du papier et des crayons de dessin de base sont fournis dans l&rsquo;atelier pour ceux qui n&rsquo;en ont pas. <\/p>\n<h2>Quel type de yoga pratiquons-nous dans les ateliers ?<\/h2>\n<blockquote><p>Une pratique r\u00e9guli\u00e8re du yoga peut radicalement changer votre vie pour le meilleur.<\/p><\/blockquote>\n<p>Le yoga que nous pratiquons est appel\u00e9 Prana Yoga. <strong>Prana Yoga<\/strong> : un <strong>yoga d&rsquo;entretien bien \u00e9quilibr\u00e9.<\/strong><br \/>\nVous \u00eates d\u00e9butant en yoga ou vous cherchez une forme de yoga d&rsquo;intensit\u00e9 moyenne ? Alors le <strong>Prana Yoga<\/strong> est fait pour vous.<br \/>\nUne bonne respiration constitue la base et le point de d\u00e9part de ce yoga.<br \/>\nDans un cours de Prana Yoga, nous utilisons les trois piliers essentiels du yoga :<\/p>\n<ul>\n<li>Concentration mentale<\/li>\n<li>Respiration<\/li>\n<li>Posture et mouvement<\/li>\n<\/ul>\n<p>L&rsquo;attention concentr\u00e9e, la respiration et la posture\/mouvement forment le trio d&rsquo;or qui am\u00e9liore la circulation de l&rsquo;\u00e9nergie dans le corps. En outre, le prana yoga aide \u00e0 <strong>maintenir<\/strong> un dos fort et souple, ce qui vaut son pesant d&rsquo;or pour ceux qui restent souvent assis et aiment s&rsquo;engager dans la production artistique. <strong>Prana yoga est \u00e9galement id\u00e9al pour ceux qui se consid\u00e8rent comme des d\u00e9butants et qui veulent faire un premier pas avec le yoga.<\/strong><br \/>\nLe cours se termine par une relaxation allong\u00e9e de 10 \u00e0 15 minutes, qui nous am\u00e8ne \u00e0 une d\u00e9tente compl\u00e8te. Le yoga vous permet de vous sentir mieux dans votre corps et plus en contact avec votre essence.<br \/>\nPour en savoir plus sur le Prana Yoga, cliquez sur le lien ci-dessous :<\/p>\n<p style=\"text-align: center;\"><a class=\"yk-blue_btn\" title=\"Prana Yoga\" href=\"https:\/\/yogakitchen.be\/fr\/cours-de-yoga\/prana-yoga\/\">Prana Yoga : lire plus<\/a><\/p>\n<div class=\"yk-hoebetalen\">\n<h2>Dans quelle langue se d\u00e9roule l&rsquo;atelier ?<\/h2>\n<p>L&rsquo;atelier est <strong>multilingue NL, FR et EN<\/strong> en fonction de la langue des participants pr\u00e9sents.<br \/>\nC&rsquo;est un d\u00e9fi, et nous avons une bonne exp\u00e9rience du pass\u00e9 avec cette formule, qui fonctionne de mani\u00e8re tr\u00e8s inclusive dans un contexte bruxellois.\n<\/div>\n<table>\n<tbody>\n<tr bgcolor=\"#O5C2DE\">\n<th scope=\"col\"><strong>Type de cours<\/strong><\/th>\n<th scope=\"col\">Dur\u00e9e<\/th>\n<th scope=\"col\">Yang\/Yin<\/th>\n<th scope=\"col\">Rythme<\/th>\n<th scope=\"col\">Effet<\/th>\n<\/tr>\n<tr>\n<td>Prana Yoga<\/td>\n<td>60 min<\/td>\n<td>Yang, Yin<\/td>\n<td>Tranquille, statique, dynamique<\/td>\n<td>Neutre, renfor\u00e7ant<\/td>\n<\/tr>\n<\/tbody>\n<\/table>\n","protected":false},"excerpt":{"rendered":"<p>Atelier sur le yoga et l&rsquo;art du dessin Il existe des parall\u00e8les fascinants entre le yoga et les activit\u00e9s artistiques telles que le dessin. Tous deux sont des chemins vers la d\u00e9couverte de soi, l&rsquo;\u00e9largissement de la conscience et la r\u00e9alisation de soi. Dans ces ateliers, nous combinons la pratique du yoga avec le dessin &hellip; <a href=\"https:\/\/yogakitchen.be\/fr\/ateliers\/yoga-et-art-du-dessin\/\" class=\"more-link\">Continuer la lecture de <span class=\"screen-reader-text\">Yoga et art du dessin<\/span> <span class=\"meta-nav\">&rarr;<\/span><\/a><\/p>\n","protected":false},"author":1,"featured_media":18758,"parent":17715,"menu_order":0,"comment_status":"closed","ping_status":"closed","template":"","meta":{"footnotes":""},"class_list":["post-18335","page","type-page","status-publish","has-post-thumbnail","hentry"],"_links":{"self":[{"href":"https:\/\/yogakitchen.be\/fr\/wp-json\/wp\/v2\/pages\/18335","targetHints":{"allow":["GET"]}}],"collection":[{"href":"https:\/\/yogakitchen.be\/fr\/wp-json\/wp\/v2\/pages"}],"about":[{"href":"https:\/\/yogakitchen.be\/fr\/wp-json\/wp\/v2\/types\/page"}],"author":[{"embeddable":true,"href":"https:\/\/yogakitchen.be\/fr\/wp-json\/wp\/v2\/users\/1"}],"replies":[{"embeddable":true,"href":"https:\/\/yogakitchen.be\/fr\/wp-json\/wp\/v2\/comments?post=18335"}],"version-history":[{"count":13,"href":"https:\/\/yogakitchen.be\/fr\/wp-json\/wp\/v2\/pages\/18335\/revisions"}],"predecessor-version":[{"id":19150,"href":"https:\/\/yogakitchen.be\/fr\/wp-json\/wp\/v2\/pages\/18335\/revisions\/19150"}],"up":[{"embeddable":true,"href":"https:\/\/yogakitchen.be\/fr\/wp-json\/wp\/v2\/pages\/17715"}],"wp:featuredmedia":[{"embeddable":true,"href":"https:\/\/yogakitchen.be\/fr\/wp-json\/wp\/v2\/media\/18758"}],"wp:attachment":[{"href":"https:\/\/yogakitchen.be\/fr\/wp-json\/wp\/v2\/media?parent=18335"}],"curies":[{"name":"wp","href":"https:\/\/api.w.org\/{rel}","templated":true}]}}