{"id":18384,"date":"2023-05-12T21:53:00","date_gmt":"2023-05-12T19:53:00","guid":{"rendered":"https:\/\/yogakitchen.be\/fr\/?page_id=18384"},"modified":"2023-05-13T21:15:07","modified_gmt":"2023-05-13T19:15:07","slug":"sante-vegan","status":"publish","type":"page","link":"https:\/\/yogakitchen.be\/fr\/sante-vegan\/","title":{"rendered":"Sant\u00e9 v\u00e9gan"},"content":{"rendered":"<h1>Mieux vivre par l\u2019alimentation v\u00e9g\u00e9talienne<\/h1>\n<blockquote><p>Un r\u00e9gime v\u00e9g\u00e9talien est un excellent investissement dans votre propre sant\u00e9 et certainement le meilleur choix pour l&rsquo;avenir de cette plan\u00e8te et des g\u00e9n\u00e9rations futures.<\/p><\/blockquote>\n<div class=\"yk-yogalessen\">\n<div class=\"yk-yogalestype\">\n<h2><a title=\"Substituer la viande\" href=\"https:\/\/yogakitchen.be\/fr\/sante-vegan\/substituer-la-viande\/\">Substituer la viande de mani\u00e8re intelligente<\/a><\/h2>\n<h3>Ateliers de cuisine<\/h3>\n<p>V\u00e9g\u00e9taliser votre assiette, et diminuer ou, encore mieux, arr\u00eater la viande. Quels sont les avantages pour moi et quels sont les effets profonds de ces choix pour le monde ? Comment dois-je m&rsquo;y prendre ? Y a-t\u2019il des points d&rsquo;attention importants ? Ces questions vous taraudent ? Alors l&rsquo;atelier <strong>\u00ab\u00a0Substituer la viande\u00a0\u00bb<\/strong> est fait pour vous.<\/p>\n<p style=\"text-align: center;\"><a class=\"yk-blue_btn\" title=\"Substituer la viande\" href=\"https:\/\/yogakitchen.be\/fr\/sante-vegan\/substituer-la-viande\/\">Lire plus<\/a><\/p>\n<p style=\"text-align: center;\"><a class=\"yk-red_btn\" title=\"R\u00e9servez vos ateliers\" href=\"https:\/\/yogakitchen.be\/fr\/calendrier\/\">R\u00e9servez votre atelier<\/a><\/p>\n<\/div>\n<div class=\"yk-yogalestype\">\n<h2><a title=\"Substituer les produits laitiers\" href=\"https:\/\/yogakitchen.be\/fr\/sante-vegan\/substituer-les-produits-laitiers\/\">Substituer facilement les produits laitiers<\/a><\/h2>\n<h3>Ateliers de cuisine<\/h3>\n<p>V\u00e9g\u00e9taliser son assiette, \u00e7a commence par se d\u00e9barrasser de la viande. Et puis, que dire du lait, du beurre, du fromage et des autres produits laitiers ? Quels b\u00e9n\u00e9fices en retiendrez-je pour moi-m\u00eame et, encore une fois, quels sont les effets \u00e0 plus grande port\u00e9e de ces choix ?<br \/>\nY a-t-il des pr\u00e9occupations importantes pour ma sant\u00e9 ? Comment dois-je m&rsquo;y prendre ? Ces questions vous pr\u00e9occupent-elles ? Alors l\u2019atelier <strong>Substituer les Produits Laitiers<\/strong> est exactement ce que vous cherchez.<\/p>\n<p style=\"text-align: center;\"><a class=\"yk-blue_btn\" title=\"Substituer les produits laitiers\" href=\"https:\/\/yogakitchen.be\/fr\/sante-vegan\/substituer-les-produits-laitiers\/\">Lire plus<\/a><\/p>\n<p style=\"text-align: center;\"><a class=\"yk-red_btn\" title=\"R\u00e9servez vos ateliers\" href=\"https:\/\/yogakitchen.be\/fr\/calendrier\/\">R\u00e9servez votre atelier<\/a><\/p>\n<\/div>\n<\/div>\n<div class=\"yk-yogalessen\">\n<div class=\"yk-yogalestype\">\n<h2><a title=\"Substituer les \u0153ufs\" href=\"https:\/\/yogakitchen.be\/fr\/sante-vegan\/substituer-les-\u0153ufs\/\">Substituer les \u0153ufs de mani\u00e8re facile<\/a><\/h2>\n<h3>Ateliers de cuisine<\/h3>\n<p>Manger v\u00e9g\u00e9talien signifie renoncer \u00e0 la viande, aux produits laitiers et aux \u0153ufs. Quels sont les avantages que vous tirez de l&rsquo;absence d&rsquo;oeufs pour vous-m\u00eame et, encore une fois, quels sont les effets ult\u00e9rieurs de ces choix ?<br \/>\nY a-t-il des pr\u00e9occupations importantes pour ma sant\u00e9 ? Les \u0153ufs sont utilis\u00e9s dans d&rsquo;innombrables recettes, principalement pour la texture et la structure des plats. Ils sont \u00e9galement une source de prot\u00e9ines. Comment remplacer mon omelette ? Quelles sont les alternatives ? Quelles sont les meilleures ? Comment faire des g\u00e2teaux et des desserts sans \u0153ufs ? Ces questions vous pr\u00e9occupent ? Alors l&rsquo;atelier <strong>Remplacer les \u0153ufs<\/strong> est ce qu&rsquo;il vous faut.<\/p>\n<p style=\"text-align: center;\"><a class=\"yk-blue_btn\" title=\"Substituer les \u0153ufs\" href=\"https:\/\/yogakitchen.be\/fr\/sante-vegan\/substituer-les-\u0153ufs\/\">Lire plus<\/a><\/p>\n<p style=\"text-align: center;\"><a class=\"yk-red_btn\" title=\"R\u00e9servez vos ateliers\" href=\"https:\/\/yogakitchen.be\/fr\/calendrier\/\">R\u00e9servez votre atelier<\/a><\/p>\n<\/div>\n<div class=\"yk-yogalestype\">\n<h2><a title=\"Coaching individuel v\u00e9gan\" href=\"https:\/\/yogakitchen.be\/fr\/coaching-vegan\/\">Le coaching individuel v\u00e9gan<\/a><\/h2>\n<h3>Coaching v\u00e9gan<\/h3>\n<p>Avez-vous d\u00e9cid\u00e9 de passer \u00e0 un r\u00e9gime v\u00e9g\u00e9talien ? Pr\u00e9f\u00e9rez-vous un accompagnement individuel pour passer au r\u00e9gime v\u00e9g\u00e9talien de la meilleure fa\u00e7on possible pour vous ?<br \/>\n\u00cates-vous d\u00e9j\u00e0 pass\u00e9 au r\u00e9gime v\u00e9g\u00e9talien et pensez-vous que vous pouvez faire mieux ? Avez-vous des questions urgentes sur l&rsquo;alimentation et le mode de vie v\u00e9g\u00e9taliens ? Dans ce cas, le <strong>Coaching v\u00e9gan individuel<\/strong> vous conviendra tr\u00e8s bien.<br \/>\nNotre point de d\u00e9part est votre situation individuelle et vos questions, attentes et souhaits sp\u00e9cifiques. Ensemble, nous examinons l&rsquo;approche qui vous convient le mieux. Nous d\u00e9finissons la meilleure strat\u00e9gie pour vous dans <strong>un plan d\u2019action r\u00e9alisable \u00e9tape par \u00e9tape et ax\u00e9 sur de vrais r\u00e9sultats.<\/strong><\/p>\n<p style=\"text-align: center;\"><a class=\"yk-blue_btn\" title=\"Le coaching individuel v\u00e9gan\" href=\"https:\/\/yogakitchen.be\/fr\/coaching-vegan\/\">Lisez plus<\/a><\/p>\n<p style=\"text-align: center;\"><a class=\"yk-red_btn\" title=\"R\u00e9servez vos sessions de coaching\" href=\"https:\/\/yogakitchen.be\/fr\/calendrier\/\">R\u00e9servez vos sessions de coaching<\/a><\/p>\n<\/div>\n<\/div>\n","protected":false},"excerpt":{"rendered":"<p>Mieux vivre par l\u2019alimentation v\u00e9g\u00e9talienne Un r\u00e9gime v\u00e9g\u00e9talien est un excellent investissement dans votre propre sant\u00e9 et certainement le meilleur choix pour l&rsquo;avenir de cette plan\u00e8te et des g\u00e9n\u00e9rations futures. Substituer la viande de mani\u00e8re intelligente Ateliers de cuisine V\u00e9g\u00e9taliser votre assiette, et diminuer ou, encore mieux, arr\u00eater la viande. Quels sont les avantages pour &hellip; <a href=\"https:\/\/yogakitchen.be\/fr\/sante-vegan\/\" class=\"more-link\">Continuer la lecture de <span class=\"screen-reader-text\">Sant\u00e9 v\u00e9gan<\/span> <span class=\"meta-nav\">&rarr;<\/span><\/a><\/p>\n","protected":false},"author":1,"featured_media":18410,"parent":0,"menu_order":0,"comment_status":"closed","ping_status":"closed","template":"","meta":{"footnotes":""},"class_list":["post-18384","page","type-page","status-publish","has-post-thumbnail","hentry"],"_links":{"self":[{"href":"https:\/\/yogakitchen.be\/fr\/wp-json\/wp\/v2\/pages\/18384","targetHints":{"allow":["GET"]}}],"collection":[{"href":"https:\/\/yogakitchen.be\/fr\/wp-json\/wp\/v2\/pages"}],"about":[{"href":"https:\/\/yogakitchen.be\/fr\/wp-json\/wp\/v2\/types\/page"}],"author":[{"embeddable":true,"href":"https:\/\/yogakitchen.be\/fr\/wp-json\/wp\/v2\/users\/1"}],"replies":[{"embeddable":true,"href":"https:\/\/yogakitchen.be\/fr\/wp-json\/wp\/v2\/comments?post=18384"}],"version-history":[{"count":2,"href":"https:\/\/yogakitchen.be\/fr\/wp-json\/wp\/v2\/pages\/18384\/revisions"}],"predecessor-version":[{"id":18403,"href":"https:\/\/yogakitchen.be\/fr\/wp-json\/wp\/v2\/pages\/18384\/revisions\/18403"}],"wp:featuredmedia":[{"embeddable":true,"href":"https:\/\/yogakitchen.be\/fr\/wp-json\/wp\/v2\/media\/18410"}],"wp:attachment":[{"href":"https:\/\/yogakitchen.be\/fr\/wp-json\/wp\/v2\/media?parent=18384"}],"curies":[{"name":"wp","href":"https:\/\/api.w.org\/{rel}","templated":true}]}}