{"id":18388,"date":"2023-05-12T22:10:13","date_gmt":"2023-05-12T20:10:13","guid":{"rendered":"https:\/\/yogakitchen.be\/fr\/?page_id=18388"},"modified":"2023-05-13T19:43:33","modified_gmt":"2023-05-13T17:43:33","slug":"substituer-les-produits-laitiers","status":"publish","type":"page","link":"https:\/\/yogakitchen.be\/fr\/sante-vegan\/substituer-les-produits-laitiers\/","title":{"rendered":"Substituer les produits laitiers"},"content":{"rendered":"<h1>V\u00e9g\u00e9taliser nos assiettes : abandonnez les produits laitiers.<\/h1>\n<blockquote><p>Il n&rsquo;y a pas une seule bonne fa\u00e7on d&rsquo;abandonner la viande, puis \u00e9galement les produits laitiers. Chaque personne, dans sa propre situation, est diff\u00e9rente et unique.<\/p><\/blockquote>\n<ul>\n<li>Pourquoi de plus en plus de personnes qui arr\u00eatent de manger de la viande et du poisson choisissent-elles \u00e9galement de remplacer les produits laitiers d&rsquo;origine animale par des produits d&rsquo;origine v\u00e9g\u00e9tale ?<\/li>\n<li>Comment les remplacer facilement ?<\/li>\n<li>Qu&rsquo;est-ce que cela signifie d&rsquo;\u00eatre v\u00e9g\u00e9talien ?<\/li>\n<li>Quels sont les avantages que vous en retirez pour vous-m\u00eame et quels sont les effets plus profonds de ces choix ?<\/li>\n<li>Est-ce qu&rsquo;il y a des consid\u00e9rations importantes \u00e0 prendre en compte lorsque je souhaite renoncer au lait et ses d\u00e9riv\u00e9s ?<\/li>\n<li>Est-ce que nous avons vraiment besoin du lait animal ?<\/li>\n<li>Quels sont les meilleurs substituts aux produits laitiers d&rsquo;origine animale et comment les choisir ?<\/li>\n<li>Puis-je \u00e9galement pr\u00e9parer moi-m\u00eame mes substituts \u00e0 base de plantes ?<\/li>\n<\/ul>\n<p>Dans cet atelier, nous aurons la conversation ensemble sur toutes ces questions y compris vos propres questions. De plus, nous ferons le point sur ce qui existe sur le march\u00e9 et apprendrons \u00e0 s\u00e9parer le bon grain de l&rsquo;ivraie. Ensuite, pendant environ une heure et demie, nous pr\u00e9parerons ensemble de d\u00e9licieuses alternatives aux produits laitiers \u00e0 base de plantes et nous d\u00e9gusterons les fruits de notre z\u00e8le culinaire.<br \/>\nVous repartirez avec de nouvelles connaissances sur l&rsquo;alimentation v\u00e9g\u00e9tale sans produits laitiers. Vous aurez les meilleurs substituts de produits laitiers \u00a0\u00bb entre les doigts \u00a0\u00bb et pourrez faire vos achats et vous tenir dans votre cuisine avec plus d&rsquo;assurance.<\/p>\n<ul>\n<li>Dur\u00e9e : <strong>2 heures<\/strong><\/li>\n<li>Nombre maximum de participants : <strong>6<\/strong><\/li>\n<\/ul>\n<p><strong>Tout le monde est le bienvenu.<\/strong><\/p>\n<div class=\"yk-yogalessen\">\n<div class=\"yk-yogalestypesmall\">\n<h2>Ateliers de cuisine<br \/>\n\u00ab\u00a0Substituer les produits laitiers\u00a0\u00bb<br \/>\n\u00e0 Schaerbeek<\/h2>\n<p>Ateliers de cuisine les<br \/>\n<strong>samedi matin<\/strong>\u00a0de 11.00 h \u00e0 13.00 h\n<\/div>\n<\/div>\n<p>Vous souhaitez participer ? S\u00e9lectionnez la date de votre choix dans la liste des prochains ateliers de cuisine ci-dessous, puis suivez les instructions sur la page de l&rsquo;\u00e9v\u00e9nement pour r\u00e9server votre atelier.<\/p>\n<h2>Prochains ateliers sur les substituts de produits laitiers \u00e0 venir<\/h2>\n<h3>Cliquez sur les liens bleus pour r\u00e9server votre atelier :<\/h3>\n<div class=\"yk-inline-kalender\">\n<div class=\"em em-view-container\" id=\"em-view-601601723\" data-view=\"list-grouped\">\r\n\t<div class=\"em-list em-events-list em-events-list-grouped\" id=\"em-events-list-grouped-601601723\">\r\n\tPas de \u00c9v\u00e8nements\t<\/div>\r\n<\/div>\n<\/div>\n<div class=\"yk-hoebetalen\">\n<h2>Dans quelle langue se d\u00e9roule l\u2019atelier ?<\/h2>\n<p><strong>La langue principale de l&rsquo;atelier sera le fran\u00e7ais.<\/strong> Des explications en n\u00e9erlandais et en anglais seront fournies si n\u00e9cessaire.<br \/>\nVous \u00eates n\u00e9erlandophone ou anglophone ? Le m\u00eame atelier est \u00e9galement propos\u00e9 en n\u00e9erlandais et en anglais \u00e0 d&rsquo;autres moments. Consultez le calendrier.<\/p>\n<h2>\u00c0 combien s\u2019\u00e9l\u00e8vent les frais de participation \u00e0 l\u2019atelier ?<\/h2>\n<p><a class=\"yk-knop\" title=\"Nos prix\" href=\"http:\/\/yogakitchen.be\/fr\/nos-prix\/\">Nos prix<\/a>\n<\/div>\n","protected":false},"excerpt":{"rendered":"<p>V\u00e9g\u00e9taliser nos assiettes : abandonnez les produits laitiers. Il n&rsquo;y a pas une seule bonne fa\u00e7on d&rsquo;abandonner la viande, puis \u00e9galement les produits laitiers. Chaque personne, dans sa propre situation, est diff\u00e9rente et unique. Pourquoi de plus en plus de personnes qui arr\u00eatent de manger de la viande et du poisson choisissent-elles \u00e9galement de remplacer &hellip; <a href=\"https:\/\/yogakitchen.be\/fr\/sante-vegan\/substituer-les-produits-laitiers\/\" class=\"more-link\">Continuer la lecture de <span class=\"screen-reader-text\">Substituer les produits laitiers<\/span> <span class=\"meta-nav\">&rarr;<\/span><\/a><\/p>\n","protected":false},"author":1,"featured_media":0,"parent":18384,"menu_order":0,"comment_status":"closed","ping_status":"closed","template":"","meta":{"footnotes":""},"class_list":["post-18388","page","type-page","status-publish","hentry"],"_links":{"self":[{"href":"https:\/\/yogakitchen.be\/fr\/wp-json\/wp\/v2\/pages\/18388","targetHints":{"allow":["GET"]}}],"collection":[{"href":"https:\/\/yogakitchen.be\/fr\/wp-json\/wp\/v2\/pages"}],"about":[{"href":"https:\/\/yogakitchen.be\/fr\/wp-json\/wp\/v2\/types\/page"}],"author":[{"embeddable":true,"href":"https:\/\/yogakitchen.be\/fr\/wp-json\/wp\/v2\/users\/1"}],"replies":[{"embeddable":true,"href":"https:\/\/yogakitchen.be\/fr\/wp-json\/wp\/v2\/comments?post=18388"}],"version-history":[{"count":6,"href":"https:\/\/yogakitchen.be\/fr\/wp-json\/wp\/v2\/pages\/18388\/revisions"}],"predecessor-version":[{"id":18406,"href":"https:\/\/yogakitchen.be\/fr\/wp-json\/wp\/v2\/pages\/18388\/revisions\/18406"}],"up":[{"embeddable":true,"href":"https:\/\/yogakitchen.be\/fr\/wp-json\/wp\/v2\/pages\/18384"}],"wp:attachment":[{"href":"https:\/\/yogakitchen.be\/fr\/wp-json\/wp\/v2\/media?parent=18388"}],"curies":[{"name":"wp","href":"https:\/\/api.w.org\/{rel}","templated":true}]}}