{"id":18392,"date":"2023-05-12T22:35:19","date_gmt":"2023-05-12T20:35:19","guid":{"rendered":"https:\/\/yogakitchen.be\/fr\/?page_id=18392"},"modified":"2023-05-13T19:46:05","modified_gmt":"2023-05-13T17:46:05","slug":"substituer-les-oeufs","status":"publish","type":"page","link":"https:\/\/yogakitchen.be\/fr\/sante-vegan\/substituer-les-oeufs\/","title":{"rendered":"Substituer les \u0153ufs"},"content":{"rendered":"<h1>V\u00e9g\u00e9taliser nos assiettes : laisser tomber les \u0153ufs.<\/h1>\n<blockquote><p>Il n&rsquo;y a pas une seule bonne fa\u00e7on de s&rsquo;\u00e9loigner de la viande, du poisson, des produits laitiers et des \u0153ufs. Chaque personne, dans sa propre situation, est diff\u00e9rente et unique.<\/p><\/blockquote>\n<ul>\n<li>Comment pouvez-vous aussi substituer les \u0153ufs de mani\u00e8re intelligente ? <\/li>\n<p>(Page en construction)<br \/>\n++++++++++++++++++++++++++++++++++++++++<br \/>\n<strong>Cet atelier vous donnera d\u00e9j\u00e0 une base solide pour trouver votre propre chemin dans l\u2019univers de l&rsquo;alimentation v\u00e9g\u00e9tale.<\/strong><\/p>\n<ul>\n<li>Dur\u00e9e : <strong>2 heures<\/strong><\/li>\n<li>Nombre maximum de participants : <strong>6<\/strong><\/li>\n<\/ul>\n<p><strong>Tout le monde est le bienvenu.<\/strong><\/p>\n<div class=\"yk-yogalessen\">\n<div class=\"yk-yogalestypesmall\">\n<h2>Ateliers de cuisine Substituer les \u0153ufs \u00e0 Schaerbeek<\/h2>\n<p>Ateliers de cuisine les<br \/>\n<strong>samedi matin<\/strong>\u00a0de 11.00 h \u00e0 13.00 h\n<\/div>\n<\/div>\n<p>Vous souhaitez participer ? S\u00e9lectionnez la date de votre choix dans la liste des prochains ateliers de cuisine ci-dessous, puis suivez les instructions sur la page de l&rsquo;\u00e9v\u00e9nement pour r\u00e9server votre atelier.<\/p>\n<h2>Prochains ateliers \u00ab\u00a0Substituer les \u0153ufs\u00a0\u00bb \u00e0 venir<\/h2>\n<h3>Cliquez sur les liens bleus pour r\u00e9server votre atelier :<\/h3>\n<div class=\"yk-inline-kalender\">\n<div class=\"em em-view-container\" id=\"em-view-1588365361\" data-view=\"list-grouped\">\r\n\t<div class=\"em-list em-events-list em-events-list-grouped\" id=\"em-events-list-grouped-1588365361\">\r\n\tPas de \u00c9v\u00e8nements\t<\/div>\r\n<\/div>\n<\/div>\n<\/div>\n<div class=\"yk-hoebetalen\">\n<h2>Dans quelle langue se d\u00e9roule l\u2019atelier ?<\/h2>\n<p><strong>La langue principale de l&rsquo;atelier sera le fran\u00e7ais.<\/strong> Des explications en n\u00e9erlandais et en anglais seront fournies si n\u00e9cessaire.<br \/>\nVous \u00eates n\u00e9erlandophone ou anglophone ? Le m\u00eame atelier est \u00e9galement propos\u00e9 en n\u00e9erlandais et en anglais \u00e0 d&rsquo;autres moments. Consultez le calendrier.<\/p>\n<h2>\u00c0 combien s\u2019\u00e9l\u00e8vent les frais de participation \u00e0 l\u2019atelier ?<\/h2>\n<p><a class=\"yk-knop\" title=\"Nos prix\" href=\"http:\/\/yogakitchen.be\/fr\/nos-prix\/\">Nos prix<\/a>\n<\/div>\n","protected":false},"excerpt":{"rendered":"<p>V\u00e9g\u00e9taliser nos assiettes : laisser tomber les \u0153ufs. Il n&rsquo;y a pas une seule bonne fa\u00e7on de s&rsquo;\u00e9loigner de la viande, du poisson, des produits laitiers et des \u0153ufs. Chaque personne, dans sa propre situation, est diff\u00e9rente et unique. Comment pouvez-vous aussi substituer les \u0153ufs de mani\u00e8re intelligente ? (Page en construction) ++++++++++++++++++++++++++++++++++++++++ Cet atelier &hellip; <a href=\"https:\/\/yogakitchen.be\/fr\/sante-vegan\/substituer-les-oeufs\/\" class=\"more-link\">Continuer la lecture de <span class=\"screen-reader-text\">Substituer les \u0153ufs<\/span> <span class=\"meta-nav\">&rarr;<\/span><\/a><\/p>\n","protected":false},"author":1,"featured_media":0,"parent":18384,"menu_order":0,"comment_status":"closed","ping_status":"closed","template":"","meta":{"footnotes":""},"class_list":["post-18392","page","type-page","status-publish","hentry"],"_links":{"self":[{"href":"https:\/\/yogakitchen.be\/fr\/wp-json\/wp\/v2\/pages\/18392","targetHints":{"allow":["GET"]}}],"collection":[{"href":"https:\/\/yogakitchen.be\/fr\/wp-json\/wp\/v2\/pages"}],"about":[{"href":"https:\/\/yogakitchen.be\/fr\/wp-json\/wp\/v2\/types\/page"}],"author":[{"embeddable":true,"href":"https:\/\/yogakitchen.be\/fr\/wp-json\/wp\/v2\/users\/1"}],"replies":[{"embeddable":true,"href":"https:\/\/yogakitchen.be\/fr\/wp-json\/wp\/v2\/comments?post=18392"}],"version-history":[{"count":3,"href":"https:\/\/yogakitchen.be\/fr\/wp-json\/wp\/v2\/pages\/18392\/revisions"}],"predecessor-version":[{"id":18409,"href":"https:\/\/yogakitchen.be\/fr\/wp-json\/wp\/v2\/pages\/18392\/revisions\/18409"}],"up":[{"embeddable":true,"href":"https:\/\/yogakitchen.be\/fr\/wp-json\/wp\/v2\/pages\/18384"}],"wp:attachment":[{"href":"https:\/\/yogakitchen.be\/fr\/wp-json\/wp\/v2\/media?parent=18392"}],"curies":[{"name":"wp","href":"https:\/\/api.w.org\/{rel}","templated":true}]}}