{"id":18449,"date":"2023-05-29T17:13:17","date_gmt":"2023-05-29T15:13:17","guid":{"rendered":"https:\/\/yogakitchen.be\/fr\/?page_id=18449"},"modified":"2023-05-29T23:36:33","modified_gmt":"2023-05-29T21:36:33","slug":"yoga-de-recuperation","status":"publish","type":"page","link":"https:\/\/yogakitchen.be\/fr\/cours-de-yoga\/yoga-de-recuperation\/","title":{"rendered":"Yoga de r\u00e9cup\u00e9ration"},"content":{"rendered":"<h1>Le Yoga en ligne pour la r\u00e9cup\u00e9ration<\/h1>\n<blockquote><p>Vous \u00eates en convalescence apr\u00e8s une maladie ou vous suivez des traitements r\u00e9guliers qui drainent beaucoup d&rsquo;\u00e9nergie ? Alors la pratique d&rsquo;un yoga doux et accessible, ax\u00e9 sur la pleine conscience et la relaxation, pourrait vous convenir.<\/p><\/blockquote>\n<p>Parfois, ces d\u00e9fis nous font perdre le contact et m\u00eame la confiance en notre corps. Des mouvements appropri\u00e9s sont et resteront n\u00e9cessaires pour soutenir notre sant\u00e9 et notre bien-\u00eatre.<\/p>\n<p>Avec une attention concentr\u00e9e, une respiration consciente et des postures et exercices adapt\u00e9s, soutenez le processus de r\u00e9cup\u00e9ration et le retour \u00e0 une meilleure sant\u00e9, \u00e0 plus de force et de souplesse.<br \/>\nLa pratique du yoga en douceur am\u00e9liore la circulation de l&rsquo;\u00e9nergie dans le corps et calme l&rsquo;esprit. Les postures, les mouvements et les relaxations m\u00e9ditatives sont issus de la riche tradition du yoga et plus particuli\u00e8rement des s\u00e9ries de yoga pour la r\u00e9cup\u00e9ration (le yoga restaurateur).<\/p>\n<p><strong>Important : ce yoga ne remplace \u00e9videmment pas un avis m\u00e9dical et\/ou un suivi m\u00e9dical. Veuillez consulter votre m\u00e9decin g\u00e9n\u00e9raliste ou votre sp\u00e9cialiste si vous avez des doutes quant \u00e0 l&rsquo;opportunit\u00e9 de pratiquer un yoga doux.<\/strong><\/p>\n<p><strong>Continuez votre lecture ci-dessous pour en savoir plus sur le Yoga doux pour la r\u00e9cup\u00e9ration.<\/strong><\/p>\n<div class=\"yk-yogalessen\">\n<div class=\"yk-yogalestypesmall\">\n<h2>Yoga doux en ligne en direct depuis Schaerbeek<\/h2>\n<p>Cours de groupe en ligne et en direct<br \/>\n<strong>mardi apr\u00e8s-midi<\/strong>\u00a0de <strong>14.30 h \u00e0 15.30 h<\/strong><\/p>\n<\/div>\n<h3>Prochain cours de Yoga pour le dos<\/h3>\n<p><strong>Cliquez sur les liens bleus pour acc\u00e9der aux informations d\u00e9taill\u00e9es et pour voir le lieu.<\/strong><\/p>\n<div class=\"yk-inline-kalender\"><div class=\"em em-view-container\" id=\"em-view-399055222\" data-view=\"list-grouped\">\r\n\t<div class=\"em-list em-events-list em-events-list-grouped\" id=\"em-events-list-grouped-399055222\">\r\n\tPas de \u00c9v\u00e8nements\t<\/div>\r\n<\/div><\/div>\n<p><a class=\"yk-prijzen_btn\" title=\"Nos Prix\" href=\"http:\/\/yogakitchen.be\/fr\/nos-prix\/\">Nos prix<\/a><\/p>\n<div class=\"yk-hoebetalen\">\n<h2>Comment fonctionne exactement un cours de yoga pour la r\u00e9cup\u00e9ration ?<\/h2>\n<p>Dans les cours de yoga pour la r\u00e9cup\u00e9ration, nous utilisons les <strong>trois principaux piliers de la pratique du yoga<\/strong> en g\u00e9n\u00e9ral :<\/p>\n<h3>Concentration mentale<\/h3>\n<p>Rester pr\u00e9sent.e avec toute votre attention est peut-\u00eatre la t\u00e2che la plus difficile. Pourtant, elle est essentielle dans la pratique du yoga.<br \/>\nEn raison de ce que nous vivons pendant notre maladie et notre processus de gu\u00e9rison, nous avons parfois perdu la confiance et le contact avec la dimension sensorielle de notre corps. Parfois, nous nous sommes retrouv\u00e9s encore plus \u00ab\u00a0dans notre t\u00eate\u00a0\u00bb qu&rsquo;auparavant. Nous nous inqui\u00e9tons. Nous nous accrochons inconsciemment \u00e0 des pens\u00e9es sur le pass\u00e9 ou l&rsquo;avenir qui ne nous soutiennent pas du tout. Des pens\u00e9es qui portent souvent sur une projection particuli\u00e8re d\u2019un avenir incertain. Le fait de d\u00e9placer notre attention de notre pens\u00e9e vers notre corps physique nous aide \u00e0 vivre davantage dans le moment pr\u00e9sent. Nous exp\u00e9rimentons comment nous interagissons avec notre corps, nos pens\u00e9es et nos \u00e9motions. Cela nous donne la libert\u00e9 d&rsquo;exp\u00e9rimenter plus de paix et de s\u00e9r\u00e9nit\u00e9 avec notre r\u00e9alit\u00e9 quotidienne.<\/p>\n<h3>Respiration<\/h3>\n<p>Le yoga pour la r\u00e9cup\u00e9ration favorise une meilleure ma\u00eetrise de la respiration. Nous travaillons le plus souvent avec la <strong>ujjayi ou la respiration oc\u00e9anique<\/strong>.<br \/>\n<strong>Notre respiration est comme la fondation<\/strong>, le guide et la force motrice de notre pratique. \u00c9tant donn\u00e9 que chacun respire de mani\u00e8re diff\u00e9rente, il y a donc des moments o\u00f9 les participant.e.s au cours travaillent \u00e0 leur propre rythme. Aucun rythme n&rsquo;est impos\u00e9.<br \/>\nD&rsquo;une mani\u00e8re g\u00e9n\u00e9rale et dans le cadre de la r\u00e9cup\u00e9ration physique, bien respirer est primordial. En effet, une respiration trop superficielle et incompl\u00e8te peut entra\u00eener des tensions et des blocages d&rsquo;\u00e9nergie dans tout le corps.<\/p>\n<h3>Posture<\/h3>\n<p>Le yoga de r\u00e9cup\u00e9ration prend avant tout en compte les nouvelles situations et les limitations que nous pouvons avoir suite \u00e0 notre situation. Celles-ci existent, par exemple, \u00e0 la suite de proc\u00e9dures m\u00e9dicales, telles que les mastectomies ou autres interventions. La chimioth\u00e9rapie ou la radioth\u00e9rapie ont \u00e9galement un impact significatif sur nos niveaux d&rsquo;\u00e9nergie.<br \/>\nLes cons\u00e9quences de ces interventions chirurgicales, selon leur impact, nous font :<\/p>\n<ul>\n<li>perdre parfois temporairement une partie de notre souplesse et de l&rsquo;amplitude maximale de nos mouvements<\/li>\n<li>Parfois perdre de fa\u00e7on permanente une partie de notre amplitude de mouvement si certains groupes musculaires ou tissus ont \u00e9t\u00e9 enlev\u00e9s au cours de l&rsquo;intervention chirurgicale.<\/li>\n<\/ul>\n<p>Le yoga pour la r\u00e9cup\u00e9ration couvre <strong>cinq des six fonctions principales du yoga physique<\/strong>, <strong>avec des ajustements individuels si n\u00e9cessaire.<\/strong><\/p>\n<p>L&rsquo;outil permettant de soutenir et de renforcer ces fonctions est <strong>la posture de yoga ou asana<\/strong>.<br \/>\nLes postures dynamiques (en mouvement) alternent avec des moments statiques.<br \/>\nCelles-ci sont compl\u00e9t\u00e9es par des exercices adapt\u00e9s provenant d&rsquo;autres disciplines.<br \/>\nLa s\u00e9rie comprend principalement des postures couch\u00e9es et assises, mais aussi parfois des postures debout. Certaines aides telles que des chaises, des coussins, des poufs d\u2019assise, des serviettes sont utilis\u00e9es pour apporter un confort et un soutien suppl\u00e9mentaires. Nous adaptons les exercices le mieux possible aux capacit\u00e9s physiques individuelles de chaque personne.<\/p>\n<p>Petit \u00e0 petit, le yoga de r\u00e9cup\u00e9ration nous aide \u00e0 retrouver la ma\u00eetrise de notre corps. Nous retrouvons la confiance que nous avons parfois perdue en raison des circonstances exceptionnelles auxquelles nous avons \u00e9t\u00e9 confront\u00e9s.<\/p>\n<h3>Structure des cours<\/h3>\n<p>L&rsquo;approche est tr\u00e8s individuelle.<br \/>\nLa structure du cours est influenc\u00e9e par le niveau de bien-\u00eatre des diff\u00e9rents participant.e.s. Cela signifie que les participants se voient souvent proposer <strong>une variante modifi\u00e9e d&rsquo;un exercice<\/strong>, en fonction de leur \u00e9tat de sant\u00e9.<br \/>\nLes cours de yoga pour la r\u00e9cup\u00e9ration sont g\u00e9n\u00e9ralement structur\u00e9s comme suit :<\/p>\n<ul>\n<li>Le cours commence par un petit entretien informel au cours de laquelle chacun.e qui le d\u00e9sire partage son \u00e9tat de sant\u00e9 actuel.<\/li>\n<li>Dans un premier temps, nous nous effor\u00e7ons d&rsquo;\u00eatre pr\u00e9sents ici et maintenant et de sensibiliser le corps.<\/li>\n<li>En suite, nous activons la technique de respiration <strong>oc\u00e9anique\/ujjayi<\/strong> avant de d\u00e9marrer la s\u00e9quence de posture.<\/li>\n<li>Puis quelques courts mouvements d&rsquo;\u00e9chauffement suivent.<\/li>\n<li>Nous encha\u00eenons avec la s\u00e9quence de postures qui est compos\u00e9e principalement de postures couch\u00e9es, assises et aussi de quelques postures debout.<\/li>\n<li>Il y a r\u00e9guli\u00e8rement des moments de repos pendant le cours.<\/li>\n<li>A la fin, il y a un moment de repos g\u00e9n\u00e9reux avec une relaxation profonde et guid\u00e9e, allong\u00e9 sur le dos ou dans une position de repos de votre choix.<\/li>\n<\/ul>\n<p>Un cours de yoga pour le dos dure<strong>une heure.<\/strong><\/p>\n<h2>Comment est n\u00e9 ce cours de yoga ?<\/h2>\n<p><strong>Ce cours est n\u00e9 d&rsquo;un cours de yoga enseign\u00e9 de 2018 \u00e0 2019 dans le cadre du centre d\u2019accueil Bofort \u00e0 Bruxelles.<\/strong> Il s&rsquo;agissait d&rsquo;un centre de rencontre et d&rsquo;un groupe de pairs pour les personnes en r\u00e9tablissement apr\u00e8s un cancer (du sein). De 2020 jusqu\u2019\u00e0 aujourd&rsquo;hui, ce cours s&rsquo;est poursuivi en ligne en direct.<br \/>\n\u00c0 partir de 2023, ces cours sont \u00e9galement organis\u00e9s dans les Cliniques de l&rsquo;Europe dans le cadre du projet EurHope du service d&rsquo;oncologie. Suivre le cours en ligne permet de maintenir une continuit\u00e9 dans les semaines o\u00f9 aucune session en pr\u00e9sentiel ne se poursuit et aussi de d\u00e9velopper une pratique \u00e0 domicile simple et viable.<\/p>\n<\/div>\n<\/div>\n<table>\n<tbody>\n<tr bgcolor=\"#O5C2DE\">\n<th scope=\"col\"><strong>Type de cours<\/strong><\/th>\n<th scope=\"col\">Dur\u00e9e<\/th>\n<th scope=\"col\">Yin\/Yang<\/th>\n<th scope=\"col\">Rythme<\/th>\n<th scope=\"col\">Effet<\/th>\n<\/tr>\n<tr>\n<td>Yoga pour r\u00e9cup\u00e9rer<\/td>\n<td>60 min<\/td>\n<td>Yin et Yang<\/td>\n<td>Calme, dynamique, statique<\/td>\n<td>Relaxant, restaurateur<\/td>\n<\/tr>\n<\/tbody>\n<\/table>\n<h2>\u00cates-vous \u00e0 la recherche d\u2019un autre type de cours ?<\/h2>\n<p>Regardez ici nos autres cours de yoga :<\/p>\n<p style=\"text-align: left;\"><a class=\"yk-blue_btn\" title=\"Cours de yoga\" href=\"https:\/\/yogakitchen.be\/fr\/cours-de-yoga\/\">Consultez notre offre compl\u00e8te<\/a><\/p>\n","protected":false},"excerpt":{"rendered":"<p>Le Yoga en ligne pour la r\u00e9cup\u00e9ration Vous \u00eates en convalescence apr\u00e8s une maladie ou vous suivez des traitements r\u00e9guliers qui drainent beaucoup d&rsquo;\u00e9nergie ? Alors la pratique d&rsquo;un yoga doux et accessible, ax\u00e9 sur la pleine conscience et la relaxation, pourrait vous convenir. Parfois, ces d\u00e9fis nous font perdre le contact et m\u00eame la &hellip; <a href=\"https:\/\/yogakitchen.be\/fr\/cours-de-yoga\/yoga-de-recuperation\/\" class=\"more-link\">Continuer la lecture de <span class=\"screen-reader-text\">Yoga de r\u00e9cup\u00e9ration<\/span> <span class=\"meta-nav\">&rarr;<\/span><\/a><\/p>\n","protected":false},"author":1,"featured_media":18450,"parent":31,"menu_order":0,"comment_status":"closed","ping_status":"closed","template":"","meta":{"footnotes":""},"class_list":["post-18449","page","type-page","status-publish","has-post-thumbnail","hentry"],"_links":{"self":[{"href":"https:\/\/yogakitchen.be\/fr\/wp-json\/wp\/v2\/pages\/18449","targetHints":{"allow":["GET"]}}],"collection":[{"href":"https:\/\/yogakitchen.be\/fr\/wp-json\/wp\/v2\/pages"}],"about":[{"href":"https:\/\/yogakitchen.be\/fr\/wp-json\/wp\/v2\/types\/page"}],"author":[{"embeddable":true,"href":"https:\/\/yogakitchen.be\/fr\/wp-json\/wp\/v2\/users\/1"}],"replies":[{"embeddable":true,"href":"https:\/\/yogakitchen.be\/fr\/wp-json\/wp\/v2\/comments?post=18449"}],"version-history":[{"count":5,"href":"https:\/\/yogakitchen.be\/fr\/wp-json\/wp\/v2\/pages\/18449\/revisions"}],"predecessor-version":[{"id":18459,"href":"https:\/\/yogakitchen.be\/fr\/wp-json\/wp\/v2\/pages\/18449\/revisions\/18459"}],"up":[{"embeddable":true,"href":"https:\/\/yogakitchen.be\/fr\/wp-json\/wp\/v2\/pages\/31"}],"wp:featuredmedia":[{"embeddable":true,"href":"https:\/\/yogakitchen.be\/fr\/wp-json\/wp\/v2\/media\/18450"}],"wp:attachment":[{"href":"https:\/\/yogakitchen.be\/fr\/wp-json\/wp\/v2\/media?parent=18449"}],"curies":[{"name":"wp","href":"https:\/\/api.w.org\/{rel}","templated":true}]}}