{"id":2241,"date":"2013-08-16T16:26:19","date_gmt":"2013-08-16T16:26:19","guid":{"rendered":"http:\/\/yogakitchen.be\/fr\/?page_id=2241"},"modified":"2013-08-18T10:46:19","modified_gmt":"2013-08-18T10:46:19","slug":"approche-du-yoga-de-yoga-kitchen","status":"publish","type":"page","link":"https:\/\/yogakitchen.be\/fr\/approche-du-yoga-de-yoga-kitchen\/","title":{"rendered":"L&rsquo;approche du yoga de Yoga Kitchen"},"content":{"rendered":"<h3>Avec le yoga vers plus de connexion.<\/h3>\n<blockquote><p>Moins vivre dans la t\u00eate, plus dans le corps et en contact avec son coeur.<\/p><\/blockquote>\n<p><a href=\"http:\/\/yogakitchen.be\/fr\/wp-content\/uploads\/sites\/3\/2013\/08\/100_9639HandHeart_c72_T.jpg\"><img loading=\"lazy\" decoding=\"async\" class=\"size-full wp-image-3049 alignleft\" alt=\"Une photo montrant un caillou blanc en forme de coeur dans la paume d'une main\" src=\"http:\/\/yogakitchen.be\/fr\/wp-content\/uploads\/sites\/3\/2013\/08\/100_9639HandHeart_c72_T.jpg\" width=\"150\" height=\"150\" \/><\/a>Yoga Kitchen a une vision et approche tr\u00e8s terre \u00e0 terre du Yoga. Le noyau de notre pratique du yoga est la recherche d&rsquo;une conscience profonde et l&rsquo;exp\u00e9rience de ce qui se passe dans le corps. Cr\u00e9er le contact. Se connecter avec soi-m\u00eame et son propre corps comme premi\u00e8re \u00e9tape vers un contact plus profond et v\u00e9ridique avec le monde et la vie. Une des plus grandes plaies de l&rsquo;humanit\u00e9 qui est cause de pas mal de probl\u00e8mes au niveau mondial, c&rsquo;est cet \u00e9tat de s\u00e9paration dans laquelle beaucoup de gens vivent.<br \/>\nCette s\u00e9paration na\u00eet quand nous vivons trop dans nos t\u00eates, \u00e0 partir des illusions du mental, des pens\u00e9es. Avec comme point de r\u00e9f\u00e9rence l&rsquo;\u00e9go, \u00e9ternellement bavard, cette fameuse voix dans notre t\u00eate qui n&rsquo;arr\u00eate pas de commenter et de porter des jugements sur tout et tout le monde, que ce soit l&rsquo;\u00e9go individuel ou collectif.<\/p>\n<p>Yoga Kitchen recherche la connexion avec nos coeurs, nos propres corps et toutes ses dimensions, la liaison avec et la culture de la compassion pour la plan\u00e8te, la nature et tous les \u00eatres vivants qu&rsquo;elle h\u00e9berge.<br \/>\n\u00cbtre conscient de son corps interne nous ancre dans le moment pr\u00e9sent et est la porte via laquelle nous pouvons quitter la prison de l&rsquo;\u00e9go.<\/p>\n<h3>Les mantras<\/h3>\n<p>Un mantra c&rsquo;est un texte, le plus souvent en langue Sanskrit, qui est chant\u00e9 ou r\u00e9cit\u00e9 avant, pendant ou apr\u00e8s un cours de yoga. Les mantras aident \u00e0 calmer l&rsquo;esprit. Dans les cours de Yoga Kitchen, nous utilisons peu ou pas de mantras. Uniquement au d\u00e9but et \u00e0 la fin d&rsquo;une session de yoga on chante trois fois \u201cOm\u201d ou \u201cSat Nam\u201d. C&rsquo;est pour marquer le d\u00e9but et la fin de la session de yoga dans le temps et l&rsquo;espace.<\/p>\n<h3>Les mudras<\/h3>\n<p><a href=\"http:\/\/yogakitchen.be\/fr\/wp-content\/uploads\/sites\/3\/2013\/08\/mudra_01_72cF.jpg\"><img loading=\"lazy\" decoding=\"async\" class=\"size-thumbnail wp-image-3047 alignleft\" alt=\"Photo d'un geste de main appel\u00e9 Gyan Mudra\" src=\"http:\/\/yogakitchen.be\/fr\/wp-content\/uploads\/sites\/3\/2013\/08\/mudra_01_72cF-150x150.jpg\" width=\"150\" height=\"150\" srcset=\"https:\/\/yogakitchen.be\/fr\/wp-content\/uploads\/sites\/3\/2013\/08\/mudra_01_72cF-150x150.jpg 150w, https:\/\/yogakitchen.be\/fr\/wp-content\/uploads\/sites\/3\/2013\/08\/mudra_01_72cF.jpg 280w\" sizes=\"auto, (max-width: 150px) 100vw, 150px\" \/><\/a>Le mot mudra signifie litt\u00e9ralement sceau ou geste. Les mudras dans le yoga sont des gestes symboliques de la main qui ont une influence sp\u00e9cifique sur votre \u00e9nergie ou sur votre \u00e9tat d&rsquo;\u00e2me. Chaque doigt a une autre signification au niveau \u00e9nerg\u00e9tique. En mettant les bouts des doigts en contact d&rsquo;une certaine mani\u00e8re, vous influencerez votre \u00e9nergie ou votre \u00e9tat \u00e9motionnel. Nous utilisons certains mudras pendant des exercices de yoga ou pendant les moments de m\u00e9ditation.<\/p>\n<h3>Les influences du Kundalini Yoga<\/h3>\n<p>Le Kundalini Yoga est un style de yoga \u00e0 part. C&rsquo;est un yoga dynamique et agile dans lequel la mise en circulation de l&rsquo;\u00e9nergie vitale du corps gr\u00e2ce \u00e0 la mobilisation intensive de la respiration joue un r\u00f4le cl\u00e9. Dans le Kundalini Yoga, on travaille surtout le tronc et la souplesse de la colonne vert\u00e9brale, la base, les jambes et les pieds par contre moins. C&rsquo;est une discipline de yoga o\u00f9 la dimension spirituelle joue un grand r\u00f4le et o\u00f9 on utilise beaucoup de mantras.<\/p>\n<p>Bien que Yoga Kitchen n&rsquo;organise pas de cours de Kundalini yoga complets, nous puisons activement dans l&rsquo;approche Kundalini pour les exercices d&rsquo;\u00e9chauffement et de respiration, et pour certaines s\u00e9ries d&rsquo;\u00e9tirements dans le Yin Yoga.<\/p>\n","protected":false},"excerpt":{"rendered":"<p>Avec le yoga vers plus de connexion. Moins vivre dans la t\u00eate, plus dans le corps et en contact avec son coeur. Yoga Kitchen a une vision et approche tr\u00e8s terre \u00e0 terre du Yoga. Le noyau de notre pratique du yoga est la recherche d&rsquo;une conscience profonde et l&rsquo;exp\u00e9rience de ce qui se passe &hellip; <a href=\"https:\/\/yogakitchen.be\/fr\/approche-du-yoga-de-yoga-kitchen\/\" class=\"more-link\">Continuer la lecture de <span class=\"screen-reader-text\">L&rsquo;approche du yoga de Yoga Kitchen<\/span> <span class=\"meta-nav\">&rarr;<\/span><\/a><\/p>\n","protected":false},"author":1,"featured_media":0,"parent":0,"menu_order":0,"comment_status":"closed","ping_status":"closed","template":"","meta":{"footnotes":""},"class_list":["post-2241","page","type-page","status-publish","hentry"],"_links":{"self":[{"href":"https:\/\/yogakitchen.be\/fr\/wp-json\/wp\/v2\/pages\/2241","targetHints":{"allow":["GET"]}}],"collection":[{"href":"https:\/\/yogakitchen.be\/fr\/wp-json\/wp\/v2\/pages"}],"about":[{"href":"https:\/\/yogakitchen.be\/fr\/wp-json\/wp\/v2\/types\/page"}],"author":[{"embeddable":true,"href":"https:\/\/yogakitchen.be\/fr\/wp-json\/wp\/v2\/users\/1"}],"replies":[{"embeddable":true,"href":"https:\/\/yogakitchen.be\/fr\/wp-json\/wp\/v2\/comments?post=2241"}],"version-history":[{"count":5,"href":"https:\/\/yogakitchen.be\/fr\/wp-json\/wp\/v2\/pages\/2241\/revisions"}],"predecessor-version":[{"id":3051,"href":"https:\/\/yogakitchen.be\/fr\/wp-json\/wp\/v2\/pages\/2241\/revisions\/3051"}],"wp:attachment":[{"href":"https:\/\/yogakitchen.be\/fr\/wp-json\/wp\/v2\/media?parent=2241"}],"curies":[{"name":"wp","href":"https:\/\/api.w.org\/{rel}","templated":true}]}}