{"id":38,"date":"2013-08-16T07:54:26","date_gmt":"2013-08-16T07:54:26","guid":{"rendered":"http:\/\/yogakitchen.be\/fr\/?page_id=38"},"modified":"2025-12-23T13:14:05","modified_gmt":"2025-12-23T12:14:05","slug":"nos-prix","status":"publish","type":"page","link":"https:\/\/yogakitchen.be\/fr\/nos-prix\/","title":{"rendered":"Nos Prix"},"content":{"rendered":"<h1>Les tarifs actuels de nos activit\u00e9s<\/h1>\n<h2>Cours de Yoga \u00e0 Schaerbeek<\/h2>\n<table class=\"yk-prijzentabel\">\n<caption>Cours collectifs en ligne<\/caption>\n<tbody>\n<tr>\n<th scope=\"col\"><strong>Cours collectifs de yoga en ligne<\/strong><\/th>\n<th scope=\"col\">60 min<\/th>\n<th scope=\"col\">90 min<\/th>\n<\/tr>\n<tr>\n<th scope=\"row\">Cours singuliers<\/th>\n<td>12,00 \u20ac<\/td>\n<td>18,00 \u20ac<\/td>\n<\/tr>\n<\/tbody>\n<\/table>\n<table class=\"yk-prijzentabel\">\n<caption>Cours collectifs pr\u00e9sentiel<\/caption>\n<tbody>\n<tr>\n<th scope=\"col\"><strong>Cours collectifs de yoga pr\u00e9sentiel<\/strong><\/th>\n<th scope=\"col\">60 min<\/th>\n<th scope=\"col\">90 min<\/th>\n<\/tr>\n<tr>\n<th scope=\"row\">Cours singuliers<\/th>\n<td>14,00 \u20ac<\/td>\n<td>21,00 \u20ac<\/td>\n<\/tr>\n<tr>\n<th scope=\"row\">Carte 5 cours<\/th>\n<td>65,00 \u20ac<\/td>\n<td>95,00 \u20ac<\/td>\n<\/tr>\n<tr>\n<th scope=\"row\">Carte 10 cours<\/th>\n<td>110,00 \u20ac<\/td>\n<td>165,00 \u20ac<\/td>\n<\/tr>\n<\/tbody>\n<\/table>\n<p>Les cartes \u00e0 multiples cours sont <strong>strictement personnelles<\/strong> et restent <strong>valables jusque 4 mois apr\u00e8s la date d&rsquo;ach\u00e2t<\/strong>.<br \/>\nPour en savoir plus sur l\u2019usage de nos cartes \u00e0 multiples cours, veuillez consulter nos <a href=\"https:\/\/yogakitchen.be\/fr\/conditions-generales\/\" rel=\"noopener noreferrer\" target=\"_blank\">conditions g\u00e9n\u00e9rales<\/a>.<\/p>\n<h2>Consultations individuelles<\/h2>\n<table class=\"yk-prijzentabel\">\n<caption>CONSULTATION YOGATHERAPIE<\/caption>\n<tbody>\n<tr>\n<th scope=\"col\"><strong>CONSULTATION PRIV\u00c9E DE YOGA<\/strong><\/th>\n<th scope=\"col\">Intake 90 min<\/th>\n<th scope=\"col\">60 min<\/th>\n<\/tr>\n<tr>\n<th scope=\"row\">1 PERSONNE<\/th>\n<td>65,00 \u20ac<\/td>\n<td>65,00 \u20ac<\/td>\n<\/tr>\n<\/tbody>\n<\/table>\n<p>L\u2019intake, c\u2019est la toute premi\u00e8re entrevue. Les premi\u00e8res 30 minutes, pr\u00e9vues pour la prise de connaissance et le questionnaire, sont gratuites.<\/p>\n<table class=\"yk-prijzentabel\">\n<caption>COURS PARTICULIER DE YOGA (uniquement region Bruxelloise)<\/caption>\n<tbody>\n<tr>\n<th scope=\"col\"><strong>COURS PARTICULIER DE YOGA (\u00b0)<\/strong><\/th>\n<th scope=\"col\">60 min<\/th>\n<\/tr>\n<tr>\n<th scope=\"row\">1 PERSONNE<\/th>\n<td>65,00 \u20ac<\/td>\n<\/tr>\n<tr>\n<th scope=\"row\">2 PERSONNES<\/th>\n<td>50,00 \u20ac \/ personne<\/td>\n<\/tr>\n<\/tbody>\n<\/table>\n<p>(\u00b0) Uniquement en r\u00e9gion bruxelloise<br \/>\nEn cas de d\u00e9placement : 10,00 \u20ac de frais de d\u00e9placement.<\/p>\n<h2>Ateliers Yoga et alimentation v\u00e9g\u00e9tale<\/h2>\n<p>Les prix des ateliers  de yoga ou d\u2019alimentation v\u00e9g\u00e9tale varient selon la dur\u00e9e et le th\u00e8me de l&rsquo;atelier.<br \/>\nVeuillez toujours consulter la page de l&rsquo;\u00e9v\u00e8nement en question pour plus de d\u00e9tails.<\/p>\n<table class=\"yk-prijzentabel\">\n<caption>ATELIERS YOGA<\/caption>\n<tbody>\n<tr>\n<th scope=\"col\"><strong>ATELIERS YOGA<\/strong><\/th>\n<th scope=\"col\">DUR\u00c9E<\/th>\n<th scope=\"col\">FRAIS DE PARTICIPATION<\/th>\n<\/tr>\n<tr>\n<th scope=\"row\">YOGA ET ART DU DESSIN<\/th>\n<td>180 min<\/td>\n<td>30,00 \u20ac<\/td>\n<\/tr>\n<tr>\n<th scope=\"row\">YOGA NU POUR HOMMES<\/th>\n<td>120 min<\/td>\n<td>30,00 \u20ac<\/td>\n<\/tr>\n<\/tbody>\n<\/table>\n<table class=\"yk-prijzentabel\">\n<caption>ATELIERS ALIMENTATION V\u00c9G\u00c9TALE<\/caption>\n<tbody>\n<tr>\n<th scope=\"col\"><strong>ATELIERS ALIMENTATION V\u00c9G\u00c9TALE<\/strong><\/th>\n<th scope=\"col\">DUR\u00c9E<\/th>\n<th scope=\"col\">FRAIS DE PARTICIPATION P\/PERS.<\/th>\n<\/tr>\n<tr>\n<th scope=\"row\">REMPLACER LA VIANDE<\/th>\n<td>150 min<\/td>\n<td>55,00 \u20ac<\/td>\n<\/tr>\n<tr>\n<th scope=\"row\">REMPLACER LA VIANDE PRIV\u00c9<\/th>\n<td>150 min<\/td>\n<td>110,00 \u20ac<\/td>\n<\/tr>\n<tr>\n<th scope=\"row\">REMPLACER LA VIANDE PRIV\u00c9 POUR 2<\/th>\n<td>150 min<\/td>\n<td>65,00 \u20ac<\/td>\n<\/tr>\n<\/tbody>\n<\/table>\n<p>&nbsp;<\/p>\n<div class=\"yk-hoebetalen\">\n<h2>Comment payer?<\/h2>\n<h3>Paiement des cours collectifs de yoga<\/h3>\n<ul>\n<li>Cours singuliers en pr\u00e9sentiel:\u00a0De pr\u00e9f\u00e9rence par virement bancaire sur le num\u00e9ro de compte<br \/>\n<strong>IBAN: BE76 0635 4774 5695 de Yoga Kitchen \u2013 Peter Verhaegen<\/strong><\/li>\n<p> ou via la page de paiement en ligne du site web.<\/li>\n<li>Cours singuliers en direct en ligne:\u00a0De pr\u00e9f\u00e9rence par virement bancaire sur le num\u00e9ro de compte<br \/>\n<strong>IBAN: BE76 0635 4774 5695 de Yoga Kitchen \u2013 Peter Verhaegen<\/strong><\/li>\n<p> ou via la page de paiement en ligne du site web.<\/li>\n<li>Cartes multiples cours:\u00a0De pr\u00e9f\u00e9rence par virement bancaire sur le num\u00e9ro de compte<br \/>\n<strong>IBAN: BE76 0635 4774 5695 de Yoga Kitchen \u2013 Peter Verhaegen<\/strong><\/li>\n<p> ou via la page de paiement en ligne du site web.\n<\/ul>\n<p><strong>Paiements en cash<\/strong> (montant exacte) uniquement r\u00e9serv\u00e9s aux participant.e.s r\u00e9guliers aux cours.<\/p>\n<h3>Paiement des consultations individuelles, cours priv\u00e9s de yoga et massages<\/h3>\n<p>Apr\u00e8s prise de rendez-vous de pr\u00e9f\u00e9rence par virement bancaire sur le num\u00e9ro de compte<br \/>\n<strong>IBAN: BE76 0635 4774 5695 de Yoga Kitchen \u2013 Peter Verhaegen<\/strong><br \/>\nou via la page de paiement en ligne du site web.<\/p>\n<h3>Paiement des ateliers et des formations<\/h3>\n<ul>\n<li>Apr\u00e8s demande de r\u00e9servation et confirmation de la disponibilit\u00e9: paiement des frais de participation par virement bancaire sur le num\u00e9ro de compte en banque <strong>IBAN: BE76 0635 4774 5695 de Yoga Kitchen \u2013 Peter Verhaegen<\/strong> avec mention de votre nom et la date de l\u2019atelier.<\/li>\n<li>Vous pouvez aussi payer les ateliers via les boutons de paiement du site web sur la page de l&rsquo;\u00e9v\u00e8nement.<\/li>\n<\/ul>\n<h2>Conditions d\u2019annulation<\/h2>\n<p>Veuillez consulter nos <a href=\"https:\/\/yogakitchen.be\/fr\/conditions-generales\/\" rel=\"noopener noreferrer\" target=\"_blank\">conditions g\u00e9n\u00e9rales<\/a>.<\/p>\n<h2>Adaptation des tarifs 2025<\/h2>\n<p><a href=\"https:\/\/yogakitchen.be\/fr\/2025\/01\/08\/evolution-des-prix-2025\/\" target=\"_blank\" rel=\"noopener noreferrer\">Cliquez ici<\/a> pour plus d&rsquo;infos sur l&rsquo;adaptation des tarifs \u00e0 partir du 1ier janvier 2025.<\/p>\n<\/div>\n<h2>Payez vos cours et ateliers ici via le site web :<\/h><\/p>\n<h3>Cours collectifs et cartes \u00e0 multiples cours <strong>60 minutes:<\/strong><\/h3>\n<p><a class=\"yk-red_btn\" title=\"Cours en ligne 60 minutes\" href=\"https:\/\/yogakitchen.be\/fr\/produit\/cours-de-yoga-singulier-en-ligne-60-minutes\/\">Cours en ligne 60 minutes<\/a><\/p>\n<p><a class=\"yk-red_btn\" title=\"Cours 60 minutes\" href=\"https:\/\/yogakitchen.be\/fr\/produit\/cours-de-yoga-singulier-en-presentiel-60-minutes\/\">Cours 60 minutes<\/a><\/p>\n<p><a class=\"yk-red_btn\" title=\"5 x 60 multiples\" href=\"https:\/\/yogakitchen.be\/fr\/produit\/pass-yoga-5-x-60-minutes-en-presentiel\/\">5 x 60 multiples<\/a><\/p>\n<p><a class=\"yk-red_btn\" title=\"10 x 60 multiples\" href=\"https:\/\/yogakitchen.be\/fr\/produit\/pass-yoga-10-x-60-minutes-en-presentiel\/\">10 x 60 multiples<\/a><\/p>\n<h3>Cours collectifs et cartes \u00e0 multiples cours <strong>90 minutes:<\/strong><\/h3>\n<p><a class=\"yk-red_btn\" title=\"En ligne 90 Minutes\" href=\"https:\/\/yogakitchen.be\/fr\/produit\/cours-de-yoga-singulier-en-ligne-90-minutes\/\">En ligne 90 Minutes<\/a><\/p>\n<p><a class=\"yk-red_btn\" title=\"Cours 90 minutes\" href=\"https:\/\/yogakitchen.be\/fr\/produit\/cours-de-yoga-singulier-en-presentiel-90-minutes\/\">Cours 90 minutes<\/a><\/p>\n<p><a class=\"yk-red_btn\" title=\"5 x 90 multiples\" href=\"https:\/\/yogakitchen.be\/fr\/produit\/pass-yoga-5-x-90-minutes-en-presentiel\/\">5 x 90 multiples<\/a><\/p>\n<p><a class=\"yk-red_btn\" title=\"10 x 90 multiples\" href=\"https:\/\/yogakitchen.be\/fr\/produit\/pass-yoga-10-x-90-minutes-en-presentiel\/\">10 x 90 multiples<\/a><\/p>\n<h3>Consultations individuelles et cours priv\u00e9 <strong>60 minutes:<\/strong><\/h3>\n<p><a class=\"yk-red_btn\" title=\"Priv\u00e9 60 minutes\" href=\"https:\/\/yogakitchen.be\/fr\/produit\/cours-de-yoga-singulier-prive-60-minutes\/\">Priv\u00e9 60 minutes<\/a><\/p>\n<h3>Ateliers Yoga Nu pour Hommes <strong>(120 minutes)<\/strong> :<\/h3>\n<p><a class=\"yk-red_btn\" title=\"Atelier Yoga Nu\" href=\"https:\/\/yogakitchen.be\/fr\/produit\/atelier-yoga-nu-singulier-120-minutes\/\">Atelier Yoga Nu singulier 120 minutes<\/a><\/p>\n<h3>Ateliers Yoga et Art du Dessin <strong>(180 minutes)<\/strong>:<\/h3>\n<p><a class=\"yk-red_btn\" title=\"Yoga et Art du Dessin\" href=\"https:\/\/yogakitchen.be\/fr\/produit\/atelier-yoga-art-du-dessin\/\">Atelier Yoga et Art du Dessin<\/a><\/p>\n<h3>Ateliers Sant\u00e9 V\u00e9gan collectifs <strong>(150 minutes)<\/strong>:<\/h3>\n<p><a class=\"yk-red_btn\" title=\"Sant\u00e9 v\u00e9gan\" href=\"https:\/\/yogakitchen.be\/fr\/produit\/atelier-de-cuisine-sante-vegan\/\">Atelier de Cuisine Sant\u00e9 V\u00e9gan<\/a><\/p>\n<h3>Ateliers Sant\u00e9 V\u00e9gan priv\u00e9 individuel <strong>(150 minutes)<\/strong>:<\/h3>\n<p><a class=\"yk-red_btn\" title=\"Sant\u00e9 v\u00e9gan priv\u00e9\" href=\"https:\/\/yogakitchen.be\/fr\/produit\/atelier-de-cuisine-prive-sante-vegan\/\">Atelier de Cuisine Priv\u00e9 Sant\u00e9 V\u00e9gan<\/a><\/p>\n<h3>Ateliers Sant\u00e9 V\u00e9gan priv\u00e9 pour 2 <strong>(150 minutes)<\/strong>:<\/h3>\n<p><a class=\"yk-red_btn\" title=\"Sant\u00e9 v\u00e9gan priv\u00e9 pour 2\" href=\"https:\/\/yogakitchen.be\/fr\/produit\/atelier-de-cuisine-prive-sante-vegan-pour-2\/\">Atelier de Cuisine Priv\u00e9 Sant\u00e9 V\u00e9gan pour 2<\/a><\/p>\n","protected":false},"excerpt":{"rendered":"<p>Les tarifs actuels de nos activit\u00e9s Cours de Yoga \u00e0 Schaerbeek Cours collectifs en ligne Cours collectifs de yoga en ligne 60 min 90 min Cours singuliers 12,00 \u20ac 18,00 \u20ac Cours collectifs pr\u00e9sentiel Cours collectifs de yoga pr\u00e9sentiel 60 min 90 min Cours singuliers 14,00 \u20ac 21,00 \u20ac Carte 5 cours 65,00 \u20ac 95,00 &hellip; <a href=\"https:\/\/yogakitchen.be\/fr\/nos-prix\/\" class=\"more-link\">Continuer la lecture de <span class=\"screen-reader-text\">Nos Prix<\/span> <span class=\"meta-nav\">&rarr;<\/span><\/a><\/p>\n","protected":false},"author":2,"featured_media":0,"parent":0,"menu_order":0,"comment_status":"closed","ping_status":"closed","template":"","meta":{"footnotes":""},"class_list":["post-38","page","type-page","status-publish","hentry"],"_links":{"self":[{"href":"https:\/\/yogakitchen.be\/fr\/wp-json\/wp\/v2\/pages\/38","targetHints":{"allow":["GET"]}}],"collection":[{"href":"https:\/\/yogakitchen.be\/fr\/wp-json\/wp\/v2\/pages"}],"about":[{"href":"https:\/\/yogakitchen.be\/fr\/wp-json\/wp\/v2\/types\/page"}],"author":[{"embeddable":true,"href":"https:\/\/yogakitchen.be\/fr\/wp-json\/wp\/v2\/users\/2"}],"replies":[{"embeddable":true,"href":"https:\/\/yogakitchen.be\/fr\/wp-json\/wp\/v2\/comments?post=38"}],"version-history":[{"count":50,"href":"https:\/\/yogakitchen.be\/fr\/wp-json\/wp\/v2\/pages\/38\/revisions"}],"predecessor-version":[{"id":20586,"href":"https:\/\/yogakitchen.be\/fr\/wp-json\/wp\/v2\/pages\/38\/revisions\/20586"}],"wp:attachment":[{"href":"https:\/\/yogakitchen.be\/fr\/wp-json\/wp\/v2\/media?parent=38"}],"curies":[{"name":"wp","href":"https:\/\/api.w.org\/{rel}","templated":true}]}}