{"id":45,"date":"2013-08-16T08:46:21","date_gmt":"2013-08-16T08:46:21","guid":{"rendered":"http:\/\/yogakitchen.be\/fr\/?page_id=45"},"modified":"2026-03-04T14:22:23","modified_gmt":"2026-03-04T13:22:23","slug":"prana-yoga-flow-basic","status":"publish","type":"page","link":"https:\/\/yogakitchen.be\/fr\/cours-de-yoga\/prana-yoga-flow-basic\/","title":{"rendered":"Prana Yoga Flow Basic"},"content":{"rendered":"<h1>Le Prana Yoga Flow, une pratique de yoga physique \u00e9nergique et dynamique.<\/h1>\n<blockquote><p>Aimez-vous les mouvements intenses et dynamiques ou avez-vous un mode de vie tr\u00e8s s\u00e9dentaire ? Alors les cours de <strong>Prana Yoga Flow<\/strong> vous conviendront parfaitement.<\/p><\/blockquote>\n<p>Ce cours a comme objectif de cr\u00e9er une base et un centre du corps tr\u00e8s solides et puissants, de la libert\u00e9 pour les \u00e9paules et la cage thoracique, et de la tranquillit\u00e9 au niveau du mental.<br \/>\nLa respiration forme la base et le point de d\u00e9part de cette pratique de yoga. L\u2019attention dirig\u00e9e, la respiration et la posture\/le mouvement forment le trio d\u2019or qui am\u00e9liore le flux de l\u2019\u00e9nergie dans le corps.<br \/>\nLe Prana Yoga Flow a un effet chauffant et activant.<br \/>\n<strong>Continuez votre lecture ci-dessous pour en savoir plus sur le Prana Yoga Flow.<\/strong><\/p>\n<div class=\"yk-yogalessen\">\n<div class=\"yk-yogalestypesmall\">\n<h2>Prana Yoga Flow Basic\u00a0\u00e0 Schaerbeek<\/h2>\n<p>Cours collectifs<br \/>\n<strong>Mercredi soir<\/strong>\u00a0de 19.00 h \u00e0 20.30 h<br \/>\n<strong>Certains Lundi soir<\/strong>\u00a0de 19.00 h \u00e0 20.30 h<\/p>\n<\/div>\n<h2>Prochain cours de Prana Yoga Flow<\/h2>\n<h3>Cliquez sur les liens bleus pour r\u00e9server et pour acc\u00e9der aux informations d\u00e9taill\u00e9es et voir le lieu.<\/h3>\n<div class=\"yk-inline-kalender\"><div class=\"em em-view-container\" id=\"em-view-593419834\" data-view=\"list-grouped\">\r\n\t<div class=\"em-list em-events-list em-events-list-grouped\" id=\"em-events-list-grouped-593419834\">\r\n\t<h2>Avr 2026<\/h2><!-- START HEADER -->\r\n<table cellpadding=\"5\" cellspacing=\"0\" width=\"100%\" id=\"current-events\" >\r\n\t<thead>\r\n\t\t<tr>\r\n\t\t\t<th id=\"event-time\" width=\"180\">Date\/Heure<\/th>\r\n\t\t\t<th id=\"event-description\" width=\"*\">Cours\/Atelier<\/th>\r\n\t\t<\/tr>\r\n\t<\/thead>\r\n<tbody>\r\n<!-- END HEADER --><!-- START SINGLE FORMAT -->\r\n\t<tr>\r\n\t\t<td>\r\n\t\t\t<strong>08\/04\/2026<\/strong> | <i>19:00 - 20:30<\/i>\r\n\t\t<\/td>\r\n\t\t<td>\r\n\t\t\t<strong><a href=\"https:\/\/yogakitchen.be\/fr\/events\/prana-yoga-flow-mercredi-6-2026-01-07-2026-01-14-2026-01-21-2026-01-28-2026-02-04-2026-02-11-2026-02-18-2026-02-25-2026-03-04-2026-03-11-2026-03-18-2026-03-25-2026-04-01-2026-04-08\/\">Prana Yoga Flow mercredi<\/a><\/strong>\r\n\t\t\t, <i>Yoga Kitchen, Schaerbeek <\/i>\r\n\t\t<\/td>\r\n\t<\/tr>\r\n<!-- END SINGLE FORMAT --><!-- START SINGLE FORMAT -->\r\n\t<tr>\r\n\t\t<td>\r\n\t\t\t<strong>13\/04\/2026<\/strong> | <i>19:00 - 20:30<\/i>\r\n\t\t<\/td>\r\n\t\t<td>\r\n\t\t\t<strong><a href=\"https:\/\/yogakitchen.be\/fr\/events\/prana-yoga-flow-lundi-20260413\/\">Prana Yoga Flow lundi 20260413<\/a><\/strong>\r\n\t\t\t, <i>Yoga Kitchen, Schaerbeek <\/i>\r\n\t\t<\/td>\r\n\t<\/tr>\r\n<!-- END SINGLE FORMAT --><!-- START SINGLE FORMAT -->\r\n\t<tr>\r\n\t\t<td>\r\n\t\t\t<strong>15\/04\/2026<\/strong> | <i>19:00 - 20:30<\/i>\r\n\t\t<\/td>\r\n\t\t<td>\r\n\t\t\t<strong><a href=\"https:\/\/yogakitchen.be\/fr\/events\/prana-yoga-flow-mercredi-6-2026-01-07-2026-01-14-2026-01-21-2026-01-28-2026-02-04-2026-02-11-2026-02-18-2026-02-25-2026-03-04-2026-03-11-2026-03-18-2026-03-25-2026-04-01-2026-04-08-2026-04-15\/\">Prana Yoga Flow mercredi<\/a><\/strong>\r\n\t\t\t, <i>Yoga Kitchen, Schaerbeek <\/i>\r\n\t\t<\/td>\r\n\t<\/tr>\r\n<!-- END SINGLE FORMAT --><!-- START SINGLE FORMAT -->\r\n\t<tr>\r\n\t\t<td>\r\n\t\t\t<strong>22\/04\/2026<\/strong> | <i>19:00 - 20:30<\/i>\r\n\t\t<\/td>\r\n\t\t<td>\r\n\t\t\t<strong><a href=\"https:\/\/yogakitchen.be\/fr\/events\/prana-yoga-flow-mercredi-6-2026-01-07-2026-01-14-2026-01-21-2026-01-28-2026-02-04-2026-02-11-2026-02-18-2026-02-25-2026-03-04-2026-03-11-2026-03-18-2026-03-25-2026-04-01-2026-04-08-2026-15-2026-04-22\/\">Prana Yoga Flow mercredi<\/a><\/strong>\r\n\t\t\t, <i>Yoga Kitchen, Schaerbeek <\/i>\r\n\t\t<\/td>\r\n\t<\/tr>\r\n<!-- END SINGLE FORMAT --><!-- START SINGLE FORMAT -->\r\n\t<tr>\r\n\t\t<td>\r\n\t\t\t<strong>29\/04\/2026<\/strong> | <i>19:00 - 20:30<\/i>\r\n\t\t<\/td>\r\n\t\t<td>\r\n\t\t\t<strong><a href=\"https:\/\/yogakitchen.be\/fr\/events\/prana-yoga-flow-mercredi-6-2026-01-07-2026-01-14-2026-01-21-2026-01-28-2026-02-04-2026-02-11-2026-02-18-2026-02-25-2026-03-04-2026-03-11-2026-03-18-2026-03-25-2026-04-01-2026-04-08-2026-22-2026-04-29\/\">Prana Yoga Flow mercredi<\/a><\/strong>\r\n\t\t\t, <i>Yoga Kitchen, Schaerbeek <\/i>\r\n\t\t<\/td>\r\n\t<\/tr>\r\n<!-- END SINGLE FORMAT --><!-- START FOOTER -->\r\n\t<\/tbody>\r\n<\/table>\r\n<!-- END FOOTER --><div class=\"em-pagination em-ajax\" data-em-ajax=\"id=593419834&amp;limit=5&amp;category=4&amp;action=search_events\"> <span class=\"page-numbers current\">1<\/span> <a class=\"page-numbers\" href=\"\/fr\/wp-json\/wp\/v2\/pages\/45?pno=2\" title=\"2\">2<\/a>  <a class=\"page-numbers\" href=\"\/fr\/wp-json\/wp\/v2\/pages\/45?pno=3\" title=\"3\">3<\/a>  <a class=\"page-numbers\" href=\"\/fr\/wp-json\/wp\/v2\/pages\/45?pno=4\" title=\"4\">4<\/a>  <a class=\"next page-numbers\" href=\"\/fr\/wp-json\/wp\/v2\/pages\/45?pno=2\" title=\"2\">&gt;<\/a>  <\/div>\t<\/div>\r\n<\/div><\/div>\n<p style=\"text-align: left;\"><a class=\"yk-blue_btn\" title=\"Nos Prix\" href=\"https:\/\/yogakitchen.be\/fr\/nos-prix\/\">Nos prix<\/a><\/p>\n<div class=\"yk-hoebetalen\">\n<h2>Prana Yoga Flow<\/h2>\n<p>Le Prana Yoga Flow est id\u00e9al pour celles et ceux qui veulent bouger de mani\u00e8re saine et consciente. Il permet de cultiver de la force int\u00e9rieure et de l&rsquo;endurance.<br \/>\nPhysiquement parlant, la pratique de Prana Yoga Flow vous rendra plus flexible, et \u00e9galement plus puissant.e. Vos muscles seront stimul\u00e9s \u00e0 se d\u00e9velopper de mani\u00e8re longitudinale, et ils mettent en \u0153uvre une force \u00e9gale le long de tous les cot\u00e9s du corps et des membres, ce qui favorise l&rsquo;\u00e9quilibre et la sant\u00e9 de vos articulations.<br \/>\nVous apprenez \u00e0 vous tenir debout de mani\u00e8re plus solide et consciente, et vous apprenez \u00e0 travailler votre respiration avec une conscience aiguis\u00e9e.<br \/>\n<strong>Apr\u00e8s un cours de Prana Yoga Flow vous vous sentez super bien ancr\u00e9.e dans votre corps physique<\/strong>. On ressent les bienfaits du cours pendant des jours apr\u00e8s.<\/p>\n<h3>La pr\u00e9sence mentale<\/h3>\n<p>Rester mentalement pr\u00e9sent(e) pendant la pratique du yoga est probablement la t\u00e2che qui demande le plus d\u2019effort. Pourtant, elle est essentielle \u00e0 la pratique du yoga.<br \/>\nC&rsquo;est pourquoi nous pratiquerons parfois les yeux ferm\u00e9s. Afin de pouvoir se concentrer plus facilement sur toutes les sensations physiques du corps.<\/p>\n<h3>La respiration<\/h3>\n<p>En Prana Yoga Flow, nous travaillons continuellement avec <strong>la respiration oc\u00e9anique ou ujjayi<\/strong> et parfois avec une contraction consciente de certains groupes de muscles.<br \/>\nNotre respiration est pour ainsi dire notre guide et notre force motrice. Comme chacun respire de fa\u00e7on diff\u00e9rente, il y a des moments o\u00f9 les participant.e.s travaillent \u00e0 leur propre rythme.<\/p>\n<h3>La posture<\/h3>\n<p>Dans le Prana Yoga Flow <strong>les six fonctions les plus importantes du yoga physique<\/strong> passent toutes la revue. L&rsquo;outil pour nourrir et renforcer ces fonctions, c&rsquo;est <strong>la posture de yoga ou asana.<\/strong><br \/>\nLes postures de base dans les cours de Prana Yoga Flow Basic sont choisis d&rsquo;une s\u00e9rie de 32 postures de base et leurs variantes.<br \/>\nLes postures sont li\u00e9es entre eux de mani\u00e8re rythmique et fluide par des mouvements interm\u00e9diaires appel\u00e9s <strong>les vinyasas<\/strong>. Dans les cours du Prana Yoga Flow Basic nous apprenons les diff\u00e9rentes postures de base et \u00e0 les lier de mani\u00e8re fluide. Souvent nous nous accordons un moment pour un peu d&rsquo;explication \u00ab\u00a0technique\u00a0\u00bb sur les fonctions et les postures. Les postures un peu plus exigeantes comme par exemple les inversions sont abord\u00e9es avec une prudence et une rigueur rassurantes.<\/p>\n<h3>Structure du cours<\/h3>\n<p>Les cours de Prana Yoga Flow sont g\u00e9n\u00e9ralement structur\u00e9s comme suit :<\/p>\n<ul>\n<li>Nous commen\u00e7ons par un moment o\u00f9 nous recherchons la pr\u00e9sence dans le moment pr\u00e9sent et la sensation physique de notre corps.<\/li>\n<li>Ensuite, nous commen\u00e7ons \u00e0 g\u00e9rer notre respiration par la technique de respiration <strong>ujjayi<\/strong> avant de commencer la s\u00e9quence de postures.<\/li>\n<li>Puis, nous avan\u00e7ons avec quelques \u00e9chauffements et une s\u00e9rie d\u2019encha\u00eenements de postures connus ailleurs sous le nom de \u201csalutations au soleil\u201d.<\/li>\n<li>Ensuite, c&rsquo;est la s\u00e9quence de postures compos\u00e9e de postures debouts, assises, couch\u00e9es et invers\u00e9es et une s\u00e9quence finale calmante.<\/li>\n<li>Nous terminons avec un court moment de m\u00e9ditation et un moment de repos, allong\u00e9 sur le dos ou dans une position de relaxation de votre choix.<\/li>\n<\/ul>\n<p>Un cours de Prana Yoga Flow dure <strong>une heure et demie<\/strong>.<\/p>\n<p>Voulez-vous faire une comparaison avec d&rsquo;autres approches de yoga ? Le Prana Yoga Flow se situe entre ce que l\u2019on trouve ailleurs sous les d\u00e9nominations de <strong>Hatha Yoga<\/strong> et <strong>Vinyasa Flow.<\/strong><\/p>\n<\/div>\n<\/div>\n<table>\n<tbody>\n<tr bgcolor=\"#O5C2DE\">\n<th scope=\"col\"><strong>Type de cours<\/strong><\/th>\n<th scope=\"col\">Dur\u00e9e<\/th>\n<th scope=\"col\">Yin\/Yang<\/th>\n<th scope=\"col\">Rythme<\/th>\n<th scope=\"col\">Effet<\/th>\n<\/tr>\n<tr>\n<td>Prana Yoga Flow<\/td>\n<td>90 min<\/td>\n<td>Yang<\/td>\n<td>Mod\u00e9r\u00e9, dynamique<\/td>\n<td>Chauffant, renfor\u00e7ant<\/td>\n<\/tr>\n<\/tbody>\n<\/table>\n<h2>Vous cherchez un autre type de cours ?<\/h2>\n<p>D\u00e9couvrez nos autres cours de yoga ici :<\/p>\n<p style=\"text-align: left;\"><a class=\"yk-blue_btn\" title=\"Cours de yoga\" href=\"https:\/\/yogakitchen.be\/fr\/cours-de-yoga\/\">Consultez notre offre compl\u00e8te<\/a><\/p>\n","protected":false},"excerpt":{"rendered":"<p>Le Prana Yoga Flow, une pratique de yoga physique \u00e9nergique et dynamique. Aimez-vous les mouvements intenses et dynamiques ou avez-vous un mode de vie tr\u00e8s s\u00e9dentaire ? Alors les cours de Prana Yoga Flow vous conviendront parfaitement. Ce cours a comme objectif de cr\u00e9er une base et un centre du corps tr\u00e8s solides et puissants, &hellip; <a href=\"https:\/\/yogakitchen.be\/fr\/cours-de-yoga\/prana-yoga-flow-basic\/\" class=\"more-link\">Continuer la lecture de <span class=\"screen-reader-text\">Prana Yoga Flow Basic<\/span> <span class=\"meta-nav\">&rarr;<\/span><\/a><\/p>\n","protected":false},"author":2,"featured_media":20783,"parent":31,"menu_order":0,"comment_status":"closed","ping_status":"closed","template":"","meta":{"footnotes":""},"class_list":["post-45","page","type-page","status-publish","has-post-thumbnail","hentry"],"_links":{"self":[{"href":"https:\/\/yogakitchen.be\/fr\/wp-json\/wp\/v2\/pages\/45","targetHints":{"allow":["GET"]}}],"collection":[{"href":"https:\/\/yogakitchen.be\/fr\/wp-json\/wp\/v2\/pages"}],"about":[{"href":"https:\/\/yogakitchen.be\/fr\/wp-json\/wp\/v2\/types\/page"}],"author":[{"embeddable":true,"href":"https:\/\/yogakitchen.be\/fr\/wp-json\/wp\/v2\/users\/2"}],"replies":[{"embeddable":true,"href":"https:\/\/yogakitchen.be\/fr\/wp-json\/wp\/v2\/comments?post=45"}],"version-history":[{"count":46,"href":"https:\/\/yogakitchen.be\/fr\/wp-json\/wp\/v2\/pages\/45\/revisions"}],"predecessor-version":[{"id":20700,"href":"https:\/\/yogakitchen.be\/fr\/wp-json\/wp\/v2\/pages\/45\/revisions\/20700"}],"up":[{"embeddable":true,"href":"https:\/\/yogakitchen.be\/fr\/wp-json\/wp\/v2\/pages\/31"}],"wp:featuredmedia":[{"embeddable":true,"href":"https:\/\/yogakitchen.be\/fr\/wp-json\/wp\/v2\/media\/20783"}],"wp:attachment":[{"href":"https:\/\/yogakitchen.be\/fr\/wp-json\/wp\/v2\/media?parent=45"}],"curies":[{"name":"wp","href":"https:\/\/api.w.org\/{rel}","templated":true}]}}