{"id":4767,"date":"2013-10-19T21:03:10","date_gmt":"2013-10-19T21:03:10","guid":{"rendered":"http:\/\/yogakitchen.be\/fr\/?page_id=4767"},"modified":"2023-07-28T17:05:52","modified_gmt":"2023-07-28T15:05:52","slug":"livre-dhotes","status":"publish","type":"page","link":"https:\/\/yogakitchen.be\/fr\/a-propos\/livre-dhotes\/","title":{"rendered":"Livre d&rsquo;h\u00f4tes"},"content":{"rendered":"<h1>Votre exp\u00e9rience personnelle de Yoga Kitchen<\/h1>\n<p><a href=\"http:\/\/yogakitchen.be\/fr\/wp-content\/uploads\/sites\/3\/2013\/10\/black-guestbook.jpg\"><img loading=\"lazy\" decoding=\"async\" class=\"alignnone size-medium wp-image-4768\" src=\"http:\/\/yogakitchen.be\/fr\/wp-content\/uploads\/sites\/3\/2013\/10\/black-guestbook-300x198.jpg\" alt=\"Un beau livre d'h\u00f4tes avec un beau stylo au-dessus\" width=\"300\" height=\"198\" srcset=\"https:\/\/yogakitchen.be\/fr\/wp-content\/uploads\/sites\/3\/2013\/10\/black-guestbook-300x198.jpg 300w, https:\/\/yogakitchen.be\/fr\/wp-content\/uploads\/sites\/3\/2013\/10\/black-guestbook.jpg 426w\" sizes=\"auto, (max-width: 300px) 100vw, 300px\" \/><\/a><br \/>\nComment avez-vous v\u00e9cu nos cours de Yoga?<br \/>\nQuelles sont vos id\u00e9es et vos sentiments concernants nos ateliers de cuisine?<br \/>\nNous vous invitons \u00e0 laisser un commentaire et votre nom sur cette page et \u00e0 partager ainsi votre exp\u00e9rience personnelle avec Yoga Kitchen.<br \/>\nNous vous en remercions.<\/p>\n<p><strong>21\/10\/2015<\/strong><br \/>\n<em>\u00ab\u00a0En plus d&rsquo;\u00eatre relaxant et assouplissant, le yoga de Peter -qui humainement est extraordinaire- apporte une sensation intense de r\u00e9g\u00e9n\u00e9ration physique et morale apr\u00e8s. Chaque soir apr\u00e8s une s\u00e9ance, je me sens envoutie d&rsquo;un reelle force.\u00a0\u00bb<\/em><br \/>\n<strong>Olivia Olbrechts, Forest.<\/strong><\/p>\n<p><strong>12\/12\/2017<\/strong><br \/>\n<em>\u00ab\u00a0Super journ\u00e9e d&rsquo;introduction \u00e0 l&rsquo;alimentation vivante, Peter est un excellent p\u00e9dagogue et cette journ\u00e9e joignant la pratique \u00e0 la th\u00e9orie fut tr\u00e8s nourrissante !\u00a0\u00bb<\/em><br \/>\n<strong>M\u00e9lanie Bendermacker, Schaerbeek<\/strong><\/p>\n<p><strong>28\/08\/2018<\/strong><br \/>\n<em>\u00ab\u00a0Si vous voulez vous retirer pendant un moment de l&rsquo;agitation bruyante de la ville, Yoga Kitchen est le lieu id\u00e9al. Peter vous accueille chaleureusement et vous am\u00e8ne a entendre votre corps, suivre votre propre rythme. Yoga Kitchen accueille diff\u00e9rents corps, diff\u00e9rents rythmes et \u00e2ges. Ici on peut \u00e9changer simplement autour d&rsquo;une tasse de th\u00e9. J&rsquo;y ai trouv\u00e9 un calme, une humanit\u00e9, m&rsquo;orientant vers une paix.\u00a0\u00bb<\/em><br \/>\n<strong>Maxime Geens, Schaerbeek<\/strong><\/p>\n<p><strong>27\/07\/2023<\/strong><br \/>\n<em>\u00ab\u00a0Je tenais encore \u00e0 te remercier pour la session de hier : c&rsquo;\u00e9tait exactement ce que je souhaitais et Ga\u00eblle a ador\u00e9 !\u00a0\u00bb<\/em><br \/>\n<strong>Ariane Vandenbosch, Schaerbeek<\/strong><\/p>\n","protected":false},"excerpt":{"rendered":"<p>Votre exp\u00e9rience personnelle de Yoga Kitchen Comment avez-vous v\u00e9cu nos cours de Yoga? Quelles sont vos id\u00e9es et vos sentiments concernants nos ateliers de cuisine? Nous vous invitons \u00e0 laisser un commentaire et votre nom sur cette page et \u00e0 partager ainsi votre exp\u00e9rience personnelle avec Yoga Kitchen. Nous vous en remercions. 21\/10\/2015 \u00ab\u00a0En plus &hellip; <a href=\"https:\/\/yogakitchen.be\/fr\/a-propos\/livre-dhotes\/\" class=\"more-link\">Continuer la lecture de <span class=\"screen-reader-text\">Livre d&rsquo;h\u00f4tes<\/span> <span class=\"meta-nav\">&rarr;<\/span><\/a><\/p>\n","protected":false},"author":1,"featured_media":0,"parent":11,"menu_order":0,"comment_status":"closed","ping_status":"closed","template":"","meta":{"footnotes":""},"class_list":["post-4767","page","type-page","status-publish","hentry"],"_links":{"self":[{"href":"https:\/\/yogakitchen.be\/fr\/wp-json\/wp\/v2\/pages\/4767","targetHints":{"allow":["GET"]}}],"collection":[{"href":"https:\/\/yogakitchen.be\/fr\/wp-json\/wp\/v2\/pages"}],"about":[{"href":"https:\/\/yogakitchen.be\/fr\/wp-json\/wp\/v2\/types\/page"}],"author":[{"embeddable":true,"href":"https:\/\/yogakitchen.be\/fr\/wp-json\/wp\/v2\/users\/1"}],"replies":[{"embeddable":true,"href":"https:\/\/yogakitchen.be\/fr\/wp-json\/wp\/v2\/comments?post=4767"}],"version-history":[{"count":9,"href":"https:\/\/yogakitchen.be\/fr\/wp-json\/wp\/v2\/pages\/4767\/revisions"}],"predecessor-version":[{"id":18616,"href":"https:\/\/yogakitchen.be\/fr\/wp-json\/wp\/v2\/pages\/4767\/revisions\/18616"}],"up":[{"embeddable":true,"href":"https:\/\/yogakitchen.be\/fr\/wp-json\/wp\/v2\/pages\/11"}],"wp:attachment":[{"href":"https:\/\/yogakitchen.be\/fr\/wp-json\/wp\/v2\/media?parent=4767"}],"curies":[{"name":"wp","href":"https:\/\/api.w.org\/{rel}","templated":true}]}}