{"id":4780,"date":"2013-11-13T17:37:40","date_gmt":"2013-11-13T17:37:40","guid":{"rendered":"http:\/\/yogakitchen.be\/fr\/?page_id=4780"},"modified":"2026-02-25T23:16:14","modified_gmt":"2026-02-25T22:16:14","slug":"yoga-nu-pour-hommes","status":"publish","type":"page","link":"https:\/\/yogakitchen.be\/fr\/ateliers\/yoga-nu-pour-hommes\/","title":{"rendered":"Le Yoga Nu pour Hommes"},"content":{"rendered":"<h1>Atelier Yoga nu pour les hommes<\/h1>\n<blockquote><p>D\u00e9couvrez les bienfaits du yoga sans la restriction des v\u00eatements, am\u00e9liorez votre conscience corporelle et renforcez votre confiance en vous en tant qu&rsquo;homme parmi d&rsquo;autres hommes.<\/p><\/blockquote>\n<p>Dans cet atelier, nous allons explorer l&rsquo;exp\u00e9rience de la pratique du yoga sans v\u00eatements dans un groupe compos\u00e9 exclusivement d&rsquo;hommes.<\/p>\n<h2>Le Yoga et les hommes<\/h2>\n<p>Si le yoga, dans sa tradition s\u00e9culaire, \u00e9tait autrefois essentiellement pratiqu\u00e9 par des hommes, cette discipline est aujourd&rsquo;hui consid\u00e9r\u00e9e comme une activit\u00e9 r\u00e9serv\u00e9e aux femmes, qui sont majoritaires dans les cours de yoga actuels. L&rsquo;un des objectifs des ateliers est d&rsquo;inspirer les hommes et de les enthousiasmer pour la pratique du yoga et de leur donner un aper\u00e7u de l&rsquo;atmosph\u00e8re unique qui se cr\u00e9e lorsque des hommes pratiquent le yoga en groupe.<br \/>\nLes ateliers sont ouverts \u00e0 tous les hommes adultes, quels que soient leur \u00e2ge, leur origine ethnique, leur morphologie, leur apparence, leurs capacit\u00e9s physiques ou leur orientation sexuelle.<br \/>\n<strong>Aucune exp\u00e9rience pr\u00e9alable du yoga n&rsquo;est requise.<\/strong> Chacun peut participer en fonction de ses capacit\u00e9s personnelles.<br \/>\nPour en savoir plus sur le contenu des ateliers <strong>de yoga nu pour les hommes<\/strong> lisez plus ci-dessous.<\/p>\n<div class=\"yk-yogalessen\">\n<div class=\"yk-yogalestypesmall\">\n<h2>Ateliers de yoga nu pour hommes \u00e0 Schaerbeek.<\/h2>\n<p>Ateliers le<\/p>\n<h3>Dimanche apr\u00e8s-midi de 14.00 h \u00e0 16.00 h<\/h3>\n<p>Nombre maximal de participants par atelier : <strong>8<\/strong>\n<\/div>\n<\/div>\n<h3>Comment participer ?<\/h3>\n<p>Voulez-vous participer ? Alors voici comment proc\u00e9der : <\/p>\n<ol>\n<li><strong>S\u00e9lectionnez la date de votre choix<\/strong> dans la liste des ateliers \u00e0 venir ci-dessous.<\/li>\n<li>Ensuite, <strong>remplissez d\u00fbment le formulaire de r\u00e9servation<\/strong> au bas de la page de l&rsquo;atelier de votre choix <strong>et envoyez-le.<\/strong><\/li>\n<li>Puis, <strong>apr\u00e8s r\u00e9ception du mail de r\u00e9ponse<\/strong> qui vous informera de la disponibilit\u00e9, <strong>payez votre atelier<\/strong>.<\/li>\n<\/ol>\n<h2>Prochains ateliers \u00e0 venir yoga nu pour hommes<\/h2>\n<h3>Cliquez sur les liens bleus pour r\u00e9server votre cours:<\/h3>\n<div class=\"yk-inline-kalender\"><div class=\"em em-view-container\" id=\"em-view-1320309562\" data-view=\"list-grouped\">\r\n\t<div class=\"em-list em-events-list em-events-list-grouped\" id=\"em-events-list-grouped-1320309562\">\r\n\t<h2>Avr 2026<\/h2><!-- START HEADER -->\r\n<table cellpadding=\"5\" cellspacing=\"0\" width=\"100%\" id=\"current-events\" >\r\n\t<thead>\r\n\t\t<tr>\r\n\t\t\t<th id=\"event-time\" width=\"180\">Date\/Heure<\/th>\r\n\t\t\t<th id=\"event-description\" width=\"*\">Cours\/Atelier<\/th>\r\n\t\t<\/tr>\r\n\t<\/thead>\r\n<tbody>\r\n<!-- END HEADER --><!-- START SINGLE FORMAT -->\r\n\t<tr>\r\n\t\t<td>\r\n\t\t\t<strong>19\/04\/2026<\/strong> | <i>14:00 - 16:00<\/i>\r\n\t\t<\/td>\r\n\t\t<td>\r\n\t\t\t<strong><a href=\"https:\/\/yogakitchen.be\/fr\/events\/yoga-nu-pour-hommes-printemps-2026-2026-04-19\/\">Yoga Nu pour Hommes Printemps 2026<\/a><\/strong>\r\n\t\t\t, <i>Yoga Kitchen, Schaerbeek <\/i>\r\n\t\t<\/td>\r\n\t<\/tr>\r\n<!-- END SINGLE FORMAT --><!-- START FOOTER -->\r\n\t<\/tbody>\r\n<\/table>\r\n<!-- END FOOTER --><h2>Mai 2026<\/h2><!-- START HEADER -->\r\n<table cellpadding=\"5\" cellspacing=\"0\" width=\"100%\" id=\"current-events\" >\r\n\t<thead>\r\n\t\t<tr>\r\n\t\t\t<th id=\"event-time\" width=\"180\">Date\/Heure<\/th>\r\n\t\t\t<th id=\"event-description\" width=\"*\">Cours\/Atelier<\/th>\r\n\t\t<\/tr>\r\n\t<\/thead>\r\n<tbody>\r\n<!-- END HEADER --><!-- START SINGLE FORMAT -->\r\n\t<tr>\r\n\t\t<td>\r\n\t\t\t<strong>03\/05\/2026<\/strong> | <i>14:00 - 16:00<\/i>\r\n\t\t<\/td>\r\n\t\t<td>\r\n\t\t\t<strong><a href=\"https:\/\/yogakitchen.be\/fr\/events\/yoga-nu-pour-hommes-printemps-2026-2026-05-03\/\">Yoga Nu pour Hommes Printemps 2026<\/a><\/strong>\r\n\t\t\t, <i>Yoga Kitchen, Schaerbeek <\/i>\r\n\t\t<\/td>\r\n\t<\/tr>\r\n<!-- END SINGLE FORMAT --><!-- START SINGLE FORMAT -->\r\n\t<tr>\r\n\t\t<td>\r\n\t\t\t<strong>17\/05\/2026<\/strong> | <i>14:00 - 16:00<\/i>\r\n\t\t<\/td>\r\n\t\t<td>\r\n\t\t\t<strong><a href=\"https:\/\/yogakitchen.be\/fr\/events\/yoga-nu-pour-hommes-printemps-2026-2026-05-17\/\">Yoga Nu pour Hommes Printemps 2026<\/a><\/strong>\r\n\t\t\t, <i>Yoga Kitchen, Schaerbeek <\/i>\r\n\t\t<\/td>\r\n\t<\/tr>\r\n<!-- END SINGLE FORMAT --><!-- START SINGLE FORMAT -->\r\n\t<tr>\r\n\t\t<td>\r\n\t\t\t<strong>31\/05\/2026<\/strong> | <i>14:00 - 16:00<\/i>\r\n\t\t<\/td>\r\n\t\t<td>\r\n\t\t\t<strong><a href=\"https:\/\/yogakitchen.be\/fr\/events\/yoga-nu-pour-hommes-printemps-2026-2026-05-31\/\">Yoga Nu pour Hommes Printemps 2026<\/a><\/strong>\r\n\t\t\t, <i>Yoga Kitchen, Schaerbeek <\/i>\r\n\t\t<\/td>\r\n\t<\/tr>\r\n<!-- END SINGLE FORMAT --><!-- START FOOTER -->\r\n\t<\/tbody>\r\n<\/table>\r\n<!-- END FOOTER --><h2>Juin 2026<\/h2><!-- START HEADER -->\r\n<table cellpadding=\"5\" cellspacing=\"0\" width=\"100%\" id=\"current-events\" >\r\n\t<thead>\r\n\t\t<tr>\r\n\t\t\t<th id=\"event-time\" width=\"180\">Date\/Heure<\/th>\r\n\t\t\t<th id=\"event-description\" width=\"*\">Cours\/Atelier<\/th>\r\n\t\t<\/tr>\r\n\t<\/thead>\r\n<tbody>\r\n<!-- END HEADER --><!-- START SINGLE FORMAT -->\r\n\t<tr>\r\n\t\t<td>\r\n\t\t\t<strong>14\/06\/2026<\/strong> | <i>14:00 - 16:00<\/i>\r\n\t\t<\/td>\r\n\t\t<td>\r\n\t\t\t<strong><a href=\"https:\/\/yogakitchen.be\/fr\/events\/yoga-nu-pour-hommes-printemps-2026-2026-06-14\/\">Yoga Nu pour Hommes Printemps 2026<\/a><\/strong>\r\n\t\t\t, <i>Yoga Kitchen, Schaerbeek <\/i>\r\n\t\t<\/td>\r\n\t<\/tr>\r\n<!-- END SINGLE FORMAT --><!-- START FOOTER -->\r\n\t<\/tbody>\r\n<\/table>\r\n<!-- END FOOTER --><div class=\"em-pagination em-ajax\" data-em-ajax=\"id=1320309562&amp;limit=5&amp;category=15&amp;action=search_events\"> <span class=\"page-numbers current\">1<\/span> <a class=\"page-numbers\" href=\"\/fr\/wp-json\/wp\/v2\/pages\/4780?pno=2\" title=\"2\">2<\/a>  <a class=\"next page-numbers\" href=\"\/fr\/wp-json\/wp\/v2\/pages\/4780?pno=2\" title=\"2\">&gt;<\/a>  <\/div>\t<\/div>\r\n<\/div>\n<\/div>\n<h2>Combien cela co\u00fbte-t-il de participer \u00e0 l&rsquo;atelier ?<\/h2>\n<p>Consultez nos tarifs via le bouton ci-dessous :<\/p>\n<p style=\"text-align: left;\"><a class=\"yk-blue_btn\" title=\"Nos Prix\" href=\"https:\/\/yogakitchen.be\/fr\/nos-prix\/\">Nos prix<\/a><\/p>\n<div class=\"yk-hoebetalen\">\n<h2>Le Yoga et les hommes<\/h2>\n<p>Traditionnellement, les hommes se sont plut\u00f4t concentr\u00e9s sur les disciplines sportives de comp\u00e9tition, ou ont \u00e9t\u00e9 orient\u00e9s vers celles-ci. Dans ces disciplines, la performance et le r\u00e9sultat sont consid\u00e9r\u00e9s comme importants. Dans le yoga, cependant, les \u00e9l\u00e9ments de comp\u00e9tition et de rivalit\u00e9 sont totalement absents. Le processus, l&rsquo;\u00e9volution et l&rsquo;exp\u00e9rience individuelle sont prioritaires.<br \/>\nDans notre soci\u00e9t\u00e9, les hommes sont \u00e9galement fortement orient\u00e9s vers les activit\u00e9s mentales (penser et vivre \u00e0 partir du mental). Le yoga, en revanche, peut les aider \u00e0 am\u00e9liorer le contact avec le corps physique et le monde des sentiments. Le yoga et la respiration consciente les aident \u00e9galement \u00e0 \u00eatre plus pleinement pr\u00e9sents dans une exp\u00e9rience physique compl\u00e8te du moment pr\u00e9sent.<br \/>\nEn outre, les hommes \u00e9prouvent un sentiment de fraternit\u00e9 lors des exercices occasionnels de yoga des partenaires. Parce que nous apprenons ce que cela fait de donner et de recevoir du soutien. <strong>Ainsi, nous passons de l\u2019\u00e9tat des rivaux ou de concurrents \u00e0 l\u2019\u00e9tat de fratrie.<\/strong><\/p>\n<h2>Le yoga nu et le naturisme<\/h2>\n<p>En Europe du Nord notamment, le naturisme, issu de la K\u00f6rperkultur allemande dans la premi\u00e8re moiti\u00e9 du 20e si\u00e8cle, existe en tant que mouvement qui aspire \u00e0 une exp\u00e9rience libre et d\u00e9complex\u00e9e de la nudit\u00e9. Aujourd&rsquo;hui, de nombreux clubs et associations existent dans toute l&rsquo;Europe.<br \/>\nCe que l&rsquo;on sait moins, c&rsquo;est qu&rsquo;en Inde, berceau du yoga, il existe encore une tradition de sadhus ou de sages qui vivent leur quotidien enti\u00e8rement nus. Mais chez eux, c&rsquo;est plut\u00f4t le signe d&rsquo;un mode de vie asc\u00e9tique et d\u00e9tach\u00e9.<\/p>\n<h2>Le vestimentaire masculin vis-\u00e0-vis de la nudit\u00e9<\/h2>\n<p>Les v\u00eatements, qu&rsquo;il s&rsquo;agisse de costumes-cravate sur mesure, d&rsquo;uniformes ou de v\u00eatements de travail, constituent souvent une \u00e9tiquette qui nous assigne un r\u00f4le ou un statut particulier dans la soci\u00e9t\u00e9.<br \/>\nQuand nous pratiquons le yoga sans nos v\u00eatements<\/p>\n<ul>\n<li>nous nous rapprochons de notre essence<\/li>\n<li>nous sommes plus expos\u00e9s \u00e0 notre vuln\u00e9rabilit\u00e9 qui constitue en r\u00e9alit\u00e9 une de nos forces<\/li>\n<li>notre corps est plus libre, ce qui permet une exp\u00e9rience plus profonde des sens et des mouvements<\/li>\n<\/ul>\n<p>Laisser ses v\u00eatements dans le vestiaire permet \u00e9galement de se d\u00e9faire des r\u00f4les et des contraintes de la vie quotidienne. En cons\u00e9quence, nous nous rapprochons de notre unicit\u00e9 et, paradoxalement, nous devenons plus \u00e9gaux aux autres. De plus, notre soci\u00e9t\u00e9 offre peu, voire pas du tout, d&rsquo;occasions d&rsquo;\u00eatre nu en dehors d&rsquo;un contexte sexuel.<\/p>\n<h2>Les hommes et la nudit\u00e9<\/h2>\n<p>On dit parfois que les femmes sont g\u00e9n\u00e9ralement plus complex\u00e9es par leur corps, et sous le joug des normes (de beaut\u00e9) impos\u00e9es par la soci\u00e9t\u00e9 de consommation.<br \/>\nToutefois, cela s&rsquo;applique \u00e9galement aux hommes. Les hommes en souffrent aussi parfois.<br \/>\n\u00catre nu avec d&rsquo;autres hommes nous donne l&rsquo;occasion de nous r\u00e9concilier avec la multiformit\u00e9 et la fugacit\u00e9 du corps. Cela contraste avec une soci\u00e9t\u00e9 qui nous impose des normes sur l&rsquo;apparence physique id\u00e9ale et l&rsquo;\u00e2ge id\u00e9al, ce qui entra\u00eene parfois un malaise, une ins\u00e9curit\u00e9, des complexes et m\u00eame une aversion pour notre propre corps. C&rsquo;est pourquoi le yoga nu peut \u00eatre tr\u00e8s lib\u00e9rateur. Nous prenons conscience du grand cadeau qu&rsquo;est notre corps unique.<br \/>\n<strong>En outre, au c\u0153ur de la philosophie du yoga se trouve le fait que notre corps n&rsquo;est pas l&rsquo;essence de ce que nous sommes.<\/strong> Bien s\u00fbr que le corps soit notre lien direct avec le moment pr\u00e9sent de la r\u00e9alit\u00e9 de notre vie temporaire dans le monde mat\u00e9riel. En m\u00eame temps, le corps physique n\u2019est qu\u2019un manteau temporaire que nous laissons derri\u00e8re nous apr\u00e8s l&rsquo;avoir utilis\u00e9 sur cette terre.<br \/>\nCette prise de conscience nous aide \u00e0 nous d\u00e9faire d&rsquo;un attachement excessif aux apparences physiques.<\/p>\n<h2>Les hommes et l\u2019orientation sexuelle<\/h2>\n<p>Au cours des derni\u00e8res d\u00e9cennies, un groupe croissant de pays a consid\u00e9rablement am\u00e9lior\u00e9 la visibilit\u00e9, l&rsquo;acceptation, l&rsquo;\u00e9galit\u00e9 et la protection juridique des personnes ayant une orientation sexuelle diff\u00e9rente.<br \/>\nCependant, il y a une diff\u00e9rence entre accepter les diff\u00e9rences sur papier et se sentir libre de vivre ces diff\u00e9rences dans la r\u00e9alit\u00e9 de mani\u00e8re d\u00e9tendue. Par exemple, les hommes h\u00e9t\u00e9rosexuels peuvent parfois se sentir mal \u00e0 l&rsquo;aise en pr\u00e9sence d&rsquo;hommes homosexuels, et les hommes homosexuels peuvent continuer \u00e0 \u00e9prouver des craintes ou un malaise lorsqu&rsquo;ils sont en compagnie d&rsquo;hommes h\u00e9t\u00e9rosexuels. Ils se sentent souvent enclins \u00e0 taire leur orientation sexuelle ou leur vie priv\u00e9e.<br \/>\nLes ateliers de yoga nu pour hommes sont consciemment ouverts \u00e0 tous les hommes, quelle que soit leur orientation sexuelle. Nous choisissons la vuln\u00e9rabilit\u00e9 et la connexion et jouons avec cette tension. Naturellement, aucun comportement discriminatoire ou insultant \u00e0 l&rsquo;\u00e9gard des minorit\u00e9s sexuelles n&rsquo;est tol\u00e9r\u00e9.<\/p>\n<h2>Quel type de yoga pratiquons-nous dans les ateliers ?<\/h2>\n<blockquote><p>Une pratique r\u00e9guli\u00e8re du yoga peut changer radicalement votre vie pour le mieux.<\/p><\/blockquote>\n<p>La forme \u00e9nerg\u00e9tique et physique du yoga pratiqu\u00e9 est similaire au <strong>Prana Yoga Flow.<\/strong><br \/>\nLe Prana Yoga Flow est id\u00e9al pour ceux qui veulent bouger de mani\u00e8re saine et consciente et qui veulent \u00e9galement cultiver la force et l&rsquo;endurance. Sur le plan physique, le Prana Yoga Flow vous rend plus souple, mais aussi plus fort. Vos muscles sont stimul\u00e9s pour se d\u00e9velopper en longueur. Ils d\u00e9veloppent une force uniforme de tous les c\u00f4t\u00e9s de vos membres, ce qui am\u00e9liore l&rsquo;\u00e9quilibre et la sant\u00e9 de vos articulations. Vous apprenez \u00e0 vous tenir plus fermement et plus consciemment, et vous apprenez \u00e0 travailler avec votre respiration plus consciemment.<br \/>\n<strong>Apr\u00e8s un cours de Prana Yoga Flow, vous vous sentez incroyablement ancr\u00e9 dans votre corps physique<\/strong>.<br \/>\nDans un cours de Prana Yoga Flow, nous utilisons les trois piliers essentiels du yoga :<\/p>\n<ul>\n<li>la pr\u00e9sence mentale<\/li>\n<li>la respiration consciente<\/li>\n<li>la posture<\/li>\n<\/ul>\n<p>Pour en savoir plus sur Prana Yoga Flow, cliquez sur le lien ci-dessous :<\/p>\n<p style=\"text-align: left;\"><a class=\"yk-blue_btn\" title=\"Prana Yoga Flow\" href=\"https:\/\/yogakitchen.be\/fr\/cours-de-yoga\/prana-yoga-flow-basic\/\">Prana Yoga Flow<\/a><\/p>\n<p>En outre, les ateliers de yoga nu pour hommes comprennent \u00e9galement des exercices de <strong>yoga des partenaires<\/strong> et du <strong>acroyoga.<\/strong><br \/>\nL&rsquo;enseignant tiendra compte des capacit\u00e9s physiques des participants et adaptera le programme en cons\u00e9quence.<\/p>\n<h2>Comment se d\u00e9roule exactement un atelier de yoga nu ?<\/h2>\n<p>Les ateliers sont g\u00e9n\u00e9ralement structur\u00e9s comme suit :<\/p>\n<ul>\n<li>Avant la s\u00e9rie de yoga, nous partageons en cercle nos attentes individuelles concernant l&rsquo;atelier.<\/li>\n<li>Puis il y a un court moment m\u00e9ditatif dans lequel nous cultivons la pr\u00e9sence mentale dans le moment pr\u00e9sent et une conscience accrue du corps.<\/li>\n<li>Nous apprendrons et activerons ensuite la <strong>technique de respiration ujjayi ou oc\u00e9anique<\/strong><strong><a title=\"Respiration Ujjayi\" href=\"https:\/\/youtu.be\/KLJ-6oCg-_Y\">technique de respiration ujjayi ou oc\u00e9anique<\/a><\/strong> avant de passer \u00e0 la s\u00e9rie de postures.<\/li>\n<li>Nous poursuivons par un court \u00e9chauffement suivi de s\u00e9quences dynamiques de postures aussi appel\u00e9es ailleurs \u00ab\u00a0salutations au soleil\u00a0\u00bb.<\/li>\n<li>Ceci est suivi de l&rsquo;encha\u00eenement des postures qui se compose de postures debout, assises, couch\u00e9es et invers\u00e9es et d&rsquo;une s\u00e9quence finale apaisante.<\/li>\n<li>Il y a parfois des exercices \u00e0 deux (yoga des partenaires et acroyoga).<\/li>\n<li>Nous aurons un court moment de m\u00e9ditation et de respiration et une relaxation profonde, allong\u00e9 sur le dos ou dans une position de repos de votre choix.<\/li>\n<li>Apr\u00e8s, chacun est libre de partager ses exp\u00e9riences dans le cercle des participants.<\/li>\n<li>Nous terminons par une tisane et un petit snack v\u00e9g\u00e9tal.<\/li>\n<\/ul>\n<h2>Combien de temps dure un atelier de yoga nu pour hommes ? <\/h2>\n<p>Un atelier de yoga nu pour hommes dure en tout et pour tout environ deux heures.<\/p>\n<h2>Dans quelle langue se d\u00e9roule l&rsquo;atelier ?<\/h2>\n<p>L&rsquo;atelier est <strong>multilingue NL, FR et EN<\/strong> selon la langue des participants.<br \/>\nC&rsquo;est un d\u00e9fi, et nous avons une bonne exp\u00e9rience du pass\u00e9 avec cette formule, qui fonctionne de mani\u00e8re tr\u00e8s inclusive dans le contexte bruxellois.\n<\/div>\n<table>\n<tbody>\n<tr bgcolor=\"#O5C2DE\">\n<th scope=\"col\"><strong>Type de cours<\/strong><\/th>\n<th scope=\"col\">Dur\u00e9e<\/th>\n<th scope=\"col\">Yin\/Yang<\/th>\n<th scope=\"col\">Rythme<\/th>\n<th scope=\"col\">Effet<\/th>\n<\/tr>\n<tr>\n<td>Yoga Nu pour Hommes<\/td>\n<td>120 min<\/td>\n<td>Yang<\/td>\n<td>Moyen, dynamique<\/td>\n<td>Chauffant, renfor\u00e7ant<\/td>\n<\/tr>\n<\/tbody>\n<\/table>\n","protected":false},"excerpt":{"rendered":"<p>Atelier Yoga nu pour les hommes D\u00e9couvrez les bienfaits du yoga sans la restriction des v\u00eatements, am\u00e9liorez votre conscience corporelle et renforcez votre confiance en vous en tant qu&rsquo;homme parmi d&rsquo;autres hommes. Dans cet atelier, nous allons explorer l&rsquo;exp\u00e9rience de la pratique du yoga sans v\u00eatements dans un groupe compos\u00e9 exclusivement d&rsquo;hommes. Le Yoga et &hellip; <a href=\"https:\/\/yogakitchen.be\/fr\/ateliers\/yoga-nu-pour-hommes\/\" class=\"more-link\">Continuer la lecture de <span class=\"screen-reader-text\">Le Yoga Nu pour Hommes<\/span> <span class=\"meta-nav\">&rarr;<\/span><\/a><\/p>\n","protected":false},"author":1,"featured_media":14258,"parent":17715,"menu_order":0,"comment_status":"closed","ping_status":"closed","template":"","meta":{"footnotes":""},"class_list":["post-4780","page","type-page","status-publish","has-post-thumbnail","hentry"],"_links":{"self":[{"href":"https:\/\/yogakitchen.be\/fr\/wp-json\/wp\/v2\/pages\/4780","targetHints":{"allow":["GET"]}}],"collection":[{"href":"https:\/\/yogakitchen.be\/fr\/wp-json\/wp\/v2\/pages"}],"about":[{"href":"https:\/\/yogakitchen.be\/fr\/wp-json\/wp\/v2\/types\/page"}],"author":[{"embeddable":true,"href":"https:\/\/yogakitchen.be\/fr\/wp-json\/wp\/v2\/users\/1"}],"replies":[{"embeddable":true,"href":"https:\/\/yogakitchen.be\/fr\/wp-json\/wp\/v2\/comments?post=4780"}],"version-history":[{"count":35,"href":"https:\/\/yogakitchen.be\/fr\/wp-json\/wp\/v2\/pages\/4780\/revisions"}],"predecessor-version":[{"id":20777,"href":"https:\/\/yogakitchen.be\/fr\/wp-json\/wp\/v2\/pages\/4780\/revisions\/20777"}],"up":[{"embeddable":true,"href":"https:\/\/yogakitchen.be\/fr\/wp-json\/wp\/v2\/pages\/17715"}],"wp:featuredmedia":[{"embeddable":true,"href":"https:\/\/yogakitchen.be\/fr\/wp-json\/wp\/v2\/media\/14258"}],"wp:attachment":[{"href":"https:\/\/yogakitchen.be\/fr\/wp-json\/wp\/v2\/media?parent=4780"}],"curies":[{"name":"wp","href":"https:\/\/api.w.org\/{rel}","templated":true}]}}