{"id":49,"date":"2013-08-16T08:50:10","date_gmt":"2013-08-16T08:50:10","guid":{"rendered":"http:\/\/yogakitchen.be\/fr\/?page_id=49"},"modified":"2026-03-04T14:23:46","modified_gmt":"2026-03-04T13:23:46","slug":"yin-yoga","status":"publish","type":"page","link":"https:\/\/yogakitchen.be\/fr\/cours-de-yoga\/yin-yoga\/","title":{"rendered":"Yin Yoga \u00c9tirement Profond"},"content":{"rendered":"<h1>Le Yin Yoga \u00c9tirement Profond, un yoga calme mais intense avec un effet rafra\u00eechissant<\/h1>\n<blockquote><p>Vous cherchez une forme de yoga pour faire l\u00e2cher-prise profond\u00e9ment et compl\u00e8tement, ou vous voulez \u00e9quilibrer un style de vie hyperactif ? Ou encore, voulez-vous retrouver une certaine mobilit\u00e9 et flexibilit\u00e9 perdues ? Alors le <strong>Yin Yoga \u00c9tirement Profond<\/strong> est d\u00e9finitivement fait pour vous.<\/p><\/blockquote>\n<p><strong>Le Yin Yoga \u00c9tirement Profond \u00e9tire les muscles et<\/strong> a un effet renfor\u00e7ant et nourrissant sur <strong>le tissu conjonctif<\/strong> du corps : les fascias, les ligaments et les tendons. Les postures sont maintenues pendant une p\u00e9riode relativement longue. Le Yin Yoga \u00c9tirement Profond est id\u00e9al pour tous celles et ceux qui souhaitent conserver <strong>une bonne amplitude de mouvement de base<\/strong> avec l\u2019\u00e2ge. <strong>Il constitue \u00e9galement un bon contrepoids \u00e0 une existence trop s\u00e9dentaire. A notre \u00e9poque, avec son mode de vie moderne et tr\u00e9pidant, cette forme de yoga nous apprend \u00e0 simplement \u00ab\u00a0\u00eatre\u00a0\u00bb.<\/strong><br \/>\nId\u00e9al pour terminer la journ\u00e9e de mani\u00e8re d\u00e9tendue. C&rsquo;est aussi une excellente pr\u00e9paration pour une bonne nuit de sommeil.<\/p>\n<p><strong>Apr\u00e8s une heure de Yin yoga on se sent \u00e0 nouveau bien ancr\u00e9 dans le corps et on est compl\u00e8tement d\u00e9tendu.<\/strong><br \/>\n<strong>Continuez votre lecture ci-dessous pour en savoir plus sur le Yin yoga.<\/strong><\/p>\n<div class=\"yk-yogalessen\">\n<div class=\"yk-yogalestypesmall\">\n<h2>Yin yoga\u00a0\u00e0 Schaerbeek<\/h2>\n<p>Cours collectifs<br \/>\n<strong>Jeudi soir<\/strong>\u00a0de 20.30 h \u00e0 21.30 h<\/p>\n<\/div>\n<h2>Prochain cours de Yin yoga<\/h2>\n<h3>Cliquez sur les liens bleus pour voir le d\u00e9tail et le lieu des cours.<\/h3>\n<div class=\"yk-inline-kalender\"><div class=\"em em-view-container\" id=\"em-view-1480706940\" data-view=\"list-grouped\">\r\n\t<div class=\"em-list em-events-list em-events-list-grouped\" id=\"em-events-list-grouped-1480706940\">\r\n\t<h2>Avr 2026<\/h2><!-- START HEADER -->\r\n<table cellpadding=\"5\" cellspacing=\"0\" width=\"100%\" id=\"current-events\" >\r\n\t<thead>\r\n\t\t<tr>\r\n\t\t\t<th id=\"event-time\" width=\"180\">Date\/Heure<\/th>\r\n\t\t\t<th id=\"event-description\" width=\"*\">Cours\/Atelier<\/th>\r\n\t\t<\/tr>\r\n\t<\/thead>\r\n<tbody>\r\n<!-- END HEADER --><!-- START SINGLE FORMAT -->\r\n\t<tr>\r\n\t\t<td>\r\n\t\t\t<strong>09\/04\/2026<\/strong> | <i>20:30 - 21:30<\/i>\r\n\t\t<\/td>\r\n\t\t<td>\r\n\t\t\t<strong><a href=\"https:\/\/yogakitchen.be\/fr\/events\/yin-yoga-jeudi-4-2026-01-08-2026-01-15-2026-01-22-2026-01-29-2026-02-05-2026-02-12-2026-02-19-2026-02-26-2026-03-05-2026-03-12-2026-03-19-2026-03-26-2026-04-02-2026-04-09\/\">Yin Yoga jeudi<\/a><\/strong>\r\n\t\t\t, <i>Yoga Kitchen, Schaerbeek <\/i>\r\n\t\t<\/td>\r\n\t<\/tr>\r\n<!-- END SINGLE FORMAT --><!-- START SINGLE FORMAT -->\r\n\t<tr>\r\n\t\t<td>\r\n\t\t\t<strong>16\/04\/2026<\/strong> | <i>20:30 - 21:30<\/i>\r\n\t\t<\/td>\r\n\t\t<td>\r\n\t\t\t<strong><a href=\"https:\/\/yogakitchen.be\/fr\/events\/yin-yoga-jeudi-4-2026-01-08-2026-01-15-2026-01-22-2026-01-29-2026-02-05-2026-02-12-2026-02-19-2026-02-26-2026-03-05-2026-03-12-2026-03-19-2026-03-26-2026-04-02-2026-04-09-2026-04-16\/\">Yin Yoga jeudi<\/a><\/strong>\r\n\t\t\t, <i>Yoga Kitchen, Schaerbeek <\/i>\r\n\t\t<\/td>\r\n\t<\/tr>\r\n<!-- END SINGLE FORMAT --><!-- START SINGLE FORMAT -->\r\n\t<tr>\r\n\t\t<td>\r\n\t\t\t<strong>23\/04\/2026<\/strong> | <i>20:30 - 21:30<\/i>\r\n\t\t<\/td>\r\n\t\t<td>\r\n\t\t\t<strong><a href=\"https:\/\/yogakitchen.be\/fr\/events\/yin-yoga-jeudi-4-2026-01-08-2026-01-15-2026-01-22-2026-01-29-2026-02-05-2026-02-12-2026-02-19-2026-02-26-2026-03-05-2026-03-12-2026-03-19-2026-03-26-2026-04-02-2026-04-09-2026-04-16-2026-04-23\/\">Yin Yoga jeudi<\/a><\/strong>\r\n\t\t\t, <i>Yoga Kitchen, Schaerbeek <\/i>\r\n\t\t<\/td>\r\n\t<\/tr>\r\n<!-- END SINGLE FORMAT --><!-- START SINGLE FORMAT -->\r\n\t<tr>\r\n\t\t<td>\r\n\t\t\t<strong>30\/04\/2026<\/strong> | <i>20:30 - 21:30<\/i>\r\n\t\t<\/td>\r\n\t\t<td>\r\n\t\t\t<strong><a href=\"https:\/\/yogakitchen.be\/fr\/events\/yin-yoga-jeudi-4-2026-01-08-2026-01-15-2026-01-22-2026-01-29-2026-02-05-2026-02-12-2026-02-19-2026-02-26-2026-03-05-2026-03-12-2026-03-19-2026-03-26-2026-04-02-2026-04-09-2026-04-16-2026-23-2026-04-30\/\">Yin Yoga jeudi<\/a><\/strong>\r\n\t\t\t, <i>Yoga Kitchen, Schaerbeek <\/i>\r\n\t\t<\/td>\r\n\t<\/tr>\r\n<!-- END SINGLE FORMAT --><!-- START FOOTER -->\r\n\t<\/tbody>\r\n<\/table>\r\n<!-- END FOOTER --><h2>Mai 2026<\/h2><!-- START HEADER -->\r\n<table cellpadding=\"5\" cellspacing=\"0\" width=\"100%\" id=\"current-events\" >\r\n\t<thead>\r\n\t\t<tr>\r\n\t\t\t<th id=\"event-time\" width=\"180\">Date\/Heure<\/th>\r\n\t\t\t<th id=\"event-description\" width=\"*\">Cours\/Atelier<\/th>\r\n\t\t<\/tr>\r\n\t<\/thead>\r\n<tbody>\r\n<!-- END HEADER --><!-- START SINGLE FORMAT -->\r\n\t<tr>\r\n\t\t<td>\r\n\t\t\t<strong>07\/05\/2026<\/strong> | <i>20:30 - 21:30<\/i>\r\n\t\t<\/td>\r\n\t\t<td>\r\n\t\t\t<strong><a href=\"https:\/\/yogakitchen.be\/fr\/events\/yin-yoga-jeudi-4-2026-01-08-2026-01-15-2026-01-22-2026-01-29-2026-02-05-2026-02-12-2026-02-19-2026-02-26-2026-03-05-2026-03-12-2026-03-19-2026-03-26-2026-04-02-2026-04-09-2026-04-16-2026-30-2026-05-07\/\">Yin Yoga jeudi<\/a><\/strong>\r\n\t\t\t, <i>Yoga Kitchen, Schaerbeek <\/i>\r\n\t\t<\/td>\r\n\t<\/tr>\r\n<!-- END SINGLE FORMAT --><!-- START FOOTER -->\r\n\t<\/tbody>\r\n<\/table>\r\n<!-- END FOOTER --><div class=\"em-pagination em-ajax\" data-em-ajax=\"id=1480706940&amp;limit=5&amp;category=5&amp;action=search_events\"> <span class=\"page-numbers current\">1<\/span> <a class=\"page-numbers\" href=\"\/fr\/wp-json\/wp\/v2\/pages\/49?pno=2\" title=\"2\">2<\/a>  <a class=\"page-numbers\" href=\"\/fr\/wp-json\/wp\/v2\/pages\/49?pno=3\" title=\"3\">3<\/a>  <a class=\"next page-numbers\" href=\"\/fr\/wp-json\/wp\/v2\/pages\/49?pno=2\" title=\"2\">&gt;<\/a>  <\/div>\t<\/div>\r\n<\/div><\/div>\n<p style=\"text-align: left;\"><a class=\"yk-blue_btn\" title=\"Nos Prix\" href=\"https:\/\/yogakitchen.be\/fr\/nos-prix\/\">Nos prix<\/a><\/p>\n<div class=\"yk-hoebetalen\">\n<h2>Le Yin Yoga \u00c9tirement Profond<\/h2>\n<p>Le Yin Yoga \u00c9tirement Profond n&rsquo;est absolument pas destin\u00e9 \u00e0 cr\u00e9er de la force et de la stabilit\u00e9. Il y a relativement peu de poses debout. La plupart des postures se font <strong>sur le sol, en position assise ou allong\u00e9e<\/strong>. On appelle le yin yoga est parfois \u00ab\u00a0le yoga liquide\u00a0\u00bb.<\/p>\n<p>Dans le Yin Yoga \u00c9tirement Profond, <strong>les couches profondes des muscles sont \u00e9tir\u00e9es et le tissu conjonctif (le fascia, les ligaments et les tendons) est doucement activ\u00e9 et d\u00e9tendu.<\/strong> Les postures du Yin Yoga \u00c9tirement Profond se concentrent donc, entre autres, sur les parties du corps o\u00f9 il y a beaucoup de tissu conjonctif : le torse et les jambes (partie sup\u00e9rieure). Le rythme est lent, et nous restons souvent dans la pose assez longtemps, jusqu&rsquo;\u00e0 cinq minutes. L&rsquo;id\u00e9e est de s&rsquo;abandonner, de faire l\u00e2cher prise lentement et de garder son attention sur ce que l&rsquo;on ressent et ce que l&rsquo;on vit. Votre souplesse s&rsquo;accro\u00eet lentement. Nous n&rsquo;y parvenons pas en faisant des \u00e9tirements actifs et excessifs, mais en nous abandonnant et en nous laissant aller. Vous sentez que vos muscles et vos tendons rel\u00e2chent progressivement leurs tensions et atteignent un niveau de relaxation plus profond.<\/p>\n<p><strong>Le Yin yoga, c&rsquo;est vraiment cultiver la simple pr\u00e9sence au lieu de l&rsquo;action.<\/strong><\/p>\n<h3>La pr\u00e9sence mentale<\/h3>\n<p>Rester mentalement pr\u00e9sent(e) pendant la pratique du yoga est probablement la t\u00e2che qui demande le plus d\u2019effort. Pourtant, c&rsquo;est essentiel \u00e0 la pratique du yoga. Et en particulier pour le Yin yoga. C&rsquo;est pourquoi nous pratiquerons le plus souvent les yeux ferm\u00e9s. Afin de pouvoir se concentrer plus facilement sur toutes les sensations physiques du corps. Il s&rsquo;agit vraiment d&rsquo;un effort mental.<\/p>\n<h3>La respiration<\/h3>\n<p>En Yin yoga, vous avez les options suivantes pour l&rsquo;effort respiratoire:<\/p>\n<ul>\n<li>Vous inspirez lentement et expirez lentement, <strong>en mettant clairement l&rsquo;accent sur l&rsquo;expiration<\/strong><\/li>\n<li>Vous travaillez avec une respiration douce de type <strong>ujjayi ou oc\u00e9anique<\/strong><\/li>\n<\/ul>\n<p>Regardez ici la vid\u00e9o explicative sur la respiration oc\u00e9anique : <\/p>\n<p style=\"text-align: left;\"><a class=\"yk-blue_btn\" title=\"Ujjayi\" href=\"https:\/\/youtu.be\/KLJ-6oCg-_Y\">Respiration ujjayi<\/a><\/p>\n<h3>La posture<\/h3>\n<p>L&rsquo;effort physique est l\u00e9ger et plut\u00f4t passif. L&rsquo;intensit\u00e9 est cr\u00e9\u00e9e par la dur\u00e9e de la pose.<br \/>\nPourtant, dans ce yoga, <strong>les six fonctions principales du yoga physique<\/strong> sont toutes couvertes. L&rsquo;outil permettant de soutenir et de renforcer ces fonctions est <strong>la posture de yoga ou asana.<\/strong><br \/>\nLes postures des cours de Yin Yoga \u00c9tirement Profond sont choisies dans la s\u00e9rie de base du Yin Yoga qui comprend environ 25 postures diff\u00e9rentes, auxquelles s&rsquo;ajoutent de nombreuses postures pour le dos (colonne vert\u00e9brale sup\u00e9rieur)e, la ceinture scapulaire et la ceinture pelvienne<\/strong> et leurs variations.<\/p>\n<h3>Structure du cours<\/h3>\n<p>Les cours de Yin yoga sont g\u00e9n\u00e9ralement structur\u00e9s comme suit :<\/p>\n<ul>\n<li>Nous commen\u00e7ons par un moment o\u00f9 nous recherchons la pr\u00e9sence dans le moment pr\u00e9sent et la sensation physique de notre corps.<\/li>\n<li>Ensuite, nous nous concentrons sur notre respiration, avec ou sans <strong>la respiration ujjayi.<\/strong><\/li>\n<li>Ensuite, c&rsquo;est la s\u00e9quence vari\u00e9e des postures.<\/li>\n<li>Nous terminons avec un moment de repos, allong\u00e9 sur le dos ou dans une position de relaxation de votre choix.<\/li>\n<\/ul>\n<p>Un cours de Yin Yoga \u00c9tirement Profond dure une heure.<br \/>\n<a href=\"https:\/\/yogakitchen.be\/fr\/wp-content\/uploads\/sites\/3\/2023\/11\/2023SupineHeroR1Acolc_1200_530.jpg\"><img loading=\"lazy\" decoding=\"async\" src=\"https:\/\/yogakitchen.be\/fr\/wp-content\/uploads\/sites\/3\/2023\/11\/2023SupineHeroR1Acolc_1200_530.jpg\" alt=\"Posture du h\u00e9ros repos\u00e9 du Yin Yoga \u00e9tirement profond\" width=\"1200\" height=\"530\" class=\"aligncenter size-full wp-image-18877\" srcset=\"https:\/\/yogakitchen.be\/fr\/wp-content\/uploads\/sites\/3\/2023\/11\/2023SupineHeroR1Acolc_1200_530.jpg 1200w, https:\/\/yogakitchen.be\/fr\/wp-content\/uploads\/sites\/3\/2023\/11\/2023SupineHeroR1Acolc_1200_530-300x133.jpg 300w, https:\/\/yogakitchen.be\/fr\/wp-content\/uploads\/sites\/3\/2023\/11\/2023SupineHeroR1Acolc_1200_530-768x339.jpg 768w, https:\/\/yogakitchen.be\/fr\/wp-content\/uploads\/sites\/3\/2023\/11\/2023SupineHeroR1Acolc_1200_530-1024x452.jpg 1024w\" sizes=\"auto, (max-width: 1200px) 100vw, 1200px\" \/><\/a><\/p>\n<h2>Quelle est la diff\u00e9rence entre le Yin Yoga \u00c9tirement Profond et le Yin Yoga classique ?<\/h2>\n<p>Le Yin Yoga classique n&rsquo;accorde que peu ou pas d&rsquo;attention \u00e0 la poitrine, au haut du dos et \u00e0 la ceinture scapulaire. Le Yin Yoga classique se limite \u00e0 environ 25 exercices ou postures. Yin Yoga \u00c9tirement Profond s&rsquo;est d\u00e9velopp\u00e9 pour inclure des dizaines de postures suppl\u00e9mentaires qui s&rsquo;adressent \u00e0 la poitrine, \u00e0 la ceinture scapulaire, au haut du dos ainsi qu&rsquo;au bassin. C&rsquo;est pourquoi le Yin Yoga \u00c9tirement Profond est plus complet que le Yin Yoga classique.<\/p>\n<h2>Ai-je besoin de quelque chose de sp\u00e9cial en termes d&rsquo;\u00e9quipement de yoga pour le Yin Yoga \u00c9tirement Profond ?<\/h2>\n<p>Si vous suivez le cours en pr\u00e9sentiel dans la salle, vous n&rsquo;avez rien \u00e0 pr\u00e9voir en plus. Tous les outils sont disponibles dans la salle. Si vous suivez le cours en ligne, il est utile d&#8217;emporter le mat\u00e9riel suivant :<\/p>\n<ul>\n<li>un bon tapis de yoga<\/li>\n<li>quelques coussins d\u2019assise plats et \u00e9pais<\/li>\n<li>une sangle de yoga (une ceinture classique peut \u00e9galement servir)<\/li>\n<li>deux blocs de yoga en li\u00e8ge ou en plastique<\/li>\n<li>un tabouret ou une chaise<\/li>\n<li>quelques serviettes de bain, plaids ou couvertures pour un soutien suppl\u00e9mentaire<\/li>\n<\/ul>\n<\/div>\n<\/div>\n<table>\n<tr  bgcolor=\"#O5C2DE\">\n<th scope=\"col\"><strong>Type de cours<\/strong><\/th>\n<th scope=\"col\">Dur\u00e9e<\/th>\n<th scope=\"col\">Yin\/Yang<\/th>\n<th scope=\"col\">Rythme<\/th>\n<th scope=\"col\">Effet<\/th>\n<\/tr>\n<tr>\n<td>Yin Yoga \u00c9tirement Profond<\/td>\n<td>60 min<\/td>\n<td>Yin<\/td>\n<td>Tr\u00e8s lent, statique<\/td>\n<td>Rafra\u00eechissant, relaxant<\/td\n<\/tr>\n<\/table>\n<h2>Vous cherchez un autre type de cours ?<\/h2>\n<p>D\u00e9couvrez nos autres cours de yoga ici :<\/p>\n<p style=\"text-align: left;\"><a class=\"yk-blue_btn\" title=\"Cours de yoga\" href=\"https:\/\/yogakitchen.be\/fr\/cours-de-yoga\/\">Consultez notre offre compl\u00e8te<\/a><\/p>\n","protected":false},"excerpt":{"rendered":"<p>Le Yin Yoga \u00c9tirement Profond, un yoga calme mais intense avec un effet rafra\u00eechissant Vous cherchez une forme de yoga pour faire l\u00e2cher-prise profond\u00e9ment et compl\u00e8tement, ou vous voulez \u00e9quilibrer un style de vie hyperactif ? Ou encore, voulez-vous retrouver une certaine mobilit\u00e9 et flexibilit\u00e9 perdues ? Alors le Yin Yoga \u00c9tirement Profond est d\u00e9finitivement &hellip; <a href=\"https:\/\/yogakitchen.be\/fr\/cours-de-yoga\/yin-yoga\/\" class=\"more-link\">Continuer la lecture de <span class=\"screen-reader-text\">Yin Yoga \u00c9tirement Profond<\/span> <span class=\"meta-nav\">&rarr;<\/span><\/a><\/p>\n","protected":false},"author":2,"featured_media":20784,"parent":31,"menu_order":0,"comment_status":"closed","ping_status":"closed","template":"","meta":{"footnotes":""},"class_list":["post-49","page","type-page","status-publish","has-post-thumbnail","hentry"],"_links":{"self":[{"href":"https:\/\/yogakitchen.be\/fr\/wp-json\/wp\/v2\/pages\/49","targetHints":{"allow":["GET"]}}],"collection":[{"href":"https:\/\/yogakitchen.be\/fr\/wp-json\/wp\/v2\/pages"}],"about":[{"href":"https:\/\/yogakitchen.be\/fr\/wp-json\/wp\/v2\/types\/page"}],"author":[{"embeddable":true,"href":"https:\/\/yogakitchen.be\/fr\/wp-json\/wp\/v2\/users\/2"}],"replies":[{"embeddable":true,"href":"https:\/\/yogakitchen.be\/fr\/wp-json\/wp\/v2\/comments?post=49"}],"version-history":[{"count":39,"href":"https:\/\/yogakitchen.be\/fr\/wp-json\/wp\/v2\/pages\/49\/revisions"}],"predecessor-version":[{"id":18878,"href":"https:\/\/yogakitchen.be\/fr\/wp-json\/wp\/v2\/pages\/49\/revisions\/18878"}],"up":[{"embeddable":true,"href":"https:\/\/yogakitchen.be\/fr\/wp-json\/wp\/v2\/pages\/31"}],"wp:featuredmedia":[{"embeddable":true,"href":"https:\/\/yogakitchen.be\/fr\/wp-json\/wp\/v2\/media\/20784"}],"wp:attachment":[{"href":"https:\/\/yogakitchen.be\/fr\/wp-json\/wp\/v2\/media?parent=49"}],"curies":[{"name":"wp","href":"https:\/\/api.w.org\/{rel}","templated":true}]}}