{"id":56,"date":"2013-08-16T09:01:06","date_gmt":"2013-08-16T09:01:06","guid":{"rendered":"http:\/\/yogakitchen.be\/fr\/?page_id=56"},"modified":"2016-08-05T12:22:41","modified_gmt":"2016-08-05T12:22:41","slug":"ateliers-de-cuisine","status":"publish","type":"page","link":"https:\/\/yogakitchen.be\/fr\/ateliers-de-cuisine\/","title":{"rendered":"Ateliers de cuisine"},"content":{"rendered":"<h3>Les ateliers alimentaires de Yoga Kitchen<\/h3>\n<p><a href=\"http:\/\/yogakitchen.be\/fr\/wp-content\/uploads\/sites\/3\/2016\/05\/2016RawfoodDuo.jpg\"><img loading=\"lazy\" decoding=\"async\" src=\"http:\/\/yogakitchen.be\/fr\/wp-content\/uploads\/sites\/3\/2016\/05\/2016RawfoodDuo-1024x340.jpg\" alt=\"Photomontage avec deux plats crus et v\u00e9g\u00e9taux\" width=\"604\" height=\"201\" class=\"alignnone size-large wp-image-12522\" srcset=\"https:\/\/yogakitchen.be\/fr\/wp-content\/uploads\/sites\/3\/2016\/05\/2016RawfoodDuo-1024x340.jpg 1024w, https:\/\/yogakitchen.be\/fr\/wp-content\/uploads\/sites\/3\/2016\/05\/2016RawfoodDuo-300x100.jpg 300w, https:\/\/yogakitchen.be\/fr\/wp-content\/uploads\/sites\/3\/2016\/05\/2016RawfoodDuo.jpg 1200w\" sizes=\"auto, (max-width: 604px) 100vw, 604px\" \/><\/a><br \/>\nQue pouvez-vous attendre d&rsquo;un atelier de cuisine de Yoga Kitchen?<br \/>\nDans une atmosph\u00e8re ouverte, joyeuse et informelle nous nous informons, nous pr\u00e9parons, mangeons et \u00e9changeons.<\/p>\n<p>Un atelier de cuisine de Yoga Kitchen est compos\u00e9 de:<br \/>\n<strong>Un volet th\u00e9orique captivant<\/strong><\/p>\n<ul>\n<li>une introduction sur les principes de la nutrition et la sant\u00e9<\/li>\n<li>les avantages de la cuisine v\u00e9g\u00e9tale, principalement crue, tant pour nous-m\u00eames, pour l&rsquo;environnement et pour notre plan\u00e8te<\/li>\n<li>de l&rsquo;information claire et pratique sur la nutrition et la composition des aliments<\/li>\n<\/ul>\n<p><strong>Un volet pratique<\/strong><\/p>\n<ul>\n<li>un atelier pratique dans lequel nous pr\u00e9parons les aliments dans le cadre du th\u00e8me choisi<\/li>\n<li>une d\u00e9gustation copieuse<\/li>\n<\/ul>\n<p>Un atelier de cuisine Yoga Kitchen comporte maximum 8 participants.<br \/>\nLa dur\u00e9e et les frais de participation varient selon le th\u00e8me choisi.<\/p>\n<h4>Les prochains ateliers<\/h4>\n<div class=\"yk-inline-kalender\"><div class=\"em em-view-container\" id=\"em-view-1956336883\" data-view=\"list-grouped\">\r\n\t<div class=\"em-list em-events-list em-events-list-grouped\" id=\"em-events-list-grouped-1956336883\">\r\n\tPas de \u00c9v\u00e8nements\t<\/div>\r\n<\/div><\/div>\n<p><a class=\"yk-knop\" title=\"Prix\" href=\"http:\/\/yogakitchen.be\/fr\/nos-prix\/\">Nos Prix<\/a><\/p>\n","protected":false},"excerpt":{"rendered":"<p>Les ateliers alimentaires de Yoga Kitchen Que pouvez-vous attendre d&rsquo;un atelier de cuisine de Yoga Kitchen? Dans une atmosph\u00e8re ouverte, joyeuse et informelle nous nous informons, nous pr\u00e9parons, mangeons et \u00e9changeons. Un atelier de cuisine de Yoga Kitchen est compos\u00e9 de: Un volet th\u00e9orique captivant une introduction sur les principes de la nutrition et la &hellip; <a href=\"https:\/\/yogakitchen.be\/fr\/ateliers-de-cuisine\/\" class=\"more-link\">Continuer la lecture de <span class=\"screen-reader-text\">Ateliers de cuisine<\/span> <span class=\"meta-nav\">&rarr;<\/span><\/a><\/p>\n","protected":false},"author":2,"featured_media":0,"parent":0,"menu_order":0,"comment_status":"closed","ping_status":"closed","template":"","meta":{"footnotes":""},"class_list":["post-56","page","type-page","status-publish","hentry"],"_links":{"self":[{"href":"https:\/\/yogakitchen.be\/fr\/wp-json\/wp\/v2\/pages\/56","targetHints":{"allow":["GET"]}}],"collection":[{"href":"https:\/\/yogakitchen.be\/fr\/wp-json\/wp\/v2\/pages"}],"about":[{"href":"https:\/\/yogakitchen.be\/fr\/wp-json\/wp\/v2\/types\/page"}],"author":[{"embeddable":true,"href":"https:\/\/yogakitchen.be\/fr\/wp-json\/wp\/v2\/users\/2"}],"replies":[{"embeddable":true,"href":"https:\/\/yogakitchen.be\/fr\/wp-json\/wp\/v2\/comments?post=56"}],"version-history":[{"count":23,"href":"https:\/\/yogakitchen.be\/fr\/wp-json\/wp\/v2\/pages\/56\/revisions"}],"predecessor-version":[{"id":13025,"href":"https:\/\/yogakitchen.be\/fr\/wp-json\/wp\/v2\/pages\/56\/revisions\/13025"}],"wp:attachment":[{"href":"https:\/\/yogakitchen.be\/fr\/wp-json\/wp\/v2\/media?parent=56"}],"curies":[{"name":"wp","href":"https:\/\/api.w.org\/{rel}","templated":true}]}}