{"id":62,"date":"2013-08-16T09:10:45","date_gmt":"2013-08-16T09:10:45","guid":{"rendered":"http:\/\/yogakitchen.be\/fr\/?page_id=62"},"modified":"2022-06-16T22:07:55","modified_gmt":"2022-06-16T20:07:55","slug":"yoga-therapie","status":"publish","type":"page","link":"https:\/\/yogakitchen.be\/fr\/yoga-therapie\/","title":{"rendered":"Yoga th\u00e9rapie"},"content":{"rendered":"<h1>L&rsquo;accompagnement personnalis\u00e9 sur mesure<\/h1>\n<blockquote><p>La th\u00e9rapie par le yoga offre des r\u00e9ponses concr\u00e8tes \u00e0 des questions concernant votre pratique du yoga, et de la gu\u00e9rison et de la pr\u00e9vention en cas de douleurs et blessures.<\/p><\/blockquote>\n<div class=\"yk-yogalessen\">\n<div class=\"yk-yogalestype\">\n<h2><a title=\"Adapter son yoga\" href=\"http:\/\/yogakitchen.be\/fr\/yoga-therapie\/adapter-son-yoga\/\">Adapter son yoga<\/a><\/h2>\n<h3>Consultation priv\u00e9e<\/h3>\n<p>dans une bonne s\u00e9rie de pratique de yoga, diff\u00e9rentes fonctions de flexion et \u00e9tirement sont abord\u00e9es de mani\u00e8re \u00e9quilibr\u00e9e. Mais que faire si votre posture ou votre colonne vert\u00e9brale sont \u201chors norme\u201d? Il peut \u00eatre utile voir m\u00eame n\u00e9cessaire <strong>d&rsquo;adapter votre yoga \u00e0 votre forme corporelle sp\u00e9cifique.<\/strong><\/p>\n<p style=\"text-align: center;\">\u00a0<a class=\"yk-blue_btn\" title=\"Adapter son yoga\" href=\"http:\/\/yogakitchen.be\/fr\/yoga-therapie\/adapter-son-yoga\/\">En savoir plus<\/a><\/p>\n<\/div>\n<div class=\"yk-yogalestype\">\n<h2><a title=\"Le yoga pour gu\u00e9rir\" href=\"http:\/\/yogakitchen.be\/fr\/yoga-therapie\/le-yoga-pour-guerir\/\">Le yoga pour gu\u00e9rir<\/a><\/h2>\n<h3>Consultation priv\u00e9e<\/h3>\n<p>Il y a des moments dans la vie quand vous devez faire face \u00e0 des blessures ou des douleurs suite aux mauvaises postures ou des pressions soutenues de mani\u00e8re unilat\u00e9rale ou pendant tr\u00f4p longtemps au niveau de certaines parties du corps.<br \/>\nD&rsquo;autres affections peuvent compromettre une mobilit\u00e9 normale ou cr\u00e9er des sympt\u00f4mes de douleur.<br \/>\nLa th\u00e9rapie par le yoga propose <strong>des outils concrets et efficaces pour la gu\u00e9rison et la r\u00e9validation<\/strong>.<\/p>\n<p style=\"text-align: center;\"><a class=\"yk-blue_btn\" title=\"Le yoga pour gu\u00e9rir\" href=\"http:\/\/yogakitchen.be\/fr\/yoga-therapie\/le-yoga-pour-guerir\/\">En savoir plus<\/a><\/p>\n<\/div>\n<div class=\"yk-yogalestype\">\n<h2><a title=\"Cours de yoga priv\u00e9\" href=\"http:\/\/yogakitchen.be\/fr\/yoga-therapie\/cours-de-yoga-prive\/\">L&rsquo;accompagnement individuel pour le yoga<\/a><\/h2>\n<h3>Cours priv\u00e9<\/h3>\n<p>Yoga Kitchen propose un accompagnement priv\u00e9 pour le yoga sur rendez-vous.<br \/>\nVous pouvez avoir de diff\u00e9rentes raisons pour ne pas aller suivre des cours collectifs de yoga.<br \/>\nYoga Kitchen organise des cours priv\u00e9s, suivant vos besoins individuels et vos horaires.<br \/>\n<strong>Le cours priv\u00e9 de yoga<\/strong> est possible soit chez Yoga Kitchen, soit chez vous ou \u00e0 un endroit de votre choix en r\u00e9gion bruxelloise.<\/p>\n<p style=\"text-align: center;\">\u00a0<a class=\"yk-blue_btn\" title=\"Cours de yoga priv\u00e9\" href=\"http:\/\/yogakitchen.be\/fr\/yoga-therapie\/cours-de-yoga-prive\/\">En savoir plus<\/a><\/p>\n<\/div>\n<\/div>\n<h2>Combien co\u00fbte une consultation priv\u00e9e ?<\/h2>\n<p>Regardez nos tarifs via le bouton ci-dessous.<\/p>\n<p style=\"text-align: center;\"><a class=\"yk-blue_btn\" title=\"Nos prix\" href=\"https:\/\/yogakitchen.be\/fr\/nos-prix\/\">Nos prix<\/a><\/p>\n<h2>Je voudrais plus d\u2019informations<\/h2>\n<p>J&rsquo;ai une question concernant <strong>yoga th\u00e9rapie et accompagnement<\/strong><br \/>\n\n<div class=\"wpcf7 no-js\" id=\"wpcf7-f3654-o1\" lang=\"fr-FR\" dir=\"ltr\" data-wpcf7-id=\"3654\">\n<div class=\"screen-reader-response\"><p role=\"status\" aria-live=\"polite\" aria-atomic=\"true\"><\/p> <ul><\/ul><\/div>\n<form action=\"\/fr\/wp-json\/wp\/v2\/pages\/62#wpcf7-f3654-o1\" method=\"post\" class=\"wpcf7-form init\" aria-label=\"Formulaire de contact\" novalidate=\"novalidate\" data-status=\"init\">\n<fieldset class=\"hidden-fields-container\"><input type=\"hidden\" name=\"_wpcf7\" value=\"3654\" \/><input type=\"hidden\" name=\"_wpcf7_version\" value=\"6.1.4\" \/><input type=\"hidden\" name=\"_wpcf7_locale\" value=\"fr_FR\" \/><input type=\"hidden\" name=\"_wpcf7_unit_tag\" value=\"wpcf7-f3654-o1\" \/><input type=\"hidden\" name=\"_wpcf7_container_post\" value=\"0\" \/><input type=\"hidden\" name=\"_wpcf7_posted_data_hash\" value=\"\" \/>\n<\/fieldset>\n<p>Votre nom (obligatoire)\n<\/p>\n<p><span class=\"wpcf7-form-control-wrap\" data-name=\"your-name\"><input size=\"40\" maxlength=\"400\" class=\"wpcf7-form-control wpcf7-text wpcf7-validates-as-required\" aria-required=\"true\" aria-invalid=\"false\" value=\"\" type=\"text\" name=\"your-name\" \/><\/span>\n<\/p>\n<p>Votre email (obligatoire)\n<\/p>\n<p><span class=\"wpcf7-form-control-wrap\" data-name=\"your-email\"><input size=\"40\" maxlength=\"400\" class=\"wpcf7-form-control wpcf7-email wpcf7-validates-as-required wpcf7-text wpcf7-validates-as-email\" aria-required=\"true\" aria-invalid=\"false\" value=\"\" type=\"email\" name=\"your-email\" \/><\/span>\n<\/p>\n<p>Sujet\n<\/p>\n<p><span class=\"wpcf7-form-control-wrap\" data-name=\"your-subject\"><input size=\"40\" maxlength=\"400\" class=\"wpcf7-form-control wpcf7-text\" aria-invalid=\"false\" value=\"\" type=\"text\" name=\"your-subject\" \/><\/span>\n<\/p>\n<p>Votre message\n<\/p>\n<p><span class=\"wpcf7-form-control-wrap\" data-name=\"your-message\"><textarea cols=\"40\" rows=\"10\" maxlength=\"2000\" class=\"wpcf7-form-control wpcf7-textarea\" aria-invalid=\"false\" name=\"your-message\"><\/textarea><\/span>\n<\/p>\n<p><input class=\"wpcf7-form-control wpcf7-submit has-spinner\" type=\"submit\" value=\"Envoyer\" \/>\n<\/p><p style=\"display: none !important;\" class=\"akismet-fields-container\" data-prefix=\"_wpcf7_ak_\"><label>&#916;<textarea name=\"_wpcf7_ak_hp_textarea\" cols=\"45\" rows=\"8\" maxlength=\"100\"><\/textarea><\/label><input type=\"hidden\" id=\"ak_js_1\" name=\"_wpcf7_ak_js\" value=\"221\"\/><script>document.getElementById( \"ak_js_1\" ).setAttribute( \"value\", ( new Date() ).getTime() );<\/script><\/p><div class=\"wpcf7-response-output\" aria-hidden=\"true\"><\/div>\n<\/form>\n<\/div>\n<\/p>\n<div class=\"yk-hoebetalen\">\n<h2>Voulez-vous plut\u00f4t r\u00e9server un de nos cours collectifs ?<\/h2>\n<p>Regardez notre offre de cours de yoga et r\u00e9servez via les liens ci-dessous :<\/p>\n<p style=\"text-align: center;\"><a class=\"yk-red_btn\" title=\"R\u00e9servez un cours de yoga\" href=\"https:\/\/yogakitchen.be\/fr\/calendrier\/\">R\u00e9servez un cours de yoga<\/a><\/p>\n<p style=\"text-align: center;\"><a class=\"yk-blue_btn\" title=\"Cours de yoga\" href=\"https:\/\/yogakitchen.be\/fr\/cours-de-yoga\/\">Consultez notre offre de cours de yoga<\/a><\/p>\n","protected":false},"excerpt":{"rendered":"<p>L&rsquo;accompagnement personnalis\u00e9 sur mesure La th\u00e9rapie par le yoga offre des r\u00e9ponses concr\u00e8tes \u00e0 des questions concernant votre pratique du yoga, et de la gu\u00e9rison et de la pr\u00e9vention en cas de douleurs et blessures. Adapter son yoga Consultation priv\u00e9e dans une bonne s\u00e9rie de pratique de yoga, diff\u00e9rentes fonctions de flexion et \u00e9tirement sont &hellip; <a href=\"https:\/\/yogakitchen.be\/fr\/yoga-therapie\/\" class=\"more-link\">Continuer la lecture de <span class=\"screen-reader-text\">Yoga th\u00e9rapie<\/span> <span class=\"meta-nav\">&rarr;<\/span><\/a><\/p>\n","protected":false},"author":2,"featured_media":0,"parent":0,"menu_order":0,"comment_status":"closed","ping_status":"closed","template":"","meta":{"footnotes":""},"class_list":["post-62","page","type-page","status-publish","hentry"],"_links":{"self":[{"href":"https:\/\/yogakitchen.be\/fr\/wp-json\/wp\/v2\/pages\/62","targetHints":{"allow":["GET"]}}],"collection":[{"href":"https:\/\/yogakitchen.be\/fr\/wp-json\/wp\/v2\/pages"}],"about":[{"href":"https:\/\/yogakitchen.be\/fr\/wp-json\/wp\/v2\/types\/page"}],"author":[{"embeddable":true,"href":"https:\/\/yogakitchen.be\/fr\/wp-json\/wp\/v2\/users\/2"}],"replies":[{"embeddable":true,"href":"https:\/\/yogakitchen.be\/fr\/wp-json\/wp\/v2\/comments?post=62"}],"version-history":[{"count":17,"href":"https:\/\/yogakitchen.be\/fr\/wp-json\/wp\/v2\/pages\/62\/revisions"}],"predecessor-version":[{"id":17587,"href":"https:\/\/yogakitchen.be\/fr\/wp-json\/wp\/v2\/pages\/62\/revisions\/17587"}],"wp:attachment":[{"href":"https:\/\/yogakitchen.be\/fr\/wp-json\/wp\/v2\/media?parent=62"}],"curies":[{"name":"wp","href":"https:\/\/api.w.org\/{rel}","templated":true}]}}