{"id":79,"date":"2013-08-16T09:39:44","date_gmt":"2013-08-16T09:39:44","guid":{"rendered":"http:\/\/yogakitchen.be\/fr\/?page_id=79"},"modified":"2022-10-04T13:38:33","modified_gmt":"2022-10-04T11:38:33","slug":"contact","status":"publish","type":"page","link":"https:\/\/yogakitchen.be\/fr\/a-propos\/contact\/","title":{"rendered":"Contactez-nous"},"content":{"rendered":"<h1>Nous sommes \u00e0 votre \u00e9coute !<\/h1>\n<div class=\"yk-hoebetalen\">\n<h2>Avez-vous une question?<\/h2>\n<p>Ce sera mon grand plaisir d&rsquo;y r\u00e9pondre. S&rsquo;il vous pla\u00eet envoyez-moi un message en remplissant le formulaire ci-dessous et je reviendrai avec vous sous peu.<\/p>\n<p>Vous pouvez aussi me contacter par t\u00e9l\u00e9phone, pendant les heures de bureau, au num\u00e9ro: <strong>0486\/882848.<\/strong><br \/>\n\n<div class=\"wpcf7 no-js\" id=\"wpcf7-f3651-o1\" lang=\"fr-FR\" dir=\"ltr\" data-wpcf7-id=\"3651\">\n<div class=\"screen-reader-response\"><p role=\"status\" aria-live=\"polite\" aria-atomic=\"true\"><\/p> <ul><\/ul><\/div>\n<form action=\"\/fr\/wp-json\/wp\/v2\/pages\/79#wpcf7-f3651-o1\" method=\"post\" class=\"wpcf7-form init\" aria-label=\"Formulaire de contact\" novalidate=\"novalidate\" data-status=\"init\">\n<fieldset class=\"hidden-fields-container\"><input type=\"hidden\" name=\"_wpcf7\" value=\"3651\" \/><input type=\"hidden\" name=\"_wpcf7_version\" value=\"6.1.4\" \/><input type=\"hidden\" name=\"_wpcf7_locale\" value=\"fr_FR\" \/><input type=\"hidden\" name=\"_wpcf7_unit_tag\" value=\"wpcf7-f3651-o1\" \/><input type=\"hidden\" name=\"_wpcf7_container_post\" value=\"0\" \/><input type=\"hidden\" name=\"_wpcf7_posted_data_hash\" value=\"\" \/>\n<\/fieldset>\n<p>Votre nom (obligatoire)\n<\/p>\n<p><span class=\"wpcf7-form-control-wrap\" data-name=\"your-name\"><input size=\"40\" maxlength=\"400\" class=\"wpcf7-form-control wpcf7-text wpcf7-validates-as-required\" aria-required=\"true\" aria-invalid=\"false\" value=\"\" type=\"text\" name=\"your-name\" \/><\/span>\n<\/p>\n<p>Votre email (obligatoire)\n<\/p>\n<p><span class=\"wpcf7-form-control-wrap\" data-name=\"your-email\"><input size=\"40\" maxlength=\"400\" class=\"wpcf7-form-control wpcf7-email wpcf7-validates-as-required wpcf7-text wpcf7-validates-as-email\" aria-required=\"true\" aria-invalid=\"false\" value=\"\" type=\"email\" name=\"your-email\" \/><\/span>\n<\/p>\n<p>Sujet (obligatoire)\n<\/p>\n<p><span class=\"wpcf7-form-control-wrap\" data-name=\"your-subject\"><input size=\"40\" maxlength=\"400\" class=\"wpcf7-form-control wpcf7-text wpcf7-validates-as-required\" aria-required=\"true\" aria-invalid=\"false\" value=\"\" type=\"text\" name=\"your-subject\" \/><\/span>\n<\/p>\n<p>Votre message\n<\/p>\n<p><span class=\"wpcf7-form-control-wrap\" data-name=\"your-message\"><textarea cols=\"40\" rows=\"10\" maxlength=\"2000\" class=\"wpcf7-form-control wpcf7-textarea\" aria-invalid=\"false\" name=\"your-message\"><\/textarea><\/span>\n<\/p>\n<p><input class=\"wpcf7-form-control wpcf7-submit has-spinner\" type=\"submit\" value=\"Envoyer\" \/>\n<\/p><p style=\"display: none !important;\" class=\"akismet-fields-container\" data-prefix=\"_wpcf7_ak_\"><label>&#916;<textarea name=\"_wpcf7_ak_hp_textarea\" cols=\"45\" rows=\"8\" maxlength=\"100\"><\/textarea><\/label><input type=\"hidden\" id=\"ak_js_1\" name=\"_wpcf7_ak_js\" value=\"119\"\/><script>document.getElementById( \"ak_js_1\" ).setAttribute( \"value\", ( new Date() ).getTime() );<\/script><\/p><div class=\"wpcf7-response-output\" aria-hidden=\"true\"><\/div>\n<\/form>\n<\/div>\n<\/p>\n<p style=\"text-align: left;\">\u00a0<a title=\"S\u00e9curit\u00e9 des donn\u00e9es\" href=\"http:\/\/yogakitchen.be\/fr\/securite-des-donnees\/\">En savoir plus sur la protection de vos donn\u00e9es<\/a><\/p>\n<\/div>\n<h5>Contact info<\/h5>\n<p><a href=\"http:\/\/yogakitchen.be\/fr\/a-propos-de-yoga-kitchen\/\">Peter Verhaegen<\/a><br \/>\nT\u00e9l\u00e9phone: 0486 88 28 48<\/p>\n<p>TVA: BE 0537 236 379<br \/>\nIBAN: BE76 0635 4774 5695<br \/>\nBIC: GKCC BE BB<\/p>\n","protected":false},"excerpt":{"rendered":"<p>Nous sommes \u00e0 votre \u00e9coute ! Avez-vous une question? Ce sera mon grand plaisir d&rsquo;y r\u00e9pondre. S&rsquo;il vous pla\u00eet envoyez-moi un message en remplissant le formulaire ci-dessous et je reviendrai avec vous sous peu. Vous pouvez aussi me contacter par t\u00e9l\u00e9phone, pendant les heures de bureau, au num\u00e9ro: 0486\/882848. \u00a0En savoir plus sur la protection &hellip; <a href=\"https:\/\/yogakitchen.be\/fr\/a-propos\/contact\/\" class=\"more-link\">Continuer la lecture de <span class=\"screen-reader-text\">Contactez-nous<\/span> <span class=\"meta-nav\">&rarr;<\/span><\/a><\/p>\n","protected":false},"author":2,"featured_media":0,"parent":11,"menu_order":0,"comment_status":"closed","ping_status":"closed","template":"","meta":{"footnotes":""},"class_list":["post-79","page","type-page","status-publish","hentry"],"_links":{"self":[{"href":"https:\/\/yogakitchen.be\/fr\/wp-json\/wp\/v2\/pages\/79","targetHints":{"allow":["GET"]}}],"collection":[{"href":"https:\/\/yogakitchen.be\/fr\/wp-json\/wp\/v2\/pages"}],"about":[{"href":"https:\/\/yogakitchen.be\/fr\/wp-json\/wp\/v2\/types\/page"}],"author":[{"embeddable":true,"href":"https:\/\/yogakitchen.be\/fr\/wp-json\/wp\/v2\/users\/2"}],"replies":[{"embeddable":true,"href":"https:\/\/yogakitchen.be\/fr\/wp-json\/wp\/v2\/comments?post=79"}],"version-history":[{"count":18,"href":"https:\/\/yogakitchen.be\/fr\/wp-json\/wp\/v2\/pages\/79\/revisions"}],"predecessor-version":[{"id":17980,"href":"https:\/\/yogakitchen.be\/fr\/wp-json\/wp\/v2\/pages\/79\/revisions\/17980"}],"up":[{"embeddable":true,"href":"https:\/\/yogakitchen.be\/fr\/wp-json\/wp\/v2\/pages\/11"}],"wp:attachment":[{"href":"https:\/\/yogakitchen.be\/fr\/wp-json\/wp\/v2\/media?parent=79"}],"curies":[{"name":"wp","href":"https:\/\/api.w.org\/{rel}","templated":true}]}}