{"id":17263,"date":"2021-12-11T13:18:47","date_gmt":"2021-12-11T12:18:47","guid":{"rendered":"https:\/\/yogakitchen.be\/fr\/?post_type=product&#038;p=17263"},"modified":"2025-01-01T16:19:40","modified_gmt":"2025-01-01T15:19:40","slug":"cours-de-yoga-singulier-en-ligne-90-minutes","status":"publish","type":"product","link":"https:\/\/yogakitchen.be\/fr\/produit\/cours-de-yoga-singulier-en-ligne-90-minutes\/","title":{"rendered":"Cours de yoga singulier en ligne 90 minutes"},"content":{"rendered":"<h3>Profitez de tous les avantages du yoga en direct en ligne.<\/h3>\n<p>Ce bon vous donne droit \u00e0 un cours de 90 minutes en ligne avec Yoga Kitchen Bruxelles.<br \/>\nApr\u00e8s l&rsquo;achat, <strong>le lien Zoom<\/strong> donnant acc\u00e8s au cours vous sera envoy\u00e9 par e-mail.<\/p>\n<p>Veuillez \u00eatre pr\u00e9sent \u00e0 temps lorsque votre cours de yoga commencera, et profitez de l&rsquo;exp\u00e9rience !<\/p>\n","protected":false},"excerpt":{"rendered":"<p>1 x 90 minutes de cours de yoga en ligne<\/p>\n","protected":false},"featured_media":17264,"comment_status":"closed","ping_status":"closed","template":"","meta":[],"product_brand":[],"product_cat":[101],"product_tag":[],"class_list":{"0":"post-17263","1":"product","2":"type-product","3":"status-publish","4":"has-post-thumbnail","6":"product_cat-cours-de-yoga","8":"first","9":"instock","10":"virtual","11":"taxable","12":"purchasable","13":"product-type-simple"},"_links":{"self":[{"href":"https:\/\/yogakitchen.be\/fr\/wp-json\/wp\/v2\/product\/17263","targetHints":{"allow":["GET"]}}],"collection":[{"href":"https:\/\/yogakitchen.be\/fr\/wp-json\/wp\/v2\/product"}],"about":[{"href":"https:\/\/yogakitchen.be\/fr\/wp-json\/wp\/v2\/types\/product"}],"replies":[{"embeddable":true,"href":"https:\/\/yogakitchen.be\/fr\/wp-json\/wp\/v2\/comments?post=17263"}],"wp:featuredmedia":[{"embeddable":true,"href":"https:\/\/yogakitchen.be\/fr\/wp-json\/wp\/v2\/media\/17264"}],"wp:attachment":[{"href":"https:\/\/yogakitchen.be\/fr\/wp-json\/wp\/v2\/media?parent=17263"}],"wp:term":[{"taxonomy":"product_brand","embeddable":true,"href":"https:\/\/yogakitchen.be\/fr\/wp-json\/wp\/v2\/product_brand?post=17263"},{"taxonomy":"product_cat","embeddable":true,"href":"https:\/\/yogakitchen.be\/fr\/wp-json\/wp\/v2\/product_cat?post=17263"},{"taxonomy":"product_tag","embeddable":true,"href":"https:\/\/yogakitchen.be\/fr\/wp-json\/wp\/v2\/product_tag?post=17263"}],"curies":[{"name":"wp","href":"https:\/\/api.w.org\/{rel}","templated":true}]}}