{"id":17267,"date":"2022-06-09T16:22:34","date_gmt":"2022-06-09T14:22:34","guid":{"rendered":"https:\/\/yogakitchen.be\/fr\/?post_type=product&#038;p=17267"},"modified":"2025-01-01T16:23:29","modified_gmt":"2025-01-01T15:23:29","slug":"cours-de-yoga-singulier-en-presentiel-90-minutes","status":"publish","type":"product","link":"https:\/\/yogakitchen.be\/fr\/produit\/cours-de-yoga-singulier-en-presentiel-90-minutes\/","title":{"rendered":"Cours de yoga singulier en pr\u00e9sentiel 90 minutes"},"content":{"rendered":"<h1>Profitez de tous les avantages d&rsquo;un vrai cours de yoga en pleine pr\u00e9sence.<\/h1>\n<h2>Cours de yoga en pr\u00e9sentiel 90 minutes<\/h2>\n<p>Ce bon vous donne droit \u00e0 <strong>un cours de Yoga de 90 minutes en pr\u00e9sentiel<\/strong> chez Yoga Kitchen Brussels.<br \/>\nApr\u00e8s l&rsquo;achat, <strong>veillez \u00e0 faire une r\u00e9servation<\/strong> pour une date de votre choix.<\/p>\n<p>Veuillez \u00eatre pr\u00e9sent \u00e0 temps lorsque votre cours de yoga commence, et profitez pleinement de l&rsquo;exp\u00e9rience !<\/p>\n","protected":false},"excerpt":{"rendered":"<p>1 x 90 minutes de cours de yoga en pr\u00e9sentiel<\/p>\n","protected":false},"featured_media":17268,"comment_status":"closed","ping_status":"closed","template":"","meta":[],"product_brand":[],"product_cat":[101],"product_tag":[],"class_list":{"0":"post-17267","1":"product","2":"type-product","3":"status-publish","4":"has-post-thumbnail","6":"product_cat-cours-de-yoga","8":"first","9":"instock","10":"virtual","11":"taxable","12":"purchasable","13":"product-type-simple"},"_links":{"self":[{"href":"https:\/\/yogakitchen.be\/fr\/wp-json\/wp\/v2\/product\/17267","targetHints":{"allow":["GET"]}}],"collection":[{"href":"https:\/\/yogakitchen.be\/fr\/wp-json\/wp\/v2\/product"}],"about":[{"href":"https:\/\/yogakitchen.be\/fr\/wp-json\/wp\/v2\/types\/product"}],"replies":[{"embeddable":true,"href":"https:\/\/yogakitchen.be\/fr\/wp-json\/wp\/v2\/comments?post=17267"}],"wp:featuredmedia":[{"embeddable":true,"href":"https:\/\/yogakitchen.be\/fr\/wp-json\/wp\/v2\/media\/17268"}],"wp:attachment":[{"href":"https:\/\/yogakitchen.be\/fr\/wp-json\/wp\/v2\/media?parent=17267"}],"wp:term":[{"taxonomy":"product_brand","embeddable":true,"href":"https:\/\/yogakitchen.be\/fr\/wp-json\/wp\/v2\/product_brand?post=17267"},{"taxonomy":"product_cat","embeddable":true,"href":"https:\/\/yogakitchen.be\/fr\/wp-json\/wp\/v2\/product_cat?post=17267"},{"taxonomy":"product_tag","embeddable":true,"href":"https:\/\/yogakitchen.be\/fr\/wp-json\/wp\/v2\/product_tag?post=17267"}],"curies":[{"name":"wp","href":"https:\/\/api.w.org\/{rel}","templated":true}]}}