{"id":17270,"date":"2021-12-11T13:13:59","date_gmt":"2021-12-11T12:13:59","guid":{"rendered":"https:\/\/yogakitchen.be\/fr\/?post_type=product&#038;p=17270"},"modified":"2025-01-01T16:14:47","modified_gmt":"2025-01-01T15:14:47","slug":"pass-yoga-5-x-60-minutes-en-presentiel","status":"publish","type":"product","link":"https:\/\/yogakitchen.be\/fr\/produit\/pass-yoga-5-x-60-minutes-en-presentiel\/","title":{"rendered":"Pass Yoga 5 x 60 minutes en pr\u00e9sentiel"},"content":{"rendered":"<h3>Profitez de tous les bienfaits de plusieurs cours de yoga en pleine pr\u00e9sence.<\/h3>\n<p>Ce Pass vous donne droit \u00e0 <strong>cinq cours de 60 minutes en pr\u00e9sentiel<\/strong> \u00e0 Yoga Kitchen Bruxelles.<br \/>\nLe Pass Yoga est <strong>valable 4 mois \u00e0 compter de la date d&rsquo;achat.<\/strong><br \/>\nVeuillez faire une r\u00e9servation \u00e0 temps pour les dates de votre choix.<\/p>\n<p>Veuillez \u00eatre pr\u00e9sent \u00e0 temps lorsque votre cours de yoga commence, et profitez de l&rsquo;exp\u00e9rience !<\/p>\n","protected":false},"excerpt":{"rendered":"<p>Pass 5 x 60 minutes cours de yoga en pr\u00e9sentiel<\/p>\n","protected":false},"featured_media":17271,"comment_status":"closed","ping_status":"closed","template":"","meta":[],"product_brand":[],"product_cat":[101],"product_tag":[],"class_list":{"0":"post-17270","1":"product","2":"type-product","3":"status-publish","4":"has-post-thumbnail","6":"product_cat-cours-de-yoga","8":"first","9":"instock","10":"virtual","11":"taxable","12":"purchasable","13":"product-type-simple"},"_links":{"self":[{"href":"https:\/\/yogakitchen.be\/fr\/wp-json\/wp\/v2\/product\/17270","targetHints":{"allow":["GET"]}}],"collection":[{"href":"https:\/\/yogakitchen.be\/fr\/wp-json\/wp\/v2\/product"}],"about":[{"href":"https:\/\/yogakitchen.be\/fr\/wp-json\/wp\/v2\/types\/product"}],"replies":[{"embeddable":true,"href":"https:\/\/yogakitchen.be\/fr\/wp-json\/wp\/v2\/comments?post=17270"}],"wp:featuredmedia":[{"embeddable":true,"href":"https:\/\/yogakitchen.be\/fr\/wp-json\/wp\/v2\/media\/17271"}],"wp:attachment":[{"href":"https:\/\/yogakitchen.be\/fr\/wp-json\/wp\/v2\/media?parent=17270"}],"wp:term":[{"taxonomy":"product_brand","embeddable":true,"href":"https:\/\/yogakitchen.be\/fr\/wp-json\/wp\/v2\/product_brand?post=17270"},{"taxonomy":"product_cat","embeddable":true,"href":"https:\/\/yogakitchen.be\/fr\/wp-json\/wp\/v2\/product_cat?post=17270"},{"taxonomy":"product_tag","embeddable":true,"href":"https:\/\/yogakitchen.be\/fr\/wp-json\/wp\/v2\/product_tag?post=17270"}],"curies":[{"name":"wp","href":"https:\/\/api.w.org\/{rel}","templated":true}]}}