{"id":17279,"date":"2021-12-11T13:08:31","date_gmt":"2021-12-11T12:08:31","guid":{"rendered":"https:\/\/yogakitchen.be\/fr\/?post_type=product&#038;p=17279"},"modified":"2025-01-01T16:12:40","modified_gmt":"2025-01-01T15:12:40","slug":"cours-de-yoga-singulier-prive-60-minutes","status":"publish","type":"product","link":"https:\/\/yogakitchen.be\/fr\/produit\/cours-de-yoga-singulier-prive-60-minutes\/","title":{"rendered":"Cours de yoga singulier priv\u00e9 60 minutes"},"content":{"rendered":"<h1>Un cours de yoga individuel adapt\u00e9 \u00e0 vos besoins.<\/h1>\n<p>.<br \/>\nCe bon vous donne droit \u00e0 <strong>un cours priv\u00e9 de 60 minutes en pr\u00e9sentiel<\/strong> chez Yoga Kitchen Brussels.<br \/>\n<strong>Apr\u00e8s l&rsquo;achat, veillez \u00e0 faire une r\u00e9servation pour une date de votre choix.<\/strong> <\/p>\n<p>Veuillez \u00eatre pr\u00e9sent \u00e0 temps lorsque votre cours priv\u00e9 de yoga commence, et profitez pleinement de l&rsquo;exp\u00e9rience !<\/p>\n","protected":false},"excerpt":{"rendered":"<p>Priv\u00e9 singulier 60 minutes<\/p>\n","protected":false},"featured_media":18623,"comment_status":"closed","ping_status":"closed","template":"","meta":[],"product_brand":[],"product_cat":[102],"product_tag":[165,166],"class_list":{"0":"post-17279","1":"product","2":"type-product","3":"status-publish","4":"has-post-thumbnail","6":"product_cat-coaching-prive","7":"product_tag-coaching","8":"product_tag-prive","10":"first","11":"instock","12":"virtual","13":"taxable","14":"purchasable","15":"product-type-simple"},"_links":{"self":[{"href":"https:\/\/yogakitchen.be\/fr\/wp-json\/wp\/v2\/product\/17279","targetHints":{"allow":["GET"]}}],"collection":[{"href":"https:\/\/yogakitchen.be\/fr\/wp-json\/wp\/v2\/product"}],"about":[{"href":"https:\/\/yogakitchen.be\/fr\/wp-json\/wp\/v2\/types\/product"}],"replies":[{"embeddable":true,"href":"https:\/\/yogakitchen.be\/fr\/wp-json\/wp\/v2\/comments?post=17279"}],"wp:featuredmedia":[{"embeddable":true,"href":"https:\/\/yogakitchen.be\/fr\/wp-json\/wp\/v2\/media\/18623"}],"wp:attachment":[{"href":"https:\/\/yogakitchen.be\/fr\/wp-json\/wp\/v2\/media?parent=17279"}],"wp:term":[{"taxonomy":"product_brand","embeddable":true,"href":"https:\/\/yogakitchen.be\/fr\/wp-json\/wp\/v2\/product_brand?post=17279"},{"taxonomy":"product_cat","embeddable":true,"href":"https:\/\/yogakitchen.be\/fr\/wp-json\/wp\/v2\/product_cat?post=17279"},{"taxonomy":"product_tag","embeddable":true,"href":"https:\/\/yogakitchen.be\/fr\/wp-json\/wp\/v2\/product_tag?post=17279"}],"curies":[{"name":"wp","href":"https:\/\/api.w.org\/{rel}","templated":true}]}}