{"id":17585,"date":"2022-06-09T16:31:45","date_gmt":"2022-06-09T14:31:45","guid":{"rendered":"https:\/\/yogakitchen.be\/fr\/?post_type=product&#038;p=17585"},"modified":"2025-01-01T16:25:42","modified_gmt":"2025-01-01T15:25:42","slug":"cours-de-yoga-du-dos-singulier-en-ligne-60-minutes","status":"publish","type":"product","link":"https:\/\/yogakitchen.be\/fr\/produit\/cours-de-yoga-du-dos-singulier-en-ligne-60-minutes\/","title":{"rendered":"Cours de Yoga du dos singulier en ligne 60 minutes"},"content":{"rendered":"<h1>Profitez de tous les bienfaits du yoga en direct en ligne.<\/h1>\n<h2>Yoga du dos 60 min en ligne<\/h2>\n<p>Ce bon vous donne acc\u00e8s \u00e0 un <srong>cours collectif de Yoga du dos de 60 minutes en ligne<\/strong> avec Yoga Kitchen Bruxelles.<br \/>\nApr\u00e8s l&rsquo;achat, nous vous enverrons <strong>le lien Zoom<\/strong> donnant acc\u00e8s au cours par e-mail.<\/p>\n<p>Veuillez \u00eatre pr\u00e9sent \u00e0 temps lorsque votre cours de yoga commencera, et profitez pleinement de l&rsquo;exp\u00e9rience !<\/p>\n","protected":false},"excerpt":{"rendered":"<p>1 x 60 minutes de cours de yoga en ligne<\/p>\n","protected":false},"featured_media":17583,"comment_status":"closed","ping_status":"closed","template":"","meta":[],"product_brand":[],"product_cat":[101],"product_tag":[],"class_list":{"0":"post-17585","1":"product","2":"type-product","3":"status-publish","4":"has-post-thumbnail","6":"product_cat-cours-de-yoga","8":"first","9":"instock","10":"virtual","11":"taxable","12":"purchasable","13":"product-type-simple"},"_links":{"self":[{"href":"https:\/\/yogakitchen.be\/fr\/wp-json\/wp\/v2\/product\/17585","targetHints":{"allow":["GET"]}}],"collection":[{"href":"https:\/\/yogakitchen.be\/fr\/wp-json\/wp\/v2\/product"}],"about":[{"href":"https:\/\/yogakitchen.be\/fr\/wp-json\/wp\/v2\/types\/product"}],"replies":[{"embeddable":true,"href":"https:\/\/yogakitchen.be\/fr\/wp-json\/wp\/v2\/comments?post=17585"}],"wp:featuredmedia":[{"embeddable":true,"href":"https:\/\/yogakitchen.be\/fr\/wp-json\/wp\/v2\/media\/17583"}],"wp:attachment":[{"href":"https:\/\/yogakitchen.be\/fr\/wp-json\/wp\/v2\/media?parent=17585"}],"wp:term":[{"taxonomy":"product_brand","embeddable":true,"href":"https:\/\/yogakitchen.be\/fr\/wp-json\/wp\/v2\/product_brand?post=17585"},{"taxonomy":"product_cat","embeddable":true,"href":"https:\/\/yogakitchen.be\/fr\/wp-json\/wp\/v2\/product_cat?post=17585"},{"taxonomy":"product_tag","embeddable":true,"href":"https:\/\/yogakitchen.be\/fr\/wp-json\/wp\/v2\/product_tag?post=17585"}],"curies":[{"name":"wp","href":"https:\/\/api.w.org\/{rel}","templated":true}]}}