{"id":17611,"date":"2022-06-21T00:52:29","date_gmt":"2022-06-20T22:52:29","guid":{"rendered":"https:\/\/yogakitchen.be\/fr\/?post_type=product&#038;p=17611"},"modified":"2025-01-01T16:12:04","modified_gmt":"2025-01-01T15:12:04","slug":"atelier-yoga-nu-singulier-120-minutes","status":"publish","type":"product","link":"https:\/\/yogakitchen.be\/fr\/produit\/atelier-yoga-nu-singulier-120-minutes\/","title":{"rendered":"Atelier Yoga Nu singulier 120 minutes"},"content":{"rendered":"<h1>\u00c9largissez vos horizons et augmentez votre confiance en vous avec un atelier de yoga nu pour hommes.<\/h1>\n<p>Ce bon vous donne droit \u00e0 <strong>un atelier de 120 minutes de Yoga nu pour hommes<\/strong> en pr\u00e9sentiel chez Yoga Kitchen Bruxelles.<br \/>\nApr\u00e8s l&rsquo;achat, <strong>pensez \u00e0 r\u00e9server \u00e0 temps pour une date et un atelier de votre choix.<\/strong><\/p>\n<p>Veuillez \u00eatre \u00e0 l&rsquo;heure au d\u00e9but de votre atelier et profitez pleinement de l&rsquo;exp\u00e9rience !<\/p>\n","protected":false},"excerpt":{"rendered":"<p>1 x Atelier Yoga Nu pour Hommes singulier<\/p>\n","protected":false},"featured_media":17612,"comment_status":"closed","ping_status":"closed","template":"","meta":[],"product_brand":[],"product_cat":[109],"product_tag":[],"class_list":{"0":"post-17611","1":"product","2":"type-product","3":"status-publish","4":"has-post-thumbnail","6":"product_cat-ateliers","8":"first","9":"instock","10":"virtual","11":"taxable","12":"purchasable","13":"product-type-simple"},"_links":{"self":[{"href":"https:\/\/yogakitchen.be\/fr\/wp-json\/wp\/v2\/product\/17611","targetHints":{"allow":["GET"]}}],"collection":[{"href":"https:\/\/yogakitchen.be\/fr\/wp-json\/wp\/v2\/product"}],"about":[{"href":"https:\/\/yogakitchen.be\/fr\/wp-json\/wp\/v2\/types\/product"}],"replies":[{"embeddable":true,"href":"https:\/\/yogakitchen.be\/fr\/wp-json\/wp\/v2\/comments?post=17611"}],"wp:featuredmedia":[{"embeddable":true,"href":"https:\/\/yogakitchen.be\/fr\/wp-json\/wp\/v2\/media\/17612"}],"wp:attachment":[{"href":"https:\/\/yogakitchen.be\/fr\/wp-json\/wp\/v2\/media?parent=17611"}],"wp:term":[{"taxonomy":"product_brand","embeddable":true,"href":"https:\/\/yogakitchen.be\/fr\/wp-json\/wp\/v2\/product_brand?post=17611"},{"taxonomy":"product_cat","embeddable":true,"href":"https:\/\/yogakitchen.be\/fr\/wp-json\/wp\/v2\/product_cat?post=17611"},{"taxonomy":"product_tag","embeddable":true,"href":"https:\/\/yogakitchen.be\/fr\/wp-json\/wp\/v2\/product_tag?post=17611"}],"curies":[{"name":"wp","href":"https:\/\/api.w.org\/{rel}","templated":true}]}}