{"id":18184,"date":"2022-12-17T22:50:52","date_gmt":"2022-12-17T21:50:52","guid":{"rendered":"https:\/\/yogakitchen.be\/fr\/?post_type=product&#038;p=18184"},"modified":"2022-12-17T22:58:51","modified_gmt":"2022-12-17T21:58:51","slug":"don-de-1-euros","status":"publish","type":"product","link":"https:\/\/yogakitchen.be\/fr\/produit\/don-de-1-euros\/","title":{"rendered":"Don de 1,00 euros"},"content":{"rendered":"<h1>Vous donnez une contribution de 1.00 euros pour la charit\u00e9 de cet \u00e9v\u00e9nement.<\/h1>\n<p>Ainsi, d\u00e8s r\u00e9ception de votre paiement, nous transf\u00e9rerons l&rsquo;int\u00e9gralit\u00e9 du montant au b\u00e9n\u00e9ficiaire de cette activit\u00e9 caritative.<\/p>\n<p>Merci beaucoup pour votre g\u00e9n\u00e9reux soutien et \u00e0 bient\u00f4t !<\/p>\n","protected":false},"excerpt":{"rendered":"<p>Ce bon concerne votre don de 1,00 \u20ac \u00e0 la cause charitable qui est le th\u00e8me de cette activit\u00e9. Profitez-bien de l\u2019\u00e9v\u00e9nement et merci pour votre g\u00e9n\u00e9rosit\u00e9.<\/p>\n","protected":false},"featured_media":18185,"comment_status":"closed","ping_status":"closed","template":"","meta":[],"product_brand":[],"product_cat":[134],"product_tag":[135],"class_list":{"0":"post-18184","1":"product","2":"type-product","3":"status-publish","4":"has-post-thumbnail","6":"product_cat-dons","7":"product_tag-don","9":"first","10":"instock","11":"virtual","12":"taxable","13":"purchasable","14":"product-type-simple"},"_links":{"self":[{"href":"https:\/\/yogakitchen.be\/fr\/wp-json\/wp\/v2\/product\/18184","targetHints":{"allow":["GET"]}}],"collection":[{"href":"https:\/\/yogakitchen.be\/fr\/wp-json\/wp\/v2\/product"}],"about":[{"href":"https:\/\/yogakitchen.be\/fr\/wp-json\/wp\/v2\/types\/product"}],"replies":[{"embeddable":true,"href":"https:\/\/yogakitchen.be\/fr\/wp-json\/wp\/v2\/comments?post=18184"}],"wp:featuredmedia":[{"embeddable":true,"href":"https:\/\/yogakitchen.be\/fr\/wp-json\/wp\/v2\/media\/18185"}],"wp:attachment":[{"href":"https:\/\/yogakitchen.be\/fr\/wp-json\/wp\/v2\/media?parent=18184"}],"wp:term":[{"taxonomy":"product_brand","embeddable":true,"href":"https:\/\/yogakitchen.be\/fr\/wp-json\/wp\/v2\/product_brand?post=18184"},{"taxonomy":"product_cat","embeddable":true,"href":"https:\/\/yogakitchen.be\/fr\/wp-json\/wp\/v2\/product_cat?post=18184"},{"taxonomy":"product_tag","embeddable":true,"href":"https:\/\/yogakitchen.be\/fr\/wp-json\/wp\/v2\/product_tag?post=18184"}],"curies":[{"name":"wp","href":"https:\/\/api.w.org\/{rel}","templated":true}]}}