{"id":18328,"date":"2023-05-01T23:00:44","date_gmt":"2023-05-01T21:00:44","guid":{"rendered":"https:\/\/yogakitchen.be\/fr\/?post_type=product&#038;p=18328"},"modified":"2023-05-15T23:08:02","modified_gmt":"2023-05-15T21:08:02","slug":"atelier-yoga-art-du-dessin","status":"publish","type":"product","link":"https:\/\/yogakitchen.be\/fr\/produit\/atelier-yoga-art-du-dessin\/","title":{"rendered":"Atelier Yoga et Art du Dessin"},"content":{"rendered":"<h1>Profitez d&rsquo;un cours de yoga d&rsquo;une heure et d&rsquo;un atelier de dessin artistique de deux heures.<\/h1>\n<p>Ce bon vous donne droit \u00e0 <strong>un atelier de yoga et d&rsquo;expression artistique de 180 minutes en pr\u00e9sentiel<\/strong> chez Yoga Kitchen Bruxelles.<br \/>\nApr\u00e8s l&rsquo;achat, <strong>Veuillez r\u00e9server \u00e0 temps pour une date de votre choix.<\/strong><\/p>\n<p>SVP veuillez arriver \u00e0 l&rsquo;heure au d\u00e9but de l&rsquo;atelier et profitez de l&rsquo;exp\u00e9rience !<\/p>\n","protected":false},"excerpt":{"rendered":"<p>1 x Atelier Yoga et Art du Dessin singulier<\/p>\n","protected":false},"featured_media":18329,"comment_status":"closed","ping_status":"closed","template":"","meta":[],"product_brand":[],"product_cat":[109],"product_tag":[],"class_list":{"0":"post-18328","1":"product","2":"type-product","3":"status-publish","4":"has-post-thumbnail","6":"product_cat-ateliers","8":"first","9":"instock","10":"virtual","11":"taxable","12":"purchasable","13":"product-type-simple"},"_links":{"self":[{"href":"https:\/\/yogakitchen.be\/fr\/wp-json\/wp\/v2\/product\/18328","targetHints":{"allow":["GET"]}}],"collection":[{"href":"https:\/\/yogakitchen.be\/fr\/wp-json\/wp\/v2\/product"}],"about":[{"href":"https:\/\/yogakitchen.be\/fr\/wp-json\/wp\/v2\/types\/product"}],"replies":[{"embeddable":true,"href":"https:\/\/yogakitchen.be\/fr\/wp-json\/wp\/v2\/comments?post=18328"}],"wp:featuredmedia":[{"embeddable":true,"href":"https:\/\/yogakitchen.be\/fr\/wp-json\/wp\/v2\/media\/18329"}],"wp:attachment":[{"href":"https:\/\/yogakitchen.be\/fr\/wp-json\/wp\/v2\/media?parent=18328"}],"wp:term":[{"taxonomy":"product_brand","embeddable":true,"href":"https:\/\/yogakitchen.be\/fr\/wp-json\/wp\/v2\/product_brand?post=18328"},{"taxonomy":"product_cat","embeddable":true,"href":"https:\/\/yogakitchen.be\/fr\/wp-json\/wp\/v2\/product_cat?post=18328"},{"taxonomy":"product_tag","embeddable":true,"href":"https:\/\/yogakitchen.be\/fr\/wp-json\/wp\/v2\/product_tag?post=18328"}],"curies":[{"name":"wp","href":"https:\/\/api.w.org\/{rel}","templated":true}]}}