{"id":18414,"date":"2023-05-15T23:23:34","date_gmt":"2023-05-15T21:23:34","guid":{"rendered":"https:\/\/yogakitchen.be\/fr\/?post_type=product&#038;p=18414"},"modified":"2024-12-23T17:40:41","modified_gmt":"2024-12-23T16:40:41","slug":"atelier-de-cuisine-sante-vegan","status":"publish","type":"product","link":"https:\/\/yogakitchen.be\/fr\/produit\/atelier-de-cuisine-sante-vegan\/","title":{"rendered":"Atelier de Cuisine Sant\u00e9 V\u00e9gan"},"content":{"rendered":"<h1>Profitez d&rsquo;un atelier de cuisine de deux heures et demi, un vrai investissement dans votre sant\u00e9.<\/h1>\n<p>Ce bon vous donne droit \u00e0 <strong>un atelier de cuisine Sant\u00e9 V\u00e9gan de 150 minutes en pr\u00e9sentiel.<\/strong> L&rsquo;atelier se d\u00e9roule chez Yoga Kitchen Bruxelles.<br \/>\nApr\u00e8s l&rsquo;achat, <strong>Veuillez r\u00e9server \u00e0 temps pour une date de votre choix.<\/strong><\/p>\n<p>SVP veuillez arriver \u00e0 l&rsquo;heure au d\u00e9but de l&rsquo;atelier et profitez de l&rsquo;exp\u00e9rience !<\/p>\n","protected":false},"excerpt":{"rendered":"<p>1 x Atelier de cuisine Sant\u00e9 V\u00e9gan<\/p>\n","protected":false},"featured_media":19173,"comment_status":"closed","ping_status":"closed","template":"","meta":[],"product_brand":[],"product_cat":[109],"product_tag":[],"class_list":{"0":"post-18414","1":"product","2":"type-product","3":"status-publish","4":"has-post-thumbnail","6":"product_cat-ateliers","8":"first","9":"instock","10":"virtual","11":"taxable","12":"purchasable","13":"product-type-simple"},"_links":{"self":[{"href":"https:\/\/yogakitchen.be\/fr\/wp-json\/wp\/v2\/product\/18414","targetHints":{"allow":["GET"]}}],"collection":[{"href":"https:\/\/yogakitchen.be\/fr\/wp-json\/wp\/v2\/product"}],"about":[{"href":"https:\/\/yogakitchen.be\/fr\/wp-json\/wp\/v2\/types\/product"}],"replies":[{"embeddable":true,"href":"https:\/\/yogakitchen.be\/fr\/wp-json\/wp\/v2\/comments?post=18414"}],"wp:featuredmedia":[{"embeddable":true,"href":"https:\/\/yogakitchen.be\/fr\/wp-json\/wp\/v2\/media\/19173"}],"wp:attachment":[{"href":"https:\/\/yogakitchen.be\/fr\/wp-json\/wp\/v2\/media?parent=18414"}],"wp:term":[{"taxonomy":"product_brand","embeddable":true,"href":"https:\/\/yogakitchen.be\/fr\/wp-json\/wp\/v2\/product_brand?post=18414"},{"taxonomy":"product_cat","embeddable":true,"href":"https:\/\/yogakitchen.be\/fr\/wp-json\/wp\/v2\/product_cat?post=18414"},{"taxonomy":"product_tag","embeddable":true,"href":"https:\/\/yogakitchen.be\/fr\/wp-json\/wp\/v2\/product_tag?post=18414"}],"curies":[{"name":"wp","href":"https:\/\/api.w.org\/{rel}","templated":true}]}}