{"id":18627,"date":"2023-08-01T22:28:17","date_gmt":"2023-08-01T20:28:17","guid":{"rendered":"https:\/\/yogakitchen.be\/fr\/?post_type=product&#038;p=18627"},"modified":"2023-08-01T22:30:18","modified_gmt":"2023-08-01T20:30:18","slug":"cours-de-yoga-singulier-prive-90-minutes","status":"publish","type":"product","link":"https:\/\/yogakitchen.be\/fr\/produit\/cours-de-yoga-singulier-prive-90-minutes\/","title":{"rendered":"Cours de yoga singulier priv\u00e9 90 minutes"},"content":{"rendered":"<h1>Un cours de yoga individuel adapt\u00e9 \u00e0 vos besoins.<\/h1>\n<p>.<br \/>\nCe bon vous donne droit \u00e0 <strong>un cours priv\u00e9 de 90 minutes en pr\u00e9sentiel<\/strong> chez Yoga Kitchen Brussels.<br \/>\n<strong>Apr\u00e8s l&rsquo;achat, veillez \u00e0 faire une r\u00e9servation pour une date de votre choix.<\/strong> <\/p>\n<p>Veuillez \u00eatre pr\u00e9sent \u00e0 temps lorsque votre cours priv\u00e9 de yoga commence, et profitez pleinement de l&rsquo;exp\u00e9rience !<\/p>\n","protected":false},"excerpt":{"rendered":"<p>Priv\u00e9 singulier 90 minutes<\/p>\n","protected":false},"featured_media":18625,"comment_status":"closed","ping_status":"closed","template":"","meta":[],"product_brand":[],"product_cat":[102],"product_tag":[165,166],"class_list":{"0":"post-18627","1":"product","2":"type-product","3":"status-publish","4":"has-post-thumbnail","6":"product_cat-coaching-prive","7":"product_tag-coaching","8":"product_tag-prive","10":"first","11":"instock","12":"virtual","13":"taxable","14":"purchasable","15":"product-type-simple"},"_links":{"self":[{"href":"https:\/\/yogakitchen.be\/fr\/wp-json\/wp\/v2\/product\/18627","targetHints":{"allow":["GET"]}}],"collection":[{"href":"https:\/\/yogakitchen.be\/fr\/wp-json\/wp\/v2\/product"}],"about":[{"href":"https:\/\/yogakitchen.be\/fr\/wp-json\/wp\/v2\/types\/product"}],"replies":[{"embeddable":true,"href":"https:\/\/yogakitchen.be\/fr\/wp-json\/wp\/v2\/comments?post=18627"}],"wp:featuredmedia":[{"embeddable":true,"href":"https:\/\/yogakitchen.be\/fr\/wp-json\/wp\/v2\/media\/18625"}],"wp:attachment":[{"href":"https:\/\/yogakitchen.be\/fr\/wp-json\/wp\/v2\/media?parent=18627"}],"wp:term":[{"taxonomy":"product_brand","embeddable":true,"href":"https:\/\/yogakitchen.be\/fr\/wp-json\/wp\/v2\/product_brand?post=18627"},{"taxonomy":"product_cat","embeddable":true,"href":"https:\/\/yogakitchen.be\/fr\/wp-json\/wp\/v2\/product_cat?post=18627"},{"taxonomy":"product_tag","embeddable":true,"href":"https:\/\/yogakitchen.be\/fr\/wp-json\/wp\/v2\/product_tag?post=18627"}],"curies":[{"name":"wp","href":"https:\/\/api.w.org\/{rel}","templated":true}]}}