{"id":18629,"date":"2023-08-01T22:37:11","date_gmt":"2023-08-01T20:37:11","guid":{"rendered":"https:\/\/yogakitchen.be\/fr\/?post_type=product&#038;p=18629"},"modified":"2023-08-01T22:41:26","modified_gmt":"2023-08-01T20:41:26","slug":"cours-de-yoga-singulier-prive-60-minutes-pour-2","status":"publish","type":"product","link":"https:\/\/yogakitchen.be\/fr\/produit\/cours-de-yoga-singulier-prive-60-minutes-pour-2\/","title":{"rendered":"Cours de yoga singulier priv\u00e9 60 minutes pour 2"},"content":{"rendered":"<h1>Un cours de yoga priv\u00e9 pour deux personnes adapt\u00e9 \u00e0 vos besoins.<\/h1>\n<p>Ce bon vous donne droit \u00e0 <strong>un cours priv\u00e9 de 60 minutes pour deux personnes en pr\u00e9sentiel<\/strong> chez Yoga Kitchen.<br \/>\nApr\u00e8s l&rsquo;achat, <strong>Veuillez r\u00e9server \u00e0 temps pour une date disponible de votre choix.<\/strong><\/p>\n<p>Veuillez arriver \u00e0 l&rsquo;heure au d\u00e9but de votre session priv\u00e9e pour deux personnes, et profitez pleinement de l&rsquo;exp\u00e9rience !<\/p>\n","protected":false},"excerpt":{"rendered":"<p>Priv\u00e9 singulier 60 minutes pour 2<\/p>\n","protected":false},"featured_media":18622,"comment_status":"closed","ping_status":"closed","template":"","meta":[],"product_brand":[],"product_cat":[102],"product_tag":[165,166],"class_list":{"0":"post-18629","1":"product","2":"type-product","3":"status-publish","4":"has-post-thumbnail","6":"product_cat-coaching-prive","7":"product_tag-coaching","8":"product_tag-prive","10":"first","11":"instock","12":"virtual","13":"taxable","14":"purchasable","15":"product-type-simple"},"_links":{"self":[{"href":"https:\/\/yogakitchen.be\/fr\/wp-json\/wp\/v2\/product\/18629","targetHints":{"allow":["GET"]}}],"collection":[{"href":"https:\/\/yogakitchen.be\/fr\/wp-json\/wp\/v2\/product"}],"about":[{"href":"https:\/\/yogakitchen.be\/fr\/wp-json\/wp\/v2\/types\/product"}],"replies":[{"embeddable":true,"href":"https:\/\/yogakitchen.be\/fr\/wp-json\/wp\/v2\/comments?post=18629"}],"wp:featuredmedia":[{"embeddable":true,"href":"https:\/\/yogakitchen.be\/fr\/wp-json\/wp\/v2\/media\/18622"}],"wp:attachment":[{"href":"https:\/\/yogakitchen.be\/fr\/wp-json\/wp\/v2\/media?parent=18629"}],"wp:term":[{"taxonomy":"product_brand","embeddable":true,"href":"https:\/\/yogakitchen.be\/fr\/wp-json\/wp\/v2\/product_brand?post=18629"},{"taxonomy":"product_cat","embeddable":true,"href":"https:\/\/yogakitchen.be\/fr\/wp-json\/wp\/v2\/product_cat?post=18629"},{"taxonomy":"product_tag","embeddable":true,"href":"https:\/\/yogakitchen.be\/fr\/wp-json\/wp\/v2\/product_tag?post=18629"}],"curies":[{"name":"wp","href":"https:\/\/api.w.org\/{rel}","templated":true}]}}