{"id":19115,"date":"2024-01-22T13:15:21","date_gmt":"2024-01-22T12:15:21","guid":{"rendered":"https:\/\/yogakitchen.be\/fr\/?post_type=product&#038;p=19115"},"modified":"2024-12-23T16:03:02","modified_gmt":"2024-12-23T15:03:02","slug":"atelier-de-cuisine-prive-sante-vegan","status":"publish","type":"product","link":"https:\/\/yogakitchen.be\/fr\/produit\/atelier-de-cuisine-prive-sante-vegan\/","title":{"rendered":"Atelier de Cuisine Priv\u00e9 Sant\u00e9 V\u00e9gan"},"content":{"rendered":"<h1>Profitez d&rsquo;un <strong>atelier de cuisine priv\u00e9<\/strong> de deux heures et demi, un vrai investissement dans votre sant\u00e9.<\/h1>\n<p>Ce bon vous donne droit \u00e0 <strong>un atelier de cuisine Sant\u00e9 V\u00e9gan priv\u00e9 de 150 minutes en pr\u00e9sentiel.<\/strong> L&rsquo;atelier se d\u00e9roule chez Yoga Kitchen Bruxelles.<br \/>\nApr\u00e8s l&rsquo;achat, <strong>Veuillez r\u00e9server \u00e0 temps pour une date de votre choix.<\/strong><\/p>\n<p>SVP veuillez arriver \u00e0 l&rsquo;heure au d\u00e9but de l&rsquo;atelier et profitez de l&rsquo;exp\u00e9rience !<\/p>\n","protected":false},"excerpt":{"rendered":"<p>1 x Atelier de cuisine priv\u00e9 Sant\u00e9 V\u00e9gan<\/p>\n","protected":false},"featured_media":19172,"comment_status":"closed","ping_status":"closed","template":"","meta":[],"product_brand":[],"product_cat":[109],"product_tag":[181,182,166,183],"class_list":{"0":"post-19115","1":"product","2":"type-product","3":"status-publish","4":"has-post-thumbnail","6":"product_cat-ateliers","7":"product_tag-atelier","8":"product_tag-atelier-de-cuisine","9":"product_tag-prive","10":"product_tag-vegan","12":"first","13":"instock","14":"virtual","15":"taxable","16":"purchasable","17":"product-type-simple"},"_links":{"self":[{"href":"https:\/\/yogakitchen.be\/fr\/wp-json\/wp\/v2\/product\/19115","targetHints":{"allow":["GET"]}}],"collection":[{"href":"https:\/\/yogakitchen.be\/fr\/wp-json\/wp\/v2\/product"}],"about":[{"href":"https:\/\/yogakitchen.be\/fr\/wp-json\/wp\/v2\/types\/product"}],"replies":[{"embeddable":true,"href":"https:\/\/yogakitchen.be\/fr\/wp-json\/wp\/v2\/comments?post=19115"}],"wp:featuredmedia":[{"embeddable":true,"href":"https:\/\/yogakitchen.be\/fr\/wp-json\/wp\/v2\/media\/19172"}],"wp:attachment":[{"href":"https:\/\/yogakitchen.be\/fr\/wp-json\/wp\/v2\/media?parent=19115"}],"wp:term":[{"taxonomy":"product_brand","embeddable":true,"href":"https:\/\/yogakitchen.be\/fr\/wp-json\/wp\/v2\/product_brand?post=19115"},{"taxonomy":"product_cat","embeddable":true,"href":"https:\/\/yogakitchen.be\/fr\/wp-json\/wp\/v2\/product_cat?post=19115"},{"taxonomy":"product_tag","embeddable":true,"href":"https:\/\/yogakitchen.be\/fr\/wp-json\/wp\/v2\/product_tag?post=19115"}],"curies":[{"name":"wp","href":"https:\/\/api.w.org\/{rel}","templated":true}]}}