{"id":19553,"date":"2024-07-16T16:41:53","date_gmt":"2024-07-16T14:41:53","guid":{"rendered":"https:\/\/yogakitchen.be\/fr\/?post_type=product&#038;p=19553"},"modified":"2024-07-16T16:50:04","modified_gmt":"2024-07-16T14:50:04","slug":"massage-de-relaxation-singulier-60-minutes","status":"publish","type":"product","link":"https:\/\/yogakitchen.be\/fr\/produit\/massage-de-relaxation-singulier-60-minutes\/","title":{"rendered":"Massage de Relaxation Singulier 60 minutes"},"content":{"rendered":"<h1>Un massage relaxant individuel et priv\u00e9.<\/h1>\n<p>Ce bon vous donne droit \u00e0 <strong>un massage relaxant de 60 minutes<\/strong> chez Yoga Kitchen Bruxelles.<br \/>\nSi ce n&rsquo;est pas d\u00e9j\u00e0 fait, apr\u00e8s l&rsquo;achat, <strong>s&rsquo;il vous pla\u00eet, prenez rendez-vous \u00e0 temps pour un moment disponible.<\/strong><\/p>\n<p>Veuillez arriver \u00e0 l&rsquo;heure \u00e0 votre massage et profitez pleinement de l&rsquo;exp\u00e9rience !<\/p>\n","protected":false},"excerpt":{"rendered":"<p>Massage singulier 60 minutes<\/p>\n","protected":false},"featured_media":19554,"comment_status":"closed","ping_status":"closed","template":"","meta":[],"product_brand":[],"product_cat":[188],"product_tag":[186,166,187],"class_list":{"0":"post-19553","1":"product","2":"type-product","3":"status-publish","4":"has-post-thumbnail","6":"product_cat-massages","7":"product_tag-massage","8":"product_tag-prive","9":"product_tag-relaxation","11":"first","12":"instock","13":"virtual","14":"taxable","15":"purchasable","16":"product-type-simple"},"_links":{"self":[{"href":"https:\/\/yogakitchen.be\/fr\/wp-json\/wp\/v2\/product\/19553","targetHints":{"allow":["GET"]}}],"collection":[{"href":"https:\/\/yogakitchen.be\/fr\/wp-json\/wp\/v2\/product"}],"about":[{"href":"https:\/\/yogakitchen.be\/fr\/wp-json\/wp\/v2\/types\/product"}],"replies":[{"embeddable":true,"href":"https:\/\/yogakitchen.be\/fr\/wp-json\/wp\/v2\/comments?post=19553"}],"wp:featuredmedia":[{"embeddable":true,"href":"https:\/\/yogakitchen.be\/fr\/wp-json\/wp\/v2\/media\/19554"}],"wp:attachment":[{"href":"https:\/\/yogakitchen.be\/fr\/wp-json\/wp\/v2\/media?parent=19553"}],"wp:term":[{"taxonomy":"product_brand","embeddable":true,"href":"https:\/\/yogakitchen.be\/fr\/wp-json\/wp\/v2\/product_brand?post=19553"},{"taxonomy":"product_cat","embeddable":true,"href":"https:\/\/yogakitchen.be\/fr\/wp-json\/wp\/v2\/product_cat?post=19553"},{"taxonomy":"product_tag","embeddable":true,"href":"https:\/\/yogakitchen.be\/fr\/wp-json\/wp\/v2\/product_tag?post=19553"}],"curies":[{"name":"wp","href":"https:\/\/api.w.org\/{rel}","templated":true}]}}