{"id":19833,"date":"2024-12-09T22:53:34","date_gmt":"2024-12-09T21:53:34","guid":{"rendered":"https:\/\/yogakitchen.be\/fr\/?post_type=product&#038;p=19833"},"modified":"2025-06-26T09:19:38","modified_gmt":"2025-06-26T07:19:38","slug":"tapis-de-yoga-vert-printemps","status":"publish","type":"product","link":"https:\/\/yogakitchen.be\/fr\/produit\/tapis-de-yoga-vert-printemps\/","title":{"rendered":"Tapis de yoga vert printemps"},"content":{"rendered":"<h1>Tapis de yoga r\u00e9sistant et adh\u00e9rent, d&rsquo;occasion<\/h1>\n<p>Ce tapis de yoga type \u00ab sticky \u00bb de la marque britannique <strong>Yogamatters<\/strong> a une texture tr\u00e8s adh\u00e9rente.<br \/>\nSon <strong>faible poids<\/strong> le rend facile \u00e0 transporter.<br \/>\nIl est id\u00e9al pour une utilisation \u00e0 la maison ou en d\u00e9placement.<br \/>\nCe tapis a \u00e9t\u00e9 relativement peu utilis\u00e9 et est en tr\u00e8s bon \u00e9tat.<br \/>\nId\u00e9al pour celles et ceux qui veulent <strong>un tapis de yoga solide et durable<\/strong> \u00e0 un prix extr\u00eamement \u00e9conomique.<br \/>\n(Le prix du tapis neuf neuf est actuellement de 37,00 euros).<\/p>\n","protected":false},"excerpt":{"rendered":"<p>Tapis de yoga d&rsquo;occasion couleur vert printemps<\/p>\n","protected":false},"featured_media":19834,"comment_status":"closed","ping_status":"closed","template":"","meta":[],"product_brand":[],"product_cat":[192],"product_tag":[194,193],"class_list":{"0":"post-19833","1":"product","2":"type-product","3":"status-publish","4":"has-post-thumbnail","6":"product_cat-tapis-de-yoga","7":"product_tag-occasion","8":"product_tag-tapis-de-yoga","10":"first","11":"outofstock","12":"taxable","13":"shipping-taxable","14":"purchasable","15":"product-type-simple"},"_links":{"self":[{"href":"https:\/\/yogakitchen.be\/fr\/wp-json\/wp\/v2\/product\/19833","targetHints":{"allow":["GET"]}}],"collection":[{"href":"https:\/\/yogakitchen.be\/fr\/wp-json\/wp\/v2\/product"}],"about":[{"href":"https:\/\/yogakitchen.be\/fr\/wp-json\/wp\/v2\/types\/product"}],"replies":[{"embeddable":true,"href":"https:\/\/yogakitchen.be\/fr\/wp-json\/wp\/v2\/comments?post=19833"}],"wp:featuredmedia":[{"embeddable":true,"href":"https:\/\/yogakitchen.be\/fr\/wp-json\/wp\/v2\/media\/19834"}],"wp:attachment":[{"href":"https:\/\/yogakitchen.be\/fr\/wp-json\/wp\/v2\/media?parent=19833"}],"wp:term":[{"taxonomy":"product_brand","embeddable":true,"href":"https:\/\/yogakitchen.be\/fr\/wp-json\/wp\/v2\/product_brand?post=19833"},{"taxonomy":"product_cat","embeddable":true,"href":"https:\/\/yogakitchen.be\/fr\/wp-json\/wp\/v2\/product_cat?post=19833"},{"taxonomy":"product_tag","embeddable":true,"href":"https:\/\/yogakitchen.be\/fr\/wp-json\/wp\/v2\/product_tag?post=19833"}],"curies":[{"name":"wp","href":"https:\/\/api.w.org\/{rel}","templated":true}]}}