{"id":20071,"date":"2024-12-21T14:08:37","date_gmt":"2024-12-21T13:08:37","guid":{"rendered":"https:\/\/yogakitchen.be\/fr\/?post_type=product&#038;p=20071"},"modified":"2024-12-21T14:11:05","modified_gmt":"2024-12-21T13:11:05","slug":"coussin-pour-les-yeux-palmier-rouge","status":"publish","type":"product","link":"https:\/\/yogakitchen.be\/fr\/produit\/coussin-pour-les-yeux-palmier-rouge\/","title":{"rendered":"Coussin pour les yeux Palmier Rouge"},"content":{"rendered":"<h1>Coussin pour les yeux en coton rempli de graines de lin issues de l&rsquo;agriculture biologique.<\/h1>\n<p>Ce coussin pour les yeux se place sur les yeux ferm\u00e9s. Il exerce une pression douce et r\u00e9guli\u00e8re sur les yeux ferm\u00e9s et les orbites.<br \/>\nPar cons\u00e9quent ce coussin pour les yeux est particuli\u00e8rement appropri\u00e9 pour soulager la tension et la fatigue des yeux apr\u00e8s le travail sur \u00e9cran.<br \/>\nC&rsquo;est pourquoi les utilisateurs le per\u00e7oivent comme <strong>extr\u00eamement relaxant<\/strong>, en particulier pour les yeux fatigu\u00e9s.<\/p>\n","protected":false},"excerpt":{"rendered":"<p>Coussin pour les yeux en coton \u00e0 motif de palmier rouge<\/p>\n","protected":false},"featured_media":20070,"comment_status":"closed","ping_status":"closed","template":"","meta":[],"product_brand":[],"product_cat":[189],"product_tag":[190,187],"class_list":{"0":"post-20071","1":"product","2":"type-product","3":"status-publish","4":"has-post-thumbnail","6":"product_cat-coussins","7":"product_tag-coussin","8":"product_tag-relaxation","10":"first","11":"instock","12":"taxable","13":"shipping-taxable","14":"purchasable","15":"product-type-simple"},"_links":{"self":[{"href":"https:\/\/yogakitchen.be\/fr\/wp-json\/wp\/v2\/product\/20071","targetHints":{"allow":["GET"]}}],"collection":[{"href":"https:\/\/yogakitchen.be\/fr\/wp-json\/wp\/v2\/product"}],"about":[{"href":"https:\/\/yogakitchen.be\/fr\/wp-json\/wp\/v2\/types\/product"}],"replies":[{"embeddable":true,"href":"https:\/\/yogakitchen.be\/fr\/wp-json\/wp\/v2\/comments?post=20071"}],"wp:featuredmedia":[{"embeddable":true,"href":"https:\/\/yogakitchen.be\/fr\/wp-json\/wp\/v2\/media\/20070"}],"wp:attachment":[{"href":"https:\/\/yogakitchen.be\/fr\/wp-json\/wp\/v2\/media?parent=20071"}],"wp:term":[{"taxonomy":"product_brand","embeddable":true,"href":"https:\/\/yogakitchen.be\/fr\/wp-json\/wp\/v2\/product_brand?post=20071"},{"taxonomy":"product_cat","embeddable":true,"href":"https:\/\/yogakitchen.be\/fr\/wp-json\/wp\/v2\/product_cat?post=20071"},{"taxonomy":"product_tag","embeddable":true,"href":"https:\/\/yogakitchen.be\/fr\/wp-json\/wp\/v2\/product_tag?post=20071"}],"curies":[{"name":"wp","href":"https:\/\/api.w.org\/{rel}","templated":true}]}}